{"id":110583,"date":"2024-10-31T10:11:31","date_gmt":"2024-10-31T09:11:31","guid":{"rendered":"https:\/\/murena.com\/?post_type=product&#038;p=110583"},"modified":"2026-02-10T12:12:01","modified_gmt":"2026-02-10T11:12:01","slug":"usb-c-a-mini-audio-jack-adaptador-3-5mm-copy","status":"publish","type":"product","link":"https:\/\/murena.com\/es\/tienda\/accesorios\/usb-c-a-mini-audio-jack-adaptador-3-5mm-copy\/","title":{"rendered":"Adaptador USB-C a minijack"},"content":{"rendered":"","protected":false},"excerpt":{"rendered":"<p>Este peque\u00f1o adaptador es para todos los que quieren seguir utilizando sus fieles auriculares con cable para su Murena Fairphone 4 y 5. Es tan sencillo como parece, solo tienes que conectar el adaptador USB-C a tu tel\u00e9fono, enchufar tu conector de auriculares de 3,5 mm y ya est\u00e1s listo para rockear.<\/p>\n<p>Y aunque el Murena Fairphone 4 no tiene una toma de auriculares normal de 3,5 mm, no nos olvidamos de todos los que se aferran a sus fieles auriculares con cable. As\u00ed que si no te apetece comprar un par de auriculares inal\u00e1mbricos todav\u00eda, este peque\u00f1o adaptador te tiene cubierto. Solo tienes que conectarlo al puerto USB-C, enchufar tus auriculares y pulsar el bot\u00f3n de reproducci\u00f3n.<\/p>\n<p>Este adaptador incluye un chip DAC (chip convertidor de digital a anal\u00f3gico) para poder escuchar el audio con auriculares con un conector minijack.<\/p>\n<p>S\u00f3lo para estar seguros: el Murena Fairphone 3(+) tiene un conector de auriculares normal de 3,5 mm, por lo que no es necesario este adaptador all\u00ed.<\/p>\n<p>Tambi\u00e9n compatible con la Murena One.<\/p>\n<p><strong>Incompatible<\/strong> con la Murena Two.<\/p>\n","protected":false},"featured_media":110589,"comment_status":"open","ping_status":"closed","template":"","meta":{"_seopress_robots_primary_cat":"none","_seopress_titles_title":"","_seopress_titles_desc":"","_seopress_robots_index":""},"product_brand":[],"product_cat":[637],"product_tag":[820],"class_list":{"0":"post-110583","1":"product","2":"type-product","3":"status-publish","4":"has-post-thumbnail","6":"product_cat-accesorios","7":"product_tag-accesorios","8":"wpbf-post","11":"outofstock","12":"taxable","13":"shipping-taxable","14":"purchasable","15":"product-type-simple"},"bundled_by":[],"bundle_stock_status":"outofstock","bundle_stock_quantity":0,"bundle_virtual":false,"bundle_layout":"","bundle_add_to_cart_form_location":"","bundle_editable_in_cart":false,"bundle_sold_individually_context":"","bundle_item_grouping":"","bundle_min_size":"","bundle_max_size":"","bundle_price":[],"bundled_items":[],"bundle_sell_ids":[],"supplier_id":28948,"supplier_sku":"ACADAP-3ZW-WW1","barcode":null,"atum_controlled":true,"out_stock_date":"2026-04-23 09:32:13","out_stock_threshold":null,"inheritable":false,"inbound_stock":40,"stock_on_hold":2,"sold_today":2,"sales_last_days":20,"reserved_stock":0,"customer_returns":0,"warehouse_damage":0,"lost_in_post":0,"other_logs":0,"out_stock_days":0,"lost_sales":0,"has_location":false,"update_date":"2026-04-23T09:57:56","atum_locations":[],"atum_stock_status":"outofstock","restock_status":false,"low_stock_amount":0,"sales_update_date":"2026-04-23T09:57:55","calc_backorders":null,"linked_bom":[],"sync_purchase_price":false,"bom_sellable":null,"minimum_threshold":null,"available_to_purchase":null,"selling_priority":null,"calculated_stock":null,"is_bom":false,"mi_inventories":[],"multi_inventory":"no","inventory_sorting_mode":"global","inventory_iteration":"global","expirable_inventories":"global","price_per_inventory":"global","show_write_off_inventories":"global","selectable_inventories":"global","selectable_inventories_mode":"global","_links":{"self":[{"href":"https:\/\/murena.com\/es\/wp-json\/wp\/v2\/product\/110583","targetHints":{"allow":["GET"]}}],"collection":[{"href":"https:\/\/murena.com\/es\/wp-json\/wp\/v2\/product"}],"about":[{"href":"https:\/\/murena.com\/es\/wp-json\/wp\/v2\/types\/product"}],"replies":[{"embeddable":true,"href":"https:\/\/murena.com\/es\/wp-json\/wp\/v2\/comments?post=110583"}],"wp:featuredmedia":[{"embeddable":true,"href":"https:\/\/murena.com\/es\/wp-json\/wp\/v2\/media\/110589"}],"wp:attachment":[{"href":"https:\/\/murena.com\/es\/wp-json\/wp\/v2\/media?parent=110583"}],"wp:term":[{"taxonomy":"product_brand","embeddable":true,"href":"https:\/\/murena.com\/es\/wp-json\/wp\/v2\/product_brand?post=110583"},{"taxonomy":"product_cat","embeddable":true,"href":"https:\/\/murena.com\/es\/wp-json\/wp\/v2\/product_cat?post=110583"},{"taxonomy":"product_tag","embeddable":true,"href":"https:\/\/murena.com\/es\/wp-json\/wp\/v2\/product_tag?post=110583"}],"curies":[{"name":"wp","href":"https:\/\/api.w.org\/{rel}","templated":true}]}}