{"id":102082,"date":"2024-04-15T18:19:41","date_gmt":"2024-04-15T16:19:41","guid":{"rendered":"https:\/\/murena.com\/?post_type=product&#038;p=102082"},"modified":"2026-04-01T14:20:37","modified_gmt":"2026-04-01T12:20:37","slug":"audifonos-fairbuds-xl-copy","status":"publish","type":"product","link":"https:\/\/murena.com\/es\/tienda\/audio-es\/audifonos-fairbuds-xl-copy\/","title":{"rendered":"Auriculares Fairbuds"},"content":{"rendered":"<p>Especificaciones t\u00e9cnicas<\/p>\n<table style=\"border-collapse: collapse; width: 69.7552%; height: 192px;\">\n<tbody>\n<tr style=\"height: 37px;\">\n<td style=\"width: 26.5789%; height: 33px;\"><strong>General<\/strong><\/td>\n<td style=\"width: 23.5434%; height: 33px;\"><\/td>\n<\/tr>\n<tr style=\"height: 24px;\">\n<td style=\"width: 26.5789%; height: 24px;\">Tama\u00f1o<\/td>\n<td style=\"width: 23.5434%; height: 24px;\">28,7 x 24,6 x 21 mm<\/td>\n<\/tr>\n<tr style=\"height: 24px;\">\n<td style=\"width: 26.5789%; height: 24px;\"><\/td>\n<td style=\"width: 23.5434%; height: 24px;\">65 x 65 x 27 mm (caja)<\/td>\n<\/tr>\n<tr style=\"height: 24px;\">\n<td style=\"width: 26.5789%; height: 24px;\">Color<\/td>\n<td style=\"width: 23.5434%; height: 24px;\">Negro, Blanco<\/td>\n<\/tr>\n<tr style=\"height: 24px;\">\n<td style=\"width: 26.5789%; height: 24px;\">Peso<\/td>\n<td style=\"width: 23.5434%; height: 24px;\">78 g con estuche; auriculares ~ 5 g<\/td>\n<\/tr>\n<tr style=\"height: 24px;\">\n<td style=\"width: 26.5789%; height: 24px;\">Impermeable<\/td>\n<td style=\"width: 23.5434%; height: 24px;\">IP54<\/td>\n<\/tr>\n<tr style=\"height: 24px;\">\n<td style=\"width: 26.5789%; height: 24px;\">Control<\/td>\n<td style=\"width: 23.5434%; height: 24px;\">Controles t\u00e1ctiles capacitivos<\/td>\n<\/tr>\n<\/tbody>\n<\/table>\n<table style=\"border-collapse: collapse; width: 69.6727%; height: 160px;\">\n<tbody>\n<tr style=\"height: 63px;\">\n<td style=\"width: 17.316%; height: 40px;\"><strong>Sonido<\/strong><\/td>\n<td style=\"width: 15.1712%; height: 40px;\"><\/td>\n<\/tr>\n<tr style=\"height: 24px;\">\n<td style=\"width: 17.316%; height: 24px;\">Di\u00e1metro del conductor<\/td>\n<td style=\"width: 15.1712%; height: 24px;\">11 mm<\/td>\n<\/tr>\n<tr style=\"height: 24px;\">\n<td style=\"width: 17.316%; height: 24px;\">Tipo de driver<\/td>\n<td style=\"width: 15.1712%; height: 24px;\">Din\u00e1mico, revestido de titanio<\/td>\n<\/tr>\n<tr style=\"height: 24px;\">\n<td style=\"width: 17.316%; height: 24px;\">Respuesta en frecuencia<\/td>\n<td style=\"width: 15.1712%; height: 24px;\">20 Hz &#8211; 20 KHz<\/td>\n<\/tr>\n<tr style=\"height: 24px;\">\n<td style=\"width: 17.316%; height: 24px;\">Sensibilidad<\/td>\n<td style=\"width: 15.1712%; height: 24px;\">104 \u00b1 1dB a 1KHZ<\/td>\n<\/tr>\n<tr style=\"height: 24px;\">\n<td style=\"width: 17.316%; height: 24px;\">Impedancia del conductor<\/td>\n<td style=\"width: 15.1712%; height: 24px;\">16 \u03a9 \u00b1 15%<\/td>\n<\/tr>\n<\/tbody>\n<\/table>\n<table style=\"border-collapse: collapse; width: 70.2538%; height: 121px;\">\n<tbody>\n<tr style=\"height: 27px;\">\n<td style=\"width: 38.1144%; height: 49px;\"><strong>Anulaci\u00f3n del ruido<\/strong><\/td>\n<td style=\"width: 33.8299%; height: 49px;\"><\/td>\n<\/tr>\n<tr style=\"height: 24px;\">\n<td style=\"width: 38.1144%; height: 24px;\">Cancelaci\u00f3n activa del ruido<\/td>\n<td style=\"width: 33.8299%; height: 24px;\">S\u00ed<\/td>\n<\/tr>\n<tr style=\"height: 24px;\">\n<td style=\"width: 38.1144%; height: 24px;\">Modo de sonido ambiente<\/td>\n<td style=\"width: 33.8299%; height: 24px;\">S\u00ed<\/td>\n<\/tr>\n<tr style=\"height: 24px;\">\n<td style=\"width: 38.1144%; height: 24px;\">Caracter\u00edsticas especiales<\/td>\n<td style=\"width: 33.8299%; height: 24px;\">ANC h\u00edbrido<\/td>\n<\/tr>\n<\/tbody>\n<\/table>\n<table style=\"border-collapse: collapse; width: 70.3704%; height: 190px;\">\n<tbody>\n<tr style=\"height: 26px;\">\n<td style=\"width: 36.8875%; height: 46px;\"><strong>Bater\u00eda<\/strong><\/td>\n<td style=\"width: 33.1549%; height: 46px;\"><\/td>\n<\/tr>\n<tr style=\"height: 24px;\">\n<td style=\"width: 36.8875%; height: 24px;\">Tiempo total de reproducci\u00f3n (con estuche)<\/td>\n<td style=\"width: 33.1549%; height: 24px;\">\u2265 <span style=\"font-family: inherit; font-size: inherit;\">26 h<\/span><\/td>\n<\/tr>\n<tr style=\"height: 24px;\">\n<td style=\"width: 36.8875%; height: 24px;\">Tiempo de conversaci\u00f3n o m\u00fasica<\/td>\n<td style=\"width: 33.1549%; height: 24px;\">Tiempo de llamada \/ m\u00fasica: \u2265 5 horas (ANC activado)\/ 6 horas (ANC desactivado)<\/td>\n<\/tr>\n<tr style=\"height: 24px;\">\n<td style=\"width: 36.8875%; height: 24px;\">Tiempo en espera<\/td>\n<td style=\"width: 33.1549%; height: 24px;\">~ 2 horas (funda + auriculares), 10 min para 1,5h de reproducci\u00f3n<\/td>\n<\/tr>\n<tr style=\"height: 24px;\">\n<td style=\"width: 36.8875%; height: 24px;\">Tiempo de carga<\/td>\n<td style=\"width: 33.1549%; height: 24px;\">\u2264 3 <span style=\"font-family: inherit; font-size: inherit;\">h<\/span><\/td>\n<\/tr>\n<tr style=\"height: 24px;\">\n<td style=\"width: 36.8875%; height: 24px;\">Capacidad de la bater\u00eda<\/td>\n<td style=\"width: 33.1549%; height: 24px;\">45 mAh (auriculares) 500 mAh (estuche de carga)<\/td>\n<\/tr>\n<tr style=\"height: 24px;\">\n<td style=\"width: 36.8875%; height: 24px;\">Carga inal\u00e1mbrica<\/td>\n<td style=\"width: 33.1549%; height: 24px;\">No<\/td>\n<\/tr>\n<\/tbody>\n<\/table>\n<table style=\"border-collapse: collapse; width: 70.2865%; height: 229px;\">\n<tbody>\n<tr style=\"height: 29px;\">\n<td style=\"width: 35.3863%; height: 40px;\"><strong>Conectividad<\/strong><\/td>\n<td style=\"width: 31.7213%; height: 40px;\"><\/td>\n<\/tr>\n<tr style=\"height: 24px;\">\n<td style=\"width: 35.3863%; height: 24px;\">Bluetooth<\/td>\n<td style=\"width: 31.7213%; height: 24px;\">Versi\u00f3n 5.3<\/td>\n<\/tr>\n<tr style=\"height: 24px;\">\n<td style=\"width: 35.3863%; height: 24px;\">Conexi\u00f3n multipunto<\/td>\n<td style=\"width: 31.7213%; height: 24px;\">Doble<\/td>\n<\/tr>\n<tr style=\"height: 24px;\">\n<td style=\"width: 35.3863%; height: 24px;\">Perfiles<\/td>\n<td style=\"width: 31.7213%; height: 24px;\">A2DP V1.2, AVRCP V1.5, HFP V1.8, HSP V1.2<\/td>\n<\/tr>\n<tr style=\"height: 24px;\">\n<td style=\"width: 35.3863%; height: 24px;\">C\u00f3dec<\/td>\n<td style=\"width: 31.7213%; height: 24px;\">AAC \/ SBC<\/td>\n<\/tr>\n<tr style=\"height: 24px;\">\n<td style=\"width: 35.3863%; height: 24px;\">Alcance Bluetooth (l\u00ednea visual)<\/td>\n<td style=\"width: 31.7213%; height: 24px;\">10 m<\/td>\n<\/tr>\n<tr style=\"height: 24px;\">\n<td style=\"width: 35.3863%; height: 24px;\">Puertos<\/td>\n<td style=\"width: 31.7213%; height: 24px;\">USB-C<\/td>\n<\/tr>\n<tr style=\"height: 24px;\">\n<td style=\"width: 35.3863%; height: 24px;\">Micr\u00f3fono<\/td>\n<td style=\"width: 31.7213%; height: 24px;\">Total de 6 micr\u00f3fonos: 3 izquierdos, 3 derechos<\/td>\n<\/tr>\n<tr style=\"height: 21px;\">\n<td style=\"width: 35.3863%; height: 21px;\">Asistentes inteligentes<\/td>\n<td style=\"width: 31.7213%; height: 21px;\">Asistente de Google, Siri de Apple<\/td>\n<\/tr>\n<\/tbody>\n<\/table>\n<table style=\"border-collapse: collapse; width: 70.2217%; height: 187px;\">\n<tbody>\n<tr style=\"height: 28px;\">\n<td style=\"width: 36.3101%; height: 43px;\"><strong>Sostenibilidad<\/strong><\/td>\n<td style=\"width: 32.4073%; height: 43px;\"><\/td>\n<\/tr>\n<tr style=\"height: 24px;\">\n<td style=\"width: 36.3101%; height: 24px;\">Materiales<\/td>\n<td style=\"width: 32.4073%; height: 24px;\">Fabricado con materiales reciclados<\/td>\n<\/tr>\n<tr style=\"height: 24px;\">\n<td style=\"width: 36.3101%; height: 24px;\">Condiciones laborales justas Conciencia clim\u00e1tica<\/td>\n<td style=\"width: 32.4073%; height: 24px;\">S\u00ed<\/td>\n<\/tr>\n<tr style=\"height: 24px;\">\n<td style=\"width: 36.3101%; height: 24px;\">Bater\u00eda reemplazable<\/td>\n<td style=\"width: 32.4073%; height: 24px;\">S\u00ed<\/td>\n<\/tr>\n<tr style=\"height: 24px;\">\n<td style=\"width: 36.3101%; height: 24px;\">Longevidad<\/td>\n<td style=\"width: 32.4073%; height: 24px;\">Dise\u00f1o modular y reparable<\/td>\n<\/tr>\n<tr style=\"height: 24px;\">\n<td style=\"width: 36.3101%; height: 24px;\">Piezas reparables<\/td>\n<td style=\"width: 32.4073%; height: 24px;\">Auriculares (izquierdo \/ derecho), bater\u00eda de los auriculares, puntas de los auriculares<\/td>\n<\/tr>\n<tr style=\"height: 24px;\">\n<td style=\"width: 36.3101%; height: 24px;\"><\/td>\n<td style=\"width: 32.4073%; height: 24px;\">carcasa exterior de la caja, n\u00facleo de la caja, bater\u00eda de la caja<\/td>\n<\/tr>\n<\/tbody>\n<\/table>\n","protected":false},"excerpt":{"rendered":"<p>Disfruta de una canci\u00f3n de calidad con unos auriculares inal\u00e1mbricos reparables y sostenibles.<\/p>\n<p>Estos auriculares inal\u00e1mbricos est\u00e1n hechos para durar.<br \/>\nDisfrute de una experiencia de sonido envolvente con su opci\u00f3n de cancelaci\u00f3n activa del ruido (reducci\u00f3n avanzada del viento).<\/p>\n<p>Elige el ajuste perfecto con las tres opciones de tama\u00f1o de almohadilla.<\/p>\n<p>Escucha tu m\u00fasica favorita o podcasts durante horas con su bater\u00eda de larga duraci\u00f3n.<\/p>\n<p>Fairbuds est\u00e1 dise\u00f1ado con materiales justos y reciclados. Puede reparar y sustituir hasta 6 piezas diferentes. <\/p>\n<p>Este producto est\u00e1 disponible en blanco y negro.<\/p>\n","protected":false},"featured_media":104209,"comment_status":"open","ping_status":"closed","template":"","meta":{"_seopress_robots_primary_cat":"none","_seopress_titles_title":"","_seopress_titles_desc":"","_seopress_robots_index":""},"product_brand":[],"product_cat":[984],"product_tag":[],"class_list":{"0":"post-102082","1":"product","2":"type-product","3":"status-publish","4":"has-post-thumbnail","6":"product_cat-audio-es","7":"wpbf-post","10":"instock","11":"taxable","12":"shipping-taxable","13":"purchasable","14":"product-type-variable"},"bundled_by":["117218"],"bundle_stock_status":"instock","bundle_stock_quantity":null,"bundle_virtual":false,"bundle_layout":"","bundle_add_to_cart_form_location":"","bundle_editable_in_cart":false,"bundle_sold_individually_context":"","bundle_item_grouping":"","bundle_min_size":"","bundle_max_size":"","bundle_price":[],"bundled_items":[],"bundle_sell_ids":[],"supplier_id":null,"supplier_sku":"","barcode":null,"atum_controlled":true,"out_stock_date":null,"out_stock_threshold":null,"inheritable":true,"inbound_stock":40,"stock_on_hold":2,"sold_today":1,"sales_last_days":7,"reserved_stock":60,"customer_returns":0,"warehouse_damage":0,"lost_in_post":0,"other_logs":0,"out_stock_days":0,"lost_sales":0,"has_location":false,"update_date":"2026-04-07T07:48:41","atum_locations":[],"atum_stock_status":"instock","restock_status":false,"low_stock_amount":"","sales_update_date":"2026-04-05T12:09:24","calc_backorders":null,"linked_bom":[],"sync_purchase_price":false,"bom_sellable":null,"minimum_threshold":null,"available_to_purchase":null,"selling_priority":null,"calculated_stock":null,"is_bom":false,"mi_inventories":[],"multi_inventory":"no","inventory_sorting_mode":"global","inventory_iteration":"global","expirable_inventories":"global","price_per_inventory":"global","show_write_off_inventories":"global","selectable_inventories":"global","selectable_inventories_mode":"global","_links":{"self":[{"href":"https:\/\/murena.com\/es\/wp-json\/wp\/v2\/product\/102082","targetHints":{"allow":["GET"]}}],"collection":[{"href":"https:\/\/murena.com\/es\/wp-json\/wp\/v2\/product"}],"about":[{"href":"https:\/\/murena.com\/es\/wp-json\/wp\/v2\/types\/product"}],"replies":[{"embeddable":true,"href":"https:\/\/murena.com\/es\/wp-json\/wp\/v2\/comments?post=102082"}],"wp:featuredmedia":[{"embeddable":true,"href":"https:\/\/murena.com\/es\/wp-json\/wp\/v2\/media\/104209"}],"wp:attachment":[{"href":"https:\/\/murena.com\/es\/wp-json\/wp\/v2\/media?parent=102082"}],"wp:term":[{"taxonomy":"product_brand","embeddable":true,"href":"https:\/\/murena.com\/es\/wp-json\/wp\/v2\/product_brand?post=102082"},{"taxonomy":"product_cat","embeddable":true,"href":"https:\/\/murena.com\/es\/wp-json\/wp\/v2\/product_cat?post=102082"},{"taxonomy":"product_tag","embeddable":true,"href":"https:\/\/murena.com\/es\/wp-json\/wp\/v2\/product_tag?post=102082"}],"curies":[{"name":"wp","href":"https:\/\/api.w.org\/{rel}","templated":true}]}}