{"id":82584,"date":"2023-08-03T09:33:54","date_gmt":"2023-08-03T07:33:54","guid":{"rendered":"https:\/\/murena.com\/condiciones-del-portal-de-afiliados\/"},"modified":"2024-08-26T10:53:30","modified_gmt":"2024-08-26T08:53:30","slug":"condiciones-del-portal-de-afiliados","status":"publish","type":"page","link":"https:\/\/murena.com\/es\/condiciones-del-portal-de-afiliados\/","title":{"rendered":"Condiciones del portal de afiliados"},"content":{"rendered":"\n<p><strong>Por favor, lea todo el acuerdo (en adelante, el \u00abAcuerdo\u00bb)<\/strong><\/p>\n\n<p><strong>Puede imprimir esta p\u00e1gina para sus archivos<\/strong><\/p>\n\n<p>Este acuerdo es un documento legal entre Murena Retail SAS (\u00abMurena\u00bb o \u00abnosotros\u00bb) y el afiliado (\u00abusted\u00bb, \u00absu\u00bb, o \u00abCompa\u00f1\u00eda\u00bb).<\/p>\n\n<p>El \u00abPrograma de Afiliados de Murena Retail\u00bb es un programa gestionado por Murena Retail o en su nombre, en el que las entidades participantes colocan enlaces en su sitio web, blogs o cuentas de redes sociales que conectan con el sitio web murena.com. Se percibe una comisi\u00f3n por las conversiones, tal y como se detalla en <a href=\"https:\/\/murena.com\/es\/programa-de-socios-de-murena\/\">https:\/\/murena.com\/murena-partner-program\/<\/a> <\/p>\n\n<p>Al enviar la solicitud en l\u00ednea, usted reconoce que ha le\u00eddo y comprendido plenamente los t\u00e9rminos y condiciones de este acuerdo. Tambi\u00e9n acepta ser legalmente responsable de todos y cada uno de los t\u00e9rminos y condiciones del acuerdo. Usted declara expl\u00edcitamente a Murena que es un empleado, propietario, agente o representante autorizado con permiso y autoridad para suscribir este acuerdo en nombre de su empresa, organizaci\u00f3n o sitio web.<\/p>\n\n<h4 class=\"wp-block-heading\">1. Visi\u00f3n general<\/h4>\n\n<p>El prop\u00f3sito de este acuerdo es contornear los t\u00e9rminos y las condiciones que se aplican a su participaci\u00f3n como afiliado en el programa del afiliado de Murena. Al convertirse en afiliado, podr\u00e1 establecer enlaces HTML entre su sitio web y el sitio web de Murena.<\/p>\n\n<h4 class=\"wp-block-heading\">2. Obligaciones de los afiliados<\/h4>\n\n<p>2.1. Para inscribirse en el programa del afiliado de Murena al por menor, usted debe terminar y someter la aplicaci\u00f3n en l\u00ednea disponible en la p\u00e1gina de la inscripci\u00f3n del afiliado de Murena al por menor. Revisaremos su presentaci\u00f3n, y solamente despu\u00e9s de la aprobaci\u00f3n usted podr\u00e1 participar en el programa. Murena Retail se reserva el derecho de rechazar su solicitud o cancelar su condici\u00f3n de afiliado a nuestra entera discreci\u00f3n. Tambi\u00e9n podemos cancelar su solicitud si determinamos que su sitio web no es adecuado, incluyendo si:<\/p>\n\n<p>2.1.1. Promueve materiales sexualmente expl\u00edcitos.<\/p>\n\n<p>2.1.2. Promueve la violencia.<\/p>\n\n<p>2.1.3. Promueva la discriminaci\u00f3n por motivos de raza, sexo, religi\u00f3n, nacionalidad, discapacidad, orientaci\u00f3n sexual o edad.<\/p>\n\n<p>2.1.4. Promueva actividades ilegales o utilice medios fraudulentos para obtener comisiones, conversiones o tr\u00e1fico.<\/p>\n\n<p>2.1.5. Incorpore cualquier material que infrinja o ayude a otros a infringir cualquier derecho de autor, marca registrada u otros derechos de propiedad intelectual o a violar la ley.<\/p>\n\n<p>2.1.6. Incluya \u00abMurena\u00bb o variaciones o errores ortogr\u00e1ficos del mismo en su nombre de dominio.<\/p>\n\n<p>2.1.7. Sea de cualquier otro modo ilegal, da\u00f1ino, amenazador, difamatorio, obsceno, acosador, o racial, \u00e9tnica o de otro modo objetable para nosotros a nuestra entera discreci\u00f3n.<\/p>\n\n<p>2.1.8. Contiene descargas de software que potencialmente permiten desviar comisiones de otros afiliados a nuestro programa.<\/p>\n\n<p>2.1.9. Crea o dise\u00f1a un Web site que expl\u00edcitamente o impl\u00edcitamente se asemeje a nuestro Web site, o crea un Web site que lleve a clientes a creer que usted es Murena o cualquier otro negocio afiliado.<\/p>\n\n<p>2.2. Una vez aprobado, tendr\u00e1 acceso al portal de afiliados a trav\u00e9s de Solid Affiliate, donde podr\u00e1 supervisar su rendimiento asociado, descargar c\u00f3digo HTML (que proporciona enlaces a p\u00e1ginas web dentro del sitio web de Murena) y creatividades de banners. Para que Murena pueda realizar un seguimiento preciso de todas las visitas de invitados desde su sitio al nuestro, deber\u00e1 utilizar el c\u00f3digo HTML que le proporcionamos para cada banner, enlace de texto u otro enlace de afiliado que le proporcionemos.<\/p>\n\n<p>2.3. Murena Retail se reserva el derecho, en cualquier momento, de revisar la colocaci\u00f3n de sus enlaces y aprobar su uso, o exigir que cambie la colocaci\u00f3n o el uso para cumplir con las directrices proporcionadas.<\/p>\n\n<p>2.4. Usted es el \u00fanico responsable de mantener y actualizar su sitio web. Podremos supervisar su sitio web cuando lo consideremos necesario para asegurarnos de que est\u00e1 actualizado y para notificarle cualquier cambio que consideremos que debe mejorar su rendimiento.<\/p>\n\n<p>2.5. Usted es responsable de cumplir todas las leyes de propiedad intelectual y otras leyes aplicables a su sitio. Usted debe tener permiso expreso para utilizar el material copyrighted de cualquier persona, si es una escritura, una imagen, o cualquier otro trabajo copyrightable. Murena Retail no ser\u00e1 responsable (y usted ser\u00e1 el \u00fanico responsable) si usted utiliza el material con copyright de otra persona u otra propiedad intelectual en violaci\u00f3n de la ley o de cualquier derecho de terceros.<\/p>\n\n<h4 class=\"wp-block-heading\">3. Derechos y obligaciones de Murena Retail <\/h4>\n\n<p>3.1. Murena Retail tiene el derecho de supervisar su sitio Web en cualquier momento para determinar si usted est\u00e1 siguiendo los t\u00e9rminos y condiciones de este Acuerdo. Murena Retail podr\u00e1 notificarle cualquier cambio que considere necesario realizar o para asegurarse de que sus enlaces a nuestra p\u00e1gina Web son apropiados. Si no realiza los cambios en su p\u00e1gina Web que Murena Retail solicite, nos reservamos el derecho a finalizar su participaci\u00f3n en el Programa de Afiliados de Murena Retail. <\/p>\n\n<p>3.2. Murena Retail se reserva el derecho de terminar este acuerdo y su participaci\u00f3n en el programa del afiliado de Murena Retail inmediatamente y sin el aviso a usted si usted comete fraude en su uso del programa del afiliado de Murena Retail o si usted abusa de este programa de cualquier manera. Si se detecta tal fraude o abuso, Murena Retail no ser\u00e1 responsable ante usted de ninguna comisi\u00f3n por tales ventas fraudulentas. <\/p>\n\n<p>3.3. El presente Acuerdo comenzar\u00e1 en el momento en que aceptemos su solicitud de afiliaci\u00f3n y continuar\u00e1 en vigor a menos que se rescinda seg\u00fan lo dispuesto en el presente Acuerdo.<\/p>\n\n<h4 class=\"wp-block-heading\">4. Terminaci\u00f3n<\/h4>\n\n<p>Usted o Murena Retail puede terminar este acuerdo en cualquier momento, con o sin causa, dando el otro aviso escrito del partido. La notificaci\u00f3n por escrito a puede ser en forma de correo electr\u00f3nico. Adem\u00e1s, este Acuerdo terminar\u00e1 inmediatamente en caso de incumplimiento de este Acuerdo por su parte.<\/p>\n\n<p>Sin embargo, en caso de rescisi\u00f3n por parte de Murena Retail sin causa, Murena Retail se compromete a pagar las comisiones pendientes que se le adeuden en un plazo de 30 d\u00edas a partir de la rescisi\u00f3n. Adem\u00e1s, si Murena Retail rescinde este Acuerdo debido a un incumplimiento por su parte, usted perder\u00e1 cualquier derecho a las comisiones pendientes de pago. <\/p>\n\n<h4 class=\"wp-block-heading\">5. Modificaci\u00f3n<\/h4>\n\n<p>Murena al por menor puede modificar cualesquiera de los t\u00e9rminos y de las condiciones en este acuerdo en cualquier momento en nuestra discreci\u00f3n \u00fanica. En tal caso, se le notificar\u00e1 a la direcci\u00f3n de correo electr\u00f3nico que proporcion\u00f3. Las modificaciones pueden incluir cambios en los procedimientos de pago y en las normas del Programa de Afiliados de Murena Retail. Si cualquier modificaci\u00f3n es inaceptable para usted, su \u00fanica opci\u00f3n es terminar este acuerdo. Su participaci\u00f3n continua en el programa del afiliado de Murena Retail despu\u00e9s de la fijaci\u00f3n del aviso del cambio o del nuevo acuerdo en nuestro sitio indicar\u00e1 su acuerdo a los cambios.<\/p>\n\n<h4 class=\"wp-block-heading\">6. Pago<\/h4>\n\n<p>Murena Retail utiliza SolidAffiliate, para gestionar el seguimiento del rendimiento de los afiliados y la compensaci\u00f3n asociada, el seguimiento y el pago. Los pagos se realizar\u00e1n mediante transferencia bancaria o Paypal. Por favor, revise los t\u00e9rminos y condiciones de pago para esos servicios.<\/p>\n\n<p>Todas las comisiones se abonar\u00e1n contra presentaci\u00f3n de factura, por transferencia bancaria o por PayPal, el d\u00eda 30 del mes siguiente si el importe alcanza los 100\u20ac.&#13;\n&#13;\n\u00a0&#13;\n&#13;\nComo recordatorio, las comisiones se consideran v\u00e1lidas 45 d\u00edas despu\u00e9s del final de la venta, si la venta ha sido confirmada.<\/p>\n\n<h4 class=\"wp-block-heading\">7. Acceso a la interfaz de la cuenta de afiliado<\/h4>\n\n<p>Crear\u00e1 una cuenta y una contrase\u00f1a para poder entrar en la interfaz segura de la cuenta de afiliado, desde donde podr\u00e1 ver sus informes que describir\u00e1n nuestro c\u00e1lculo de las comisiones que le corresponden.<\/p>\n\n<h4 class=\"wp-block-heading\">8. Restricciones de promoci\u00f3n<\/h4>\n\n<p>Los afiliados pueden promocionar los productos de Murena mediante banners, enlaces de texto, cupones, ofertas y simples recompensas por recomendaci\u00f3n.<\/p>\n\n<p>8.1. Restricciones de promoci\u00f3n: Usted reconoce que la reputaci\u00f3n de Murena Retail es de suma importancia y esperamos que todos los afiliados representen nuestra marca con integridad. Aunque le animamos a promocionar sus propias p\u00e1ginas web, cualquier promoci\u00f3n que mencione a Murena Retail puede ser vista como un esfuerzo conjunto. Est\u00e1 estrictamente prohibido participar en cualquier forma de publicidad que se considere inapropiada o perjudicial para nuestro nombre, incluyendo pero no limitado a spamming, correo electr\u00f3nico comercial no solicitado, publicaci\u00f3n en grupos de noticias no comerciales, publicaci\u00f3n cruzada en m\u00faltiples grupos de noticias a la vez, y cualquier otra forma de publicidad que oculte o tergiverse su identidad, nombre de dominio o direcci\u00f3n de correo electr\u00f3nico de retorno.<\/p>\n\n<p>Usted acuerda conformarse con nuestras restricciones de la promoci\u00f3n y no enganchar\u00e1 a ninguna forma de publicidad que podr\u00eda ser percibida como enga\u00f1osa o inadecuada. S\u00f3lo podr\u00e1 publicar en grupos de noticias para promocionar Murena Retail si el grupo de noticias acepta espec\u00edficamente mensajes comerciales. Nos reservamos el derecho de terminar este acuerdo inmediatamente y de retener cualquier balance pendiente debido a usted si descubrimos que usted est\u00e1 enganchando a cualquier forma de publicidad prohibida.<\/p>\n\n<p>Valoramos nuestra relaci\u00f3n con nuestros afiliados y esperamos que todos ellos cumplan nuestras restricciones de promoci\u00f3n. Esta disposici\u00f3n seguir\u00e1 vigente tras la rescisi\u00f3n del presente Acuerdo.<\/p>\n\n<p>8.2. Los afiliados que ofertan exclusivamente o incluyen entre otras palabras claves, el nombre de marca registrada de Murena, derivados que contienen Murena o Murena Retail, errores ortogr\u00e1ficos, o alteraciones similares &#8211; sea por separado o en combinaci\u00f3n con otras palabras claves &#8211; ser\u00e1n considerados infractores de marca registrada y ser\u00e1n prohibidos del Programa de Afiliados de Murena Retail. Haremos todo lo posible para contactar con el afiliado antes de la prohibici\u00f3n. Sin embargo, nos reservamos el derecho de expulsar a cualquier infractor de marca registrada de nuestro programa de afiliados sin previo aviso, y en la primera ocurrencia de tal comportamiento de oferta PPC.<\/p>\n\n<p>8.3. Se proh\u00edbe a los afiliados transmitir cualquier \u00abintersticial\u00bb, \u00abParasiteware\u2122\u00bb, \u00abMarketing parasitario\u00bb, \u00abAplicaci\u00f3n de asistencia en compras\u00bb, \u00abInstalaciones de barras de herramientas y\/o complementos\u00bb, \u00abCarteras de compras\u00bb o cualquier ventana emergente enga\u00f1osa y\/o pop-unders a los consumidores desde el momento en que el consumidor hace clic en un enlace calificado hasta que el consumidor ha salido completamente del sitio web de Murena Retail. Cualquier aplicaci\u00f3n que provoque la sobreescritura de cookies de seguimiento de comisiones de afiliados y no afiliados, intercepte b\u00fasquedas para redirigir el tr\u00e1fico, establezca cookies de seguimiento de comisiones a trav\u00e9s de la carga del sitio de Murena Retail en IFrames, enlaces ocultos y ventanas emergentes autom\u00e1ticas, apunte a texto en sitios web que no sean 100% propiedad del propietario de la aplicaci\u00f3n para marketing contextual, o elimine, reemplace o bloquee la visibilidad de banners de afiliados con cualquier otro banner en sitios web que no sean 100% propiedad del propietario de la aplicaci\u00f3n, se considerar\u00e1 \u00abParasiteware\u2122\u00bb y \u00abMarketing parasitario.\u00bb<\/p>\n\n<p>Cualquier afiliado encontrado en la violaci\u00f3n de esta disposici\u00f3n ser\u00e1 quitado inmediatamente del programa del afiliado de Murena al por menor sin el aviso anterior. Esta disposici\u00f3n sobrevivir\u00e1 a la terminaci\u00f3n de este Acuerdo.<\/p>\n\n<h4 class=\"wp-block-heading\">9. Concesi\u00f3n de licencias<\/h4>\n\n<p>9.1. Murena Retail le concede un derecho no exclusivo, intransferible y revocable para (i) acceder a nuestro sitio a trav\u00e9s de enlaces HTML \u00fanicamente de conformidad con los t\u00e9rminos de este Acuerdo y (ii) \u00fanicamente en relaci\u00f3n con dichos enlaces, para utilizar nuestros logotipos, nombres comerciales, marcas registradas y material de identificaci\u00f3n similar (colectivamente, los \u00abMateriales Autorizados\u00bb) que le proporcionamos o autorizamos para tal fin. Usted tiene derecho solamente a utilizar los materiales licenciados en la medida en que usted sea un miembro en la buena situaci\u00f3n del programa del afiliado de Murena al por menor. Usted acepta que todos los usos de los Materiales Autorizados se har\u00e1n en nombre de Murena Retail y que la buena voluntad asociada a los mismos redundar\u00e1 en beneficio exclusivo de Murena Retail.<\/p>\n\n<p>9.2. Cada una de las partes se compromete a no utilizar los materiales propiedad de la otra parte de forma despectiva, enga\u00f1osa, obscena o que de cualquier otra forma presente a la otra parte de forma negativa. Cada una de las partes se reserva todos sus derechos respectivos sobre los materiales de propiedad cubiertos por esta licencia. Aparte de la licencia concedida en el presente Acuerdo, cada parte conserva todos los derechos, t\u00edtulos e intereses sobre sus respectivos derechos, y ning\u00fan derecho, t\u00edtulo o inter\u00e9s se transfiere a la otra parte. Esta disposici\u00f3n sobrevivir\u00e1 a la rescisi\u00f3n del presente Acuerdo.<\/p>\n\n<h4 class=\"wp-block-heading\">10. Descargo de responsabilidad<\/h4>\n\n<p>MURENA RETAIL NO OFRECE NINGUNA REPRESENTACI\u00d3N O GARANT\u00cdA EXPRESA O IMPL\u00cdCITA EN RELACI\u00d3N CON EL SERVICIO Y EL SITIO WEB DE MURENA RETAIL O LOS PRODUCTOS O SERVICIOS QUE EN ELLOS SE OFRECEN. MURENA RETAIL RENUNCIA A CUALQUIER GARANT\u00cdA IMPL\u00cdCITA DE SU CAPACIDAD, IDONEIDAD PARA UN FIN DETERMINADO Y NO INFRACCI\u00d3N. MURENA RETAIL NO GARANTIZA QUE EL FUNCIONAMIENTO DE NUESTRO SITIO WEB SEA ININTERRUMPIDO O EST\u00c9 LIBRE DE ERRORES, Y MURENA RETAIL NO SER\u00c1 RESPONSABLE DE LAS CONSECUENCIAS DE CUALQUIER INTERRUPCI\u00d3N O ERROR. ESTA DISPOSICI\u00d3N SEGUIR\u00c1 SIENDO EFECTIVA INCLUSO DESPU\u00c9S DE LA RESCISI\u00d3N DE ESTE ACUERDO.<\/p>\n\n<h4 class=\"wp-block-heading\">11. Declaraciones y garant\u00edas<\/h4>\n\n<p>Usted declara y garantiza que:<\/p>\n\n<p>11.1. El presente Contrato ha sido debida y v\u00e1lidamente ejecutado y entregado por usted y constituye su obligaci\u00f3n legal, v\u00e1lida y vinculante, exigible frente a usted de conformidad con sus t\u00e9rminos;<\/p>\n\n<p>11.2. Usted tiene pleno derecho, poder y autoridad para suscribir y quedar vinculado por los t\u00e9rminos y condiciones del presente contrato.&#13;\ncondiciones del presente Acuerdo y a cumplir sus obligaciones en virtud del mismo, sin la aprobaci\u00f3n o consentimiento de cualquier otra parte;&#13;\n<\/p>\n\n<p>11.3. Usted tiene suficiente derecho, t\u00edtulo e inter\u00e9s en y para los derechos que se nos conceden en este Acuerdo.<\/p>\n\n<h4 class=\"wp-block-heading\">12. Limitaciones de responsabilidad<\/h4>\n\n<p>EN LA MEDIDA M\u00c1XIMA PERMITIDA POR LA LEY, EN NING\u00daN CASO MURENA RETAIL SER\u00c1 RESPONSABLE DE NING\u00daN DA\u00d1O INDIRECTO, ESPECIAL, CONSECUENTE O INCIDENTAL, INCLUYENDO, SIN LIMITACI\u00d3N, P\u00c9RDIDA DE BENEFICIOS O INGRESOS, COSTES DE SUSTITUCI\u00d3N DE BIENES, P\u00c9RDIDA O DA\u00d1O DE DATOS DERIVADOS DEL USO O IMPOSIBILIDAD DE USO DE ESTE SITIO WEB O DE CUALQUIER PRODUCTO O SERVICIO DE MURENA RETAIL, DA\u00d1OS RESULTANTES DEL USO O CONFIANZA EN LA INFORMACI\u00d3N PRESENTADA, YA SEA BASADO EN GARANT\u00cdA, CONTRATO, AGRAVIO O CUALQUIER OTRA TEOR\u00cdA LEGAL, INCLUSO SI MURENA RETAIL HA SIDO ADVERTIDA DE LA POSIBILIDAD DE TALES DA\u00d1OS. EN NING\u00daN CASO LA RESPONSABILIDAD DE MURENA RETAIL ANTE USTED EXCEDER\u00c1 EL IMPORTE DE LOS HONORARIOS PAGADOS POR USTED A MURENA RETAIL EN VIRTUD DEL PRESENTE ACUERDO.<\/p>\n\n<h4 class=\"wp-block-heading\">13. Indemnification:<\/h4>\n\n<p>Usted acuerda indemnizar y mantener indemne a Murena Retail, sus afiliados, funcionarios, directores, empleados, agentes y proveedores de servicios de terceros de y contra cualquier reclamaci\u00f3n, acci\u00f3n, demanda, da\u00f1os, costos, responsabilidades, p\u00e9rdidas o gastos (incluyendo honorarios razonables de abogados) que surjan de o en relaci\u00f3n con (i) su uso del programa de afiliados Murena Retail, (ii) su incumplimiento o violaci\u00f3n de este Acuerdo, (iii) cualquier contenido o material que usted env\u00ede, publique, transmita o ponga a disposici\u00f3n a trav\u00e9s del programa, (iv) su violaci\u00f3n de cualquier derecho de otro, incluyendo sin limitaci\u00f3n cualquier derecho de propiedad intelectual, o (v) cualquier reclamaci\u00f3n de que su sitio Web o acciones relacionadas con el programa de afiliados causaron da\u00f1os a un tercero. Esta obligaci\u00f3n de indemnizaci\u00f3n sobrevivir\u00e1 a la rescisi\u00f3n del presente Contrato.<\/p>\n\n<h4 class=\"wp-block-heading\">14. Confidentiality:<\/h4>\n\n<p>El afiliado se compromete a mantener la confidencialidad de toda la informaci\u00f3n confidencial recibida de Murena Retail o de sus afiliados durante el transcurso del acuerdo. El afiliado no utilizar\u00e1 ni divulgar\u00e1 ninguna informaci\u00f3n confidencial a terceros sin el consentimiento previo por escrito de Murena Retail. El afiliado reconoce que cualquier uso o divulgaci\u00f3n no autorizada de informaci\u00f3n confidencial puede causar un da\u00f1o irreparable a Murena Retail o sus afiliados, y por lo tanto, Murena Retail puede tener derecho a medidas cautelares, adem\u00e1s de cualquier otro recurso disponible en derecho o en equidad.<\/p>\n\n<h4 class=\"wp-block-heading\">15. Varios<\/h4>\n\n<p>15.1. Usted acepta que nada de lo dispuesto en el presente Acuerdo crear\u00e1 ninguna relaci\u00f3n de asociaci\u00f3n, empresa conjunta, agencia, franquicia, representante de ventas o empleo entre ellos.<\/p>\n\n<p>15.2. El presente Acuerdo constituye el acuerdo \u00edntegro entre las partes y sustituye todos los entendimientos y negociaciones anteriores entre las partes en relaci\u00f3n con su objeto.<\/p>\n\n<p>15.3. El presente Acuerdo no podr\u00e1 ser enmendado ni modificado salvo por escrito firmado por ambas partes.<\/p>\n\n<p>15.4. El presente Acuerdo se regir\u00e1 e interpretar\u00e1 de conformidad con las leyes de Francia. Cualquier disputa que surja de o en relaci\u00f3n con el presente Acuerdo, incluyendo cualquier cuesti\u00f3n relativa a su existencia, validez o terminaci\u00f3n, se someter\u00e1 y resolver\u00e1 definitivamente mediante arbitraje de conformidad con el Reglamento de la C\u00e1mara de Comercio Internacional (CCI), que se celebrar\u00e1 en Par\u00eds, Francia, y se llevar\u00e1 a cabo en lengua francesa.<\/p>\n\n<p>15.5. Cualquier notificaci\u00f3n requerida o permitida en virtud del presente Acuerdo se realizar\u00e1 por escrito y se considerar\u00e1 efectiva en el momento de su entrega si se realiza en persona, por correo electr\u00f3nico o por correo certificado, con acuse de recibo, a las direcciones facilitadas por las partes.<\/p>\n\n<p>15.6. La renuncia por cualquiera de las partes a cualquier incumplimiento o falta de cumplimiento no constituir\u00e1 una renuncia a cualquier incumplimiento o falta de cumplimiento posterior.<\/p>\n\n<p>15.7. Si alguna disposici\u00f3n del presente Acuerdo se considera inv\u00e1lida, ilegal o inaplicable, dicha disposici\u00f3n se considerar\u00e1 separada del presente Acuerdo y las disposiciones restantes continuar\u00e1n en pleno vigor y efecto.<\/p>\n\n<p>15.8. Todas las disposiciones de este Acuerdo que por su naturaleza deban sobrevivir a la terminaci\u00f3n , incluyendo, sin limitaci\u00f3n, confidencialidad, indemnizaci\u00f3n y limitaci\u00f3n de responsabilidad.<\/p>\n","protected":false},"excerpt":{"rendered":"<p>Por favor, lea todo el acuerdo (en adelante, el \u00abAcuerdo\u00bb) Puede imprimir esta p\u00e1gina para&#8230;<\/p>\n","protected":false},"author":994,"featured_media":0,"parent":0,"menu_order":0,"comment_status":"closed","ping_status":"closed","template":"","meta":{"_seopress_robots_primary_cat":"","_seopress_titles_title":"Condiciones del portal de afiliados","_seopress_titles_desc":"Este acuerdo es un documento legal entre Murena Retail SAS (\u00abMurena\u00bb o \u00abnosotros\u00bb) y el afiliado (\u00abusted\u00bb, \u00absu\u00bb, o \u00abCompa\u00f1\u00eda\u00bb).","_seopress_robots_index":"","footnotes":""},"class_list":["post-82584","page","type-page","status-publish","hentry","wpbf-post"],"_links":{"self":[{"href":"https:\/\/murena.com\/es\/wp-json\/wp\/v2\/pages\/82584","targetHints":{"allow":["GET"]}}],"collection":[{"href":"https:\/\/murena.com\/es\/wp-json\/wp\/v2\/pages"}],"about":[{"href":"https:\/\/murena.com\/es\/wp-json\/wp\/v2\/types\/page"}],"author":[{"embeddable":true,"href":"https:\/\/murena.com\/es\/wp-json\/wp\/v2\/users\/994"}],"replies":[{"embeddable":true,"href":"https:\/\/murena.com\/es\/wp-json\/wp\/v2\/comments?post=82584"}],"version-history":[{"count":6,"href":"https:\/\/murena.com\/es\/wp-json\/wp\/v2\/pages\/82584\/revisions"}],"predecessor-version":[{"id":107932,"href":"https:\/\/murena.com\/es\/wp-json\/wp\/v2\/pages\/82584\/revisions\/107932"}],"wp:attachment":[{"href":"https:\/\/murena.com\/es\/wp-json\/wp\/v2\/media?parent=82584"}],"curies":[{"name":"wp","href":"https:\/\/api.w.org\/{rel}","templated":true}]}}