{"id":74434,"date":"2023-01-17T06:06:19","date_gmt":"2023-01-17T05:06:19","guid":{"rendered":"https:\/\/murena.com\/?page_id=74434"},"modified":"2024-03-07T19:04:56","modified_gmt":"2024-03-07T18:04:56","slug":"press-kit","status":"publish","type":"page","link":"https:\/\/murena.com\/es\/press-kit\/","title":{"rendered":"Dossier de prensa"},"content":{"rendered":"","protected":false},"excerpt":{"rendered":"","protected":false},"author":5167,"featured_media":0,"parent":0,"menu_order":0,"comment_status":"closed","ping_status":"closed","template":"press-kit.php","meta":{"_seopress_robots_primary_cat":"","_seopress_titles_title":"Herramientas para los medios de comunicaci\u00f3n y la prensa","_seopress_titles_desc":"Encuentre nuestros kits de prensa, logotipos, v\u00eddeos, im\u00e1genes y otros recursos que le ayudar\u00e1n a crear una historia sobre nosotros.","_seopress_robots_index":"","footnotes":""},"class_list":["post-74434","page","type-page","status-publish","hentry","wpbf-post"],"_links":{"self":[{"href":"https:\/\/murena.com\/es\/wp-json\/wp\/v2\/pages\/74434","targetHints":{"allow":["GET"]}}],"collection":[{"href":"https:\/\/murena.com\/es\/wp-json\/wp\/v2\/pages"}],"about":[{"href":"https:\/\/murena.com\/es\/wp-json\/wp\/v2\/types\/page"}],"author":[{"embeddable":true,"href":"https:\/\/murena.com\/es\/wp-json\/wp\/v2\/users\/5167"}],"replies":[{"embeddable":true,"href":"https:\/\/murena.com\/es\/wp-json\/wp\/v2\/comments?post=74434"}],"version-history":[{"count":2,"href":"https:\/\/murena.com\/es\/wp-json\/wp\/v2\/pages\/74434\/revisions"}],"predecessor-version":[{"id":80045,"href":"https:\/\/murena.com\/es\/wp-json\/wp\/v2\/pages\/74434\/revisions\/80045"}],"wp:attachment":[{"href":"https:\/\/murena.com\/es\/wp-json\/wp\/v2\/media?parent=74434"}],"curies":[{"name":"wp","href":"https:\/\/api.w.org\/{rel}","templated":true}]}}