{"id":73396,"date":"2023-01-02T13:45:54","date_gmt":"2023-01-02T12:45:54","guid":{"rendered":"https:\/\/murena.com\/inversores\/"},"modified":"2026-02-23T09:58:52","modified_gmt":"2026-02-23T08:58:52","slug":"inversores","status":"publish","type":"page","link":"https:\/\/murena.com\/es\/inversores\/","title":{"rendered":"Inversores"},"content":{"rendered":"\n<h2 class=\"wp-block-heading\">Oportunidades de inversi\u00f3n en Murena<\/h2>\n\n\n\n<p>Murena SAS es una empresa privada con sede en la Uni\u00f3n Europea. Nos contactan regularmente personas y organizaciones interesadas en invertir en Murena SAS. <\/p>\n\n\n\n<p>Actualmente aceptamos inversiones. Rellene sus datos a continuaci\u00f3n si desea ofrecer su inter\u00e9s por invertir. <\/p>\n\n\n\n<div class=\"wp-block-columns is-layout-flex wp-container-core-columns-is-layout-28f84493 wp-block-columns-is-layout-flex\">\n<div class=\"wp-block-column is-layout-flow wp-block-column-is-layout-flow\">\n<div class=\"wp-block-contact-form-7-contact-form-selector\">\n<div class=\"wpcf7 no-js\" id=\"wpcf7-f103896-o1\" lang=\"es-ES\" dir=\"ltr\" data-wpcf7-id=\"103896\">\n<div class=\"screen-reader-response\"><p role=\"status\" aria-live=\"polite\" aria-atomic=\"true\"><\/p> <ul><\/ul><\/div>\n<form action=\"\/es\/wp-json\/wp\/v2\/pages\/73396#wpcf7-f103896-o1\" method=\"post\" class=\"wpcf7-form init\" aria-label=\"Formulario de contacto\" novalidate=\"novalidate\" data-status=\"init\">\n<fieldset class=\"hidden-fields-container\"><input type=\"hidden\" name=\"_wpcf7\" value=\"103896\" \/><input type=\"hidden\" name=\"_wpcf7_version\" value=\"6.1.3\" \/><input type=\"hidden\" name=\"_wpcf7_locale\" value=\"es_ES\" \/><input type=\"hidden\" name=\"_wpcf7_unit_tag\" value=\"wpcf7-f103896-o1\" \/><input type=\"hidden\" name=\"_wpcf7_container_post\" value=\"0\" \/><input type=\"hidden\" name=\"_wpcf7_posted_data_hash\" value=\"\" \/><input type=\"hidden\" name=\"_wpcf7cf_hidden_group_fields\" value=\"[]\" \/><input type=\"hidden\" name=\"_wpcf7cf_hidden_groups\" value=\"[]\" \/><input type=\"hidden\" name=\"_wpcf7cf_visible_groups\" value=\"[]\" \/><input type=\"hidden\" name=\"_wpcf7cf_repeaters\" value=\"[]\" \/><input type=\"hidden\" name=\"_wpcf7cf_steps\" value=\"{}\" \/><input type=\"hidden\" name=\"_wpcf7cf_options\" value=\"{&quot;form_id&quot;:103896,&quot;conditions&quot;:[],&quot;settings&quot;:{&quot;animation&quot;:&quot;yes&quot;,&quot;animation_intime&quot;:&quot;200&quot;,&quot;animation_outtime&quot;:&quot;200&quot;,&quot;conditions_ui&quot;:&quot;text_only&quot;,&quot;notice_dismissed&quot;:&quot;&quot;,&quot;notice_dismissed_rollback-cf7-5.9.2&quot;:true}}\" \/>\n<\/fieldset>\n<p><label> Nombre completo *<br \/>\n<span class=\"wpcf7-form-control-wrap\" data-name=\"investor-name\"><input size=\"40\" maxlength=\"400\" class=\"wpcf7-form-control wpcf7-text wpcf7-validates-as-required\" aria-required=\"true\" aria-invalid=\"false\" value=\"\" type=\"text\" name=\"investor-name\" \/><\/span> <\/label>\n<\/p>\n<p><label> Email *<br \/>\n<span class=\"wpcf7-form-control-wrap\" data-name=\"investor-email\"><input size=\"40\" maxlength=\"400\" class=\"wpcf7-form-control wpcf7-email wpcf7-validates-as-required wpcf7-text wpcf7-validates-as-email\" aria-required=\"true\" aria-invalid=\"false\" value=\"\" type=\"email\" name=\"investor-email\" \/><\/span> <\/label>\n<\/p>\n<p><label> Pa\u00eds de residencia *<br \/>\n<span class=\"wpcf7-form-control-wrap\" data-name=\"country-name\"><input size=\"40\" maxlength=\"400\" class=\"wpcf7-form-control wpcf7-text wpcf7-validates-as-required\" aria-required=\"true\" aria-invalid=\"false\" value=\"\" type=\"text\" name=\"country-name\" \/><\/span> <\/label>\n<\/p>\n<p><label> N\u00famero de tel\u00e9fono<br \/>\n<span class=\"wpcf7-form-control-wrap\" data-name=\"PhoneNumber\"><input size=\"40\" maxlength=\"400\" class=\"wpcf7-form-control wpcf7-text\" aria-invalid=\"false\" value=\"\" type=\"text\" name=\"PhoneNumber\" \/><\/span> <\/label>\n<\/p>\n<p><label> Direcci\u00f3n<br \/>\n<span class=\"wpcf7-form-control-wrap\" data-name=\"investor-address\"><textarea cols=\"40\" rows=\"2\" maxlength=\"2000\" class=\"wpcf7-form-control wpcf7-textarea\" aria-invalid=\"false\" name=\"investor-address\"><\/textarea><\/span> <\/label>\n<\/p>\n<p>\u00bfCu\u00e1nto le interesar\u00eda invertir? (para importes \u2265 2.000 \u20ac la inversi\u00f3n es posible directamente, para importes < 2.000 \u20ac por favor rellene tambi\u00e9n su informaci\u00f3n, entonces nos pondremos en contacto con usted la pr\u00f3xima vez que organicemos un crowdfunding)\n<\/p>\n<p><span class=\"wpcf7-form-control-wrap\" data-name=\"amount\"><input class=\"wpcf7-form-control wpcf7-number wpcf7-validates-as-number\" aria-invalid=\"false\" value=\"\" type=\"number\" name=\"amount\" \/><\/span><span class=\"wpcf7-form-control-wrap\" data-name=\"currency-checkbox\"><span class=\"wpcf7-form-control wpcf7-checkbox wpcf7-exclusive-checkbox\"><span class=\"wpcf7-list-item first\"><label><input type=\"checkbox\" name=\"currency-checkbox\" value=\"euro\" \/><span class=\"wpcf7-list-item-label\">euro<\/span><\/label><\/span><span class=\"wpcf7-list-item last\"><label><input type=\"checkbox\" name=\"currency-checkbox\" value=\"dollar\" \/><span class=\"wpcf7-list-item-label\">dollar<\/span><\/label><\/span><\/span><\/span>\n<\/p>\n<p><label> M\u00e1s sobre usted:<br \/>\n<span class=\"wpcf7-form-control-wrap\" data-name=\"about-investor\"><textarea cols=\"40\" rows=\"2\" maxlength=\"2000\" class=\"wpcf7-form-control wpcf7-textarea\" aria-invalid=\"false\" name=\"about-investor\"><\/textarea><\/span> <\/label>\n<\/p>\n<p><span class=\"wpcf7-form-control-wrap\" data-name=\"checkbox-newsletter\"><span class=\"wpcf7-form-control wpcf7-checkbox\"><span class=\"wpcf7-list-item first last\"><label><input type=\"checkbox\" name=\"checkbox-newsletter[]\" value=\"Marca si aceptas recibir informaci\u00f3n sobre oportunidades de inversi\u00f3n en el futuro.\" \/><span class=\"wpcf7-list-item-label\">Marca si aceptas recibir informaci\u00f3n sobre oportunidades de inversi\u00f3n en el futuro.<\/span><\/label><\/span><\/span><\/span>\n<\/p>\n<p><label>Introducir Captcha<br \/>\n<input type=\"hidden\" name=\"_wpcf7_captcha_challenge_captcha-170\" value=\"55251651\" \/><img loading=\"lazy\" decoding=\"async\" class=\"wpcf7-form-control wpcf7-captchac wpcf7-captcha-captcha-170\" width=\"72\" height=\"24\" alt=\"captcha\" src=\"https:\/\/murena.com\/wp-content\/uploads\/wpcf7_captcha\/55251651.png\" \/><br \/>\n<span class=\"wpcf7-form-control-wrap\" data-name=\"captcha-170\"><input size=\"4\" maxlength=\"4\" class=\"wpcf7-form-control wpcf7-captchar\" autocomplete=\"off\" aria-invalid=\"false\" value=\"\" type=\"text\" name=\"captcha-170\" \/><\/span><br \/>\n<\/label>\n<\/p>\n<p><input class=\"wpcf7-form-control wpcf7-submit has-spinner\" type=\"submit\" value=\"Enviar\" \/>\n<\/p><div class=\"wpcf7-response-output\" aria-hidden=\"true\"><\/div>\n<\/form>\n<\/div>\n<\/div>\n<\/div>\n\n\n\n<div class=\"wp-block-column is-layout-flow wp-block-column-is-layout-flow\"><\/div>\n<\/div>\n","protected":false},"excerpt":{"rendered":"<p>Oportunidades de inversi\u00f3n en Murena Murena SAS es una empresa privada con sede en la&#8230;<\/p>\n","protected":false},"author":5167,"featured_media":0,"parent":0,"menu_order":0,"comment_status":"closed","ping_status":"closed","template":"","meta":{"_seopress_robots_primary_cat":"","_seopress_titles_title":"Oportunidades de inversi\u00f3n en Murena","_seopress_titles_desc":"Si est\u00e1 interesado en invertir en Murena, facil\u00edtenos sus datos de contacto. As\u00ed podr\u00e1 recibir informaci\u00f3n actualizada y cualificada sobre posibles oportunidades de inversi\u00f3n.","_seopress_robots_index":"","footnotes":""},"class_list":["post-73396","page","type-page","status-publish","hentry","wpbf-post"],"_links":{"self":[{"href":"https:\/\/murena.com\/es\/wp-json\/wp\/v2\/pages\/73396","targetHints":{"allow":["GET"]}}],"collection":[{"href":"https:\/\/murena.com\/es\/wp-json\/wp\/v2\/pages"}],"about":[{"href":"https:\/\/murena.com\/es\/wp-json\/wp\/v2\/types\/page"}],"author":[{"embeddable":true,"href":"https:\/\/murena.com\/es\/wp-json\/wp\/v2\/users\/5167"}],"replies":[{"embeddable":true,"href":"https:\/\/murena.com\/es\/wp-json\/wp\/v2\/comments?post=73396"}],"version-history":[{"count":9,"href":"https:\/\/murena.com\/es\/wp-json\/wp\/v2\/pages\/73396\/revisions"}],"predecessor-version":[{"id":147004,"href":"https:\/\/murena.com\/es\/wp-json\/wp\/v2\/pages\/73396\/revisions\/147004"}],"wp:attachment":[{"href":"https:\/\/murena.com\/es\/wp-json\/wp\/v2\/media?parent=73396"}],"curies":[{"name":"wp","href":"https:\/\/api.w.org\/{rel}","templated":true}]}}