{"id":55109,"date":"2020-04-16T08:42:25","date_gmt":"2020-04-16T08:42:25","guid":{"rendered":"https:\/\/murena.com\/legal-notice\/"},"modified":"2024-03-12T13:54:18","modified_gmt":"2024-03-12T12:54:18","slug":"legal-notice","status":"publish","type":"page","link":"https:\/\/murena.com\/es\/legal-notice\/","title":{"rendered":"Aviso legal"},"content":{"rendered":"\n<hr\/>\r\n\n<p><strong>Editor:<\/strong><\/p>\r\n<ul>\r\n<li>Murena Retail SAS<\/li>\r\n<li>SIRET (CIF): 883 789 398 00012<\/li>\r\n<li>VAT Number: FR82883789398<\/li>\r\n<li>C\u00f3digo APE: 5829C<\/li>\r\n<\/ul>\r\n<p><strong>Sede central:<\/strong><\/p>\r\n<ul>\r\n<li>31 Avenue de S\u00e9gur &#8211; 75007 Paris, France<\/li>\r\n<\/ul>\r\n\n<blockquote class=\"wp-block-quote is-layout-flow wp-block-quote-is-layout-flow\"><p>\u26a0 Por favor, no devuelva productos en esta direcci\u00f3n. En su lugar, p\u00f3ngase en contacto con nuestro servicio de asistencia en\u00a0 <a href=\"mailto:helpdesk@murena.com\">helpdesk@murena.com<\/a> para recibir la correcta para la devoluci\u00f3n de productos.<\/p><\/blockquote>\n\n<ul class=\"wp-block-list\"><li>Contacto: <a href=\"mailto:contact@murena.com\">contact@murena.com<\/a><\/li><li>Representante legal: Ga\u00ebl Duval<\/li><li>Responsable de redacci\u00f3n: Ga\u00ebl Duval<\/li><li>Alojamiento: Hetzner Online GmbH \u2013 <a href=\"https:\/\/www.hetzner.com\/\">https:\/\/www.hetzner.com\/<\/a><\/li><\/ul>\n\n<h2 class=\"wp-block-heading\">PRIVACIDAD<\/h2>\n\n<p>De acuerdo con las disposiciones de la ley francesa (art\u00edculo 34 de la ley n\u00ba 48-87 del 6 de enero de 1978), el usuario tiene derecho a acceder, rectificar o suprimir sus datos personales. Tambi\u00e9n tiene derecho a dictar instrucciones que permitan el acceso a sus datos en caso de fallecimiento (las disposiciones legales para la aplicaci\u00f3n oficial de este derecho se encuentran actualmente en tr\u00e1mite). Las solicitudes relativas a estos derechos y al derecho de exclusi\u00f3n de la lista pueden ejercerse:<\/p>\n\n<p>enviando un correo electr\u00f3nico a la siguiente direcci\u00f3n: <a href=\"mailto:contact@murena.com\">contact@murena.com<\/a><\/p>\n\n<p>o un correo postal a la direcci\u00f3n de la sede social de Murena Retail SAS indicando su nombre o raz\u00f3n social, datos de contacto f\u00edsicos y\/o electr\u00f3nicos. La modificaci\u00f3n se llevar\u00e1 a cabo en un plazo razonable a partir de la recepci\u00f3n de la solicitud del usuario, de conformidad con las disposiciones establecidas en la Ley francesa n\u00ba 2004 \u2013 575 del 21 de junio de 2004 sobre \u00abConfianza en la econom\u00eda digital\u00bb, en particular el art\u00edculo 6.<\/p>\n\n<h2 class=\"wp-block-heading\">LIMITACI\u00d3N DE LA RESPONSABILIDAD<\/h2>\n\n<p>Este sitio web contiene informaci\u00f3n proporcionada por empresas externas o enlaces a otros sitios que no han sido desarrollados por Murena Retail SAS. El contenido puesto a disposici\u00f3n en el sitio se proporciona \u00fanicamente con fines informativos. La existencia de un enlace desde este sitio a otro no constituye una aprobaci\u00f3n de dicho sitio o de su contenido. Es responsabilidad del usuario utilizar esta informaci\u00f3n con un pensamiento cr\u00edtico. Murena Retail SAS no se hace responsable de la informaci\u00f3n, opiniones y recomendaciones proporcionadas por terceros.<\/p>\n\n<p>Murena Retail SAS no ser\u00e1 responsable de ninguna p\u00e9rdida o da\u00f1o directo, indirecto, accidental, consecutivo o acumulativo, sea cual sea su causa, a menos que se haya demostrado que la empresa ha sido negligente en sus acciones y en su labor ejecutada. No nos hacemos responsables de futuros problemas o cuestiones como el efecto del uso o la imposibilidad de utilizar este sitio web, las p\u00e1ginas, los errores, tergiversaciones u omisiones en el material contenido.<\/p>\n\n<p>Murena Retail SAS tampoco se hace responsable de los da\u00f1os indirectos (como las p\u00e9rdidas u oportunidades mercantiles) que se deriven del uso del sitio.<\/p>\n","protected":false},"excerpt":{"rendered":"<p>Editor: Murena Retail SAS SIRET (CIF): 883 789 398 00012 VAT Number: FR82883789398 C\u00f3digo APE:&#8230;<\/p>\n","protected":false},"author":1509,"featured_media":0,"parent":0,"menu_order":0,"comment_status":"closed","ping_status":"closed","template":"","meta":{"_seopress_robots_primary_cat":"","_seopress_titles_title":"Aviso legal de Murena.com","_seopress_titles_desc":"Aviso legal sobre Murena y Murena.com.","_seopress_robots_index":"","footnotes":""},"class_list":["post-55109","page","type-page","status-publish","hentry","wpbf-post"],"_links":{"self":[{"href":"https:\/\/murena.com\/es\/wp-json\/wp\/v2\/pages\/55109","targetHints":{"allow":["GET"]}}],"collection":[{"href":"https:\/\/murena.com\/es\/wp-json\/wp\/v2\/pages"}],"about":[{"href":"https:\/\/murena.com\/es\/wp-json\/wp\/v2\/types\/page"}],"author":[{"embeddable":true,"href":"https:\/\/murena.com\/es\/wp-json\/wp\/v2\/users\/1509"}],"replies":[{"embeddable":true,"href":"https:\/\/murena.com\/es\/wp-json\/wp\/v2\/comments?post=55109"}],"version-history":[{"count":11,"href":"https:\/\/murena.com\/es\/wp-json\/wp\/v2\/pages\/55109\/revisions"}],"predecessor-version":[{"id":100940,"href":"https:\/\/murena.com\/es\/wp-json\/wp\/v2\/pages\/55109\/revisions\/100940"}],"wp:attachment":[{"href":"https:\/\/murena.com\/es\/wp-json\/wp\/v2\/media?parent=55109"}],"curies":[{"name":"wp","href":"https:\/\/api.w.org\/{rel}","templated":true}]}}