{"id":54950,"date":"2020-04-16T07:42:35","date_gmt":"2020-04-16T07:42:35","guid":{"rendered":"https:\/\/murena.com\/privacy-policy\/"},"modified":"2024-07-15T12:30:43","modified_gmt":"2024-07-15T10:30:43","slug":"privacy-policy","status":"publish","type":"page","link":"https:\/\/murena.com\/es\/privacy-policy\/","title":{"rendered":"Pol\u00edtica de privacidad"},"content":{"rendered":"\n<h2 class=\"wp-block-heading\">Pol\u00edtica de privacidad de murena.com <\/h2>\n\n<p>Como nuestro proyecto se centra en el respeto de los datos de los usuarios, sabemos que la privacidad es extremadamente importante para usted. No compartimos ninguna informaci\u00f3n individual con nadie.<\/p>\n\n<p><strong>Acerca de este sitio web<\/strong><\/p>\n\n<p>El c\u00f3digo fuente del sitio web puede encontrarse <br\/>en<a style=\"color: #fc7222;\" href=\"https:\/\/github.com\/WordPress\/WordPress\"> https:\/\/github.com\/WordPress\/WordPress<\/a>. bajo la licencia GPL v2.<\/p>\n\n<p>Utilizamos <a style=\"color: #fc7222;\" href=\"https:\/\/www.wp-slimstat.com\/\">Slimstat<\/a>\u00a0para elaborar estad\u00edsticas de los visitantes para nuestro uso interno. Por ejemplo, para medir el rendimiento de nuestro sitio web o comprobar de qu\u00e9 sitio de actualidad proceden los usuarios. Estas estad\u00edsticas no nos proporcionan ninguna informaci\u00f3n personal identificable y no se revela a terceros a menos que la ley nos obligue a ello.<\/p>\n\n<p>Utilizamos cookies para ayudarnos a entender sus preferencias basadas en la actividad previa o actual del sitio, lo que nos permite mejorar la calidad de nuestro servicio.<\/p>\n\n<p>El usuario puede elegir que su ordenador le avise cada vez que se env\u00ede una cookie, o bien desactivar todas las cookies. Es posible hacerlo a trav\u00e9s de la configuraci\u00f3n de su navegador (como Chrome, Safari o Firefox). Cada navegador es diferente, por lo tanto, puede consultar el men\u00fa de ayuda del navegador para conocer la forma correcta de modificar la configuraci\u00f3n de las cookies. Si se desactivan las cookies, es posible que algunas funciones menores queden inhabilitadas.<\/p>\n\n<p>Respetamos la directiva \u00abdo-not-track\u00bb (antiseguimiento). Si est\u00e1 activada, <br\/><a style=\"color: #fc7222;\" href=\"https:\/\/murena.com\/es\/\">https:\/\/murena.com<\/a> no crear\u00e1 ninguna estad\u00edstica o cookie de la visita de los usuarios.<\/p>\n\n<p><strong>\u00bfRecopilamos informaci\u00f3n personal en <a href=\"https:\/\/murena.com\/es\/\">https:\/\/murena.com<\/a>?<\/strong><\/p>\n\n<p>Recabamos informaci\u00f3n del usuario cuando crea una cuenta de ecommerce, cuando se suscribe a una newsletter, rellena un formulario, se suscribe a un plan de almacenamiento premium, compra un tel\u00e9fono inteligente o introduce informaci\u00f3n en nuestro sitio.<\/p>\n\n<p>Si se registra para recibir nuestra newsletter por correo electr\u00f3nico, recibir\u00e1 noticias sobre nuevos productos y servicios. Puede darse de baja de cualquiera de estos env\u00edos.<\/p>\n\n<p>Cuando el usuario realiza un pedido e introduce, env\u00eda o accede a su informaci\u00f3n aplicamos una serie de medidas de seguridad para mantener la confidencialidad de su informaci\u00f3n personal.<\/p>\n\n<p><strong>\u00bfQu\u00e9 ocurre con la informaci\u00f3n que env\u00edo cuando hago una compra?<\/strong><\/p>\n\n<p>Estas transacciones son procesadas por terceros y no por <a href=\"https:\/\/murena.com\/es\/\">https:\/\/murena.com<\/a> Nosotros no recibimos ninguna informaci\u00f3n de car\u00e1cter financiero, ya que \u00e9sta es transmitida por el usuario a nuestros proveedores externos para su procesamiento. El nombre del proveedor tercero se mostrar\u00e1 en el momento de la transacci\u00f3n.<\/p>\n\n<p>Utilizamos Stripe, PayPal y Bitpay para procesar los pagos en este sitio web.<\/p>\n\n<p><strong>\u00bfC\u00f3mo protegemos los datos personales en nuestros servidores?<\/strong><\/p>\n\n<p>La informaci\u00f3n personal del usuario se almacena en redes seguras de nuestros socios y es accesible \u00fanicamente para un n\u00famero limitado de personas que tienen derechos de acceso especiales a dichos sistemas y que est\u00e1n obligadas a mantener su confidencialidad. Adem\u00e1s, toda la informaci\u00f3n confidencial proporcionada por el usuario se encripta mediante la tecnolog\u00eda Secure Socket Layer (SSL).<\/p>\n\n<p><strong>\u00bfC\u00f3mo utilizamos los datos para la migraci\u00f3n de una cuenta de Google?<\/strong><\/p>\n\n<p>Durante la migraci\u00f3n, Murena Workspace acceder\u00e1 los siguientes datos: Drive, Galer\u00eda, Contacto y Calendario. Estos datos se importan a Murena Workspace para facilitar la migraci\u00f3n y ser\u00e1n accesibles, modificables y extra\u00edbles en cualquier momento y solamente por ti desde tu cuenta Murena Workspace.<\/p>\n\n<p>Para m\u00e1s informaci\u00f3n sobre las pol\u00edticas de privacidad de los siguientes servicios:<\/p>\n\n<ul class=\"wp-block-list\">\n<li>\/e\/OS y apps<\/li>\n\n\n\n<li>la cuenta de correo electr\u00f3nico @e.email<\/li>\n\n\n\n<li>el portal para desarrolladores de \/e\/OS, ubicado en <a style=\"color: #fc7222;\" href=\"https:\/\/gitlab.e.foundation\"> https:\/\/gitlab.e.foundation<\/a><\/li>\n\n\n\n<li>el foro de la comunidad eFoundation, situado en <a style=\"color: #fc7222;\" href=\"https:\/\/community.e.foundation\"> https:\/\/community.e.foundation<\/a><\/li>\n<\/ul>\n\n<p>visite&#13;\n<a style=\"color: #fc7222;\" href=\"https:\/\/e.foundation\/\"> https:\/\/e.foundation\/<\/a><\/p>\n\n<h2 class=\"wp-block-heading\">Pol\u00edtica de Murena Workspace<\/h2>\n\n<p>Nuestro software no nos env\u00eda ning\u00fan dato personal del usuario.<\/p>\n\n<p>Usamos\u00a0<a href=\"http:\/\/www.nextcloud.com\/\">NextCloud<\/a>, <a href=\"https:\/\/www.onlyoffice.com\/\">OnlyOffice<\/a>, y <a href=\"http:\/\/www.postfix.org\/\">Postfix<\/a> to provide our cloud services.<\/p>\n\n<p>Las siguientes aplicaciones predeterminadas: correo\/nube\/galer\u00eda\/calendario\/archivos\/tareas est\u00e1n vinculadas a su cuenta de correo electr\u00f3nico y se comunican sin problemas con su \u00abpropio\u00bb servidor \/e\/ (a trav\u00e9s de nuestro socio Nextcloud). Aunque estas aplicaciones gestionan tu correo, calendario y archivos personales, no nos env\u00edan ning\u00fan dato personal.<\/p>\n\n<p>Todos los datos de su servidor \u00abpropio\u00bb de \/e\/ est\u00e1n encriptados y nunca se comparten, venden o intercambian con terceros. Solo revelaremos los limitados datos que poseemos de los usuarios si estamos legalmente obligados a hacerlo.<\/p>\n\n<h2 class=\"wp-block-heading\">Cambios en la pol\u00edtica de privacidad<\/h2>\n\n<p>Es posible que modifiquemos esta pol\u00edtica de privacidad eventualmente y le informaremos cuando sea el caso. Asimismo, animamos a los visitantes a que consulten con frecuencia esta p\u00e1gina para comprobar si se han producido cambios.<\/p>\n\n<h2 class=\"wp-block-heading\">Contacto<\/h2>\n\n<p>Si tiene alguna pregunta sobre la presente pol\u00edtica de privacidad, puede ponerse en contacto con nosotros a trav\u00e9s del siguiente formulario.<\/p>\n\n<p>MURENA RETAIL SAS<\/p>\n\n<p>31 Avenue de S\u00e9gur<\/p>\n\n<p>75007 Paris<\/p>\n\n<p>France<\/p>\n","protected":false},"excerpt":{"rendered":"<p>Pol\u00edtica de privacidad de murena.com Como nuestro proyecto se centra en el respeto de los&#8230;<\/p>\n","protected":false},"author":1509,"featured_media":0,"parent":0,"menu_order":0,"comment_status":"closed","ping_status":"closed","template":"","meta":{"_seopress_robots_primary_cat":"","_seopress_titles_title":"Pol\u00edtica de privacidad de murena.com","_seopress_titles_desc":"Como nuestro proyecto se centra en el respeto de los datos de los usuarios, sabemos que la privacidad es extremadamente importante para usted. No compartimos ninguna informaci\u00f3n individual con nadie.","_seopress_robots_index":"","footnotes":""},"class_list":["post-54950","page","type-page","status-publish","hentry","wpbf-post"],"_links":{"self":[{"href":"https:\/\/murena.com\/es\/wp-json\/wp\/v2\/pages\/54950","targetHints":{"allow":["GET"]}}],"collection":[{"href":"https:\/\/murena.com\/es\/wp-json\/wp\/v2\/pages"}],"about":[{"href":"https:\/\/murena.com\/es\/wp-json\/wp\/v2\/types\/page"}],"author":[{"embeddable":true,"href":"https:\/\/murena.com\/es\/wp-json\/wp\/v2\/users\/1509"}],"replies":[{"embeddable":true,"href":"https:\/\/murena.com\/es\/wp-json\/wp\/v2\/comments?post=54950"}],"version-history":[{"count":8,"href":"https:\/\/murena.com\/es\/wp-json\/wp\/v2\/pages\/54950\/revisions"}],"predecessor-version":[{"id":106336,"href":"https:\/\/murena.com\/es\/wp-json\/wp\/v2\/pages\/54950\/revisions\/106336"}],"wp:attachment":[{"href":"https:\/\/murena.com\/es\/wp-json\/wp\/v2\/media?parent=54950"}],"curies":[{"name":"wp","href":"https:\/\/api.w.org\/{rel}","templated":true}]}}