{"id":54518,"date":"2020-02-06T17:33:23","date_gmt":"2020-02-06T17:33:23","guid":{"rendered":"https:\/\/murena.com\/support\/"},"modified":"2024-11-04T14:19:20","modified_gmt":"2024-11-04T13:19:20","slug":"faq","status":"publish","type":"page","link":"https:\/\/murena.com\/es\/faq\/","title":{"rendered":"Murena FAQ"},"content":{"rendered":"<h2>FAQ<\/h2>\n<p>\t\t\t\t\t\t\t\t\t\t\t\t<a href=\"\">\u00bfA qu\u00e9 destinos envian?<\/a><br \/>\n\t\t\t\t\tActualmente, ofrecemos ventas y env\u00edos a pa\u00edses del Espacio Econ\u00f3mico Europeo (incluido el Reino Unido), Suiza, Estados Unidos y Canad\u00e1.<br \/>\n\t\t\t\t\t\t\t\t\t\t\t\t<a href=\"\">Si compro desde fuera de la Uni\u00f3n Europea, \u00bfhabr\u00e1 costes adicionales?<\/a><br \/>\n\t\t\t\t\tLos pedidos fuera de la Uni\u00f3n Europea se facturan sin IVA. Algunos pa\u00edses o estados pueden aplicar derechos de aduana u otros impuestos en funci\u00f3n del valor del pedido, su pago es de exclusiva responsabilidad del cliente.<br \/>\n\t\t\t\t\t\t\t\t\t\t\t\t<a href=\"\">\u00bfCu\u00e1l es el valor de los gastos de env\u00edo?<\/a><br \/>\n\t\t\t\t\tLos gastos de env\u00edo no est\u00e1n incluidos y se calcular\u00e1n en el momento de la compra en funci\u00f3n de la direcci\u00f3n de destino.<br \/>\n\t\t\t\t\t\t\t\t\t\t\t\t<a href=\"\">\u00bfRecibir\u00e9 un enlace de seguimiento?<\/a><br \/>\n\t\t\t\t\tS\u00ed. Una vez que enviemos tu producto, recibir\u00e1s una confirmaci\u00f3n por correo electr\u00f3nico con el enlace de seguimiento.<br \/>\n\t\t\t\t\t\t\t\t\t\t\t\t<a href=\"\">\u00bfC\u00f3mo funciona la pol\u00edtica de devoluciones?<\/a><br \/>\n\t\t\t\t\tPuedes devolver tu producto en un plazo de 14 d\u00edas a partir de la fecha en que lo recibas, siempre que no est\u00e9 da\u00f1ado. Tendr\u00e1s que devolverlo con los accesorios de la caja (si los hay) y te reembolsaremos el dinero utilizando el m\u00e9todo de pago original.<br \/>\n\t\t\t\t\t\t\t\t\t\t\t\t<a href=\"\">\u00bfQu\u00e9 m\u00e9todos de pago aceptan?<\/a><br \/>\n\t\t\t\t\tPuedes pagar con tarjeta de d\u00e9bito, tarjeta de cr\u00e9dito y PayPal en la mayor\u00eda de pa\u00edses.<br \/>\nTambi\u00e9n aceptamos transferencias por Internet desde cuentas bancarias con iDEAL ,para los clientes con sede en los Pa\u00edses Bajos, y Giropay, para los clientes con sede en Alemania.<br \/>\nNuestra intenci\u00f3n es a\u00f1adir m\u00e1s opciones de pago en el futuro.<br \/>\n\t\t\t\t\t\t\t\t\t\t\t\t<a href=\"\">\u00bfEl tel\u00e9fono est\u00e1 liberado?<\/a><br \/>\n\t\t\t\t\tTodos nuestros tel\u00e9fonos est\u00e1n liberados.<br \/>\n\t\t\t\t\t\t\t\t\t\t\t\t<a href=\"\">\u00bfEl tel\u00e9fono funciona en redes CDMA?<\/a><br \/>\n\t\t\t\t\tNuestros tel\u00e9fonos utilizan la tecnolog\u00eda GSM para las redes 2G y 3G. No son compatibles con CDMA en redes 2G y 3G.<br \/>\nTodos nuestros tel\u00e9fonos son compatibles con 4G LTE.<br \/>\n\t\t\t\t\t\t\t\t\t\t\t\t<a href=\"\">\u00bfQu\u00e9 operadores europeos son compatibles?<\/a><br \/>\n\t\t\t\t\tNuestros tel\u00e9fonos son compatibles con todos los operadores europeos. No tenemos conocimiento de ninguna exclusi\u00f3n en este momento.<br \/>\n\t\t\t\t\t\t\t\t\t\t\t\t<a href=\"\">\u00bfQu\u00e9 operadores estadounidenses son compatibles?<\/a><br \/>\n\t\t\t\t\tPor ahora, nuestros tel\u00e9fonos funcionan con los siguientes operadores:<br \/>\nT-Mobile, Metro by T-Mobile, AT&#038;T, Simple Mobile, Speedtalk Mobile, Ultra Mobile, Red Pocket Mobile, Ting, Tempo, Walmart Family Mobile, Pure TalkUSA, Straight Talk.<br \/>\nNuestros tel\u00e9fonos a\u00fan no est\u00e1n aprobados en la red de Verizon.<br \/>\n\t\t\t\t\t\t\t\t\t\t\t\t<a href=\"\">\u00bfQu\u00e9 operadores canadienses son compatibles?<\/a><br \/>\n\t\t\t\t\tRogers, Telus, Shaw, BCE, Virgin Mobile, Fido, Freedom, Koodo<br \/>\n\t\t\t\t\t\t\t\t\t\t\t\t<a href=\"\">\u00bfDurante cu\u00e1ntos a\u00f1os se mantendr\u00e1 este tel\u00e9fono con actualizaciones de software?<\/a><br \/>\n\t\t\t\t\tNuestro objetivo es ofrecer al menos 3 a\u00f1os de actualizaciones de software y parches de seguridad.<br \/>\n\t\t\t\t\t\t\t\t\t\t\t\t<a href=\"\">\u00bfRecibir\u00e9 actualizaciones y parches de seguridad con regularidad?<\/a><br \/>\n\t\t\t\t\tLanzamos actualizaciones de software para nuestros tel\u00e9fonos al menos cada dos meses. A veces incluso tenemos actualizaciones mensuales.<br \/>\n\t\t\t\t\t\t\t\t\t\t\t\t<a href=\"\">\u00bfPuedo volver a Android original de Google?<\/a><br \/>\n\t\t\t\t\tT\u00e9cnicamente s\u00ed, pero ten en cuenta que esto anular\u00e1 tu garant\u00eda y el soporte t\u00e9cnico con nosotros.<br \/>\n\t\t\t\t\t\t\t\t\t\t\t\t<a href=\"\">\u00bfC\u00f3mo puedo solicitar ayuda si algo va mal?<\/a><br \/>\n\t\t\t\t\tPuedes ponerte en contacto con nuestro equipo de asistencia t\u00e9cnica que te ayudar\u00e1 a resolver tu problema o a arreglar tu tel\u00e9fono.<br \/>\n\t\t\t\t\t\t\t\t\t\t\t\t<a href=\"\">\u00bfQu\u00e9 aplicaciones de Android son compatibles con \/e\/OS?<\/a><br \/>\n\t\t\t\t\tLa mayor\u00eda de las aplicaciones de Android se pueden instalar en \/e\/OS.<br \/>\nPor ahora, no admitimos aplicaciones de pago o compras dentro de la aplicaci\u00f3n.<br \/>\nComo los servicios m\u00f3viles de Google no est\u00e1n preinstalados en nuestros tel\u00e9fonos, algunas aplicaciones que dependen en gran medida de esos servicios podr\u00edan no funcionar correctamente. Actualizamos nuestro sistema regularmente para admitir m\u00e1s aplicaciones.<br \/>\nPuedes comprobar si una aplicaci\u00f3n ya est\u00e1 en nuestra tienda aqu\u00ed. En caso de que una aplicaci\u00f3n a\u00fan no aparezca, puedes solicitarla directamente en la propia tienda. Tambi\u00e9n podemos ayudarte a encontrar otras fuentes para acceder a las aplicaciones.<br \/>\n\t\t\t\t\t\t\t\t\t\t\t\t<a href=\"\">\u00bfTengo que hacerme una cuenta \/e\/ para este tel\u00e9fono?<\/a><br \/>\n\t\t\t\t\tEs opcional, aunque te recomendamos encarecidamente que hagas esta combinaci\u00f3n. Puedes registrarte para obtener tu cuenta \/e\/ gratuita aqu\u00ed.<br \/>\nUna cuenta \/e\/ es una extensi\u00f3n de \/e\/OS, con tu correo electr\u00f3nico propio y personal, tu calendario, tus contactos, notas, tareas&#8230; Incluye almacenamiento personal en la nube para hacer copias de seguridad de tus datos entre otras cosas. Crea un entorno \u00fanico que mejora la privacidad.<br \/>\nPara los usuarios avanzados, tambi\u00e9n tenemos la opci\u00f3n de self-hosting. Hay m\u00e1s informaci\u00f3n disponible en esta p\u00e1gina de nuestro gitlab.<br \/>\n\t\t\t\t\t\t\t\t\t\t\t\t<a href=\"\">\u00bfPuedo comprar productos para mi empresa?\u00a0<\/a><br \/>\n\t\t\t\t\tAceptamos las ventas a profesionales. Por favor, aseg\u00farate de incluir los datos de tu empresa en el proceso de compra y tu n\u00famero de identificaci\u00f3n fiscal.<br \/>\n\t\t\t\t\t\t\t\t\t\t\t\t<a href=\"\">Tengo un iPhone o un tel\u00e9fono Android. \u00bfC\u00f3mo puedo transferir mis datos?<\/a><br \/>\n\t\t\t\t\tLa forma m\u00e1s sencilla de hacerlo es registrarte en una cuenta \/e\/ y transferir los datos de tu iPhone o tu tel\u00e9fono Android a tu cuenta \/e\/ y luego sincronizar tu cuenta \/e\/ con tu tel\u00e9fono \/e\/. De esta manera, te aseguras de poder cambiar desde tu anterior tel\u00e9fono y dejar tu cuenta de iCloud o Gmail.<br \/>\n\t\t\t\t\t\t\t\t\t\t\t\t<a href=\"\">\u00bfQu\u00e9 es el tel\u00e9fono Murena con \/e\/OS?<\/a><br \/>\n\t\t\t\t\tMurena es la nueva marca de tel\u00e9fonos que vienen con \/e\/OS preinstalado. Como nuestro objetivo es llegar cada vez a m\u00e1s personas que buscan tel\u00e9fonos inteligentes con privacidad incorporada, es importante facilitar que la gente mencione su tel\u00e9fono a sus amigos, familiares, etc.<br \/>\nCon el tiempo, esperamos extender la marca Murena a m\u00e1s productos y servicios.<br \/>\n\/e\/OS sigue siendo el nombre del sistema operativo.<br \/>\n\t\t\t\t\t\t\t\t\t\t\t\t<a href=\"\">\u00bfPor qu\u00e9 Murena?<\/a><br \/>\n\t\t\t\t\tMurena es una referencia al nombre inicial del proyecto, EELO, que tuvimos que abandonar hace tiempo.<br \/>\nAl buscar un nuevo nombre, le\u00edmos esta referencia en Wikipedia que nos gust\u00f3 mucho:<br \/>\n&#8220;Murena es un nombre (cognomen) utilizado por una familia plebeya romana de Lanuvium perteneciente a la gens Licinia. Se supone que deriva de la afici\u00f3n de un miembro de la familia por las lampreas (murenae). La plebe era, en la antigua Roma, el conjunto de ciudadanos romanos libres que no eran patricios, seg\u00fan el censo. Los or\u00edgenes precisos del grupo y del t\u00e9rmino no est\u00e1n claros, aunque puede ser que comenzaran como un movimiento pol\u00edtico limitado en oposici\u00f3n a la \u00e9lite (patricios) que se extendi\u00f3 bastante\u201d.<br \/>\nAl igual que aquellos ciudadanos romanos libres que lucharon por su libertad, Murena pretende liberar a las personas del control que ejercen las grandes tecnolog\u00edas sobre nuestros datos personales.<\/p>\n<h2>Soporte<\/h2>\n<p>\t\t\t\t\t\t\t\t\t\t\t\t<img decoding=\"async\" width=\"147\" height=\"150\" src=\"https:\/\/esolutions.shop\/wp-content\/uploads\/2020\/04\/phone-147x150.png\" alt=\"\" loading=\"lazy\" srcset=\"https:\/\/esolutions.shop\/wp-content\/uploads\/2020\/04\/phone-147x150.png 147w, https:\/\/esolutions.shop\/wp-content\/uploads\/2020\/04\/phone-32x32.png 32w, https:\/\/esolutions.shop\/wp-content\/uploads\/2020\/04\/phone.png 239w\" sizes=\"auto, (max-width: 147px) 100vw, 147px\" \/>\t\t\t\t\t\t\t\t\t\t\t\t\t\t<\/p>\n<h3>Aprovecha tu tel\u00e9fono al m\u00e1ximo<\/h3>\n<p>Consulta nuestros manuales y tutoriales para aprender a sacar el m\u00e1ximo partido a tu tel\u00e9fono<\/p>\n<p>\t\t\t<a href=\"https:\/\/doc.e.foundation\/how-tos\/\" role=\"button\"><br \/>\n\t\t\t\t\t\tIr<br \/>\n\t\t\t\t\t<\/a><br \/>\n\t\t\t\t\t\t\t\t\t\t\t\t<img decoding=\"async\" width=\"147\" height=\"150\" src=\"https:\/\/esolutions.shop\/wp-content\/uploads\/2020\/04\/x-147x150.png\" alt=\"\" loading=\"lazy\" srcset=\"https:\/\/esolutions.shop\/wp-content\/uploads\/2020\/04\/x-147x150.png 147w, https:\/\/esolutions.shop\/wp-content\/uploads\/2020\/04\/x-32x32.png 32w, https:\/\/esolutions.shop\/wp-content\/uploads\/2020\/04\/x.png 239w\" sizes=\"auto, (max-width: 147px) 100vw, 147px\" \/>\t\t\t\t\t\t\t\t\t\t\t\t\t\t<\/p>\n<h5>Algo falla<\/h5>\n<p>Soluciona los problemas m\u00e1s comunes de tu tel\u00e9fono<\/p>\n<p>\t\t\t<a href=\"https:\/\/doc.e.foundation\/how-tos\/#troubleshooting-issues\" role=\"button\"><br \/>\n\t\t\t\t\t\tIr<br \/>\n\t\t\t\t\t<\/a><br \/>\n\t\t\t\t\t\t\t\t\t\t\t\t<img decoding=\"async\" width=\"147\" height=\"150\" src=\"https:\/\/esolutions.shop\/wp-content\/uploads\/2020\/04\/exchange-147x150.png\" alt=\"\" loading=\"lazy\" srcset=\"https:\/\/esolutions.shop\/wp-content\/uploads\/2020\/04\/exchange-147x150.png 147w, https:\/\/esolutions.shop\/wp-content\/uploads\/2020\/04\/exchange-32x32.png 32w, https:\/\/esolutions.shop\/wp-content\/uploads\/2020\/04\/exchange.png 239w\" sizes=\"auto, (max-width: 147px) 100vw, 147px\" \/>\t\t\t\t\t\t\t\t\t\t\t\t\t\t<\/p>\n<h5>He pedido algo a esolutions.shop<\/h5>\n<p>Ponte en contacto con nosotros directamente en caso de que haya alg\u00fan problema con tu pedido.<\/p>\n<p>\t\t\t<a href=\"mailto:store@e.email\" role=\"button\"><br \/>\n\t\t\t\t\t\tIr<br \/>\n\t\t\t\t\t<\/a><\/p>\n<p>Solicita ayuda adicional<\/p>\n<p>\t\t\t\t\t\t\t\t\t\t\t\t<img decoding=\"async\" width=\"147\" height=\"150\" src=\"https:\/\/esolutions.shop\/wp-content\/uploads\/2020\/04\/file-147x150.png\" alt=\"\" loading=\"lazy\" srcset=\"https:\/\/esolutions.shop\/wp-content\/uploads\/2020\/04\/file-147x150.png 147w, https:\/\/esolutions.shop\/wp-content\/uploads\/2020\/04\/file-32x32.png 32w, https:\/\/esolutions.shop\/wp-content\/uploads\/2020\/04\/file.png 239w\" sizes=\"auto, (max-width: 147px) 100vw, 147px\" \/>\t\t\t\t\t\t\t\t\t\t\t\t\t\t<\/p>\n<h3>Consulta el foro de la comunidad<\/h3>\n<h6>Encuentra consejos y respuestas de otros usuarios.<\/h6>\n<p>\t\t\t<a href=\"https:\/\/community.e.foundation\/\" role=\"button\"><br \/>\n\t\t\t\t\t\tIr<br \/>\n\t\t\t\t\t<\/a><br \/>\n\t\t\t\t\t\t\t\t\t\t\t\t<img decoding=\"async\" width=\"147\" height=\"150\" src=\"https:\/\/esolutions.shop\/wp-content\/uploads\/2020\/04\/chat-147x150.png\" alt=\"\" loading=\"lazy\" srcset=\"https:\/\/esolutions.shop\/wp-content\/uploads\/2020\/04\/chat-147x150.png 147w, https:\/\/esolutions.shop\/wp-content\/uploads\/2020\/04\/chat-32x32.png 32w, https:\/\/esolutions.shop\/wp-content\/uploads\/2020\/04\/chat.png 239w\" sizes=\"auto, (max-width: 147px) 100vw, 147px\" \/>\t\t\t\t\t\t\t\t\t\t\t\t\t\t<\/p>\n<h3>Chatea con otros usuarios<\/h3>\n<h6>Inicia una conversaci\u00f3n con otros usuarios.<\/h6>\n<p>\t\t\t<a href=\"https:\/\/t.me\/joinchat\/D1jNSmJHKo4u70ha\" role=\"button\"><br \/>\n\t\t\t\t\t\tIr<br \/>\n\t\t\t\t\t<\/a><br \/>\n\t\t\t\t\t\t\t\t\t\t\t\t<img decoding=\"async\" width=\"147\" height=\"150\" src=\"https:\/\/esolutions.shop\/wp-content\/uploads\/2020\/04\/get-in-touch-147x150.png\" alt=\"\" loading=\"lazy\" srcset=\"https:\/\/esolutions.shop\/wp-content\/uploads\/2020\/04\/get-in-touch-147x150.png 147w, https:\/\/esolutions.shop\/wp-content\/uploads\/2020\/04\/get-in-touch-32x32.png 32w, https:\/\/esolutions.shop\/wp-content\/uploads\/2020\/04\/get-in-touch.png 239w\" sizes=\"auto, (max-width: 147px) 100vw, 147px\" \/>\t\t\t\t\t\t\t\t\t\t\t\t\t\t<\/p>\n<h3>Ponte en contacto<\/h3>\n<h6>Contacta con nuestro equipo de asistencia oficial.<\/h6>\n<p>\t\t\t<a href=\"mailto:ephone_support@e.email\" role=\"button\"><br \/>\n\t\t\t\t\t\tIr<br \/>\n\t\t\t\t\t<\/a><\/p>\n","protected":false},"excerpt":{"rendered":"<p>FAQ \u00bfA qu\u00e9 destinos envian? Actualmente, ofrecemos ventas y env\u00edos a pa\u00edses del Espacio Econ\u00f3mico&#8230;<\/p>\n","protected":false},"author":1509,"featured_media":0,"parent":0,"menu_order":0,"comment_status":"closed","ping_status":"closed","template":"faq-page.php","meta":{"_seopress_robots_primary_cat":"","_seopress_titles_title":"Murena FAQ","_seopress_titles_desc":"Obt\u00e9n toda la ayuda que necesites con tu smartphone o servicios Murena. Obt\u00e9n soporte, pregunta a la comunidad o encuentra tu respuesta en nuestras FAQ.","_seopress_robots_index":"","footnotes":""},"class_list":["post-54518","page","type-page","status-publish","hentry","wpbf-post"],"_links":{"self":[{"href":"https:\/\/murena.com\/es\/wp-json\/wp\/v2\/pages\/54518","targetHints":{"allow":["GET"]}}],"collection":[{"href":"https:\/\/murena.com\/es\/wp-json\/wp\/v2\/pages"}],"about":[{"href":"https:\/\/murena.com\/es\/wp-json\/wp\/v2\/types\/page"}],"author":[{"embeddable":true,"href":"https:\/\/murena.com\/es\/wp-json\/wp\/v2\/users\/1509"}],"replies":[{"embeddable":true,"href":"https:\/\/murena.com\/es\/wp-json\/wp\/v2\/comments?post=54518"}],"version-history":[{"count":9,"href":"https:\/\/murena.com\/es\/wp-json\/wp\/v2\/pages\/54518\/revisions"}],"predecessor-version":[{"id":110799,"href":"https:\/\/murena.com\/es\/wp-json\/wp\/v2\/pages\/54518\/revisions\/110799"}],"wp:attachment":[{"href":"https:\/\/murena.com\/es\/wp-json\/wp\/v2\/media?parent=54518"}],"curies":[{"name":"wp","href":"https:\/\/api.w.org\/{rel}","templated":true}]}}