{"id":54456,"date":"2021-11-02T06:42:26","date_gmt":"2021-11-02T05:42:26","guid":{"rendered":"https:\/\/murena.com\/mi-cuenta\/"},"modified":"2024-03-07T18:56:26","modified_gmt":"2024-03-07T17:56:26","slug":"my-account","status":"publish","type":"page","link":"https:\/\/murena.com\/es\/my-account\/","title":{"rendered":"Mi cuenta"},"content":{"rendered":"<h2>Mi cuenta<\/h2>\n<p>Bienvenido\/a a la p\u00e1gina de tu cuenta<\/p>\n<div class=\"woocommerce\"><\/div>\n<h2>Nuestros \u00faltimos productos<\/h2>\n","protected":false},"excerpt":{"rendered":"<p>Mi cuenta Bienvenido\/a a la p\u00e1gina de tu cuenta Nuestros \u00faltimos productos<\/p>\n","protected":false},"author":1509,"featured_media":0,"parent":0,"menu_order":0,"comment_status":"closed","ping_status":"closed","template":"login.php","meta":{"_seopress_robots_primary_cat":"","_seopress_titles_title":"\u00a1Bienvenido a la p\u00e1gina de tu cuenta!","_seopress_titles_desc":"Desde el escritorio de tu cuenta puedes ver tus pedidos recientes, gestionar tus direcciones de env\u00edo y facturaci\u00f3n y editar tu contrase\u00f1a y los detalles de tu cuenta.","_seopress_robots_index":"","footnotes":""},"class_list":["post-54456","page","type-page","status-publish","hentry","wpbf-post"],"_links":{"self":[{"href":"https:\/\/murena.com\/es\/wp-json\/wp\/v2\/pages\/54456","targetHints":{"allow":["GET"]}}],"collection":[{"href":"https:\/\/murena.com\/es\/wp-json\/wp\/v2\/pages"}],"about":[{"href":"https:\/\/murena.com\/es\/wp-json\/wp\/v2\/types\/page"}],"author":[{"embeddable":true,"href":"https:\/\/murena.com\/es\/wp-json\/wp\/v2\/users\/1509"}],"replies":[{"embeddable":true,"href":"https:\/\/murena.com\/es\/wp-json\/wp\/v2\/comments?post=54456"}],"version-history":[{"count":2,"href":"https:\/\/murena.com\/es\/wp-json\/wp\/v2\/pages\/54456\/revisions"}],"predecessor-version":[{"id":54529,"href":"https:\/\/murena.com\/es\/wp-json\/wp\/v2\/pages\/54456\/revisions\/54529"}],"wp:attachment":[{"href":"https:\/\/murena.com\/es\/wp-json\/wp\/v2\/media?parent=54456"}],"curies":[{"name":"wp","href":"https:\/\/api.w.org\/{rel}","templated":true}]}}