{"id":141545,"date":"2025-12-15T12:44:00","date_gmt":"2025-12-15T11:44:00","guid":{"rendered":"https:\/\/murena.com\/smartphones\/"},"modified":"2025-12-22T11:26:20","modified_gmt":"2025-12-22T10:26:20","slug":"smartphones","status":"publish","type":"page","link":"https:\/\/murena.com\/es\/smartphones\/","title":{"rendered":"Tel\u00e9fonos inteligentes"},"content":{"rendered":"\n<div style=\"background-image:url(&#039;https:\/\/murena.com\/wp-content\/uploads\/2025\/12\/RIGHT.png&#039;);background-position:100% 50%;background-repeat:no-repeat;background-size:auto;background-attachment:scroll;\" class=\"wp-block-group alignfull smartphones-hero is-layout-constrained wp-block-group-is-layout-constrained has-background\">\n<div class=\"wp-block-columns alignfull is-layout-flex wp-container-core-columns-is-layout-28f84493 wp-block-columns-is-layout-flex\">\n<div class=\"wp-block-column is-layout-constrained wp-block-column-is-layout-constrained\">\n<div class=\"wp-block-columns are-vertically-aligned-center is-layout-flex wp-container-core-columns-is-layout-5fd84e40 wp-block-columns-is-layout-flex\" style=\"margin-top:-40px;padding-top:var(--wp--preset--spacing--50);padding-right:var(--wp--preset--spacing--50);padding-bottom:var(--wp--preset--spacing--50);padding-left:var(--wp--preset--spacing--50)\">\n<div class=\"wp-block-column is-vertically-aligned-center smartphones-sec1-txt is-layout-flow wp-block-column-is-layout-flow\">\n<h2 class=\"wp-block-heading\">Murena Smartphones &amp; \/e\/OS<\/h2>\n\n\n\n<hr\/>\n\n\n\n<p>Los smartphones tradicionales env\u00edan constantemente megabytes de tus datos a Google, incluso cuando est\u00e1n inactivos. Los tel\u00e9fonos inteligentes Murena ofrecen una soluci\u00f3n que da prioridad a la privacidad con \/e\/OS, un sistema operativo m\u00f3vil de c\u00f3digo abierto y totalmente libre de Google. Al sustituir los servicios de Google por otros equivalentes centrados en la privacidad y anonimizar los pocos servicios de Google que son absolutamente necesarios, Murena te da el control de tus datos. Google no tiene acceso a tu informaci\u00f3n personal, a menos que elijas expl\u00edcitamente instalar sus aplicaciones. Junto con aplicaciones cuidadosamente seleccionadas y nuestra suite ofim\u00e1tica en l\u00ednea Murena Workspace, hemos creado un completo ecosistema de privacidad. No tienes que creernos, puedes comprobarlo t\u00fa mismo, ya que nuestros productos son de c\u00f3digo abierto.     <\/p>\n\n\n\n<div class=\"wp-block-buttons is-nowrap is-layout-flex wp-container-core-buttons-is-layout-6c531013 wp-block-buttons-is-layout-flex\">\n<div class=\"wp-block-button has-custom-width wp-block-button__width-75\"><a class=\"wp-block-button__link wp-element-button\" href=\"\/es\/shop\/\"><strong>Comprar ahora<\/strong><\/a><\/div>\n<\/div>\n<\/div>\n\n\n\n<div class=\"wp-block-column is-vertically-aligned-center smartphones-sec1-img is-layout-flow wp-block-column-is-layout-flow\">\n<figure class=\"wp-block-image aligncenter size-full\"><img loading=\"lazy\" decoding=\"async\" width=\"430\" height=\"777\" src=\"https:\/\/murena.com\/wp-content\/uploads\/2025\/12\/SMARTPHONE.png\" alt=\"Smartphone Murena con \/e\/OS mostrando el bliss launcher con aplicaciones por defecto\" class=\"wp-image-141497\" srcset=\"https:\/\/murena.com\/wp-content\/uploads\/2025\/12\/SMARTPHONE.png 430w, https:\/\/murena.com\/wp-content\/uploads\/2025\/12\/SMARTPHONE-166x300.png 166w, https:\/\/murena.com\/wp-content\/uploads\/2025\/12\/SMARTPHONE-83x150.png 83w, https:\/\/murena.com\/wp-content\/uploads\/2025\/12\/SMARTPHONE-60x108.png 60w\" sizes=\"auto, (max-width: 430px) 100vw, 430px\" \/><\/figure>\n<\/div>\n<\/div>\n<\/div>\n<\/div>\n<\/div>\n\n<div class=\"wp-block-columns alignfull has-background is-layout-flex wp-container-core-columns-is-layout-f0342b05 wp-block-columns-is-layout-flex\" style=\"background-color:#f2f6fa;margin-top:0;margin-bottom:0\">\n<div class=\"wp-block-column is-layout-constrained wp-block-column-is-layout-constrained\">\n<div class=\"wp-block-columns smartphones-sec2-txt is-layout-flex wp-container-core-columns-is-layout-28f84493 wp-block-columns-is-layout-flex\">\n<div class=\"wp-block-column is-layout-flow wp-block-column-is-layout-flow\" style=\"flex-basis:10%\"><\/div>\n\n\n\n<div class=\"wp-block-column is-layout-flow wp-block-column-is-layout-flow\" style=\"flex-basis:80%\">\n<div style=\"height:50px\" aria-hidden=\"true\" class=\"wp-block-spacer\"><\/div>\n\n\n\n<h2 class=\"wp-block-heading\">Privacidad ante todo, pensada para ti y tu vida diaria<\/h2>\n\n\n\n<hr\/>\n\n\n\n<p>Los servicios en l\u00ednea son esenciales, por lo que hemos creado Murena Workspace, un conjunto de herramientas centradas en la privacidad, que incluye una cuenta de correo electr\u00f3nico privada y segura, calendario, galer\u00eda, almacenamiento cifrado y mucho m\u00e1s. Para una mayor eficacia, muchas de estas funciones pueden sincronizarse entre dispositivos: Anota ideas inspiradoras durante tu tiempo libre en tu smartphone y encu\u00e9ntralas en tu escritorio cuando vuelvas al trabajo. Los smartphones Murena le ofrecen todo lo que necesita y a lo que est\u00e1 acostumbrado, sin los rastreadores.  <\/p>\n<\/div>\n\n\n\n<div class=\"wp-block-column is-layout-flow wp-block-column-is-layout-flow\" style=\"flex-basis:10%\"><\/div>\n<\/div>\n\n\n\n<div class=\"wp-block-columns smartphones-sec2-img is-layout-flex wp-container-core-columns-is-layout-28f84493 wp-block-columns-is-layout-flex\">\n<div class=\"wp-block-column is-layout-flow wp-block-column-is-layout-flow\" style=\"flex-basis:5%\"><\/div>\n\n\n\n<div class=\"wp-block-column is-layout-flow wp-block-column-is-layout-flow\" style=\"flex-basis:90%\">\n<figure class=\"wp-block-image aligncenter size-full\"><img loading=\"lazy\" decoding=\"async\" width=\"974\" height=\"707\" src=\"https:\/\/murena.com\/wp-content\/uploads\/2025\/12\/3-phones.png\" alt=\"Tres Smartphones Murena con \/e\/OS: Uno con el calendario, otro con la galer&#xED;a y otro con el correo.\" class=\"wp-image-141501\" srcset=\"https:\/\/murena.com\/wp-content\/uploads\/2025\/12\/3-phones.png 974w, https:\/\/murena.com\/wp-content\/uploads\/2025\/12\/3-phones-300x218.png 300w, https:\/\/murena.com\/wp-content\/uploads\/2025\/12\/3-phones-150x109.png 150w, https:\/\/murena.com\/wp-content\/uploads\/2025\/12\/3-phones-768x557.png 768w, https:\/\/murena.com\/wp-content\/uploads\/2025\/12\/3-phones-60x44.png 60w, https:\/\/murena.com\/wp-content\/uploads\/2025\/12\/3-phones-800x581.png 800w\" sizes=\"auto, (max-width: 974px) 100vw, 974px\" \/><\/figure>\n\n\n\n<div class=\"wp-block-buttons is-content-justification-center is-layout-flex wp-container-core-buttons-is-layout-a89b3969 wp-block-buttons-is-layout-flex\">\n<div class=\"wp-block-button has-custom-width wp-block-button__width-75\"><a class=\"wp-block-button__link wp-element-button\" href=\"https:\/\/murena.com\/es\/cloud-subscriptions\/\" style=\"font-style:normal;font-weight:600;text-transform:none\" rel=\"button-50-mobile\">Descubre Murena Workspace<\/a><\/div>\n<\/div>\n\n\n\n<p class=\"has-text-align-center has-small-font-size\">No escaneamos ni leemos sus datos almacenados en su nube.<\/p>\n\n\n\n<div style=\"height:50px\" aria-hidden=\"true\" class=\"wp-block-spacer\"><\/div>\n<\/div>\n\n\n\n<div class=\"wp-block-column is-layout-flow wp-block-column-is-layout-flow\" style=\"flex-basis:5%\"><\/div>\n<\/div>\n<\/div>\n<\/div>\n\n<div class=\"wp-block-columns alignfull has-background is-layout-flex wp-container-core-columns-is-layout-7d874bf9 wp-block-columns-is-layout-flex\" style=\"background-color:#485363;margin-top:0;margin-bottom:0;padding-top:0;padding-bottom:0\">\n<div class=\"wp-block-column is-layout-constrained wp-block-column-is-layout-constrained\">\n<div class=\"wp-block-columns are-vertically-aligned-center is-layout-flex wp-container-core-columns-is-layout-ec2e7a44 wp-block-columns-is-layout-flex\" style=\"padding-top:0;padding-bottom:0\">\n<div class=\"wp-block-column is-vertically-aligned-center smartphones-sec3-img is-layout-flow wp-block-column-is-layout-flow\">\n<figure class=\"wp-block-image aligncenter size-full\"><img loading=\"lazy\" decoding=\"async\" width=\"568\" height=\"746\" src=\"https:\/\/murena.com\/wp-content\/uploads\/2025\/12\/FP5-Advanced-Privacy-stats-1.png\" alt=\"El smartphone Murena muestra la funci&#xF3;n de Privacidad Avanzada que indica 107 fugas de datos bloqueadas en las &#xFA;ltimas 24 horas\" class=\"wp-image-141502\" srcset=\"https:\/\/murena.com\/wp-content\/uploads\/2025\/12\/FP5-Advanced-Privacy-stats-1.png 568w, https:\/\/murena.com\/wp-content\/uploads\/2025\/12\/FP5-Advanced-Privacy-stats-1-228x300.png 228w, https:\/\/murena.com\/wp-content\/uploads\/2025\/12\/FP5-Advanced-Privacy-stats-1-114x150.png 114w, https:\/\/murena.com\/wp-content\/uploads\/2025\/12\/FP5-Advanced-Privacy-stats-1-60x79.png 60w\" sizes=\"auto, (max-width: 568px) 100vw, 568px\" \/><\/figure>\n<\/div>\n\n\n\n<div class=\"wp-block-column is-vertically-aligned-center smartphones-sec3-txt is-layout-flow wp-block-column-is-layout-flow\" style=\"padding-top:var(--wp--preset--spacing--60);padding-bottom:var(--wp--preset--spacing--60)\">\n<h2 class=\"wp-block-heading has-white-color has-text-color has-link-color wp-elements-f40cbb49f7d887c9c64eb9a1a2c90b03\">Controle los rastreadores y los anuncios con la privacidad avanzada<\/h2>\n\n\n\n<hr\/>\n\n\n\n<p class=\"has-white-color has-text-color has-link-color wp-elements-c16d4565a1eb88aeffbba7b7641fa96b\">Los smartphones Murena detectan y bloquean los rastreadores en las aplicaciones, d\u00e1ndote el poder de optar por no ser rastreado a trav\u00e9s del widget de Privacidad Avanzada. Oculta tu IP, falsea tu ubicaci\u00f3n y disfruta de menos anuncios con nuestro bloqueador de anuncios integrado, activado por defecto en el navegador web. <\/p>\n<\/div>\n<\/div>\n<\/div>\n<\/div>\n\n<div class=\"wp-block-columns are-vertically-aligned-center is-layout-flex wp-container-core-columns-is-layout-28f84493 wp-block-columns-is-layout-flex\">\n<div class=\"wp-block-column is-layout-flow wp-block-column-is-layout-flow\">\n<div style=\"height:30px\" aria-hidden=\"true\" class=\"wp-block-spacer\"><\/div>\n\n\n\n<div class=\"wp-block-columns is-layout-flex wp-container-core-columns-is-layout-28f84493 wp-block-columns-is-layout-flex\">\n<div class=\"wp-block-column is-layout-flow wp-block-column-is-layout-flow\" style=\"flex-basis:10%\"><\/div>\n\n\n\n<div class=\"wp-block-column is-layout-flow wp-block-column-is-layout-flow\" style=\"flex-basis:80%\">\n<div class=\"wp-block-columns is-layout-flex wp-container-core-columns-is-layout-28f84493 wp-block-columns-is-layout-flex\">\n<div class=\"wp-block-column is-vertically-aligned-center smartphones-sec4-txt is-layout-flow wp-block-column-is-layout-flow\">\n<h2 class=\"wp-block-heading\">\/e\/OS es un sistema operativo sin Google que da prioridad a la privacidad<\/h2>\n\n\n\n<hr\/>\n\n\n\n<p style=\"line-height:1.5\">\/e\/OS es un <strong>sistema de c\u00f3digo abierto<\/strong>, libre de aplicaciones y recopilaci\u00f3n de datos de Google.<\/p>\n\n\n\n<ul style=\"line-height:1.5\" class=\"wp-block-list\">\n<li style=\"line-height:1.5\">Google Search se sustituye por nuestro metabuscador privado.<\/li>\n\n\n\n<li>Una capa de compatibilidad garantiza la funcionalidad de la aplicaci\u00f3n sin los Servicios de Google.<\/li>\n\n\n\n<li>Las comprobaciones de conectividad utilizan nuestra infraestructura, no los servidores de Google.<\/li>\n\n\n\n<li>El proyecto NTP Pool sustituye a los servidores horarios de Google.<\/li>\n\n\n\n<li>DNS por defecto a su proveedor de red, con opciones para 9.9.9.9 o 1.1.1.1.<\/li>\n\n\n\n<li>La geolocalizaci\u00f3n se basa en los servicios de localizaci\u00f3n de Mozilla y en el GPS.<\/li>\n<\/ul>\n\n\n\n<div class=\"wp-block-buttons is-layout-flex wp-block-buttons-is-layout-flex\">\n<div class=\"wp-block-button has-custom-width wp-block-button__width-75\"><a class=\"wp-block-button__link wp-element-button\" href=\"https:\/\/e.foundation\/es\/e-os\/\"><strong>M\u00e1s informaci\u00f3n<\/strong><\/a><\/div>\n<\/div>\n<\/div>\n\n\n\n<div class=\"wp-block-column is-vertically-aligned-center smartphones-sec5-img is-layout-flow wp-block-column-is-layout-flow\">\n<figure class=\"wp-block-image aligncenter size-full\"><img loading=\"lazy\" decoding=\"async\" width=\"315\" height=\"315\" src=\"https:\/\/murena.com\/wp-content\/uploads\/2025\/12\/BLOCKED-EYES.png\" alt=\"Ojos de c&#xF3;mic tachados\" class=\"wp-image-141503\" srcset=\"https:\/\/murena.com\/wp-content\/uploads\/2025\/12\/BLOCKED-EYES.png 315w, https:\/\/murena.com\/wp-content\/uploads\/2025\/12\/BLOCKED-EYES-300x300.png 300w, https:\/\/murena.com\/wp-content\/uploads\/2025\/12\/BLOCKED-EYES-150x150.png 150w, https:\/\/murena.com\/wp-content\/uploads\/2025\/12\/BLOCKED-EYES-60x60.png 60w, https:\/\/murena.com\/wp-content\/uploads\/2025\/12\/BLOCKED-EYES-50x50.png 50w, https:\/\/murena.com\/wp-content\/uploads\/2025\/12\/BLOCKED-EYES-100x100.png 100w\" sizes=\"auto, (max-width: 315px) 100vw, 315px\" \/><\/figure>\n<\/div>\n<\/div>\n<\/div>\n\n\n\n<div class=\"wp-block-column is-layout-flow wp-block-column-is-layout-flow\" style=\"flex-basis:10%\"><\/div>\n<\/div>\n<\/div>\n<\/div>\n\n<div style=\"height:100px\" aria-hidden=\"true\" class=\"wp-block-spacer\"><\/div>\n\n<h2 class=\"wp-block-heading has-text-align-center\">Murena de un vistazo<\/h2>\n\n<hr style=\"margin:0 auto\"\/>\n\n<div style=\"height:30px\" aria-hidden=\"true\" class=\"wp-block-spacer\"><\/div>\n\n<div class=\"wp-block-columns is-layout-flex wp-container-core-columns-is-layout-28f84493 wp-block-columns-is-layout-flex\">\n<div class=\"wp-block-column is-layout-flow wp-block-column-is-layout-flow\">\n<figure class=\"wp-block-image aligncenter size-full\"><img loading=\"lazy\" decoding=\"async\" width=\"256\" height=\"256\" src=\"https:\/\/murena.com\/wp-content\/uploads\/2025\/12\/One-Account-for-Your-Privacy.png\" alt=\"Smartphone Murena mostrando una cuenta Murena Mail incluyendo el logo de eelo\" class=\"wp-image-141504\" srcset=\"https:\/\/murena.com\/wp-content\/uploads\/2025\/12\/One-Account-for-Your-Privacy.png 256w, https:\/\/murena.com\/wp-content\/uploads\/2025\/12\/One-Account-for-Your-Privacy-150x150.png 150w, https:\/\/murena.com\/wp-content\/uploads\/2025\/12\/One-Account-for-Your-Privacy-60x60.png 60w, https:\/\/murena.com\/wp-content\/uploads\/2025\/12\/One-Account-for-Your-Privacy-50x50.png 50w, https:\/\/murena.com\/wp-content\/uploads\/2025\/12\/One-Account-for-Your-Privacy-100x100.png 100w\" sizes=\"auto, (max-width: 256px) 100vw, 256px\" \/><\/figure>\n\n\n\n<h3 class=\"wp-block-heading has-text-align-center\">Una cuenta para su intimidad<\/h3>\n\n\n\n<p class=\"has-text-align-center\">Tu cuenta @murena.io mantiene tus datos seguros con copias de seguridad encriptadas y almacenamiento en la nube. Incluye 1 GB de almacenamiento gratuito y una direcci\u00f3n de correo electr\u00f3nico privada. <\/p>\n\n\n\n<pre class=\"wp-block-preformatted has-background has-small-font-size\" style=\"border-radius:15px;background-color:#d5f9d2\">\u00bfNecesita m\u00e1s espacio? Planes Premium disponibles con hasta 2 TB de almacenamiento. <a href=\"https:\/\/murena.com\/es\/cloud-subscriptions\/\">M\u00e1s informaci\u00f3n<\/a>. <\/pre>\n<\/div>\n\n\n\n<div class=\"wp-block-column is-layout-flow wp-block-column-is-layout-flow\">\n<figure class=\"wp-block-image aligncenter size-full\"><img loading=\"lazy\" decoding=\"async\" width=\"256\" height=\"256\" src=\"https:\/\/murena.com\/wp-content\/uploads\/2025\/12\/Compatible-with-All-Apps.png\" alt=\"Varios logotipos de aplicaciones en efecto 3D\" class=\"wp-image-141505\" srcset=\"https:\/\/murena.com\/wp-content\/uploads\/2025\/12\/Compatible-with-All-Apps.png 256w, https:\/\/murena.com\/wp-content\/uploads\/2025\/12\/Compatible-with-All-Apps-150x150.png 150w, https:\/\/murena.com\/wp-content\/uploads\/2025\/12\/Compatible-with-All-Apps-60x60.png 60w, https:\/\/murena.com\/wp-content\/uploads\/2025\/12\/Compatible-with-All-Apps-50x50.png 50w, https:\/\/murena.com\/wp-content\/uploads\/2025\/12\/Compatible-with-All-Apps-100x100.png 100w\" sizes=\"auto, (max-width: 256px) 100vw, 256px\" \/><\/figure>\n\n\n\n<h3 class=\"wp-block-heading has-text-align-center\">Compatible con todas las aplicaciones<\/h3>\n\n\n\n<p class=\"has-text-align-center\">Los smartphones Murena incluyen por defecto aplicaciones esenciales para tareas diarias como el correo electr\u00f3nico, la navegaci\u00f3n y la navegaci\u00f3n. Con App Lounge, puedes instalar la mayor\u00eda de las aplicaciones de Android, porque la privacidad no debe significar renunciar a la comodidad. Accede a millones de aplicaciones mientras mantienes el control de tus datos.  <\/p>\n<\/div>\n\n\n\n<div class=\"wp-block-column is-layout-flow wp-block-column-is-layout-flow\">\n<figure class=\"wp-block-image aligncenter size-full\"><img loading=\"lazy\" decoding=\"async\" width=\"284\" height=\"256\" src=\"https:\/\/murena.com\/wp-content\/uploads\/2025\/12\/Apps-with-Rated-Privacy.png\" alt=\"Smartphone Murena mostrando el Ranking de Privacidad de la app Subway Surfers como ejemplo con 9 de 10 puntos\" class=\"wp-image-141507\" srcset=\"https:\/\/murena.com\/wp-content\/uploads\/2025\/12\/Apps-with-Rated-Privacy.png 284w, https:\/\/murena.com\/wp-content\/uploads\/2025\/12\/Apps-with-Rated-Privacy-150x135.png 150w, https:\/\/murena.com\/wp-content\/uploads\/2025\/12\/Apps-with-Rated-Privacy-60x54.png 60w\" sizes=\"auto, (max-width: 284px) 100vw, 284px\" \/><\/figure>\n\n\n\n<h3 class=\"wp-block-heading has-text-align-center\">Aplicaciones con privacidad calificada<\/h3>\n\n\n\n<p class=\"has-text-align-center\">App Lounge proporciona tanto aplicaciones de c\u00f3digo abierto de F-Droid como aplicaciones Android que se encuentran en Google Play. Cada aplicaci\u00f3n se escanea en busca de rastreadores y permisos, lo que te da una puntuaci\u00f3n de privacidad clara de un vistazo. Sepa qu\u00e9 aplicaciones respetan sus datos y cu\u00e1les debe evitar.  <\/p>\n<\/div>\n<\/div>\n\n<div class=\"wp-block-columns is-layout-flex wp-container-core-columns-is-layout-28f84493 wp-block-columns-is-layout-flex\">\n<div class=\"wp-block-column is-layout-flow wp-block-column-is-layout-flow\">\n<div style=\"height:30px\" aria-hidden=\"true\" class=\"wp-block-spacer\"><\/div>\n\n\n\n<div class=\"wp-block-columns is-layout-flex wp-container-core-columns-is-layout-28f84493 wp-block-columns-is-layout-flex\">\n<div class=\"wp-block-column is-layout-flow wp-block-column-is-layout-flow\">\n<div class=\"wp-block-buttons btn-center-phone is-content-justification-right is-layout-flex wp-container-core-buttons-is-layout-d445cf74 wp-block-buttons-is-layout-flex\">\n<div class=\"wp-block-button has-custom-width wp-block-button__width-75 button-50-mobile\"><a class=\"wp-block-button__link has-text-align-center wp-element-button\" href=\"\/es\/shop\/\" style=\"font-style:normal;font-weight:600\">Comprar un Smartphone Murena<\/a><\/div>\n<\/div>\n<\/div>\n\n\n\n<div class=\"wp-block-column is-layout-flow wp-block-column-is-layout-flow\">\n<div class=\"wp-block-buttons btn-center-phone is-content-justification-left is-layout-flex wp-container-core-buttons-is-layout-fc4fd283 wp-block-buttons-is-layout-flex\">\n<div class=\"wp-block-button has-custom-width wp-block-button__width-75 button-50-mobile\"><a class=\"wp-block-button__link has-white-background-color has-text-color has-background has-link-color wp-element-button\" href=\"https:\/\/murena.com\/es\/cloud-subscriptions\/\" style=\"border-width:1px;color:#0086ff;font-style:normal;font-weight:600\">Descubre Murena Workspace<\/a><\/div>\n<\/div>\n<\/div>\n<\/div>\n\n\n\n<div style=\"height:30px\" aria-hidden=\"true\" class=\"wp-block-spacer\"><\/div>\n<\/div>\n<\/div>\n\n<div class=\"wp-block-columns alignfull has-background is-layout-flex wp-container-core-columns-is-layout-e9b941a5 wp-block-columns-is-layout-flex\" style=\"background:linear-gradient(180deg,rgba(242,244,252,0) 0%,rgb(230,233,245) 100%);margin-top:0;margin-bottom:-40px;padding-top:0;padding-bottom:0\">\n<div class=\"wp-block-column is-layout-constrained wp-block-column-is-layout-constrained\">\n<div style=\"height:100px\" aria-hidden=\"true\" class=\"wp-block-spacer\"><\/div>\n\n\n\n<div class=\"wp-block-columns are-vertically-aligned-center is-layout-flex wp-container-core-columns-is-layout-28f84493 wp-block-columns-is-layout-flex\">\n<div class=\"wp-block-column is-vertically-aligned-center smartphones-sec6-txt is-layout-flow wp-block-column-is-layout-flow\">\n<h2 class=\"wp-block-heading\">Preparado para una vida digital m\u00e1s privada, sin publicidad y m\u00e1s sostenible? \ud83d\ude80<\/h2>\n\n\n\n<hr\/>\n\n\n\n<p>Elija y adquiera ahora su dispositivo Murena<\/p>\n\n\n\n<div class=\"wp-block-buttons is-layout-flex wp-block-buttons-is-layout-flex\">\n<div class=\"wp-block-button has-custom-width wp-block-button__width-75\"><a class=\"wp-block-button__link wp-element-button\" href=\"\/es\/shop\/\"><strong>Comprar ahora<\/strong><\/a><\/div>\n<\/div>\n\n\n\n<p class=\"has-small-font-size\">Pago seguro &#8211; No almacenamos sus datos bancarios<\/p>\n<\/div>\n\n\n\n<div class=\"wp-block-column is-vertically-aligned-center smartphones-sec6-img is-layout-flow wp-block-column-is-layout-flow\">\n<figure class=\"wp-block-image aligncenter size-full\"><img loading=\"lazy\" decoding=\"async\" width=\"714\" height=\"537\" src=\"https:\/\/murena.com\/wp-content\/uploads\/2025\/12\/DEVICES.png\" alt=\"Tres dispositivos Murena: Una tableta y dos smartphones con \/e\/OS\" class=\"wp-image-141508\" srcset=\"https:\/\/murena.com\/wp-content\/uploads\/2025\/12\/DEVICES.png 714w, https:\/\/murena.com\/wp-content\/uploads\/2025\/12\/DEVICES-300x226.png 300w, https:\/\/murena.com\/wp-content\/uploads\/2025\/12\/DEVICES-150x113.png 150w, https:\/\/murena.com\/wp-content\/uploads\/2025\/12\/DEVICES-60x45.png 60w\" sizes=\"auto, (max-width: 714px) 100vw, 714px\" \/><\/figure>\n<\/div>\n<\/div>\n\n\n\n<div style=\"height:50px\" aria-hidden=\"true\" class=\"wp-block-spacer\"><\/div>\n<\/div>\n<\/div>\n","protected":false},"excerpt":{"rendered":"<p>Murena Smartphones &amp; \/e\/OS Los smartphones tradicionales env\u00edan constantemente megabytes de tus datos a Google,&#8230;<\/p>\n","protected":false},"author":5167,"featured_media":0,"parent":0,"menu_order":0,"comment_status":"closed","ping_status":"closed","template":"","meta":{"_seopress_robots_primary_cat":"","_seopress_titles_title":"Murena Smartphones & \/e\/OS","_seopress_titles_desc":"Los smartphones Murena ofrecen una soluci\u00f3n que da prioridad a la privacidad con \/e\/OS, un sistema operativo m\u00f3vil de c\u00f3digo abierto y totalmente libre de Google.","_seopress_robots_index":"","footnotes":""},"class_list":["post-141545","page","type-page","status-publish","hentry","wpbf-post"],"_links":{"self":[{"href":"https:\/\/murena.com\/es\/wp-json\/wp\/v2\/pages\/141545","targetHints":{"allow":["GET"]}}],"collection":[{"href":"https:\/\/murena.com\/es\/wp-json\/wp\/v2\/pages"}],"about":[{"href":"https:\/\/murena.com\/es\/wp-json\/wp\/v2\/types\/page"}],"author":[{"embeddable":true,"href":"https:\/\/murena.com\/es\/wp-json\/wp\/v2\/users\/5167"}],"replies":[{"embeddable":true,"href":"https:\/\/murena.com\/es\/wp-json\/wp\/v2\/comments?post=141545"}],"version-history":[{"count":3,"href":"https:\/\/murena.com\/es\/wp-json\/wp\/v2\/pages\/141545\/revisions"}],"predecessor-version":[{"id":142155,"href":"https:\/\/murena.com\/es\/wp-json\/wp\/v2\/pages\/141545\/revisions\/142155"}],"wp:attachment":[{"href":"https:\/\/murena.com\/es\/wp-json\/wp\/v2\/media?parent=141545"}],"curies":[{"name":"wp","href":"https:\/\/api.w.org\/{rel}","templated":true}]}}