{"id":141482,"date":"2025-12-15T11:33:29","date_gmt":"2025-12-15T10:33:29","guid":{"rendered":"https:\/\/murena.com\/?page_id=141482"},"modified":"2025-12-22T11:42:31","modified_gmt":"2025-12-22T10:42:31","slug":"smartphones-for-business","status":"publish","type":"page","link":"https:\/\/murena.com\/es\/smartphones-for-business\/","title":{"rendered":"Smartphones para empresas"},"content":{"rendered":"\n<div class=\"wp-block-columns alignfull has-background is-layout-flex wp-container-core-columns-is-layout-abd8a715 wp-block-columns-is-layout-flex\" style=\"background:linear-gradient(180deg,rgb(232,240,250) 0%,rgb(192,204,218) 100%);margin-top:-40px;margin-bottom:0;padding-top:0;padding-bottom:0\">\n<div class=\"wp-block-column is-layout-constrained wp-block-column-is-layout-constrained\">\n<div class=\"wp-block-columns are-vertically-aligned-center is-layout-flex wp-container-core-columns-is-layout-a54e0cfc wp-block-columns-is-layout-flex\" style=\"padding-top:var(--wp--preset--spacing--60);padding-bottom:var(--wp--preset--spacing--60)\">\n<div class=\"wp-block-column is-vertically-aligned-center smartphones-b2b-sec1-txt is-layout-flow wp-block-column-is-layout-flow\">\n<figure class=\"wp-block-image size-full is-resized\"><img loading=\"lazy\" decoding=\"async\" width=\"90\" height=\"72\" src=\"https:\/\/murena.com\/wp-content\/uploads\/2025\/12\/enterprise-icon.png\" alt=\"Icono de edificio de oficinas\" class=\"wp-image-141421\" style=\"width:80px\" srcset=\"https:\/\/murena.com\/wp-content\/uploads\/2025\/12\/enterprise-icon.png 90w, https:\/\/murena.com\/wp-content\/uploads\/2025\/12\/enterprise-icon-60x48.png 60w\" sizes=\"auto, (max-width: 90px) 100vw, 90px\" \/><\/figure>\n\n\n\n<h2 class=\"wp-block-heading\">Privado y sostenible <br\/>Smartphones para empresas<\/h2>\n\n\n\n<hr\/>\n\n\n\n<p>En Murena somos conscientes de la importancia de la privacidad, la propiedad de los datos y la sostenibilidad para su organizaci\u00f3n. Por eso los smartphones que ofrecemos vienen autom\u00e1ticamente con nuestro sistema operativo \/e\/OS que sigue los principios de \u00abprivacidad por dise\u00f1o\u00bb. Adem\u00e1s, nos hemos asociado con Fairphone, Teracube, SHIFTphone y otras marcas sostenibles para ofrecerte smartphones \u00e9ticos por dentro y por fuera.  <\/p>\n\n\n\n<div class=\"wp-block-buttons is-nowrap is-layout-flex wp-container-core-buttons-is-layout-6c531013 wp-block-buttons-is-layout-flex\">\n<div class=\"wp-block-button has-custom-width wp-block-button__width-75 button-50-mobile\"><a class=\"wp-block-button__link wp-element-button\" href=\"\/shop\/\" style=\"font-style:normal;font-weight:600\">M\u00e1s informaci\u00f3n sobre los tel\u00e9fonos Murena  <\/a><\/div>\n<\/div>\n\n\n\n<div class=\"wp-block-buttons is-nowrap is-layout-flex wp-container-core-buttons-is-layout-6c531013 wp-block-buttons-is-layout-flex\">\n<div class=\"wp-block-button has-custom-width wp-block-button__width-75 is-style-fill\"><a class=\"wp-block-button__link has-text-color has-background has-link-color wp-element-button\" href=\"https:\/\/murena.com\/es\/es-contact-for-businesses\/\" style=\"color:#0086ff;background-color:#ffffff00;font-style:normal;font-weight:600\">Cont\u00e1ctanos<\/a><\/div>\n<\/div>\n<\/div>\n\n\n\n<div class=\"wp-block-column is-vertically-aligned-center smartphones-b2b-sec1-img is-layout-flow wp-block-column-is-layout-flow\">\n<figure class=\"wp-block-image aligncenter size-full\"><img loading=\"lazy\" decoding=\"async\" width=\"502\" height=\"710\" src=\"https:\/\/murena.com\/wp-content\/uploads\/2025\/12\/Smartphone-b2b.png\" alt=\"Dos Fairphones Murena negros: Uno por detr&#xE1;s y otro por delante, con \/e\/OS\" class=\"wp-image-141420\" srcset=\"https:\/\/murena.com\/wp-content\/uploads\/2025\/12\/Smartphone-b2b.png 502w, https:\/\/murena.com\/wp-content\/uploads\/2025\/12\/Smartphone-b2b-212x300.png 212w, https:\/\/murena.com\/wp-content\/uploads\/2025\/12\/Smartphone-b2b-106x150.png 106w, https:\/\/murena.com\/wp-content\/uploads\/2025\/12\/Smartphone-b2b-60x85.png 60w\" sizes=\"auto, (max-width: 502px) 100vw, 502px\" \/><\/figure>\n<\/div>\n<\/div>\n<\/div>\n<\/div>\n\n<div class=\"wp-block-columns alignfull is-layout-flex wp-container-core-columns-is-layout-92d71c5b wp-block-columns-is-layout-flex\" style=\"margin-top:0;margin-bottom:0;padding-top:var(--wp--preset--spacing--70);padding-bottom:var(--wp--preset--spacing--70)\">\n<div class=\"wp-block-column is-layout-constrained wp-container-core-column-is-layout-11c1ca01 wp-block-column-is-layout-constrained\" style=\"padding-right:var(--wp--preset--spacing--50);padding-left:var(--wp--preset--spacing--50)\">\n<div class=\"wp-block-columns smartphones-sec2-txt is-layout-flex wp-container-core-columns-is-layout-28f84493 wp-block-columns-is-layout-flex\">\n<div class=\"wp-block-column is-layout-flow wp-block-column-is-layout-flow\">\n<div style=\"height:50px\" aria-hidden=\"true\" class=\"wp-block-spacer\"><\/div>\n\n\n\n<h2 class=\"wp-block-heading\">Ventajas de los smartphones para empresas con \/e\/OS<\/h2>\n\n\n\n<hr\/>\n\n\n\n<p>Todos los smartphones para empresas que ofrecemos vienen preinstalados con \/e\/OS, que es una bifurcaci\u00f3n del proyecto de c\u00f3digo abierto Android. Esto significa que las aplicaciones a las que est\u00e1n acostumbrados sus empleados funcionar\u00e1n en general con normalidad, igual que en Android de Google. Sin embargo, \/e\/OS ofrece varias ventajas adicionales:  <\/p>\n\n\n\n<div style=\"height:20px\" aria-hidden=\"true\" class=\"wp-block-spacer\"><\/div>\n<\/div>\n<\/div>\n\n\n\n<div class=\"wp-block-columns are-vertically-aligned-center is-layout-flex wp-container-core-columns-is-layout-28f84493 wp-block-columns-is-layout-flex\">\n<div class=\"wp-block-column is-vertically-aligned-center smartphones-b2b-sec2-img is-layout-flow wp-block-column-is-layout-flow\">\n<figure class=\"wp-block-image aligncenter size-full\"><img loading=\"lazy\" decoding=\"async\" width=\"534\" height=\"801\" src=\"https:\/\/murena.com\/wp-content\/uploads\/2025\/12\/FP5-Advanced-Privacy-stats.png\" alt=\"Smartphone Murena que muestra la funci&#xF3;n de Privacidad Avanzada indicando 111019 fugas de datos bloqueadas\" class=\"wp-image-141422\" srcset=\"https:\/\/murena.com\/wp-content\/uploads\/2025\/12\/FP5-Advanced-Privacy-stats.png 534w, https:\/\/murena.com\/wp-content\/uploads\/2025\/12\/FP5-Advanced-Privacy-stats-200x300.png 200w, https:\/\/murena.com\/wp-content\/uploads\/2025\/12\/FP5-Advanced-Privacy-stats-100x150.png 100w, https:\/\/murena.com\/wp-content\/uploads\/2025\/12\/FP5-Advanced-Privacy-stats-60x90.png 60w\" sizes=\"auto, (max-width: 534px) 100vw, 534px\" \/><\/figure>\n<\/div>\n\n\n\n<div class=\"wp-block-column is-vertically-aligned-center smartphones-b2b-sec2-txt is-layout-flow wp-block-column-is-layout-flow\">\n<figure class=\"wp-block-image size-full is-resized\"><img loading=\"lazy\" decoding=\"async\" width=\"182\" height=\"182\" src=\"https:\/\/murena.com\/wp-content\/uploads\/2025\/12\/ADV-Privacy-icon.png\" alt=\"Bot&#xF3;n de encendido en un escudo verde\" class=\"wp-image-141423\" style=\"width:170px\" srcset=\"https:\/\/murena.com\/wp-content\/uploads\/2025\/12\/ADV-Privacy-icon.png 182w, https:\/\/murena.com\/wp-content\/uploads\/2025\/12\/ADV-Privacy-icon-150x150.png 150w, https:\/\/murena.com\/wp-content\/uploads\/2025\/12\/ADV-Privacy-icon-60x60.png 60w, https:\/\/murena.com\/wp-content\/uploads\/2025\/12\/ADV-Privacy-icon-50x50.png 50w, https:\/\/murena.com\/wp-content\/uploads\/2025\/12\/ADV-Privacy-icon-100x100.png 100w\" sizes=\"auto, (max-width: 182px) 100vw, 182px\" \/><\/figure>\n\n\n\n<h2 class=\"wp-block-heading\">DeGoogled \u2192 Privacidad<\/h2>\n\n\n\n<hr\/>\n\n\n\n<p>\/e\/OS es un sistema operativo de c\u00f3digo abierto que no env\u00eda tus datos a Google y te ayuda activamente a ti y a tus empleados a proteger la privacidad de tu organizaci\u00f3n mediante m\u00f3dulos integrados como \u00abPrivacidad avanzada\u00bb.<\/p>\n<\/div>\n<\/div>\n<\/div>\n<\/div>\n\n<div class=\"wp-block-columns alignfull has-background is-layout-flex wp-container-core-columns-is-layout-7d874bf9 wp-block-columns-is-layout-flex\" style=\"background:linear-gradient(180deg,rgb(255,255,255) 0%,rgb(119,213,56) 100%);margin-top:0;margin-bottom:0;padding-top:0;padding-bottom:0\">\n<div class=\"wp-block-column is-layout-constrained wp-container-core-column-is-layout-8966b60a wp-block-column-is-layout-constrained\" style=\"padding-top:var(--wp--preset--spacing--80);padding-bottom:var(--wp--preset--spacing--80)\">\n<div class=\"wp-block-columns is-layout-flex wp-container-core-columns-is-layout-817ee848 wp-block-columns-is-layout-flex\" style=\"padding-top:var(--wp--preset--spacing--50);padding-right:var(--wp--preset--spacing--50);padding-bottom:var(--wp--preset--spacing--50);padding-left:var(--wp--preset--spacing--50)\">\n<div class=\"wp-block-column is-vertically-aligned-stretch has-white-background-color has-background is-layout-flow wp-block-column-is-layout-flow\" style=\"border-radius:25px;padding-top:var(--wp--preset--spacing--70);padding-right:var(--wp--preset--spacing--70);padding-bottom:var(--wp--preset--spacing--70);padding-left:var(--wp--preset--spacing--70)\">\n<figure class=\"wp-block-image size-full\"><img loading=\"lazy\" decoding=\"async\" width=\"80\" height=\"81\" src=\"https:\/\/murena.com\/wp-content\/uploads\/2025\/12\/Open-Source-icon.png\" alt=\"S&#xED;mbolos de C&#xF3;digo Abierto de un c&#xED;rculo verde abierto en la parte inferior\" class=\"wp-image-141424\" srcset=\"https:\/\/murena.com\/wp-content\/uploads\/2025\/12\/Open-Source-icon.png 80w, https:\/\/murena.com\/wp-content\/uploads\/2025\/12\/Open-Source-icon-60x61.png 60w, https:\/\/murena.com\/wp-content\/uploads\/2025\/12\/Open-Source-icon-50x50.png 50w\" sizes=\"auto, (max-width: 80px) 100vw, 80px\" \/><\/figure>\n\n\n\n<h2 class=\"wp-block-heading\">C\u00f3digo abierto<\/h2>\n\n\n\n<hr\/>\n\n\n\n<p>\/e\/OS es totalmente de c\u00f3digo abierto. Por lo tanto, \/e\/OS es el SO perfecto para ayudar a su organizaci\u00f3n a asegurar su soberan\u00eda y autonom\u00eda digital. Adem\u00e1s, al ser de c\u00f3digo abierto cualquiera puede auditar nuestro c\u00f3digo, lo que garantiza que nuestras promesas sobre privacidad y rendimiento son ciertas (v\u00e9ase, por ejemplo, esta <a href=\"https:\/\/digitalcontentnext.org\/blog\/2018\/08\/21\/google-data-collection-research\/\" target=\"_blank\" rel=\"noreferrer noopener\">investigaci\u00f3n independiente<\/a>).  <\/p>\n<\/div>\n\n\n\n<div class=\"wp-block-column is-vertically-aligned-stretch smartphones-sec3-txt has-white-background-color has-background is-layout-flow wp-block-column-is-layout-flow\" style=\"border-radius:25px;padding-top:var(--wp--preset--spacing--70);padding-right:var(--wp--preset--spacing--70);padding-bottom:var(--wp--preset--spacing--70);padding-left:var(--wp--preset--spacing--70)\">\n<figure class=\"wp-block-image size-full\"><img loading=\"lazy\" decoding=\"async\" width=\"80\" height=\"80\" src=\"https:\/\/murena.com\/wp-content\/uploads\/2025\/12\/Environment-icon.png\" alt=\"Hoja verde\" class=\"wp-image-141425\" srcset=\"https:\/\/murena.com\/wp-content\/uploads\/2025\/12\/Environment-icon.png 80w, https:\/\/murena.com\/wp-content\/uploads\/2025\/12\/Environment-icon-60x60.png 60w, https:\/\/murena.com\/wp-content\/uploads\/2025\/12\/Environment-icon-50x50.png 50w\" sizes=\"auto, (max-width: 80px) 100vw, 80px\" \/><\/figure>\n\n\n\n<h2 class=\"wp-block-heading\">Beneficios medioambientales<\/h2>\n\n\n\n<hr\/>\n\n\n\n<p>\/e\/OS ha avanzado mucho para ser el sistema operativo basado en Android m\u00e1s sostenible del mercado. Por ejemplo, hacemos todo lo posible para seguir dando soporte a tel\u00e9fonos antiguos, todos nuestros servidores funcionan con energ\u00edas renovables, colaboramos con fabricantes de smartphones sostenibles y nuestro enfoque en la privacidad implica menos recopilaci\u00f3n, almacenamiento y an\u00e1lisis de datos, lo que ahorra energ\u00eda.   <\/p>\n<\/div>\n<\/div>\n\n\n\n<div class=\"wp-block-columns is-layout-flex wp-container-core-columns-is-layout-28f84493 wp-block-columns-is-layout-flex\">\n<div class=\"wp-block-column is-layout-flow wp-block-column-is-layout-flow\" style=\"flex-basis:25%\"><\/div>\n\n\n\n<div class=\"wp-block-column is-layout-flow wp-block-column-is-layout-flow\" style=\"flex-basis:50%\">\n<div class=\"wp-block-buttons is-content-justification-center is-layout-flex wp-container-core-buttons-is-layout-a89b3969 wp-block-buttons-is-layout-flex\">\n<div class=\"wp-block-button has-custom-width wp-block-button__width-75 button-50-mobile\"><a class=\"wp-block-button__link wp-element-button\" href=\"https:\/\/e.foundation\/es\/about-e\/\" style=\"font-style:normal;font-weight:600\">M\u00e1s informaci\u00f3n sobre \/e\/OS<\/a><\/div>\n<\/div>\n<\/div>\n\n\n\n<div class=\"wp-block-column is-layout-flow wp-block-column-is-layout-flow\" style=\"flex-basis:25%\"><\/div>\n<\/div>\n<\/div>\n<\/div>\n\n<div class=\"wp-block-columns are-vertically-aligned-center is-layout-flex wp-container-core-columns-is-layout-28f84493 wp-block-columns-is-layout-flex\">\n<div class=\"wp-block-column is-layout-flow wp-block-column-is-layout-flow\">\n<div style=\"height:30px\" aria-hidden=\"true\" class=\"wp-block-spacer\"><\/div>\n\n\n\n<div class=\"wp-block-columns is-layout-flex wp-container-core-columns-is-layout-28f84493 wp-block-columns-is-layout-flex\">\n<div class=\"wp-block-column is-vertically-aligned-center smartphones-sec4-txt is-layout-flow wp-block-column-is-layout-flow\" style=\"flex-basis:40%\">\n<h2 class=\"wp-block-heading\">Nuestros smartphones para empresas: Un hardware \u00e9tico para un software \u00e9tico<\/h2>\n\n\n\n<hr\/>\n\n\n\n<p style=\"line-height:1.5\">Our ethical operating system \/e\/OS can be provided on a large number of smartphones (for an overview, <a href=\"\/es\/shop\/\">see our shop<\/a>). We focus on working with ethical hardware brands like Fairphone, Teracube and SHIFTphone. Devices from these brands are perfect for businesses committed to environmental, social, and governance (ESG) principles and who have to comply with sustainability regulations like the CSRD (and in the future the CSDDD). This is because these brands commonly are:<\/p>\n<\/div>\n\n\n\n<div class=\"wp-block-column is-vertically-aligned-center smartphones-sec5-img is-layout-flow wp-block-column-is-layout-flow\">\n<figure class=\"wp-block-image aligncenter size-full\"><img loading=\"lazy\" decoding=\"async\" width=\"664\" height=\"200\" src=\"https:\/\/murena.com\/wp-content\/uploads\/2025\/12\/ethical.png\" alt=\"Logotipos de socios: Fairphone; Teracube y logotipo SHIFT\" class=\"wp-image-141426\" srcset=\"https:\/\/murena.com\/wp-content\/uploads\/2025\/12\/ethical.png 664w, https:\/\/murena.com\/wp-content\/uploads\/2025\/12\/ethical-300x90.png 300w, https:\/\/murena.com\/wp-content\/uploads\/2025\/12\/ethical-150x45.png 150w, https:\/\/murena.com\/wp-content\/uploads\/2025\/12\/ethical-60x18.png 60w\" sizes=\"auto, (max-width: 664px) 100vw, 664px\" \/><\/figure>\n<\/div>\n<\/div>\n<\/div>\n<\/div>\n\n<div style=\"height:30px\" aria-hidden=\"true\" class=\"wp-block-spacer\"><\/div>\n\n<div style=\"height:30px\" aria-hidden=\"true\" class=\"wp-block-spacer\"><\/div>\n\n<div class=\"wp-block-columns is-layout-flex wp-container-core-columns-is-layout-28f84493 wp-block-columns-is-layout-flex\">\n<div class=\"wp-block-column is-layout-flow wp-block-column-is-layout-flow\">\n<figure class=\"wp-block-image aligncenter size-full\"><img loading=\"lazy\" decoding=\"async\" width=\"256\" height=\"256\" src=\"https:\/\/murena.com\/wp-content\/uploads\/2025\/12\/ecofriendly.png\" alt=\"Smartphone con fondo verde junto a una hoja\" class=\"wp-image-141427\" srcset=\"https:\/\/murena.com\/wp-content\/uploads\/2025\/12\/ecofriendly.png 256w, https:\/\/murena.com\/wp-content\/uploads\/2025\/12\/ecofriendly-150x150.png 150w, https:\/\/murena.com\/wp-content\/uploads\/2025\/12\/ecofriendly-60x60.png 60w, https:\/\/murena.com\/wp-content\/uploads\/2025\/12\/ecofriendly-50x50.png 50w, https:\/\/murena.com\/wp-content\/uploads\/2025\/12\/ecofriendly-100x100.png 100w\" sizes=\"auto, (max-width: 256px) 100vw, 256px\" \/><\/figure>\n\n\n\n<h3 class=\"wp-block-heading has-text-align-center\">Respetuoso con el medio ambiente:<\/h3>\n\n\n\n<p class=\"has-text-align-center\">Comprometidos con una producci\u00f3n respetuosa con el medio ambiente, utilizan materiales reciclados que son reciclables y tienen un dise\u00f1o modular f\u00e1cil de reparar y actualizar, lo que prolonga la vida \u00fatil del tel\u00e9fono y reduce los residuos electr\u00f3nicos.  <\/p>\n<\/div>\n\n\n\n<div class=\"wp-block-column is-layout-flow wp-block-column-is-layout-flow\">\n<figure class=\"wp-block-image aligncenter size-full\"><img loading=\"lazy\" decoding=\"async\" width=\"256\" height=\"256\" src=\"https:\/\/murena.com\/wp-content\/uploads\/2025\/12\/respectful.png\" alt=\"Feliz una persona apareada con un smartphone rodeado de engranajes\" class=\"wp-image-141428\" srcset=\"https:\/\/murena.com\/wp-content\/uploads\/2025\/12\/respectful.png 256w, https:\/\/murena.com\/wp-content\/uploads\/2025\/12\/respectful-150x150.png 150w, https:\/\/murena.com\/wp-content\/uploads\/2025\/12\/respectful-60x60.png 60w, https:\/\/murena.com\/wp-content\/uploads\/2025\/12\/respectful-50x50.png 50w, https:\/\/murena.com\/wp-content\/uploads\/2025\/12\/respectful-100x100.png 100w\" sizes=\"auto, (max-width: 256px) 100vw, 256px\" \/><\/figure>\n\n\n\n<h3 class=\"wp-block-heading has-text-align-center\">Respetuoso con las condiciones de trabajo:<\/h3>\n\n\n\n<p class=\"has-text-align-center\">En particular, Fairphone se ha esforzado por crear cadenas de producci\u00f3n que garanticen unas condiciones laborales justas.  <\/p>\n<\/div>\n\n\n\n<div class=\"wp-block-column is-layout-flow wp-block-column-is-layout-flow\">\n<figure class=\"wp-block-image aligncenter size-full\"><img loading=\"lazy\" decoding=\"async\" width=\"256\" height=\"256\" src=\"https:\/\/murena.com\/wp-content\/uploads\/2025\/12\/transparent.png\" alt=\"Smartphone animado que muestra engranajes y una marca de verificaci&#xF3;n\" class=\"wp-image-141429\" srcset=\"https:\/\/murena.com\/wp-content\/uploads\/2025\/12\/transparent.png 256w, https:\/\/murena.com\/wp-content\/uploads\/2025\/12\/transparent-150x150.png 150w, https:\/\/murena.com\/wp-content\/uploads\/2025\/12\/transparent-60x60.png 60w, https:\/\/murena.com\/wp-content\/uploads\/2025\/12\/transparent-50x50.png 50w, https:\/\/murena.com\/wp-content\/uploads\/2025\/12\/transparent-100x100.png 100w\" sizes=\"auto, (max-width: 256px) 100vw, 256px\" \/><\/figure>\n\n\n\n<h3 class=\"wp-block-heading has-text-align-center\">Transparente:<\/h3>\n\n\n\n<p class=\"has-text-align-center\">Estas marcas son m\u00e1s abiertas sobre su cadena de suministro, proporcionando informaci\u00f3n sobre el abastecimiento de materiales y el proceso de fabricaci\u00f3n.<\/p>\n<\/div>\n<\/div>\n\n<div class=\"wp-block-columns alignfull has-background is-layout-flex wp-container-core-columns-is-layout-7d874bf9 wp-block-columns-is-layout-flex\" style=\"background:linear-gradient(180deg,rgba(242,244,252,0) 0%,rgb(230,233,245) 100%);margin-top:0;margin-bottom:0;padding-top:0;padding-bottom:0\">\n<div class=\"wp-block-column is-layout-constrained wp-block-column-is-layout-constrained\">\n<div style=\"height:100px\" aria-hidden=\"true\" class=\"wp-block-spacer\"><\/div>\n\n\n\n<div class=\"wp-block-columns are-vertically-aligned-center is-layout-flex wp-container-core-columns-is-layout-28f84493 wp-block-columns-is-layout-flex\">\n<div class=\"wp-block-column is-vertically-aligned-center smartphones-sec6-txt is-layout-flow wp-block-column-is-layout-flow\">\n<h2 class=\"wp-block-heading\">\u00bfPreparado para una soluci\u00f3n empresarial m\u00e1s privada y sostenible?<br\/>Elija los smartphones \u00e9ticos de Murena para su empresa.<\/h2>\n\n\n\n<hr\/>\n\n\n\n<p>Transforme la experiencia digital de su organizaci\u00f3n con los smartphones Murena para empresas con \/e\/OS, dise\u00f1ados para garantizar la privacidad, bloquear anuncios y promover la sostenibilidad. Al elegir Murena, invierte en smartphones (y tabletas) \u00e9ticos y seguros para la privacidad que respaldan los valores ESG de su empresa y su cumplimiento de la sostenibilidad. Adem\u00e1s, ofrecemos descuentos especiales para pedidos al por mayor. Nuestro equipo est\u00e1 preparado para ofrecerle ofertas personalizadas adaptadas a su organizaci\u00f3n espec\u00edfica, ya sea una empresa, una organizaci\u00f3n gubernamental \/ semip\u00fablica o una organizaci\u00f3n sin \u00e1nimo de lucro. P\u00f3ngase en contacto con nosotros a trav\u00e9s de nuestro formulario de contacto para empresas para obtener m\u00e1s informaci\u00f3n y beneficiarse de estas ofertas exclusivas.      <\/p>\n<\/div>\n\n\n\n<div class=\"wp-block-column is-vertically-aligned-center smartphones-sec6-img is-layout-flow wp-block-column-is-layout-flow\">\n<figure class=\"wp-block-image aligncenter size-full\"><img loading=\"lazy\" decoding=\"async\" width=\"858\" height=\"554\" src=\"https:\/\/murena.com\/wp-content\/uploads\/2025\/12\/murena-phone-perspective.png\" alt=\"Dos Murena Fairphones negros: Uno por delante con \/e\/OS y otro por detr&#xE1;s\" class=\"wp-image-141430\" srcset=\"https:\/\/murena.com\/wp-content\/uploads\/2025\/12\/murena-phone-perspective.png 858w, https:\/\/murena.com\/wp-content\/uploads\/2025\/12\/murena-phone-perspective-300x194.png 300w, https:\/\/murena.com\/wp-content\/uploads\/2025\/12\/murena-phone-perspective-150x97.png 150w, https:\/\/murena.com\/wp-content\/uploads\/2025\/12\/murena-phone-perspective-768x496.png 768w, https:\/\/murena.com\/wp-content\/uploads\/2025\/12\/murena-phone-perspective-60x39.png 60w, https:\/\/murena.com\/wp-content\/uploads\/2025\/12\/murena-phone-perspective-800x517.png 800w\" sizes=\"auto, (max-width: 858px) 100vw, 858px\" \/><\/figure>\n<\/div>\n<\/div>\n\n\n\n<div style=\"height:50px\" aria-hidden=\"true\" class=\"wp-block-spacer\"><\/div>\n\n\n\n<div class=\"wp-block-buttons is-content-justification-center is-layout-flex wp-container-core-buttons-is-layout-a89b3969 wp-block-buttons-is-layout-flex\">\n<div class=\"wp-block-button has-custom-width wp-block-button__width-50 button-50-mobile\"><a class=\"wp-block-button__link wp-element-button\" href=\"https:\/\/murena.com\/es\/es-contact-for-businesses\/\" style=\"font-style:normal;font-weight:600\">Explore la oferta completa<\/a><\/div>\n<\/div>\n\n\n\n<div style=\"height:50px\" aria-hidden=\"true\" class=\"wp-block-spacer\"><\/div>\n<\/div>\n<\/div>\n\n<div class=\"wp-block-columns alignfull has-background is-layout-flex wp-container-core-columns-is-layout-987ccd2c wp-block-columns-is-layout-flex\" style=\"background-color:#77d538;margin-top:0;margin-bottom:-40px\">\n<div class=\"wp-block-column is-layout-constrained wp-block-column-is-layout-constrained\">\n<div class=\"wp-block-columns are-vertically-aligned-center is-layout-flex wp-container-core-columns-is-layout-28f84493 wp-block-columns-is-layout-flex\">\n<div class=\"wp-block-column is-vertically-aligned-center is-layout-flow wp-block-column-is-layout-flow\" style=\"flex-basis:10%\">\n<figure class=\"wp-block-image aligncenter size-full\"><img loading=\"lazy\" decoding=\"async\" width=\"36\" height=\"36\" src=\"https:\/\/murena.com\/wp-content\/uploads\/2025\/12\/news.png\" alt=\"Noticias de Murena\" class=\"wp-image-141431\"\/><\/figure>\n<\/div>\n\n\n\n<div class=\"wp-block-column is-vertically-aligned-center is-layout-flow wp-block-column-is-layout-flow\">\n<h3 class=\"wp-block-heading has-text-align-center mb-0 has-white-color has-text-color has-link-color wp-elements-23aa8e2fb827442e98db459bc30e99a7\" style=\"font-size:28px;font-style:normal;font-weight:600\">Siga nuestro bolet\u00edn empresarial<\/h3>\n<\/div>\n\n\n\n<div class=\"wp-block-column is-vertically-aligned-center is-layout-flow wp-block-column-is-layout-flow\" style=\"flex-basis:30%\">\n<div class=\"wp-block-buttons is-content-justification-center is-layout-flex wp-container-core-buttons-is-layout-a89b3969 wp-block-buttons-is-layout-flex\">\n<div class=\"wp-block-button\"><a class=\"wp-block-button__link wp-element-button\" href=\"https:\/\/newsletter.murena.io\/?lang=es\" style=\"font-style:normal;font-weight:600\">Suscr\u00edbase a<\/a><\/div>\n<\/div>\n<\/div>\n<\/div>\n<\/div>\n<\/div>\n","protected":false},"excerpt":{"rendered":"<p>Privado y sostenible Smartphones para empresas En Murena somos conscientes de la importancia de la&#8230;<\/p>\n","protected":false},"author":5167,"featured_media":0,"parent":0,"menu_order":0,"comment_status":"closed","ping_status":"closed","template":"","meta":{"_seopress_robots_primary_cat":"","_seopress_titles_title":"Smartphones Murena para empresas","_seopress_titles_desc":"En Murena, comprendemos la importancia de la privacidad, la propiedad de los datos y la sostenibilidad para su organizaci\u00f3n.","_seopress_robots_index":"","footnotes":""},"class_list":["post-141482","page","type-page","status-publish","hentry","wpbf-post"],"_links":{"self":[{"href":"https:\/\/murena.com\/es\/wp-json\/wp\/v2\/pages\/141482","targetHints":{"allow":["GET"]}}],"collection":[{"href":"https:\/\/murena.com\/es\/wp-json\/wp\/v2\/pages"}],"about":[{"href":"https:\/\/murena.com\/es\/wp-json\/wp\/v2\/types\/page"}],"author":[{"embeddable":true,"href":"https:\/\/murena.com\/es\/wp-json\/wp\/v2\/users\/5167"}],"replies":[{"embeddable":true,"href":"https:\/\/murena.com\/es\/wp-json\/wp\/v2\/comments?post=141482"}],"version-history":[{"count":4,"href":"https:\/\/murena.com\/es\/wp-json\/wp\/v2\/pages\/141482\/revisions"}],"predecessor-version":[{"id":142211,"href":"https:\/\/murena.com\/es\/wp-json\/wp\/v2\/pages\/141482\/revisions\/142211"}],"wp:attachment":[{"href":"https:\/\/murena.com\/es\/wp-json\/wp\/v2\/media?parent=141482"}],"curies":[{"name":"wp","href":"https:\/\/api.w.org\/{rel}","templated":true}]}}