{"id":141453,"date":"2025-12-15T11:28:47","date_gmt":"2025-12-15T10:28:47","guid":{"rendered":"https:\/\/murena.com\/es-contact-for-businesses\/"},"modified":"2025-12-15T11:28:48","modified_gmt":"2025-12-15T10:28:48","slug":"es-contact-for-businesses","status":"publish","type":"page","link":"https:\/\/murena.com\/es\/es-contact-for-businesses\/","title":{"rendered":"Formulario de contacto para empresas (B2B)"},"content":{"rendered":"\n<div style=\"height:50px\" aria-hidden=\"true\" class=\"wp-block-spacer\"><\/div>\n\n<h2 class=\"wp-block-heading\">Formulario de contacto para empresas (B2B)<\/h2>\n\n<p>P\u00f3ngase en contacto con Murena a continuaci\u00f3n para preguntas sobre los productos y servicios de Murena en relaci\u00f3n con su empresa, organizaci\u00f3n sin \u00e1nimo de lucro, gobierno u organizaci\u00f3n semip\u00fablica.  <\/p>\n\n<div class=\"wp-block-contact-form-7-contact-form-selector\">\n<div class=\"wpcf7 no-js\" id=\"wpcf7-f141561-o1\" lang=\"es-ES\" dir=\"ltr\" data-wpcf7-id=\"141561\">\n<div class=\"screen-reader-response\"><p role=\"status\" aria-live=\"polite\" aria-atomic=\"true\"><\/p> <ul><\/ul><\/div>\n<form action=\"\/es\/wp-json\/wp\/v2\/pages\/141453#wpcf7-f141561-o1\" method=\"post\" class=\"wpcf7-form init\" aria-label=\"Formulario de contacto\" novalidate=\"novalidate\" data-status=\"init\">\n<fieldset class=\"hidden-fields-container\"><input type=\"hidden\" name=\"_wpcf7\" value=\"141561\" \/><input type=\"hidden\" name=\"_wpcf7_version\" value=\"6.1.3\" \/><input type=\"hidden\" name=\"_wpcf7_locale\" value=\"es_ES\" \/><input type=\"hidden\" name=\"_wpcf7_unit_tag\" value=\"wpcf7-f141561-o1\" \/><input type=\"hidden\" name=\"_wpcf7_container_post\" value=\"0\" \/><input type=\"hidden\" name=\"_wpcf7_posted_data_hash\" value=\"\" \/><input type=\"hidden\" name=\"_wpcf7cf_hidden_group_fields\" value=\"[]\" \/><input type=\"hidden\" name=\"_wpcf7cf_hidden_groups\" value=\"[]\" \/><input type=\"hidden\" name=\"_wpcf7cf_visible_groups\" value=\"[]\" \/><input type=\"hidden\" name=\"_wpcf7cf_repeaters\" value=\"[]\" \/><input type=\"hidden\" name=\"_wpcf7cf_steps\" value=\"{}\" \/><input type=\"hidden\" name=\"_wpcf7cf_options\" value=\"{&quot;form_id&quot;:141561,&quot;conditions&quot;:[{&quot;then_field&quot;:&quot;group-229&quot;,&quot;and_rules&quot;:[{&quot;if_field&quot;:&quot;reasonorder&quot;,&quot;operator&quot;:&quot;equals&quot;,&quot;if_value&quot;:&quot;I need support for a purchase I have already made&quot;}]},{&quot;then_field&quot;:&quot;group-914&quot;,&quot;and_rules&quot;:[{&quot;if_field&quot;:&quot;reasonorder&quot;,&quot;operator&quot;:&quot;equals&quot;,&quot;if_value&quot;:&quot;I am interested in Murena products and\\\/or I would like to make a purchase&quot;}]}],&quot;settings&quot;:{&quot;animation&quot;:&quot;yes&quot;,&quot;animation_intime&quot;:&quot;200&quot;,&quot;animation_outtime&quot;:&quot;200&quot;,&quot;conditions_ui&quot;:&quot;text_only&quot;,&quot;notice_dismissed&quot;:&quot;&quot;,&quot;notice_dismissed_rollback-cf7-5.9.2&quot;:true}}\" \/>\n<\/fieldset>\n<div class=\"wpcf7-response-output\" aria-hidden=\"true\"><\/div>\n<p><label> Your name *<br \/>\n<span class=\"wpcf7-form-control-wrap\" data-name=\"your-name\"><input size=\"40\" maxlength=\"400\" class=\"wpcf7-form-control wpcf7-text wpcf7-validates-as-required\" aria-required=\"true\" aria-invalid=\"false\" value=\"\" type=\"text\" name=\"your-name\" \/><\/span> <\/label>\n<\/p>\n<p><label> Your organization's name *<br \/>\n<span class=\"wpcf7-form-control-wrap\" data-name=\"your-organization\"><input size=\"40\" maxlength=\"400\" class=\"wpcf7-form-control wpcf7-text wpcf7-validates-as-required\" aria-required=\"true\" aria-invalid=\"false\" value=\"\" type=\"text\" name=\"your-organization\" \/><\/span> <\/label>\n<\/p>\n<p><label> Your organization's country<br \/>\n<span class=\"wpcf7-form-control-wrap\" data-name=\"your-organization-country\"><input size=\"40\" maxlength=\"400\" class=\"wpcf7-form-control wpcf7-text\" aria-invalid=\"false\" value=\"\" type=\"text\" name=\"your-organization-country\" \/><\/span> <\/label>\n<\/p>\n<p><label> Your email address *<br \/>\n<span class=\"wpcf7-form-control-wrap\" data-name=\"your-email\"><input size=\"40\" maxlength=\"400\" class=\"wpcf7-form-control wpcf7-email wpcf7-validates-as-required wpcf7-text wpcf7-validates-as-email\" aria-required=\"true\" aria-invalid=\"false\" value=\"\" type=\"email\" name=\"your-email\" \/><\/span> <\/label>\n<\/p>\n<p><label> Your phone number<br \/>\n<span class=\"wpcf7-form-control-wrap\" data-name=\"your-phone\"><input size=\"40\" maxlength=\"400\" class=\"wpcf7-form-control wpcf7-text\" aria-invalid=\"false\" value=\"\" type=\"text\" name=\"your-phone\" \/><\/span> <\/label>\n<\/p>\n<p><label> Please check the option that is correct:<br \/>\n<span class=\"wpcf7-form-control-wrap\" data-name=\"reasonorder\"><select class=\"wpcf7-form-control wpcf7-select\" aria-invalid=\"false\" name=\"reasonorder\"><option value=\"\">&#8212;Por favor, elige una opci\u00f3n&#8212;<\/option><option value=\"I need support for a purchase I have already made\">I need support for a purchase I have already made<\/option><option value=\"I am interested in Murena products and\/or I would like to make a purchase\">I am interested in Murena products and\/or I would like to make a purchase<\/option><\/select><\/span> <\/label>\n<\/p>\n<div data-id=\"group-229\" data-orig_data_id=\"group-229\"  class=\"\" data-class=\"wpcf7cf_group\">\n\t<p><label> Your order number<br \/>\n<span class=\"wpcf7-form-control-wrap\" data-name=\"your-ordernr\"><input size=\"40\" maxlength=\"400\" class=\"wpcf7-form-control wpcf7-text\" aria-invalid=\"false\" value=\"\" type=\"text\" name=\"your-ordernr\" \/><\/span> <\/label>\n\t<\/p>\n<\/div>\n<div data-id=\"group-914\" data-orig_data_id=\"group-914\"  class=\"\" data-class=\"wpcf7cf_group\">\n\t<p>I am interested in:<br \/>\n<span class=\"wpcf7-form-control-wrap\" data-name=\"interestedmc\"><span class=\"wpcf7-form-control wpcf7-checkbox\"><span class=\"wpcf7-list-item first\"><label><input type=\"checkbox\" name=\"interestedmc[]\" value=\"Murena smartphones for my organization\" \/><span class=\"wpcf7-list-item-label\">Murena smartphones for my organization<\/span><\/label><\/span><span class=\"wpcf7-list-item\"><label><input type=\"checkbox\" name=\"interestedmc[]\" value=\"Murena MDM\" \/><span class=\"wpcf7-list-item-label\">Murena MDM<\/span><\/label><\/span><span class=\"wpcf7-list-item last\"><label><input type=\"checkbox\" name=\"interestedmc[]\" value=\"Murena Workspace for my organization\" \/><span class=\"wpcf7-list-item-label\">Murena Workspace for my organization<\/span><\/label><\/span><\/span><\/span>\n\t<\/p>\n<\/div>\n<p><label>Your message *<br \/>\n<span class=\"wpcf7-form-control-wrap\" data-name=\"message\"><textarea cols=\"40\" rows=\"10\" maxlength=\"2000\" class=\"wpcf7-form-control wpcf7-textarea wpcf7-validates-as-required\" aria-required=\"true\" aria-invalid=\"false\" name=\"message\"><\/textarea><\/span><\/label>\n<\/p>\n<p><label>Enter Captcha<br \/>\n<input type=\"hidden\" name=\"_wpcf7_captcha_challenge_captcha-170\" value=\"3910403896\" \/><img loading=\"lazy\" decoding=\"async\" class=\"wpcf7-form-control wpcf7-captchac wpcf7-captcha-captcha-170\" width=\"72\" height=\"24\" alt=\"captcha\" src=\"https:\/\/murena.com\/wp-content\/uploads\/wpcf7_captcha\/3910403896.png\" \/><br \/>\n<span class=\"wpcf7-form-control-wrap\" data-name=\"captcha-170\"><input size=\"4\" maxlength=\"4\" class=\"wpcf7-form-control wpcf7-captchar\" autocomplete=\"off\" aria-invalid=\"false\" value=\"\" type=\"text\" name=\"captcha-170\" \/><\/span><br \/>\n<\/label>\n<\/p>\n<p><input class=\"wpcf7-form-control wpcf7-submit has-spinner\" type=\"submit\" value=\"submit\" \/>\n<\/p>\n<\/form>\n<\/div>\n<\/div>\n\n<p><\/p>\n","protected":false},"excerpt":{"rendered":"<p>Formulario de contacto para empresas (B2B) P\u00f3ngase en contacto con Murena a continuaci\u00f3n para preguntas&#8230;<\/p>\n","protected":false},"author":60455,"featured_media":0,"parent":0,"menu_order":0,"comment_status":"closed","ping_status":"closed","template":"","meta":{"_seopress_robots_primary_cat":"","_seopress_titles_title":"Cont\u00e1ctanos","_seopress_titles_desc":"P\u00f3ngase en contacto con nosotros si tiene alguna pregunta o problema con un producto o servicio de Murena relacionado con su empresa.","_seopress_robots_index":"","footnotes":""},"class_list":["post-141453","page","type-page","status-publish","hentry","wpbf-post"],"_links":{"self":[{"href":"https:\/\/murena.com\/es\/wp-json\/wp\/v2\/pages\/141453","targetHints":{"allow":["GET"]}}],"collection":[{"href":"https:\/\/murena.com\/es\/wp-json\/wp\/v2\/pages"}],"about":[{"href":"https:\/\/murena.com\/es\/wp-json\/wp\/v2\/types\/page"}],"author":[{"embeddable":true,"href":"https:\/\/murena.com\/es\/wp-json\/wp\/v2\/users\/60455"}],"replies":[{"embeddable":true,"href":"https:\/\/murena.com\/es\/wp-json\/wp\/v2\/comments?post=141453"}],"version-history":[{"count":1,"href":"https:\/\/murena.com\/es\/wp-json\/wp\/v2\/pages\/141453\/revisions"}],"predecessor-version":[{"id":141454,"href":"https:\/\/murena.com\/es\/wp-json\/wp\/v2\/pages\/141453\/revisions\/141454"}],"wp:attachment":[{"href":"https:\/\/murena.com\/es\/wp-json\/wp\/v2\/media?parent=141453"}],"curies":[{"name":"wp","href":"https:\/\/api.w.org\/{rel}","templated":true}]}}