{"id":134127,"date":"2025-09-10T08:33:35","date_gmt":"2025-09-10T06:33:35","guid":{"rendered":"https:\/\/murena.com\/terms-conditions\/"},"modified":"2026-04-13T16:51:57","modified_gmt":"2026-04-13T14:51:57","slug":"terminos-y-condiciones","status":"publish","type":"page","link":"https:\/\/murena.com\/es\/terminos-y-condiciones\/","title":{"rendered":"Condiciones generales"},"content":{"rendered":"\n<h4 class=\"wp-block-heading\">\u00c1mbito de aplicaci\u00f3n<\/h4>\n\n<p>Estos T\u00e9rminos y Condiciones se aplican a todas las Ventas de Servicios o Productos celebradas entre Usted y MURENA RETAIL SAS, con domicilio en 31 Avenue de S\u00e9gur, 75007 Par\u00eds, Francia a trav\u00e9s del sitio web <a href=\"\"><u>https:\/\/murena.com<\/u><\/a><\/p>\n\n<p>AL COMPLETAR LA COMPRA DE UN PRODUCTO O LA SUSCRIPCI\u00d3N A UN SERVICIO, USTED ACEPTA QUEDAR VINCULADO POR TODAS LAS CONDICIONES DE VENTA Y CONDICIONES DEL SERVICIO.<\/p>\n\n<p>VENTA Y CONDICIONES DEL SERVICIO.<\/p>\n\n<p>Podemos modificar ocasionalmente estas condiciones y estas modificaciones son aplicables desde el momento en que est\u00e1n en l\u00ednea en nuestro sitio web y se aplican a las ventas concluidas posteriormente.<\/p>\n\n<p>Salvo prueba en contrario, los datos que registramos constituyen la prueba de todas las transacciones.<\/p>\n\n<h4 class=\"wp-block-heading\">Productos y servicios<\/h4>\n\n<p><strong>Smartphones nuevos y reacondicionados con \/e\/OS<\/strong><\/p>\n\n<p>Al hacernos su pedido y de acuerdo con sus instrucciones, obtenemos smartphones m\u00f3viles nuevos o usados en los que instalamos el sistema operativo \/e\/OS y sus aplicaciones predeterminadas.<\/p>\n\n<p>Estos tel\u00e9fonos se entregan con su bater\u00eda y accesorios compatibles si procede (kit manos libres y, si se especifica, otros accesorios compatibles).<\/p>\n\n<p>\/e\/OS es una versi\u00f3n de Android que no utiliza los servicios de Android de Google. El sistema operativo \/e\/OS est\u00e1 en constante mejora, y puede tener caracter\u00edsticas diferentes de un sistema Android de Google, diferente elecci\u00f3n de aplicaci\u00f3n Android de lo que se puede encontrar en la tienda de Google Play. \/e\/OS no es un producto de Google, y no est\u00e1 soportado por Google bajo ninguna circunstancia.  <\/p>\n\n<p>Los smartphones reacondicionados con \/e\/OS no se entregan en su embalaje original. El producto que vendemos debe someterse a pruebas y tratamientos que var\u00edan seg\u00fan su tipo para ofrecerle un estado casi \u00abnuevo\u00bb. La lista de dichas pruebas y tratamientos realizados por tipo de producto est\u00e1 disponible bajo petici\u00f3n.  <\/p>\n\n<p>Todos los smartphones reacondicionados que vendemos han sido sometidos a un \u00abhard reset\u00bb de datos antes de ponerse a la venta.<\/p>\n\n<h4 class=\"wp-block-heading\">Servicios en la nube de pago<\/h4>\n\n<p>Ofrecemos servicios de suscripci\u00f3n de pago en el lugar de trabajo para permitirle acceder a una mayor cantidad de espacio definido por el plan que suscriba. Para utilizar nuestros servicios de suscripci\u00f3n de pago en el lugar de trabajo, debe disponer de un ID de \u00abcuenta de Murena en el lugar de trabajo\u00bb y haber aceptado sus condiciones de uso, que se encuentran aqu\u00ed. <\/p>\n\n<p>Sus datos ubicados en nuestros servicios para el lugar de trabajo se almacenan en servidores seguros. No accedemos, escaneamos ni leemos sus datos almacenados en su espacio personal de trabajo. <\/p>\n\n<p>Usted es responsable de todo el contenido publicado y de la actividad que se produzca en su cuenta. No debe utilizar el servicio con fines ilegales o no autorizados. Al utilizar el servicio no debe infringir ninguna ley de su jurisdicci\u00f3n o la nuestra (incluidas, entre otras, las leyes de derechos de autor).  <\/p>\n\n<h4 class=\"wp-block-heading\">Precios<\/h4>\n\n<p>Los precios incluyen el IVA vigente en funci\u00f3n del pa\u00eds en el que se realice la compra si \u00e9sta se realiza dentro de la Uni\u00f3n Europea. Son netos, firmes y no revisables. Nos reservamos el derecho de modificar el precio en cualquier momento, sin previo aviso, precis\u00e1ndose que los productos le ser\u00e1n facturados al precio en vigor en el momento de la validaci\u00f3n de su pedido por nuestra parte.  <\/p>\n\n<p>Para entregas fuera de la Uni\u00f3n Europea, facturaremos sin IVA y usted ser\u00e1 responsable de pagar cualquier derecho de aduana u otros impuestos como el IVA local o el impuesto sobre las ventas al recoger su pedido*. Los impuestos de importaci\u00f3n y el IVA local depender\u00e1n del valor del pedido. <br \/>  * Excepto para env\u00edos a Australia, Islandia, Guernesey, Jersey, Noruega, Suiza y Reino Unido, donde actualmente el env\u00edo incluye eventuales derechos de aduana.<\/p>\n\n<h4 class=\"wp-block-heading\">Pago<\/h4>\n\n<p>Los m\u00e9todos de pago que aceptamos son los indicados en el sitio web. Le damos la opci\u00f3n de pagar con tarjeta de d\u00e9bito, tarjeta de cr\u00e9dito o con su cuenta PayPal, si dispone de una. <\/p>\n\n<p>Para los servicios de suscripci\u00f3n en el lugar de trabajo, el servicio se factura por adelantado mensual o anualmente en funci\u00f3n del plan seleccionado.<br \/>  En caso de cambio a una tarifa superior o inferior, la nueva tarifa se cargar\u00e1 autom\u00e1ticamente a la tarjeta de cr\u00e9dito que nos haya facilitado en el siguiente ciclo de facturaci\u00f3n.<br \/>  La degradaci\u00f3n de su cuenta puede causar la p\u00e9rdida de contenido, funciones o capacidad. El servicio no acepta ninguna responsabilidad por dicha p\u00e9rdida. <\/p>\n\n<h4 class=\"wp-block-heading\">Disponibilidad<\/h4>\n\n<p>La informaci\u00f3n sobre la disponibilidad de los productos se facilita en el momento de hacer el pedido.<\/p>\n\n<p>En caso de que no dispongamos de existencias suficientes del producto elegido, le informaremos por correo electr\u00f3nico lo antes posible. Entonces tendr\u00e1 la opci\u00f3n de que le sustituyamos el producto por otro de precio equivalente, dentro de los l\u00edmites de las existencias disponibles, o de anular Su pedido y recibir un reembolso en un plazo de catorce (14) d\u00edas h\u00e1biles a partir de Nuestra notificaci\u00f3n de dicha indisponibilidad. <\/p>\n\n<h4 class=\"wp-block-heading\">Entrega de productos acabados<\/h4>\n\n<p>En todos los casos, la venta s\u00f3lo se considerar\u00e1 definitiva despu\u00e9s de que Usted haya recibido confirmaci\u00f3n de la aceptaci\u00f3n del pedido por correo electr\u00f3nico y s\u00f3lo despu\u00e9s de que Nosotros hayamos recibido el pago \u00edntegro.<\/p>\n\n<p>En algunos casos, como impago, direcci\u00f3n incorrecta u otros problemas en su cuenta, nos reservamos el derecho a bloquear su pedido hasta que se resuelva el problema.<\/p>\n\n<p>Para cualquier pregunta relacionada con el seguimiento de su pedido, puede ponerse en contacto con nuestro servicio de atenci\u00f3n al cliente a trav\u00e9s de nuestro formulario de contacto: <a href=\"\"><u>https:\/\/murena.com\/contact-us\/<\/u><\/a><a href=\"https:\/\/murena.com\/es\/contact-us\/\"><br \/><\/a><\/p>\n\n<p>Los productos se entregan exclusivamente en todos los pa\u00edses de la UE, Reino Unido, Islandia, Noruega y Suiza, excluidas las regiones de ultramar (OMT\/DOM) y los pa\u00edses y territorios de ultramar (PTU\/TOM). Nuestro objetivo es entregar el producto dentro de los plazos indicativos que aparecen en Nuestro sitio web. Sin embargo, el tiempo no es esencial para la entrega o el cumplimiento y todas las fechas de entrega especificadas en nuestro sitio web y en cualquier correspondencia son s\u00f3lo estimaciones. Los productos y las compras son entregados por nuestro transportista, UPS, en funci\u00f3n de las limitaciones log\u00edsticas y de conformidad con las condiciones de entrega disponibles en el sitio web.   <\/p>\n\n<p><strong>No podemos realizar entregas en apartados de correos ni en ning\u00fan tipo de taquillas<\/strong>.<br \/>Debe facilitar una direcci\u00f3n v\u00e1lida <strong>y <\/strong>un n\u00famero de tel\u00e9fono v\u00e1lido para la entrega e indicar cualquier particularidad para acceder a su direcci\u00f3n (ascensor, c\u00f3digo de acceso&#8230;).<\/p>\n\n<p>En caso de que la direcci\u00f3n de entrega sea inaccesible, nos reservamos el derecho de rescindir el Contrato o devolverle el producto.<\/p>\n\n<p>La propiedad del producto s\u00f3lo pasar\u00e1 a Usted en el momento de la entrega del producto, directamente o a trav\u00e9s de un tercero designado por Usted. Antes de aceptar la entrega del producto, es Su responsabilidad comprobar el estado del producto entregado y, en caso de da\u00f1os o faltas, expresar sus reservas en el albar\u00e1n de entrega, eventualmente rechazar el producto, y notific\u00e1rnoslo simult\u00e1neamente. <\/p>\n\n<p>simult\u00e1neamente.<\/p>\n\n<p>Toda reclamaci\u00f3n deber\u00e1 efectuarse en un plazo m\u00e1ximo de diez (10) d\u00edas laborables a partir de la fecha de toma de posesi\u00f3n del producto. Transcurrido este plazo, se considerar\u00e1 que Usted ha recibido y aceptado el producto y cualquier compra sin reservas. <\/p>\n\n<h4 class=\"wp-block-heading\">Devoluciones y anulaciones<\/h4>\n\n<p>A partir de la entrega del producto y de cualquier compra, Usted tiene el derecho legal de cancelar el contrato (sujeto a ciertas excepciones establecidas a continuaci\u00f3n) sin dar ninguna raz\u00f3n dentro de los 14 d\u00edas siguientes al d\u00eda en que reciba el producto. Este es el \u00abplazo de desistimiento\u00bb. Cuando este plazo expire un s\u00e1bado, domingo, festivo o d\u00eda no laborable, se prorrogar\u00e1 hasta el siguiente d\u00eda laborable.  <\/p>\n\n<p>Si desea desistir del contrato dentro del \u00abplazo de desistimiento\u00bb, deber\u00e1 comunic\u00e1rnoslo antes de que finalice dicho plazo, y antes de devolver cualquier producto, cumplimentando el formulario de desistimiento y envi\u00e1ndolo a nuestra atenci\u00f3n.<\/p>\n\n<h4 class=\"wp-block-heading\">FORMULARIO DE CANCELACI\u00d3N<\/h4>\n\n<p>(Rellene y devuelva este formulario s\u00f3lo si desea retractarse del contrato).<\/p>\n\n<p>A la atenci\u00f3n de MURENA RETAIL SAS, :<\/p>\n\n<p>Por la presente le notifico\/notificamos (*) mi\/nuestra (*) rescisi\u00f3n del contrato de venta del producto que figura a continuaci\u00f3n:<\/p>\n\n<p>Pedido el (*)\/recibido el (*):<\/p>\n\n<p>N\u00famero de pedido :<\/p>\n\n<p>N\u00famero de factura :<\/p>\n\n<p>Producto(s):<\/p>\n\n<p>N\u00famero IMEI del tel\u00e9fono, si procede:<\/p>\n\n<p>Nombre del consumidor o consumidores:<\/p>\n\n<p>Direcci\u00f3n del consumidor o consumidores:<\/p>\n\n<p>Firma del consumidor o consumidores (s\u00f3lo si este formulario se notifica en papel):<\/p>\n\n<p>Fecha :<\/p>\n\n<p>Env\u00edanos tambi\u00e9n <strong>fotos de la parte delantera y trasera de tu tel\u00e9fono<\/strong> para documentar su estado.<br \/><br \/>Rellena el formulario de cancelaci\u00f3n y env\u00edalo, con fotos de tu tel\u00e9fono, a nuestro equipo de atenci\u00f3n al cliente a trav\u00e9s de nuestro formulario de contacto: <a href=\"\">https:\/\/murena.com\/contact-us\/<\/a>.<\/p>\n\n<p>Deber\u00e1 conservar una prueba de haber notificado la cancelaci\u00f3n, como un recibo de correo electr\u00f3nico. A continuaci\u00f3n, deber\u00e1 devolvernos el producto entregado a su cargo por correo certificado o mensajer\u00eda. <\/p>\n\n<p>El producto debe ser devuelto en <strong>perfectas condiciones<\/strong> con el <strong>embalaje original<\/strong> con <strong>todos sus accesorios y documentaci\u00f3n<\/strong>, a m\u00e1s tardar 8 (ocho) d\u00edas despu\u00e9s de notificarnos que desea cancelar.<\/p>\n\n<p>Los productos adquiridos deben devolverse a la siguiente direcci\u00f3n: <br \/>MURENA RETAIL SAS <br \/>c\/o Espri Digital <br \/>14 rue du Sergent Escoffier<br \/>61200 <br \/>Argentan<br \/>Francia.<\/p>\n\n<p><strong>Los gastos de env\u00edo<\/strong> para devolver su pedido, con todos los posibles aranceles, corren <strong>a su cargo<\/strong>.<\/p>\n\n<p>Si el producto no se devuelve en las condiciones requeridas, se le pedir\u00e1 que reembolse el producto da\u00f1ado a su valor de reposici\u00f3n.<br \/>Murena Retail no se hace responsable de los da\u00f1os que puedan ocurrir durante el tr\u00e1nsito de su dispositivo.<\/p>\n\n<p>Si el producto es devuelto a tiempo y en las condiciones requeridas, le reembolsaremos todas las sumas <strong> pagadas*<\/strong> a la conclusi\u00f3n del contrato,<strong>en un plazo de 14 (catorce) d\u00edas<\/strong> a partir de la fecha de devoluci\u00f3n del producto, utilizando el mismo medio de pago que Usted utiliz\u00f3 para la transacci\u00f3n original, a menos que se acuerde otra cosa.<br \/> *Los<strong> gastos de env\u00edo originales no est\u00e1n incluidos en el reembolso, los gastos de env\u00edo originales corren por su cuenta.<\/strong><\/p>\n\n<h4 class=\"wp-block-heading\">Cancelaci\u00f3n y rescisi\u00f3n &#8211; Servicios en nube<\/h4>\n\n<p>Puede cancelar Su plan en cualquier momento notific\u00e1ndonoslo a trav\u00e9s de nuestro formulario de Contacto : <a href=\"\"><u>https:\/\/murena.com\/contact-us\/<\/u><\/a>. Si cancela su plan antes de que finalice el mes en curso, la cancelaci\u00f3n tendr\u00e1 efecto inmediato y no se le cobrar\u00e1 de nuevo. Si cancela su plan antes de la fecha de renovaci\u00f3n, no se le reembolsar\u00e1 el saldo restante.  <\/p>\n\n<h4 class=\"wp-block-heading\">M\u00e9todos de devoluci\u00f3n de smartphones<\/h4>\n\n<p>Los smartphones disponen de una opci\u00f3n de \u00abBloqueo de pantalla\u00bb dentro del sistema operativo. Si esta funci\u00f3n de \u00abBloqueo de pantalla\u00bb est\u00e1 activada, el producto no podr\u00e1 ser sustituido ni reembolsado. Para comprobar si esta opci\u00f3n sigue activada y <strong>desactivar la opci\u00f3n \u00ab<\/strong>Bloqueo de pantalla\u00bb, puede ir a \u00abAjustes\u00bb &gt; \u00abSeguridad\u00bb &gt; \u00abBloqueo de pantalla\u00bb y seleccionar \u00abNinguno\u00bb.  <\/p>\n\n<p>Si durante el peritaje descubrimos que el producto tiene activada dicha opci\u00f3n, el producto le ser\u00e1 devuelto autom\u00e1ticamente sin que pueda reclamar ninguna indemnizaci\u00f3n al respecto.<\/p>\n\n<p>Para realizar el seguimiento de la devoluci\u00f3n del producto, deber\u00e1 adjuntar <strong>una copia del formulario de cancelaci\u00f3n<\/strong> junto con el producto.<\/p>\n\n<p>Es su obligaci\u00f3n <strong>retirar la tarjeta SIM<\/strong> <strong>y\/o cualquier tarjeta SD <\/strong>del producto antes de devolv\u00e9rnoslo.<\/p>\n\n<p>De lo contrario, la tarjeta SIM no ser\u00e1 recuperable y ser\u00e1 destruida por Nosotros o Nuestros subcontratistas por razones de seguridad. En caso de que la tarjeta SIM se utilice durante el transporte, Usted reconoce y acepta expresamente que no podremos ser considerados responsables. <\/p>\n\n<p>Por favor, <strong>realice un restablecimiento de f\u00e1brica<\/strong> antes de enviar su smartphone.<\/p>\n\n<h4 class=\"wp-block-heading\">Garant\u00edas &#8211; Smartphones<\/h4>\n\n<p><strong><u><em>Garant\u00edas jur\u00eddicas<\/em><\/u><\/strong><\/p>\n\n<p>Como consumidor, Usted se beneficia de la garant\u00eda legal de conformidad en las compras en las condiciones de los art\u00edculos L. 217-4 y siguientes del C\u00f3digo de Consumo franc\u00e9s y de la garant\u00eda de vicios ocultos en las condiciones previstas en los art\u00edculos 1641 y siguientes del C\u00f3digo Civil. Estas garant\u00edas legales pueden ejercerse ante Nosotros por correo electr\u00f3nico o por correo certificado con acuse de recibo. Sin embargo, estas garant\u00edas legales no se aplican si las compras se ajustan a las especificaciones del Contrato pero resultan inadecuadas para Sus necesidades debido a una mala evaluaci\u00f3n por Su parte al realizar las compras.    <\/p>\n\n<p>Cuando act\u00faa como garant\u00eda legal de conformidad:<\/p>\n\n<p>&#8211; Dispone de un plazo de 2 a\u00f1os desde la entrega de la vivienda para actuar,<\/p>\n\n<p>&#8211; Puede elegir entre la reparaci\u00f3n o la sustituci\u00f3n del bien, en las condiciones de coste previstas en el art\u00edculo L. 217-9 del C\u00f3digo de Consumo,<\/p>\n\n<p>&#8211; Usted est\u00e1 exento de aportar la prueba de la existencia de la falta de conformidad del bien durante los veinticuatro (24) meses siguientes a su entrega (s\u00f3lo en el caso de equipos nuevos).<\/p>\n\n<p>Tras acusar recibo de su solicitud, deber\u00e1 devolver el producto defectuoso por correo postal en un plazo de 8 (ocho) d\u00edas laborables. Si no es posible reparar y sustituir el producto defectuoso, le ofreceremos el reembolso de la totalidad del precio de compra de dicho art\u00edculo, o bien le devolveremos el producto defectuoso y le reembolsaremos la mitad de su precio de compra. Si el art\u00edculo en cuesti\u00f3n tiene rastros de uso o necesita reparaciones debido al uso por parte del cliente, todos los costes de reparaci\u00f3n se deducir\u00e1n del reembolso. Usted puede decidir aplicar la garant\u00eda contra vicios ocultos en el sentido del art\u00edculo 1641 del C\u00f3digo Civil. En este caso, Usted podr\u00e1 elegir entre anular el pedido o reducir el precio de venta de conformidad con el art\u00edculo 1644 del C\u00f3digo Civil. No se concede ninguna otra garant\u00eda de ning\u00fan tipo m\u00e1s all\u00e1 de las garant\u00edas previstas en el presente art\u00edculo.     <\/p>\n\n<p><strong><u><em>Garant\u00eda y responsabilidad<\/em><\/u><\/strong><\/p>\n\n<p>Le recordamos que los productos disponen de la opci\u00f3n \u00abBloqueo de pantalla\u00bb. Si ha activado la funci\u00f3n \u00abBloqueo de pantalla\u00bb, el producto no podr\u00e1 ser sustituido ni reembolsado. Para comprobar si esta opci\u00f3n sigue activada y desactivarla, debe ir a \u00abAjustes\u00bb &gt; \u00abSeguridad\u00bb &gt; \u00abBloqueo de pantalla\u00bb y seleccionar \u00abNinguno\u00bb.  <\/p>\n\n<p>Si durante el peritaje descubrimos que el producto tiene activada dicha opci\u00f3n, el producto le ser\u00e1 devuelto autom\u00e1ticamente sin que pueda reclamar ninguna indemnizaci\u00f3n al respecto.<\/p>\n\n<p>Nuestros dispositivos se venden y configuran para funcionar con \/e\/OS. Cualquier modificaci\u00f3n del sistema operativo, incluida la instalaci\u00f3n de software alternativo (como Fairphone OS u otros sistemas operativos de terceros), se realiza por cuenta y riesgo del cliente. <\/p>\n\n<p>Si bien es posible obtener orientaci\u00f3n de fuentes externas o del fabricante, no garantizamos la compatibilidad ni la instalaci\u00f3n correcta de ning\u00fan sistema operativo que no sea \/e\/OS. En el caso de que un dispositivo deje de funcionar (\u00abbricked\u00bb) como resultado de dichas modificaciones, el cliente ser\u00e1 responsable de cualquier reparaci\u00f3n asociada, reflash o costes de servicio. <\/p>\n\n<p>Queda excluida toda garant\u00eda en caso de:<\/p>\n\n<p>&#8211; Da\u00f1os debidos a un accidente, a un uso diferente al previsto en la documentaci\u00f3n t\u00e9cnica disponible en la p\u00e1gina web del fabricante del producto, a un mal funcionamiento tras un intento de desbloqueo o a un mal mantenimiento del producto por su parte (como ejemplos sin limitaci\u00f3n: ensuciamiento, oxidaci\u00f3n, corrosi\u00f3n, herrumbre&#8230;);<\/p>\n\n<p>&#8211; Da\u00f1os producidos durante la instalaci\u00f3n o apertura del producto;<\/p>\n\n<p>&#8211; Da\u00f1os cuya causa sea externa al producto: instalaci\u00f3n incorrecta por su parte, negligencia por su parte, incendio, da\u00f1os por agua, etc. y, en general, todos los da\u00f1os causados a las partes externas del producto y cuyo da\u00f1o no afecte a su correcto funcionamiento;<\/p>\n\n<p>&#8211; En caso de ara\u00f1azos o rasgu\u00f1os, antes y\/o despu\u00e9s de la venta en la medida en que vendemos productos de segunda mano;<\/p>\n\n<p>&#8211; En caso de modificaci\u00f3n o reparaci\u00f3n del producto por Usted y en caso de reparaci\u00f3n del producto por una organizaci\u00f3n no aprobada por el fabricante del producto;<\/p>\n\n<p>&#8211; Actualizaci\u00f3n del sistema operativo no recomendada o no recomendada por el fabricante y que puede da\u00f1ar permanentemente el producto;<\/p>\n\n<p>&#8211; Para productos comprados y enviados fuera de los pa\u00edses europeos. Para los productos enviados a todo el mundo, no se puede garantizar la garant\u00eda, las reparaciones ni las devoluciones. <\/p>\n\n<h4 class=\"wp-block-heading\">Responsabilidad de la empresa<\/h4>\n\n<p>Los Productos que comercializamos a trav\u00e9s del sitio web cumplen la legislaci\u00f3n francesa vigente y las normas aplicables en Francia.<\/p>\n\n<p>Usted reconoce y acepta expresamente que no podremos ser considerados responsables bajo ninguna circunstancia en caso de que devuelva su smartphone y olvide extraer la tarjeta SIM del producto.<\/p>\n\n<p>En lo que respecta a nuestros servicios de suscripci\u00f3n a la nube de pago, Usted entiende y acepta expresamente que el servicio no ser\u00e1 responsable de ning\u00fan da\u00f1o resultante del uso o de la imposibilidad de usar el servicio, del acceso no autorizado o de la alteraci\u00f3n de sus transmisiones o datos o de las declaraciones o conducta de terceros en el servicio.<\/p>\n\n<p>Para la <strong>compra fuera de Europa<\/strong>, Murena no puede garantizar la disponibilidad de reparaciones, devoluciones o sustituciones de los productos. Todas las compras se realizan bajo su propio riesgo. <br \/>  Le recomendamos encarecidamente que consulte nuestra secci\u00f3n de preguntas frecuentes para obtener informaci\u00f3n detallada.<\/p>\n\n<h4 class=\"wp-block-heading\">Datos personales<\/h4>\n\n<p>Recogemos y tratamos \u00fanicamente los datos personales necesarios para la celebraci\u00f3n y tramitaci\u00f3n del contrato de venta, es decir, sus datos (apellidos, nombre, direcciones, n\u00famero de tel\u00e9fono), sus datos bancarios e informaci\u00f3n relacionada con la ejecuci\u00f3n del contrato (reclamaciones, impagados&#8230;).<\/p>\n\n<p>Procesamos sus datos personales para crear una cuenta de cliente, registrar y procesar el pedido, entregar los productos, comunicar las facturas, procesar sus solicitudes.<\/p>\n\n<p>Sus datos personales se almacenan en centros de datos situados en la Uni\u00f3n Europea y se conservan durante el tiempo necesario para alcanzar los fines mencionados anteriormente y no pueden comunicarse a terceros. Puede ponerse en contacto con nosotros a trav\u00e9s de nuestro formulario de contacto : <a href=\"\"><u>https:\/\/murena.com\/contact-us\/<\/u><\/a> para ejercer sus derechos de acceso, rectificaci\u00f3n, supresi\u00f3n o portabilidad de sus datos personales, as\u00ed como para limitar u oponerse a su tratamiento. Para m\u00e1s detalles, le invitamos a consultar Nuestra pol\u00edtica de privacidad disponible en el sitio web.  <\/p>\n\n<p>No conservamos los datos de su tarjeta de cr\u00e9dito, cuenta bancaria o cuenta PayPal. S\u00f3lo el proveedor de servicios bancarios dispone de los datos de su(s) tarjeta(s) de cr\u00e9dito si ha pagado por este medio. En caso de litigio sobre una transacci\u00f3n, el proveedor de servicios bancarios conservar\u00e1 estos datos en archivos intermedios durante un periodo de 5 a\u00f1os.  <\/p>\n\n<h4 class=\"wp-block-heading\">Legislaci\u00f3n aplicable, mediaci\u00f3n y jurisdicci\u00f3n competente<\/h4>\n\n<p>Las presentes condiciones generales de venta se rigen por el derecho franc\u00e9s. Le ofrecemos resolver todos los litigios relativos a la validez, interpretaci\u00f3n, ejecuci\u00f3n, rescisi\u00f3n y consecuencias y seguimiento del contrato a trav\u00e9s de un procedimiento de mediaci\u00f3n interna. <\/p>\n\n<p>En su defecto, si Usted no desea seguir un procedimiento de mediaci\u00f3n o si la mediaci\u00f3n no tiene \u00e9xito, el litigio se someter\u00e1 a la jurisdicci\u00f3n exclusiva de los tribunales franceses competentes.<\/p>\n\n<p>***<\/p>\n\n<p>MURENA RETAIL SAS, con domicilio social en 31 Avenue de S\u00e9gur, Par\u00eds (75007), Francia, inscrita en el Registro Mercantil de Caen con el n\u00famero 883 789 398<\/p>\n\n<p>Fecha: 10 de noviembre de 2025<\/p>\n\n<p><\/p>\n","protected":false},"excerpt":{"rendered":"<p>\u00c1mbito de aplicaci\u00f3n Estos T\u00e9rminos y Condiciones se aplican a todas las Ventas de Servicios&#8230;<\/p>\n","protected":false},"author":5167,"featured_media":0,"parent":0,"menu_order":0,"comment_status":"closed","ping_status":"closed","template":"","meta":{"_seopress_robots_primary_cat":"","_seopress_titles_title":"","_seopress_titles_desc":"","_seopress_robots_index":"","footnotes":""},"class_list":["post-134127","page","type-page","status-publish","hentry","wpbf-post"],"_links":{"self":[{"href":"https:\/\/murena.com\/es\/wp-json\/wp\/v2\/pages\/134127","targetHints":{"allow":["GET"]}}],"collection":[{"href":"https:\/\/murena.com\/es\/wp-json\/wp\/v2\/pages"}],"about":[{"href":"https:\/\/murena.com\/es\/wp-json\/wp\/v2\/types\/page"}],"author":[{"embeddable":true,"href":"https:\/\/murena.com\/es\/wp-json\/wp\/v2\/users\/5167"}],"replies":[{"embeddable":true,"href":"https:\/\/murena.com\/es\/wp-json\/wp\/v2\/comments?post=134127"}],"version-history":[{"count":7,"href":"https:\/\/murena.com\/es\/wp-json\/wp\/v2\/pages\/134127\/revisions"}],"predecessor-version":[{"id":150543,"href":"https:\/\/murena.com\/es\/wp-json\/wp\/v2\/pages\/134127\/revisions\/150543"}],"wp:attachment":[{"href":"https:\/\/murena.com\/es\/wp-json\/wp\/v2\/media?parent=134127"}],"curies":[{"name":"wp","href":"https:\/\/api.w.org\/{rel}","templated":true}]}}