{"id":130785,"date":"2025-08-25T12:08:54","date_gmt":"2025-08-25T10:08:54","guid":{"rendered":"https:\/\/murena.com\/ninos\/"},"modified":"2026-02-09T08:22:56","modified_gmt":"2026-02-09T07:22:56","slug":"ninos","status":"publish","type":"page","link":"https:\/\/murena.com\/es\/ninos\/","title":{"rendered":"Ni\u00f1os"},"content":{"rendered":"\n<div class=\"wp-block-columns alignwide is-layout-flex wp-container-core-columns-is-layout-390ed6e7 wp-block-columns-is-layout-flex\" style=\"margin-top:-40px\">\n<div class=\"wp-block-column is-layout-flow wp-block-column-is-layout-flow\" style=\"flex-basis:100%\">\n<div class=\"wp-block-columns is-layout-flex wp-container-core-columns-is-layout-28f84493 wp-block-columns-is-layout-flex\">\n<div class=\"wp-block-column is-layout-flow wp-block-column-is-layout-flow\" style=\"flex-basis:100%\">\n<div class=\"wp-block-columns is-layout-flex wp-container-core-columns-is-layout-28f84493 wp-block-columns-is-layout-flex\">\n<div class=\"wp-block-column is-layout-flow wp-block-column-is-layout-flow\" style=\"flex-basis:100%\">\n<div class=\"wp-block-cover alignfull kids-background has-white-color has-text-color has-link-color wp-elements-c859d1bee9cf05372ee85c21923ccc30\" style=\"margin-top:0px;margin-bottom:0px;padding-top:0px;padding-right:0;padding-bottom:0px;padding-left:0\"><img loading=\"lazy\" decoding=\"async\" width=\"2550\" height=\"758\" class=\"wp-block-cover__image-background wp-image-129856\" alt=\"Girl sitting on a coach looking at her smartphone\" src=\"https:\/\/murena.com\/wp-content\/uploads\/2025\/08\/GIRL-IMG-Left-Aligned-new.jpg\" data-object-fit=\"cover\" srcset=\"https:\/\/murena.com\/wp-content\/uploads\/2025\/08\/GIRL-IMG-Left-Aligned-new.jpg 2550w, https:\/\/murena.com\/wp-content\/uploads\/2025\/08\/GIRL-IMG-Left-Aligned-new-300x89.jpg 300w, https:\/\/murena.com\/wp-content\/uploads\/2025\/08\/GIRL-IMG-Left-Aligned-new-1024x304.jpg 1024w, https:\/\/murena.com\/wp-content\/uploads\/2025\/08\/GIRL-IMG-Left-Aligned-new-150x45.jpg 150w, https:\/\/murena.com\/wp-content\/uploads\/2025\/08\/GIRL-IMG-Left-Aligned-new-768x228.jpg 768w, https:\/\/murena.com\/wp-content\/uploads\/2025\/08\/GIRL-IMG-Left-Aligned-new-1536x457.jpg 1536w, https:\/\/murena.com\/wp-content\/uploads\/2025\/08\/GIRL-IMG-Left-Aligned-new-2048x609.jpg 2048w, https:\/\/murena.com\/wp-content\/uploads\/2025\/08\/GIRL-IMG-Left-Aligned-new-60x18.jpg 60w, https:\/\/murena.com\/wp-content\/uploads\/2025\/08\/GIRL-IMG-Left-Aligned-new-110x33.jpg 110w, https:\/\/murena.com\/wp-content\/uploads\/2025\/08\/GIRL-IMG-Left-Aligned-new-800x238.jpg 800w\" sizes=\"auto, (max-width: 2550px) 100vw, 2550px\" \/><span aria-hidden=\"true\" class=\"wp-block-cover__background has-background-dim-100 has-background-dim wp-block-cover__gradient-background has-background-gradient\" style=\"background:linear-gradient(90deg,rgba(7,146,227,0) 0%,rgba(255,255,255,0) 66%,rgb(235,50,144) 74%,rgb(235,50,144) 100%)\"><\/span><div class=\"wp-block-cover__inner-container is-layout-flow wp-container-core-cover-is-layout-da74679a wp-block-cover-is-layout-flow\">\n<div class=\"wp-block-columns is-not-stacked-on-mobile is-layout-flex wp-container-core-columns-is-layout-28f84493 wp-block-columns-is-layout-flex\">\n<div class=\"wp-block-column is-vertically-aligned-center is-layout-flow wp-block-column-is-layout-flow\"><\/div>\n\n\n\n<div class=\"wp-block-column is-vertically-aligned-center murena-header-text-kids has-background is-layout-flow wp-container-core-column-is-layout-a77db08e wp-block-column-is-layout-flow\" style=\"background-color:#eb3290\">\n<h1 class=\"wp-block-heading has-text-align-right has-white-color has-text-color has-link-color wp-elements-dd63dad4635ead06e0c1886ef6b07e50\" style=\"margin-top:0;margin-right:0;margin-bottom:0;margin-left:0;padding-top:var(--wp--preset--spacing--30);padding-right:var(--wp--preset--spacing--30);padding-bottom:var(--wp--preset--spacing--30);padding-left:var(--wp--preset--spacing--30);font-size:50px\">Murena Kids:<\/h1>\n\n\n\n<p class=\"has-text-align-right\" style=\"margin-right:0;padding-top:var(--wp--preset--spacing--30);padding-right:var(--wp--preset--spacing--30);padding-bottom:var(--wp--preset--spacing--30);padding-left:var(--wp--preset--spacing--80);font-size:28px;line-height:1.7\">Crear un espacio digital seguro para su familia<\/p>\n<\/div>\n<\/div>\n<\/div><\/div>\n<\/div>\n<\/div>\n<\/div>\n<\/div>\n<\/div>\n<\/div>\n\n<div style=\"height:50px\" aria-hidden=\"true\" class=\"wp-block-spacer\"><\/div>\n\n<div class=\"wp-block-columns are-vertically-aligned-center family-block is-layout-flex wp-container-core-columns-is-layout-cf05694f wp-block-columns-is-layout-flex\">\n<div class=\"wp-block-column is-vertically-aligned-center family-block-text is-layout-flow wp-block-column-is-layout-flow\" style=\"padding-right:0\">\n<h2 class=\"wp-block-heading\">La paternidad conectada comienza con Murena<\/h2>\n\n\n\n<p>Somos conscientes de la importancia de garantizar un entorno digital seguro y equilibrado para sus hijos. Por eso nuestros dispositivos Murena, con \/e\/OS, est\u00e1n equipados con el Control Parental Paco, una potente herramienta dise\u00f1ada para proteger a tus hijos de contenidos inapropiados y ayudarles a desarrollar h\u00e1bitos saludables en Internet. <\/p>\n\n\n\n<div class=\"wp-block-buttons is-content-justification-center is-layout-flex wp-container-core-buttons-is-layout-a89b3969 wp-block-buttons-is-layout-flex\">\n<div class=\"wp-block-button has-custom-width wp-block-button__width-100\"><a class=\"wp-block-button__link wp-element-button\" href=\"\/shop\/\"><strong>Compre un dispositivo Murena para su hijo<\/strong><\/a><\/div>\n<\/div>\n<\/div>\n\n\n\n<div class=\"wp-block-column is-vertically-aligned-center family-block-img is-layout-flow wp-block-column-is-layout-flow\">\n<figure class=\"wp-block-image size-full\"><img loading=\"lazy\" decoding=\"async\" width=\"600\" height=\"512\" src=\"https:\/\/murena.com\/wp-content\/uploads\/2025\/08\/Family.png\" alt=\"Ni&#xF1;o sonriendo, mirando su smartphone con otras dos personas detr&#xE1;s\" class=\"wp-image-129875\" srcset=\"https:\/\/murena.com\/wp-content\/uploads\/2025\/08\/Family.png 600w, https:\/\/murena.com\/wp-content\/uploads\/2025\/08\/Family-300x256.png 300w, https:\/\/murena.com\/wp-content\/uploads\/2025\/08\/Family-150x128.png 150w, https:\/\/murena.com\/wp-content\/uploads\/2025\/08\/Family-60x51.png 60w, https:\/\/murena.com\/wp-content\/uploads\/2025\/08\/Family-110x94.png 110w\" sizes=\"auto, (max-width: 600px) 100vw, 600px\" \/><\/figure>\n<\/div>\n<\/div>\n\n<div style=\"height:100px\" aria-hidden=\"true\" class=\"wp-block-spacer\"><\/div>\n\n<h2 class=\"wp-block-heading has-text-align-center\">\u00bfQu\u00e9 es <mark style=\"background-color:rgba(0, 0, 0, 0);color:#ff7303\" class=\"has-inline-color\">Paco<\/mark>?<\/h2>\n\n<div class=\"wp-block-columns is-layout-flex wp-container-core-columns-is-layout-28f84493 wp-block-columns-is-layout-flex\">\n<div class=\"wp-block-column is-layout-flow wp-block-column-is-layout-flow\"><\/div>\n\n\n\n<div class=\"wp-block-column is-content-justification-center is-layout-constrained wp-block-column-is-layout-constrained\">\n<hr\/>\n<\/div>\n\n\n\n<div class=\"wp-block-column is-layout-flow wp-block-column-is-layout-flow\"><\/div>\n<\/div>\n\n<div class=\"wp-block-columns alignwide mascot has-background is-layout-flex wp-container-core-columns-is-layout-28f84493 wp-block-columns-is-layout-flex\" style=\"background:linear-gradient(0deg,rgb(231,248,248) 0%,rgba(255,255,255,0) 61%)\">\n<div class=\"wp-block-column is-layout-flow wp-block-column-is-layout-flow\">\n<figure class=\"wp-block-image aligncenter size-full\"><img loading=\"lazy\" decoding=\"async\" width=\"853\" height=\"619\" src=\"https:\/\/murena.com\/wp-content\/uploads\/2025\/08\/Mascot-1.png\" alt=\"PACO un pececito de dibujos animados con un icono de escudo verde junto a un smartphone Murena que muestra Control parental\" class=\"wp-image-129879\" srcset=\"https:\/\/murena.com\/wp-content\/uploads\/2025\/08\/Mascot-1.png 853w, https:\/\/murena.com\/wp-content\/uploads\/2025\/08\/Mascot-1-300x218.png 300w, https:\/\/murena.com\/wp-content\/uploads\/2025\/08\/Mascot-1-150x109.png 150w, https:\/\/murena.com\/wp-content\/uploads\/2025\/08\/Mascot-1-768x557.png 768w, https:\/\/murena.com\/wp-content\/uploads\/2025\/08\/Mascot-1-60x44.png 60w, https:\/\/murena.com\/wp-content\/uploads\/2025\/08\/Mascot-1-110x80.png 110w, https:\/\/murena.com\/wp-content\/uploads\/2025\/08\/Mascot-1-800x581.png 800w\" sizes=\"auto, (max-width: 853px) 100vw, 853px\" \/><\/figure>\n<\/div>\n<\/div>\n\n<div class=\"wp-block-group alignwide has-background is-layout-constrained wp-container-core-group-is-layout-36abf0de wp-block-group-is-layout-constrained\" style=\"border-top-left-radius:0px;border-top-right-radius:0px;border-bottom-left-radius:50px;border-bottom-right-radius:50px;background-color:#e7f8f8;margin-top:-40px;margin-bottom:0px;padding-top:var(--wp--preset--spacing--80);padding-right:var(--wp--preset--spacing--50);padding-bottom:var(--wp--preset--spacing--80);padding-left:var(--wp--preset--spacing--50)\">\n<div class=\"wp-block-columns is-layout-flex wp-container-core-columns-is-layout-28f84493 wp-block-columns-is-layout-flex\">\n<div class=\"wp-block-column is-layout-flow wp-block-column-is-layout-flow\" style=\"flex-basis:25%\"><\/div>\n\n\n\n<div class=\"wp-block-column is-layout-flow wp-block-column-is-layout-flow\" style=\"flex-basis:60%\">\n<p>Paco es una soluci\u00f3n de <strong>Control Parental<\/strong> en \/e\/OS que te ayuda a crear una experiencia de smartphone segura y familiar adaptada a la edad y necesidades de tus hijos. Con funciones como restricciones de aplicaciones, l\u00edmites de tiempo de pantalla y la nueva opci\u00f3n <strong>Buscar mi dispositivo<\/strong>, que te permite localizar el tel\u00e9fono de tu hijo de forma remota enviando un c\u00f3digo SMS secreto y recibiendo sus coordenadas GPS, Paco te da tranquilidad, incluso cuando no est\u00e1s cerca. <\/p>\n\n\n\n<div class=\"wp-block-buttons is-content-justification-center is-layout-flex wp-container-core-buttons-is-layout-a89b3969 wp-block-buttons-is-layout-flex\">\n<div class=\"wp-block-button has-custom-width wp-block-button__width-100\"><a class=\"wp-block-button__link wp-element-button\" href=\"\/shop\/\"><strong><strong><strong>Compre un dispositivo Murena para su hijo<\/strong><\/strong><\/strong><\/a><\/div>\n<\/div>\n<\/div>\n\n\n\n<div class=\"wp-block-column is-layout-flow wp-block-column-is-layout-flow\" style=\"flex-basis:25%\"><\/div>\n<\/div>\n\n\n\n<div style=\"height:30px\" aria-hidden=\"true\" class=\"wp-block-spacer\"><\/div>\n\n\n\n<h2 class=\"wp-block-heading has-text-align-center has-text-color has-link-color wp-elements-111a16b6f3bac5f111a45e6265cc735e\" style=\"color:#2a2e57\">As\u00ed es como Paco ayuda a los padres:<\/h2>\n\n\n\n<div style=\"height:30px\" aria-hidden=\"true\" class=\"wp-block-spacer\"><\/div>\n<\/div>\n\n<div class=\"wp-block-columns section-z-index is-layout-flex wp-container-core-columns-is-layout-bdadb24c wp-block-columns-is-layout-flex\" style=\"margin-top:-90px\">\n<div class=\"wp-block-column is-layout-flow wp-container-core-column-is-layout-0d51d878 wp-block-column-is-layout-flow\" style=\"padding-right:0;padding-bottom:var(--wp--preset--spacing--50);padding-left:0\">\n<figure class=\"wp-block-image aligncenter size-full\"><img loading=\"lazy\" decoding=\"async\" width=\"256\" height=\"257\" src=\"https:\/\/murena.com\/wp-content\/uploads\/2025\/08\/hand-no.png\" alt=\"mano tachada\" class=\"wp-image-129883\" srcset=\"https:\/\/murena.com\/wp-content\/uploads\/2025\/08\/hand-no.png 256w, https:\/\/murena.com\/wp-content\/uploads\/2025\/08\/hand-no-150x150.png 150w, https:\/\/murena.com\/wp-content\/uploads\/2025\/08\/hand-no-60x60.png 60w, https:\/\/murena.com\/wp-content\/uploads\/2025\/08\/hand-no-110x110.png 110w, https:\/\/murena.com\/wp-content\/uploads\/2025\/08\/hand-no-50x50.png 50w, https:\/\/murena.com\/wp-content\/uploads\/2025\/08\/hand-no-100x100.png 100w\" sizes=\"auto, (max-width: 256px) 100vw, 256px\" \/><\/figure>\n\n\n\n<h3 class=\"wp-block-heading has-text-align-center\" style=\"line-height:1.6\">Restricciones de aplicaciones y sitios web<\/h3>\n\n\n\n<p class=\"has-text-align-center\">Dependiendo de la edad de su hijo, restrinja el acceso a aplicaciones y sitios web que puedan contener contenidos inapropiados. T\u00fa controlas lo que tus hijos ven y con lo que interact\u00faan en Internet. <\/p>\n<\/div>\n\n\n\n<div class=\"wp-block-column is-layout-flow wp-container-core-column-is-layout-0d51d878 wp-block-column-is-layout-flow\" style=\"padding-right:0;padding-bottom:var(--wp--preset--spacing--50);padding-left:0\">\n<figure class=\"wp-block-image aligncenter size-full\"><img loading=\"lazy\" decoding=\"async\" width=\"256\" height=\"257\" src=\"https:\/\/murena.com\/wp-content\/uploads\/2025\/08\/doll-mobile.png\" alt=\"monstruo sonriente de dibujos animados que sostiene un smartphone Murena con \/e\/OS\" class=\"wp-image-129893\" srcset=\"https:\/\/murena.com\/wp-content\/uploads\/2025\/08\/doll-mobile.png 256w, https:\/\/murena.com\/wp-content\/uploads\/2025\/08\/doll-mobile-150x150.png 150w, https:\/\/murena.com\/wp-content\/uploads\/2025\/08\/doll-mobile-60x60.png 60w, https:\/\/murena.com\/wp-content\/uploads\/2025\/08\/doll-mobile-110x110.png 110w, https:\/\/murena.com\/wp-content\/uploads\/2025\/08\/doll-mobile-50x50.png 50w, https:\/\/murena.com\/wp-content\/uploads\/2025\/08\/doll-mobile-100x100.png 100w\" sizes=\"auto, (max-width: 256px) 100vw, 256px\" \/><\/figure>\n\n\n\n<h3 class=\"wp-block-heading has-text-align-center\" style=\"line-height:1.6\">Privacidad ante todo<\/h3>\n\n\n\n<p class=\"has-text-align-center\">Nos centramos en proteger la privacidad de tus hijos en Internet. Nuestros controles parentales te permiten guiar su comportamiento en l\u00ednea sin comprometer sus datos personales gracias a un sistema operativo m\u00f3vil de c\u00f3digo abierto a favor de la privacidad <strong><span>\/e\/OS<\/span><\/strong>. <\/p>\n<\/div>\n\n\n\n<div class=\"wp-block-column is-layout-flow wp-container-core-column-is-layout-0d51d878 wp-block-column-is-layout-flow\" style=\"padding-right:0;padding-bottom:var(--wp--preset--spacing--50);padding-left:0\">\n<figure class=\"wp-block-image aligncenter size-full\"><img loading=\"lazy\" decoding=\"async\" width=\"256\" height=\"257\" src=\"https:\/\/murena.com\/wp-content\/uploads\/2025\/08\/number-blocks.png\" alt=\"una pared de cubos con letras\" class=\"wp-image-129899\" srcset=\"https:\/\/murena.com\/wp-content\/uploads\/2025\/08\/number-blocks.png 256w, https:\/\/murena.com\/wp-content\/uploads\/2025\/08\/number-blocks-150x150.png 150w, https:\/\/murena.com\/wp-content\/uploads\/2025\/08\/number-blocks-60x60.png 60w, https:\/\/murena.com\/wp-content\/uploads\/2025\/08\/number-blocks-110x110.png 110w, https:\/\/murena.com\/wp-content\/uploads\/2025\/08\/number-blocks-50x50.png 50w, https:\/\/murena.com\/wp-content\/uploads\/2025\/08\/number-blocks-100x100.png 100w\" sizes=\"auto, (max-width: 256px) 100vw, 256px\" \/><\/figure>\n\n\n\n<h3 class=\"wp-block-heading has-text-align-center\" style=\"line-height:1.6\">Educaci\u00f3n y crecimiento<\/h3>\n\n\n\n<p class=\"has-text-align-center\">Paco ayuda a tu hijo a centrarse en el aprendizaje y las actividades creativas, al tiempo que garantiza una relaci\u00f3n equilibrada con la tecnolog\u00eda.<\/p>\n<\/div>\n<\/div>\n\n<div style=\"height:50px\" aria-hidden=\"true\" class=\"wp-block-spacer\"><\/div>\n\n<div class=\"wp-block-columns is-layout-flex wp-container-core-columns-is-layout-28f84493 wp-block-columns-is-layout-flex\">\n<div class=\"wp-block-column is-layout-flow wp-block-column-is-layout-flow\" style=\"flex-basis:25%\"><\/div>\n\n\n\n<div class=\"wp-block-column has-regular-font-size is-layout-flow wp-block-column-is-layout-flow\" style=\"flex-basis:800px\">\n<pre class=\"wp-block-verse has-text-align-center has-background\" style=\"border-radius:50px;background-color:#d5f9d2\">M\u00e1s informaci\u00f3n sobre Paco y su funcionamiento en la documentaci\u00f3n de \/e\/OS <a href=\"https:\/\/doc.e.foundation\/support-topics\/parental-control\" target=\"_blank\" rel=\"noreferrer noopener\">pulse aqu\u00ed<\/a>.<\/pre>\n<\/div>\n\n\n\n<div class=\"wp-block-column is-layout-flow wp-block-column-is-layout-flow\" style=\"flex-basis:25%\"><\/div>\n<\/div>\n\n<div style=\"height:100px\" aria-hidden=\"true\" class=\"wp-block-spacer\"><\/div>\n\n<div class=\"wp-block-columns are-vertically-aligned-center is-layout-flex wp-container-core-columns-is-layout-cf05694f wp-block-columns-is-layout-flex\">\n<div class=\"wp-block-column is-vertically-aligned-center is-layout-flow wp-block-column-is-layout-flow\">\n<figure class=\"wp-block-image size-full\"><img loading=\"lazy\" decoding=\"async\" width=\"661\" height=\"508\" src=\"https:\/\/murena.com\/wp-content\/uploads\/2025\/08\/Girl.png\" alt=\"Chica con gafas de sol sonriendo mirando su smartphone\" class=\"wp-image-129908\" srcset=\"https:\/\/murena.com\/wp-content\/uploads\/2025\/08\/Girl.png 661w, https:\/\/murena.com\/wp-content\/uploads\/2025\/08\/Girl-300x231.png 300w, https:\/\/murena.com\/wp-content\/uploads\/2025\/08\/Girl-150x115.png 150w, https:\/\/murena.com\/wp-content\/uploads\/2025\/08\/Girl-60x46.png 60w, https:\/\/murena.com\/wp-content\/uploads\/2025\/08\/Girl-110x85.png 110w\" sizes=\"auto, (max-width: 661px) 100vw, 661px\" \/><\/figure>\n<\/div>\n\n\n\n<div class=\"wp-block-column is-vertically-aligned-center is-layout-flow wp-block-column-is-layout-flow\" style=\"padding-right:var(--wp--preset--spacing--50);padding-left:var(--wp--preset--spacing--50)\">\n<h2 class=\"wp-block-heading\">Ayude a su hijo a crear h\u00e1bitos digitales saludables<\/h2>\n\n\n\n<p>Utilizando los smartphones Murena y las funciones de control parental de \/e\/OS, puedes crear un espacio digital m\u00e1s seguro y productivo para tus hijos, fomentando un uso responsable y protegiendo su privacidad.<\/p>\n<\/div>\n<\/div>\n\n<div style=\"height:50px\" aria-hidden=\"true\" class=\"wp-block-spacer\"><\/div>\n\n<div class=\"wp-block-columns alignfull are-vertically-aligned-center has-background is-layout-flex wp-container-core-columns-is-layout-e43ebfff wp-block-columns-is-layout-flex\" style=\"background:linear-gradient(180deg,rgb(254,254,254) 0%,rgb(235,255,181) 100%);margin-bottom:-40px\">\n<div class=\"wp-block-column is-vertically-aligned-center kids-bottom is-layout-constrained wp-container-core-column-is-layout-fc57a9dc wp-block-column-is-layout-constrained\" style=\"padding-bottom:var(--wp--preset--spacing--70)\">\n<div class=\"wp-block-columns are-vertically-aligned-center is-layout-flex wp-container-core-columns-is-layout-5a66c75b wp-block-columns-is-layout-flex\" style=\"padding-right:0;padding-left:0\">\n<div class=\"wp-block-column is-vertically-aligned-center kids-bottom-txt is-layout-flow wp-block-column-is-layout-flow\" style=\"padding-right:0;padding-left:0\">\n<h2 class=\"wp-block-heading\">\u00a1Consigue hoy mismo un smartphone Murena para tu hijo! \ud83d\ude80<\/h2>\n\n\n\n<p>Mantenga a salvo los h\u00e1bitos en l\u00ednea de sus hijos con las funciones de control parental de Murena.<\/p>\n\n\n\n<div class=\"wp-block-buttons is-content-justification-left is-layout-flex wp-container-core-buttons-is-layout-fc4fd283 wp-block-buttons-is-layout-flex\">\n<div class=\"wp-block-button has-custom-width wp-block-button__width-100\"><a class=\"wp-block-button__link wp-element-button\" href=\"\/shop\/\"><strong><strong><strong>Compre un dispositivo Murena para su hijo<\/strong><\/strong><\/strong><\/a><\/div>\n<\/div>\n<\/div>\n\n\n\n<div class=\"wp-block-column is-vertically-aligned-center kids-bottom-img is-layout-flow wp-block-column-is-layout-flow\">\n<figure class=\"wp-block-image size-full\"><img loading=\"lazy\" decoding=\"async\" width=\"754\" height=\"763\" src=\"https:\/\/murena.com\/wp-content\/uploads\/2025\/08\/Mascot-3.png\" alt=\"PACO, el pez de dibujos animados, junto a un smartphone Murena con \/e\/OS\" class=\"wp-image-129916\" srcset=\"https:\/\/murena.com\/wp-content\/uploads\/2025\/08\/Mascot-3.png 754w, https:\/\/murena.com\/wp-content\/uploads\/2025\/08\/Mascot-3-296x300.png 296w, https:\/\/murena.com\/wp-content\/uploads\/2025\/08\/Mascot-3-148x150.png 148w, https:\/\/murena.com\/wp-content\/uploads\/2025\/08\/Mascot-3-60x61.png 60w, https:\/\/murena.com\/wp-content\/uploads\/2025\/08\/Mascot-3-110x111.png 110w, https:\/\/murena.com\/wp-content\/uploads\/2025\/08\/Mascot-3-50x50.png 50w, https:\/\/murena.com\/wp-content\/uploads\/2025\/08\/Mascot-3-100x100.png 100w\" sizes=\"auto, (max-width: 754px) 100vw, 754px\" \/><\/figure>\n<\/div>\n<\/div>\n<\/div>\n<\/div>\n","protected":false},"excerpt":{"rendered":"<p>La paternidad conectada comienza con Murena Somos conscientes de la importancia de garantizar un entorno&#8230;<\/p>\n","protected":false},"author":60455,"featured_media":0,"parent":0,"menu_order":0,"comment_status":"closed","ping_status":"closed","template":"","meta":{"_seopress_robots_primary_cat":"","_seopress_titles_title":"Murena para ni\u00f1os","_seopress_titles_desc":"Imagina un smartphone que antepone la salud, la seguridad y la privacidad de tus hijos, permiti\u00e9ndote decidir qu\u00e9 pueden ver, qu\u00e9 aplicaciones pueden usar y durante cu\u00e1nto tiempo. Eso es Murena para ni\u00f1os. ","_seopress_robots_index":"","footnotes":""},"class_list":["post-130785","page","type-page","status-publish","hentry","wpbf-post"],"_links":{"self":[{"href":"https:\/\/murena.com\/es\/wp-json\/wp\/v2\/pages\/130785","targetHints":{"allow":["GET"]}}],"collection":[{"href":"https:\/\/murena.com\/es\/wp-json\/wp\/v2\/pages"}],"about":[{"href":"https:\/\/murena.com\/es\/wp-json\/wp\/v2\/types\/page"}],"author":[{"embeddable":true,"href":"https:\/\/murena.com\/es\/wp-json\/wp\/v2\/users\/60455"}],"replies":[{"embeddable":true,"href":"https:\/\/murena.com\/es\/wp-json\/wp\/v2\/comments?post=130785"}],"version-history":[{"count":4,"href":"https:\/\/murena.com\/es\/wp-json\/wp\/v2\/pages\/130785\/revisions"}],"predecessor-version":[{"id":146038,"href":"https:\/\/murena.com\/es\/wp-json\/wp\/v2\/pages\/130785\/revisions\/146038"}],"wp:attachment":[{"href":"https:\/\/murena.com\/es\/wp-json\/wp\/v2\/media?parent=130785"}],"curies":[{"name":"wp","href":"https:\/\/api.w.org\/{rel}","templated":true}]}}