{"id":125790,"date":"2025-06-30T13:02:06","date_gmt":"2025-06-30T11:02:06","guid":{"rendered":"https:\/\/murena.com\/?page_id=125790"},"modified":"2025-06-30T13:02:06","modified_gmt":"2025-06-30T11:02:06","slug":"etiqueta-energetica","status":"publish","type":"page","link":"https:\/\/murena.com\/es\/etiqueta-energetica\/","title":{"rendered":"Etiqueta energ\u00e9tica"},"content":{"rendered":"\n<h2 class=\"wp-block-heading\"><strong>Normativa sobre la etiqueta energ\u00e9tica<\/strong><\/h2>\n\n<p>De acuerdo con la legislaci\u00f3n europea, <em>la Directiva 2009\/125\/CE<\/em> y <em>el Reglamento (UE) 2017\/1369<\/em>, todos los representantes autorizados, fabricantes, importadores, distribuidores, proveedores o vendedores que comercialicen productos electr\u00f3nicos en el mercado europeo, tienen que proporcionar etiquetas energ\u00e9ticas claras e informaci\u00f3n sobre el producto para cada smartphone y tablet.<\/p>\n\n<p>Esta normativa pretende mejorar el comportamiento medioambiental de los productos para lograr una mayor eficiencia energ\u00e9tica y sostenibilidad. Tambi\u00e9n permite que los clientes finales tengan una visi\u00f3n clara del impacto energ\u00e9tico del producto, y les da la posibilidad de comparar y elegir f\u00e1cilmente unos dispositivos m\u00e1s duraderos y eficientes energ\u00e9ticamente. <\/p>\n\n<h2 class=\"wp-block-heading\"><strong>Ecodise\u00f1o y etiquetado energ\u00e9tico para \/e\/OS<\/strong><\/h2>\n\n<p>\/e\/OS ofrece a los usuarios un sistema operativo que les ayuda a proteger su intimidad y les permite controlar sus datos. \/e\/OS tambi\u00e9n pretende ofrecer una soluci\u00f3n respetuosa con el medio ambiente que limite su impacto ecol\u00f3gico. \/e\/OS lo hace limitando la recogida de datos sobre las personas, reduciendo as\u00ed la energ\u00eda asociada al almacenamiento, an\u00e1lisis y transferencia de datos, trabajando con fabricantes de hardware sostenibles como Fairphone y Teracube, y dando soporte a smartphones y tabletas el mayor tiempo posible. Puedes leer m\u00e1s sobre estas acciones en <a href=\"https:\/\/murena.com\/es\/impacto\/\">www.murena.com\/impact<\/a>.     <\/p>\n\n<p>En t\u00e9rminos de uso de energ\u00eda en el dispositivo, hasta ahora, nuestras pruebas muestran que \/e\/OS es en su mayor\u00eda comparable a Android de Google. Por lo tanto, se aplican las mismas etiquetas energ\u00e9ticas proporcionadas por los fabricantes en combinaci\u00f3n con Android. Estas etiquetas energ\u00e9ticas y las especificaciones de producto de los dispositivos se pueden encontrar en los enlaces de la siguiente tabla.  <\/p>\n\n<div class=\"wp-block-columns is-layout-flex wp-container-core-columns-is-layout-28f84493 wp-block-columns-is-layout-flex\">\n<div class=\"wp-block-column is-layout-flow wp-block-column-is-layout-flow\" style=\"flex-basis:100%\">\n<figure class=\"wp-block-table\"><table class=\"has-fixed-layout\"><thead><tr><th><strong>Tel\u00e9fonos<\/strong><\/th><th><strong>Especificaci\u00f3n del producto<\/strong><\/th><\/tr><\/thead><tbody><tr><td>Murena Teracube T2s<\/td><td>PR\u00d3XIMAMENTE<\/td><\/tr><tr><td>Murena CMF Phone 1<\/td><td>PR\u00d3XIMAMENTE<\/td><\/tr><tr><td>Murena Fairphone 4<\/td><td>PR\u00d3XIMAMENTE<\/td><\/tr><tr><td>Murena Fairphone 5<\/td><td>PR\u00d3XIMAMENTE<\/td><\/tr><tr><td>Murena Fairphone (Gen. 6)<\/td><td>PR\u00d3XIMAMENTE<\/td><\/tr><tr><td>Murena Pixel 7<\/td><td>PR\u00d3XIMAMENTE<\/td><\/tr><tr><td>Murena Pixel 8<\/td><td>PR\u00d3XIMAMENTE<\/td><\/tr><tr><td>Tableta Murena Pixel<\/td><td>PR\u00d3XIMAMENTE<\/td><\/tr><\/tbody><\/table><\/figure>\n<\/div>\n<\/div>\n\n<p><\/p>\n","protected":false},"excerpt":{"rendered":"<p>Normativa sobre la etiqueta energ\u00e9tica De acuerdo con la legislaci\u00f3n europea, la Directiva 2009\/125\/CE y&#8230;<\/p>\n","protected":false},"author":5167,"featured_media":0,"parent":0,"menu_order":0,"comment_status":"closed","ping_status":"closed","template":"","meta":{"_seopress_robots_primary_cat":"","_seopress_titles_title":"","_seopress_titles_desc":"","_seopress_robots_index":"","footnotes":""},"class_list":["post-125790","page","type-page","status-publish","hentry","wpbf-post"],"_links":{"self":[{"href":"https:\/\/murena.com\/es\/wp-json\/wp\/v2\/pages\/125790","targetHints":{"allow":["GET"]}}],"collection":[{"href":"https:\/\/murena.com\/es\/wp-json\/wp\/v2\/pages"}],"about":[{"href":"https:\/\/murena.com\/es\/wp-json\/wp\/v2\/types\/page"}],"author":[{"embeddable":true,"href":"https:\/\/murena.com\/es\/wp-json\/wp\/v2\/users\/5167"}],"replies":[{"embeddable":true,"href":"https:\/\/murena.com\/es\/wp-json\/wp\/v2\/comments?post=125790"}],"version-history":[{"count":0,"href":"https:\/\/murena.com\/es\/wp-json\/wp\/v2\/pages\/125790\/revisions"}],"wp:attachment":[{"href":"https:\/\/murena.com\/es\/wp-json\/wp\/v2\/media?parent=125790"}],"curies":[{"name":"wp","href":"https:\/\/api.w.org\/{rel}","templated":true}]}}