{"id":122314,"date":"2025-05-21T13:54:04","date_gmt":"2025-05-21T11:54:04","guid":{"rendered":"https:\/\/murena.com\/e-os-v3-lanzamiento-en-directo\/"},"modified":"2025-05-23T04:41:46","modified_gmt":"2025-05-23T02:41:46","slug":"v3-event","status":"publish","type":"page","link":"https:\/\/murena.com\/es\/v3-event\/","title":{"rendered":"\/e\/OS V3 lanzamiento en directo"},"content":{"rendered":"\n<figure class=\"wp-block-image size-full is-style-default\"><img decoding=\"async\" src=\"https:\/\/murena.com\/wp-content\/uploads\/2025\/05\/BANNER_ES.png\" alt=\"\" class=\"wp-image-122108\"\/><\/figure>\n\n<h1 class=\"wp-block-heading\">\/e\/OS 3.0 lanzamiento en directo<\/h1>\n\n<p style=\"line-height:1.5\">El martes 3 de junio de 2025 de 16:00 a 17:00 horas (CEST)<br\/><br\/>D\u00f3nde:<br\/><a href=\"http:\/\/www.youtube.com\/@murenacorp\" data-type=\"link\" data-id=\"www.youtube.com\/@murenacorp\">www.youtube.com\/@murenacorp<\/a><br\/><a href=\"https:\/\/peer.tube\/a\/efoundation\/video-channels\">https:\/\/peer.tube\/a\/efoundation\/video-channels <\/a><br\/><a href=\"https:\/\/t.me\/mydataismydata\">https:\/\/t.me\/mydataismydata<\/a> <\/p>\n\n<div class=\"wp-block-buttons is-layout-flex wp-block-buttons-is-layout-flex\">\n<div class=\"wp-block-button\" style=\"text-transform:uppercase\"><a class=\"wp-block-button__link wp-element-button\" href=\"https:\/\/murena.com\/wp-content\/uploads\/2025\/05\/e_OS-3.0-live-launch.ics\">A\u00f1adir al calendario<\/a><\/div>\n<\/div>\n\n<div class=\"wp-block-group has-background is-layout-flow wp-block-group-is-layout-flow\" style=\"border-radius:15px;background-color:#f7f7f7;padding-top:var(--wp--preset--spacing--40);padding-right:var(--wp--preset--spacing--40);padding-bottom:var(--wp--preset--spacing--40);padding-left:var(--wp--preset--spacing--40)\">\n<h2 class=\"wp-block-heading has-text-align-left\" style=\"padding-top:0;padding-bottom:0\">A prop\u00f3sito<\/h2>\n\n\n\n<p class=\"has-text-align-left\" style=\"line-height:1.5\">Nos complace invitarle a la presentaci\u00f3n en directo de \/e\/OS 3.0, el siguiente paso en la construcci\u00f3n de un mundo digital m\u00e1s \u00e9tico, abierto y con m\u00e1s poder para los usuarios. Este evento especial se retransmitir\u00e1 en directo y, a continuaci\u00f3n, habr\u00e1 una sesi\u00f3n de preguntas y respuestas que le dar\u00e1 la oportunidad de interactuar directamente con el equipo que est\u00e1 detr\u00e1s de \/e\/OS. <br\/><br\/>En el mundo hiperconectado de hoy, nuestros tel\u00e9fonos inteligentes a menudo saben m\u00e1s de nosotros que nosotros mismos. Cada pulsaci\u00f3n, deslizamiento, ubicaci\u00f3n, b\u00fasqueda o activaci\u00f3n del micr\u00f3fono puede ser rastreado y almacenado silenciosamente, y luego vendido por editores de aplicaciones y gigantes tecnol\u00f3gicos. A medida que nuestra vida digital aumenta, tambi\u00e9n lo hacen las amenazas a nuestra privacidad.  <br\/><br\/>En Murena creemos que hay una forma mejor. Por eso hemos creado \/e\/OS: un sistema operativo m\u00f3vil sin Google que tambi\u00e9n es incre\u00edblemente f\u00e1cil de usar, para todo el mundo. \/e\/OS no tiene anuncios dirigidos al usuario, ni rastreadores, y cuenta con una interfaz de usuario y una experiencia de usuario intuitivas y f\u00e1ciles de usar. Construido por un equipo global y dise\u00f1ado desde cero con la facilidad de uso, la privacidad y el c\u00f3digo abierto en su n\u00facleo, \/e\/OS te devuelve el control de tu vida digital.   <br\/><br\/>Con el Murena Workspace, vamos a\u00fan m\u00e1s lejos: ofrecemos un ecosistema completo que incluye nube, correo electr\u00f3nico, calendario y mucho m\u00e1s, todo ello construido pensando en la privacidad y la libertad digital, as\u00ed como en la sostenibilidad (\u00a1funciona al 100% con energ\u00eda renovable!).<br\/><br\/>El 3 de junio nos enorgullece desvelar el \u00faltimo hito de este viaje: \/e\/OS 3.0. Esta versi\u00f3n aporta nuevas funciones, una experiencia m\u00e1s fluida y potente que nunca, m\u00e1s control y una privacidad y seguridad a\u00fan mejores. <br\/><br\/><strong>No te pierdas el lanzamiento en directo: 3 de junio a las 16:00 CEST<br\/>\u00danete a nosotros para ver las novedades de \/e\/OS 3.0 y asiste a una sesi\u00f3n de preguntas y respuestas en directo con el equipo.<br\/>Recuperemos juntos el control de nuestras vidas digitales. <\/strong><\/p>\n\n\n\n<p style=\"line-height:1.5\">El evento se celebrar\u00e1 en nuestro canal de YouTube <a href=\"http:\/\/www.youtube.com\/@murenacorp\" data-type=\"link\" data-id=\"www.youtube.com\/@murenacorp\">www.youtube.com\/@murenacorp<\/a> y PeerTube <a href=\"https:\/\/peer.tube\/a\/efoundation\/video-channels\">https:\/\/peer.tube\/a\/efoundation\/video-channels;<\/a> tambi\u00e9n podr\u00e1 verlo en Telegram.<br\/><br\/>El grupo de Telegram para unirse a la transmisi\u00f3n en directo se compartir\u00e1 en este canal: <a href=\"https:\/\/t.me\/mydataismydata\">https:\/\/t.me\/mydataismydata<\/a><br\/>La repetici\u00f3n estar\u00e1 disponible en YouTube www.youtube.com\/@murenacorp y PeerTube <a href=\"https:\/\/peer.tube\/a\/efoundation\/video-channels\">https:\/\/peer.tube\/a\/efoundation\/video-channels<\/a> <\/p>\n<\/div>\n","protected":false},"excerpt":{"rendered":"<p>\/e\/OS 3.0 lanzamiento en directo El martes 3 de junio de 2025 de 16:00 a&#8230;<\/p>\n","protected":false},"author":5167,"featured_media":122111,"parent":0,"menu_order":0,"comment_status":"closed","ping_status":"closed","template":"","meta":{"_seopress_robots_primary_cat":"","_seopress_titles_title":"","_seopress_titles_desc":"","_seopress_robots_index":"","footnotes":""},"class_list":["post-122314","page","type-page","status-publish","has-post-thumbnail","hentry","wpbf-post"],"_links":{"self":[{"href":"https:\/\/murena.com\/es\/wp-json\/wp\/v2\/pages\/122314","targetHints":{"allow":["GET"]}}],"collection":[{"href":"https:\/\/murena.com\/es\/wp-json\/wp\/v2\/pages"}],"about":[{"href":"https:\/\/murena.com\/es\/wp-json\/wp\/v2\/types\/page"}],"author":[{"embeddable":true,"href":"https:\/\/murena.com\/es\/wp-json\/wp\/v2\/users\/5167"}],"replies":[{"embeddable":true,"href":"https:\/\/murena.com\/es\/wp-json\/wp\/v2\/comments?post=122314"}],"version-history":[{"count":3,"href":"https:\/\/murena.com\/es\/wp-json\/wp\/v2\/pages\/122314\/revisions"}],"predecessor-version":[{"id":122357,"href":"https:\/\/murena.com\/es\/wp-json\/wp\/v2\/pages\/122314\/revisions\/122357"}],"wp:featuredmedia":[{"embeddable":true,"href":"https:\/\/murena.com\/es\/wp-json\/wp\/v2\/media\/122111"}],"wp:attachment":[{"href":"https:\/\/murena.com\/es\/wp-json\/wp\/v2\/media?parent=122314"}],"curies":[{"name":"wp","href":"https:\/\/api.w.org\/{rel}","templated":true}]}}