{"id":100749,"date":"2024-03-07T19:21:52","date_gmt":"2024-03-07T18:21:52","guid":{"rendered":"https:\/\/murena.com\/socios-murena\/"},"modified":"2024-03-07T19:21:52","modified_gmt":"2024-03-07T18:21:52","slug":"socios-murena","status":"publish","type":"page","link":"https:\/\/murena.com\/es\/socios-murena\/","title":{"rendered":"Socios Murena"},"content":{"rendered":"","protected":false},"excerpt":{"rendered":"","protected":false},"author":5167,"featured_media":0,"parent":0,"menu_order":0,"comment_status":"closed","ping_status":"closed","template":"affiliate-landing-page.php","meta":{"_seopress_robots_primary_cat":"","_seopress_titles_title":"\u00a1Convi\u00e9rtase en socio de Murena!","_seopress_titles_desc":"Nuestra misi\u00f3n es dar a la gente libertad de elecci\u00f3n. Convi\u00e9rtete en socio y gana comisiones promocionando Murena y ayudando a la gente a recuperar el control sobre sus datos.","_seopress_robots_index":"","footnotes":""},"class_list":["post-100749","page","type-page","status-publish","hentry","wpbf-post"],"_links":{"self":[{"href":"https:\/\/murena.com\/es\/wp-json\/wp\/v2\/pages\/100749","targetHints":{"allow":["GET"]}}],"collection":[{"href":"https:\/\/murena.com\/es\/wp-json\/wp\/v2\/pages"}],"about":[{"href":"https:\/\/murena.com\/es\/wp-json\/wp\/v2\/types\/page"}],"author":[{"embeddable":true,"href":"https:\/\/murena.com\/es\/wp-json\/wp\/v2\/users\/5167"}],"replies":[{"embeddable":true,"href":"https:\/\/murena.com\/es\/wp-json\/wp\/v2\/comments?post=100749"}],"version-history":[{"count":0,"href":"https:\/\/murena.com\/es\/wp-json\/wp\/v2\/pages\/100749\/revisions"}],"wp:attachment":[{"href":"https:\/\/murena.com\/es\/wp-json\/wp\/v2\/media?parent=100749"}],"curies":[{"name":"wp","href":"https:\/\/api.w.org\/{rel}","templated":true}]}}