{"id":68147,"date":"2022-08-23T16:27:00","date_gmt":"2022-08-23T14:27:00","guid":{"rendered":"https:\/\/murena.com\/shop\/unkategorisiert\/murena-one-softcase-schutzhulle\/"},"modified":"2026-03-20T16:18:46","modified_gmt":"2026-03-20T15:18:46","slug":"murena-one-case","status":"publish","type":"product","link":"https:\/\/murena.com\/de\/laden\/zubehoer\/murena-one-case\/","title":{"rendered":"Murena One Schutzh\u00fclle"},"content":{"rendered":"","protected":false},"excerpt":{"rendered":"<div class=\"woocommerce-product-details__short-description\">\n<p>Das Murena One Protective Case bietet zus\u00e4tzlichen Schutz mit einer schlanken, glatten \u00c4sthetik. Sie besteht aus TPU und hat eine dezente leder\u00e4hnliche Textur. Sie ist schlank, leicht und weich, aber dennoch robust genug, um unerwartete St\u00f6\u00dfe und St\u00fcrze zu \u00fcberstehen.  <\/p>\n<div class=\"page\" title=\"Page 2\">\n<div class=\"section\">\n<div class=\"layoutArea\">\n<div class=\"column\">\n<p>Diese Tasche wurde speziell daf\u00fcr entwickelt, dass Ihr Murena One so lange wie m\u00f6glich h\u00e4lt.<\/p>\n<\/div>\n<\/div>\n<\/div>\n<\/div>\n<p>Kompatibel nur mit Murena One. <strong>Nicht kompatibel<\/strong> mit Murena Fairphone 4, Murena Fairphone 3+ oder Murena Teracube 2e.<\/p>\n<\/div>\n","protected":false},"featured_media":68181,"comment_status":"open","ping_status":"closed","template":"","meta":{"_seopress_robots_primary_cat":"none","_seopress_titles_title":"Murena One Koffer","_seopress_titles_desc":"Das Murena One Protective Case bietet zus\u00e4tzlichen Schutz mit einer schlanken, glatten \u00c4sthetik. Sie besteht aus TPU und hat eine dezente leder\u00e4hnliche Textur. Sie ist schlank, leicht und weich, aber dennoch robust genug, um unerwartete St\u00f6\u00dfe und St\u00fcrze zu \u00fcberstehen.  ","_seopress_robots_index":""},"product_brand":[],"product_cat":[454],"product_tag":[],"class_list":{"0":"post-68147","1":"product","2":"type-product","3":"status-publish","4":"has-post-thumbnail","6":"product_cat-zubehoer","7":"wpbf-post","10":"instock","11":"taxable","12":"shipping-taxable","13":"purchasable","14":"product-type-simple"},"bundled_by":[],"bundle_stock_status":"instock","bundle_stock_quantity":4,"bundle_virtual":false,"bundle_layout":"","bundle_add_to_cart_form_location":"","bundle_editable_in_cart":false,"bundle_sold_individually_context":"","bundle_item_grouping":"","bundle_min_size":"","bundle_max_size":"","bundle_price":[],"bundled_items":[],"bundle_sell_ids":[],"supplier_id":68079,"supplier_sku":"X2 case","barcode":null,"atum_controlled":true,"out_stock_date":null,"out_stock_threshold":null,"inheritable":false,"inbound_stock":0,"stock_on_hold":0,"sold_today":0,"sales_last_days":0,"reserved_stock":0,"customer_returns":0,"warehouse_damage":0,"lost_in_post":0,"other_logs":0,"out_stock_days":0,"lost_sales":0,"has_location":false,"update_date":"2026-04-03T12:15:33","atum_locations":[],"atum_stock_status":"instock","restock_status":false,"low_stock_amount":"","sales_update_date":"2026-04-03T12:15:33","calc_backorders":null,"linked_bom":[],"sync_purchase_price":false,"bom_sellable":null,"minimum_threshold":null,"available_to_purchase":null,"selling_priority":null,"calculated_stock":null,"is_bom":false,"mi_inventories":[],"multi_inventory":"global","inventory_sorting_mode":"global","inventory_iteration":"global","expirable_inventories":"global","price_per_inventory":"global","show_write_off_inventories":"global","selectable_inventories":"global","selectable_inventories_mode":"global","_links":{"self":[{"href":"https:\/\/murena.com\/de\/wp-json\/wp\/v2\/product\/68147","targetHints":{"allow":["GET"]}}],"collection":[{"href":"https:\/\/murena.com\/de\/wp-json\/wp\/v2\/product"}],"about":[{"href":"https:\/\/murena.com\/de\/wp-json\/wp\/v2\/types\/product"}],"replies":[{"embeddable":true,"href":"https:\/\/murena.com\/de\/wp-json\/wp\/v2\/comments?post=68147"}],"wp:featuredmedia":[{"embeddable":true,"href":"https:\/\/murena.com\/de\/wp-json\/wp\/v2\/media\/68181"}],"wp:attachment":[{"href":"https:\/\/murena.com\/de\/wp-json\/wp\/v2\/media?parent=68147"}],"wp:term":[{"taxonomy":"product_brand","embeddable":true,"href":"https:\/\/murena.com\/de\/wp-json\/wp\/v2\/product_brand?post=68147"},{"taxonomy":"product_cat","embeddable":true,"href":"https:\/\/murena.com\/de\/wp-json\/wp\/v2\/product_cat?post=68147"},{"taxonomy":"product_tag","embeddable":true,"href":"https:\/\/murena.com\/de\/wp-json\/wp\/v2\/product_tag?post=68147"}],"curies":[{"name":"wp","href":"https:\/\/api.w.org\/{rel}","templated":true}]}}