{"id":56552,"date":"2021-12-13T18:14:12","date_gmt":"2021-12-13T17:14:12","guid":{"rendered":"https:\/\/murena.com\/shop\/duales-ladegerat-30w-uk\/"},"modified":"2026-01-02T14:44:09","modified_gmt":"2026-01-02T13:44:09","slug":"duales-ladegerat-30w-uk","status":"publish","type":"product","link":"https:\/\/murena.com\/de\/laden\/zubehoer\/duales-ladegerat-30w-uk\/","title":{"rendered":"UK USB Fairphone Schnellladeger\u00e4t: Dual-Port"},"content":{"rendered":"<p>Dieses vielseitige Dual-Port-Ladeger\u00e4t wurde entwickelt, um Ihre L\u00f6sung f\u00fcr schnelles und effizientes Aufladen zu sein. Es ist kompatibel mit einer Reihe von elektronischen Ger\u00e4ten, wie dem Murena Fairphone 3(+) und nat\u00fcrlich dem Murena Fairphone 4. Mit einer Leistung von 30 W bringt es den Akku Ihres Murena Fairphone 4 in nur 30 Minuten auf 50 %. Zusammen mit dem 18-W-USB-A-Anschluss ist es ein sehr vielseitiges Ladeger\u00e4t. Wie bei den meisten Fairphone-Produkten besteht das Geh\u00e4use aus recyceltem Kunststoff.<\/p>\n<p>Kompatibel mit Fairphone 4, Fairphone 3+, Fairphone 3.<\/p>\n","protected":false},"excerpt":{"rendered":"<p>Dieses vielseitige Ladeger\u00e4t mit zwei Anschl\u00fcssen ist ideal, um Ihre Ger\u00e4te schnell und effizient aufzuladen. Es ist kompatibel mit einer Reihe von elektronischen Ger\u00e4ten, wie dem Murena Fairphone 3(+) und nat\u00fcrlich dem Murena Fairphone 4. Mit einer Leistung von 30 W bringt es den Akku Ihres Murena Fairphone 4 in nur 30 Minuten auf 50 %. Dank des 18-W-USB-A-Anschlusses ist es ein sehr vielseitiges Ladeger\u00e4t. Wie bei den meisten Fairphone-Produkten besteht das Geh\u00e4use aus recyceltem Kunststoff.    <\/p>\n<p>Kompatibel mit Murena Fairphone (Gen. 6), Murena Fairphone 5, Murena Fairphone 4, Murena Fairphone 3+, Murena Fairphone 3.<br \/>\nLadekabel <strong>nicht<\/strong> enthalten.<\/p>\n","protected":false},"featured_media":56298,"comment_status":"open","ping_status":"closed","template":"","meta":{"_seopress_robots_primary_cat":"none","_seopress_titles_title":"","_seopress_titles_desc":"USB-Schnellladeger\u00e4t mit Dual-Port f\u00fcr Fairphone 4. Dieses Ladeger\u00e4t ist \u201eQuick Charge\u201c, laden Sie Ihr Fairphone 4 Akku von 0% et 50% in nur 30 Minuten. ","_seopress_robots_index":""},"product_brand":[],"product_cat":[454],"product_tag":[819],"class_list":{"0":"post-56552","1":"product","2":"type-product","3":"status-publish","4":"has-post-thumbnail","6":"product_cat-zubehoer","7":"product_tag-zubehor","8":"wpbf-post","11":"instock","12":"taxable","13":"shipping-taxable","14":"purchasable","15":"product-type-simple"},"bundled_by":[],"bundle_stock_status":"instock","bundle_stock_quantity":15,"bundle_virtual":false,"bundle_layout":"","bundle_add_to_cart_form_location":"","bundle_editable_in_cart":false,"bundle_sold_individually_context":"","bundle_item_grouping":"","bundle_min_size":"","bundle_max_size":"","bundle_price":[],"bundled_items":[],"bundle_sell_ids":[],"supplier_id":28948,"supplier_sku":"ACCHAR-202-UK1","barcode":null,"atum_controlled":true,"out_stock_date":null,"out_stock_threshold":null,"inheritable":false,"inbound_stock":0,"stock_on_hold":1,"sold_today":0,"sales_last_days":0,"reserved_stock":0,"customer_returns":0,"warehouse_damage":0,"lost_in_post":0,"other_logs":0,"out_stock_days":0,"lost_sales":0,"has_location":false,"update_date":"2026-04-08T12:10:59","atum_locations":[],"atum_stock_status":"instock","restock_status":false,"low_stock_amount":0,"sales_update_date":"2026-04-08T12:10:58","calc_backorders":null,"linked_bom":[],"sync_purchase_price":false,"bom_sellable":null,"minimum_threshold":null,"available_to_purchase":null,"selling_priority":null,"calculated_stock":null,"is_bom":false,"mi_inventories":[],"multi_inventory":"no","inventory_sorting_mode":"global","inventory_iteration":"global","expirable_inventories":"global","price_per_inventory":"global","show_write_off_inventories":"global","selectable_inventories":"global","selectable_inventories_mode":"global","_links":{"self":[{"href":"https:\/\/murena.com\/de\/wp-json\/wp\/v2\/product\/56552","targetHints":{"allow":["GET"]}}],"collection":[{"href":"https:\/\/murena.com\/de\/wp-json\/wp\/v2\/product"}],"about":[{"href":"https:\/\/murena.com\/de\/wp-json\/wp\/v2\/types\/product"}],"replies":[{"embeddable":true,"href":"https:\/\/murena.com\/de\/wp-json\/wp\/v2\/comments?post=56552"}],"wp:featuredmedia":[{"embeddable":true,"href":"https:\/\/murena.com\/de\/wp-json\/wp\/v2\/media\/56298"}],"wp:attachment":[{"href":"https:\/\/murena.com\/de\/wp-json\/wp\/v2\/media?parent=56552"}],"wp:term":[{"taxonomy":"product_brand","embeddable":true,"href":"https:\/\/murena.com\/de\/wp-json\/wp\/v2\/product_brand?post=56552"},{"taxonomy":"product_cat","embeddable":true,"href":"https:\/\/murena.com\/de\/wp-json\/wp\/v2\/product_cat?post=56552"},{"taxonomy":"product_tag","embeddable":true,"href":"https:\/\/murena.com\/de\/wp-json\/wp\/v2\/product_tag?post=56552"}],"curies":[{"name":"wp","href":"https:\/\/api.w.org\/{rel}","templated":true}]}}