{"id":56544,"date":"2021-12-13T18:37:21","date_gmt":"2021-12-13T17:37:21","guid":{"rendered":"https:\/\/murena.com\/shop\/murena-fairphone-4-displayschutz-mit-blaulichtfilter\/"},"modified":"2026-03-01T14:42:18","modified_gmt":"2026-03-01T13:42:18","slug":"fairphone-4-displayschutz-mit-blaulichtfilter","status":"publish","type":"product","link":"https:\/\/murena.com\/de\/laden\/zubehoer\/fairphone-4-displayschutz-mit-blaulichtfilter\/","title":{"rendered":"Fairphone 4 Displayschutz mit Blaulichtfilter"},"content":{"rendered":"<p>Diese Displayschutzfolie wurde entwickelt, um Ihr Murena Fairphone 4 so lange wie m\u00f6glich zu sch\u00fctzen. Das 9H geh\u00e4rtete Glas ist sehr widerstandsf\u00e4hig, bietet eine ausgezeichnete Kratzfestigkeit und sch\u00fctzt sogar vor niedrigen St\u00fcrzen. Eine spezielle Oberfl\u00e4chenbeschichtung reduziert Fingerabdr\u00fccke, und die abgerundeten Kanten runden das diskrete Design ab.<\/p>\n<p>Diese Displayschutzfolie filtert blaues Licht und bietet somit dreifachen Schutz: Sie sch\u00fctzt Ihren Bildschirm vor Kratzern, sch\u00fctzt Ihre Augen vor \u00dcberanstrengung und sch\u00fctzt Ihren Schlaf, w\u00e4hrend die Farben Ihres Bildschirms erhalten bleiben.<\/p>\n<p>Hergestellt aus Accessory Glass by Corning\u00ae Material.<\/p>\n<p>Kompatibel mit Murena Fairphone 4 | <strong>Inkompatibel<\/strong> mit Murena Fairphone 3+, Fairphone 3.<\/p>\n","protected":false},"excerpt":{"rendered":"<p>Dieser Displayschutz wurde entwickelt, um die Lebensdauer Ihres Murena Fairphone 4 zu maximieren.<br \/>Das geh\u00e4rtete 9H-Glas ist besonders widerstandsf\u00e4hig, bietet hervorragenden Kratzschutz und sch\u00fctzt sogar bei kleineren St\u00fcrzen. Eine spezielle Oberfl\u00e4chenbeschichtung reduziert Fingerabdr\u00fccke, w\u00e4hrend die abgerundeten Kanten dem dezenten Design eine elegante Note verleihen.  <\/p>\n<p>Der Displayschutz filtert blaues Licht und bietet damit dreifachen Schutz: Er sch\u00fctzt den Bildschirm vor Kratzern, Ihre Augen vor \u00dcberanstrengung und Ihren Schlaf \u2013 ohne die Farbdarstellung des Displays zu beeintr\u00e4chtigen.<\/p>\n<p>Hergestellt aus Accessory Glass von Corning\u00ae.<\/p>\n<p>Kompatibel mit Murena Fairphone 4 | <strong>Nicht kompatibel<\/strong> mit Murena Fairphone 5, Fairphone 3+ und Fairphone.<\/p>\n","protected":false},"featured_media":56346,"comment_status":"open","ping_status":"closed","template":"","meta":{"_seopress_robots_primary_cat":"none","_seopress_titles_title":"Fairphone 4 Displayschutzfolie mit Blaulichtfilter","_seopress_titles_desc":"Dieser Displayschutz wurde entwickelt, um Ihr Murena Fairphone 4 so lange wie m\u00f6glich zu sch\u00fctzen. Das 9H geh\u00e4rtete Glas ist sehr widerstandsf\u00e4hig, bietet eine ausgezeichnete Kratzfestigkeit und sch\u00fctzt sogar vor niedrigen St\u00fcrzen. Eine spezielle Oberfl\u00e4chenbeschichtung reduziert Fingerabdr\u00fccke, w\u00e4hrend die abgerundeten Kanten dem dezenten Design eine elegante Note verleihen.  ","_seopress_robots_index":""},"product_brand":[],"product_cat":[454],"product_tag":[819],"class_list":{"0":"post-56544","1":"product","2":"type-product","3":"status-publish","4":"has-post-thumbnail","6":"product_cat-zubehoer","7":"product_tag-zubehor","8":"wpbf-post","11":"instock","12":"taxable","13":"shipping-taxable","14":"purchasable","15":"product-type-simple"},"bundled_by":[],"bundle_stock_status":"instock","bundle_stock_quantity":2,"bundle_virtual":false,"bundle_layout":"","bundle_add_to_cart_form_location":"","bundle_editable_in_cart":false,"bundle_sold_individually_context":"","bundle_item_grouping":"","bundle_min_size":"","bundle_max_size":"","bundle_price":[],"bundled_items":[],"bundle_sell_ids":[],"supplier_id":28948,"supplier_sku":"F4PRTC-1BL-WW1","barcode":null,"atum_controlled":true,"out_stock_date":null,"out_stock_threshold":null,"inheritable":false,"inbound_stock":0,"stock_on_hold":0,"sold_today":0,"sales_last_days":0,"reserved_stock":180,"customer_returns":0,"warehouse_damage":0,"lost_in_post":0,"other_logs":20,"out_stock_days":0,"lost_sales":0,"has_location":false,"update_date":"2026-04-08T12:17:06","atum_locations":[],"atum_stock_status":"instock","restock_status":false,"low_stock_amount":0,"sales_update_date":"2026-04-08T12:17:06","calc_backorders":null,"linked_bom":[],"sync_purchase_price":false,"bom_sellable":null,"minimum_threshold":null,"available_to_purchase":null,"selling_priority":null,"calculated_stock":null,"is_bom":false,"mi_inventories":[],"multi_inventory":"no","inventory_sorting_mode":"global","inventory_iteration":"global","expirable_inventories":"global","price_per_inventory":"global","show_write_off_inventories":"global","selectable_inventories":"global","selectable_inventories_mode":"global","_links":{"self":[{"href":"https:\/\/murena.com\/de\/wp-json\/wp\/v2\/product\/56544","targetHints":{"allow":["GET"]}}],"collection":[{"href":"https:\/\/murena.com\/de\/wp-json\/wp\/v2\/product"}],"about":[{"href":"https:\/\/murena.com\/de\/wp-json\/wp\/v2\/types\/product"}],"replies":[{"embeddable":true,"href":"https:\/\/murena.com\/de\/wp-json\/wp\/v2\/comments?post=56544"}],"wp:featuredmedia":[{"embeddable":true,"href":"https:\/\/murena.com\/de\/wp-json\/wp\/v2\/media\/56346"}],"wp:attachment":[{"href":"https:\/\/murena.com\/de\/wp-json\/wp\/v2\/media?parent=56544"}],"wp:term":[{"taxonomy":"product_brand","embeddable":true,"href":"https:\/\/murena.com\/de\/wp-json\/wp\/v2\/product_brand?post=56544"},{"taxonomy":"product_cat","embeddable":true,"href":"https:\/\/murena.com\/de\/wp-json\/wp\/v2\/product_cat?post=56544"},{"taxonomy":"product_tag","embeddable":true,"href":"https:\/\/murena.com\/de\/wp-json\/wp\/v2\/product_tag?post=56544"}],"curies":[{"name":"wp","href":"https:\/\/api.w.org\/{rel}","templated":true}]}}