{"id":56538,"date":"2021-12-13T18:39:33","date_gmt":"2021-12-13T17:39:33","guid":{"rendered":"https:\/\/murena.com\/shop\/murena-fairphone-4-displayschutz-mit-privacy-filter\/"},"modified":"2025-12-16T08:09:55","modified_gmt":"2025-12-16T07:09:55","slug":"fairphone-4-displayschutz-mit-privacy-filter","status":"publish","type":"product","link":"https:\/\/murena.com\/de\/laden\/zubehoer\/fairphone-4-displayschutz-mit-privacy-filter\/","title":{"rendered":"Fairphone 4 Displayschutz mit Sichtschutzfilter"},"content":{"rendered":"<p>Dieser Bildschirmschutz wurde entwickelt, damit Ihr Murena Fairphone 4 so lange wie m\u00f6glich h\u00e4lt. Das 9H geh\u00e4rtete Glas ist sehr widerstandsf\u00e4hig, bietet eine ausgezeichnete Kratzfestigkeit und sch\u00fctzt sogar vor leichten St\u00fcrzen. Eine spezielle Oberfl\u00e4chenbeschichtung reduziert Fingerabdr\u00fccke, und die abgerundeten Kanten runden das diskrete Design ab.<\/p>\n<p>&nbsp;<\/p>\n<p>Unsere Sichtschutzfolie erf\u00fcllt eine doppelte Aufgabe: Sie sorgt daf\u00fcr, dass Ihr Display in einem tadellosen Zustand bleibt, und stellt gleichzeitig sicher, dass niemand einen Blick auf Ihren Bildschirm werfen kann. Super spionageartig.<\/p>\n<p>Hergestellt aus Accessory Glass by Corning\u00ae Material.<\/p>\n<p>Kompatibel mit Murena Fairphone 4 | <strong>Inkompatibel<\/strong> mit Murena Fairphone 3+, Fairphone 3.<\/p>\n","protected":false},"excerpt":{"rendered":"<p>Dieser Displayschutz wurde entwickelt, um die Lebensdauer Ihres Murena Fairphone 4 zu maximieren.<br \/>Das geh\u00e4rtete 9H-Glas ist besonders widerstandsf\u00e4hig, bietet hervorragenden Kratzschutz und sch\u00fctzt sogar bei kleineren St\u00fcrzen. Eine spezielle Oberfl\u00e4chenbeschichtung reduziert Fingerabdr\u00fccke, w\u00e4hrend die sanft abgerundeten Kanten dem dezenten Design eine elegante Note verleihen.  <\/p>\n<p>Unsere Sichtschutzfolie erf\u00fcllt eine doppelte Aufgabe: Sie sorgt daf\u00fcr, dass Ihr Bildschirm in einem tadellosen Zustand bleibt, und stellt gleichzeitig sicher, dass niemand einen Blick auf Ihren Bildschirm werfen kann. Super-Spionage-Gadget. <\/p>\n<p>Hergestellt aus Accessory Glass von Corning\u00ae.<\/p>\n<p>Kompatibel mit Murena Fairphone 4 | <strong>Nicht kompatibel<\/strong> mit Murena Fairphone 5, Fairphone 3+ und Fairphone.<\/p>\n","protected":false},"featured_media":56346,"comment_status":"open","ping_status":"closed","template":"","meta":{"_seopress_robots_primary_cat":"none","_seopress_titles_title":"Fairphone 4 Displayschutzfolie mit Sichtschutzfilter","_seopress_titles_desc":"Dieser Displayschutz wurde entwickelt, um die Lebensdauer Ihres Murena Fairphone 4 zu maximieren.<br>Das geh\u00e4rtete 9H-Glas ist besonders widerstandsf\u00e4hig, bietet hervorragenden Kratzschutz und sch\u00fctzt sogar bei kleineren St\u00fcrzen. Eine spezielle Oberfl\u00e4chenbeschichtung reduziert Fingerabdr\u00fccke, w\u00e4hrend die abgerundeten Kanten dem dezenten Design eine elegante Note verleihen.  ","_seopress_robots_index":""},"product_brand":[],"product_cat":[454],"product_tag":[819],"class_list":{"0":"post-56538","1":"product","2":"type-product","3":"status-publish","4":"has-post-thumbnail","6":"product_cat-zubehoer","7":"product_tag-zubehor","8":"wpbf-post","11":"outofstock","12":"taxable","13":"shipping-taxable","14":"purchasable","15":"product-type-simple"},"bundled_by":[],"bundle_stock_status":"outofstock","bundle_stock_quantity":0,"bundle_virtual":false,"bundle_layout":"","bundle_add_to_cart_form_location":"","bundle_editable_in_cart":false,"bundle_sold_individually_context":"","bundle_item_grouping":"","bundle_min_size":"","bundle_max_size":"","bundle_price":[],"bundled_items":[],"bundle_sell_ids":[],"supplier_id":28948,"supplier_sku":"F4PRTC-1PF-WW1","barcode":null,"atum_controlled":true,"out_stock_date":"2025-12-16 16:13:54","out_stock_threshold":null,"inheritable":false,"inbound_stock":0,"stock_on_hold":0,"sold_today":0,"sales_last_days":0,"reserved_stock":180,"customer_returns":0,"warehouse_damage":0,"lost_in_post":0,"other_logs":0,"out_stock_days":145,"lost_sales":0,"has_location":false,"update_date":"2026-05-11T12:20:00","atum_locations":[],"atum_stock_status":"outofstock","restock_status":false,"low_stock_amount":0,"sales_update_date":"2026-05-11T12:19:59","calc_backorders":null,"linked_bom":[],"sync_purchase_price":false,"bom_sellable":null,"minimum_threshold":null,"available_to_purchase":null,"selling_priority":null,"calculated_stock":null,"is_bom":false,"mi_inventories":[],"multi_inventory":"no","inventory_sorting_mode":"global","inventory_iteration":"global","expirable_inventories":"global","price_per_inventory":"global","show_write_off_inventories":"global","selectable_inventories":"global","selectable_inventories_mode":"global","_links":{"self":[{"href":"https:\/\/murena.com\/de\/wp-json\/wp\/v2\/product\/56538","targetHints":{"allow":["GET"]}}],"collection":[{"href":"https:\/\/murena.com\/de\/wp-json\/wp\/v2\/product"}],"about":[{"href":"https:\/\/murena.com\/de\/wp-json\/wp\/v2\/types\/product"}],"replies":[{"embeddable":true,"href":"https:\/\/murena.com\/de\/wp-json\/wp\/v2\/comments?post=56538"}],"wp:featuredmedia":[{"embeddable":true,"href":"https:\/\/murena.com\/de\/wp-json\/wp\/v2\/media\/56346"}],"wp:attachment":[{"href":"https:\/\/murena.com\/de\/wp-json\/wp\/v2\/media?parent=56538"}],"wp:term":[{"taxonomy":"product_brand","embeddable":true,"href":"https:\/\/murena.com\/de\/wp-json\/wp\/v2\/product_brand?post=56538"},{"taxonomy":"product_cat","embeddable":true,"href":"https:\/\/murena.com\/de\/wp-json\/wp\/v2\/product_cat?post=56538"},{"taxonomy":"product_tag","embeddable":true,"href":"https:\/\/murena.com\/de\/wp-json\/wp\/v2\/product_tag?post=56538"}],"curies":[{"name":"wp","href":"https:\/\/api.w.org\/{rel}","templated":true}]}}