{"id":56513,"date":"2021-12-14T16:12:43","date_gmt":"2021-12-14T15:12:43","guid":{"rendered":"https:\/\/murena.com\/shop\/murena-fairphone-4-softcase-schutzhulle-rot\/"},"modified":"2026-01-02T14:44:18","modified_gmt":"2026-01-02T13:44:18","slug":"fairphone-4-softcase-schutzhulle","status":"publish","type":"product","link":"https:\/\/murena.com\/de\/laden\/zubehoer\/fairphone-4-softcase-schutzhulle\/","title":{"rendered":"Fairphone 4 Soft Case Schutzh\u00fclle"},"content":{"rendered":"<p>Diese passgenaue Schutzh\u00fclle besteht zu 100 % aus recyceltem Material und bietet Ihrem Murena Fairphone 4 zus\u00e4tzlichen Komfort, Haltbarkeit und Stil.<\/p>\n<p>Sie ist schlank, leicht und weich, aber dennoch robust genug, um unerwartete St\u00fcrze zu \u00fcberstehen. Sie besteht aus ungiftigem, zu 100 % aus Recyclingmaterial hergestelltem Material und schmiegt sich sorgf\u00e4ltig um die R\u00e4nder Ihres Bildschirms, um St\u00f6\u00dfe zu absorbieren und maximalen Schutz zu bieten.<\/p>\n<p>Mit pr\u00e4zisen Aussparungen und reaktionsschnellen Tastenabdeckungen ist diese raffiniert gestaltete H\u00fclle speziell daf\u00fcr ausgelegt, dass Ihr Murena Fairphone 4 noch l\u00e4nger h\u00e4lt.<\/p>\n<p>Kompatibel mit Murena Fairphone 4 | <strong>Inkompatibel<\/strong> mit Murena Fairphone 3+, Murena Fairphone 3<\/p>\n","protected":false},"excerpt":{"rendered":"<p>Diese passgenaue Schutzh\u00fclle besteht zu 100% aus recyceltem Material und bietet Ihrem Murena Fairphone 4 zus\u00e4tzlichen Komfort, Haltbarkeit und Stil.<\/p>\n<p>Sie ist schlank, leicht und weich, aber robust genug, um unerwartete St\u00fcrze zu \u00fcberstehen. Sie besteht zu 100% aus ungiftigem, recyceltem Material und legt sich sorgf\u00e4ltig um die Kanten Ihres Displays, um St\u00f6\u00dfe zu absorbieren und maximalen Schutz zu bieten. <\/p>\n<p>Mit pr\u00e4zisen Aussparungen und reaktionsschnellen Tastenabdeckungen ist diese dezent gestaltete H\u00fclle speziell daf\u00fcr ausgelegt, dass Ihr Murena Fairphone 4 noch l\u00e4nger h\u00e4lt.<\/p>\n<p>Kompatibel mit Murena Fairphone 4 | <strong>Inkompatibel<\/strong> mit Murena Fairphone 3+, Murena Fairphone 3<\/p>\n","protected":false},"featured_media":56591,"comment_status":"open","ping_status":"closed","template":"","meta":{"_seopress_robots_primary_cat":"none","_seopress_titles_title":"Fairphone 4 Soft Case Schutzh\u00fclle","_seopress_titles_desc":"Diese formschl\u00fcssige Schutzh\u00fclle besteht zu 100% aus recyceltem Material und bietet Ihrem Murena Fairphone 4 zus\u00e4tzlichen Komfort, Haltbarkeit und Stil.","_seopress_robots_index":""},"product_brand":[],"product_cat":[454],"product_tag":[819],"class_list":{"0":"post-56513","1":"product","2":"type-product","3":"status-publish","4":"has-post-thumbnail","6":"product_cat-zubehoer","7":"product_tag-zubehor","8":"wpbf-post","11":"instock","12":"taxable","13":"shipping-taxable","14":"purchasable","15":"product-type-variable"},"bundled_by":[],"bundle_stock_status":"instock","bundle_stock_quantity":null,"bundle_virtual":false,"bundle_layout":"","bundle_add_to_cart_form_location":"","bundle_editable_in_cart":false,"bundle_sold_individually_context":"","bundle_item_grouping":"","bundle_min_size":"","bundle_max_size":"","bundle_price":[],"bundled_items":[],"bundle_sell_ids":[],"supplier_id":28948,"supplier_sku":"F4CASE-1RD-WW1","barcode":null,"atum_controlled":true,"out_stock_date":null,"out_stock_threshold":null,"inheritable":true,"inbound_stock":0,"stock_on_hold":1,"sold_today":0,"sales_last_days":0,"reserved_stock":300,"customer_returns":0,"warehouse_damage":0,"lost_in_post":0,"other_logs":40,"out_stock_days":0,"lost_sales":0,"has_location":false,"update_date":"2026-04-22T12:16:31","atum_locations":[],"atum_stock_status":"instock","restock_status":false,"low_stock_amount":"","sales_update_date":"2026-04-21T12:16:38","calc_backorders":null,"linked_bom":[],"sync_purchase_price":false,"bom_sellable":null,"minimum_threshold":null,"available_to_purchase":null,"selling_priority":null,"calculated_stock":null,"is_bom":false,"mi_inventories":[],"multi_inventory":"no","inventory_sorting_mode":"global","inventory_iteration":"global","expirable_inventories":"global","price_per_inventory":"global","show_write_off_inventories":"global","selectable_inventories":"global","selectable_inventories_mode":"global","_links":{"self":[{"href":"https:\/\/murena.com\/de\/wp-json\/wp\/v2\/product\/56513","targetHints":{"allow":["GET"]}}],"collection":[{"href":"https:\/\/murena.com\/de\/wp-json\/wp\/v2\/product"}],"about":[{"href":"https:\/\/murena.com\/de\/wp-json\/wp\/v2\/types\/product"}],"replies":[{"embeddable":true,"href":"https:\/\/murena.com\/de\/wp-json\/wp\/v2\/comments?post=56513"}],"wp:featuredmedia":[{"embeddable":true,"href":"https:\/\/murena.com\/de\/wp-json\/wp\/v2\/media\/56591"}],"wp:attachment":[{"href":"https:\/\/murena.com\/de\/wp-json\/wp\/v2\/media?parent=56513"}],"wp:term":[{"taxonomy":"product_brand","embeddable":true,"href":"https:\/\/murena.com\/de\/wp-json\/wp\/v2\/product_brand?post=56513"},{"taxonomy":"product_cat","embeddable":true,"href":"https:\/\/murena.com\/de\/wp-json\/wp\/v2\/product_cat?post=56513"},{"taxonomy":"product_tag","embeddable":true,"href":"https:\/\/murena.com\/de\/wp-json\/wp\/v2\/product_tag?post=56513"}],"curies":[{"name":"wp","href":"https:\/\/api.w.org\/{rel}","templated":true}]}}