{"id":53333,"date":"2020-07-09T14:42:27","date_gmt":"2020-07-09T12:42:27","guid":{"rendered":"https:\/\/murena.com\/shop\/fairphone-3-usb-charger-uk\/"},"modified":"2025-12-08T12:26:33","modified_gmt":"2025-12-08T11:26:33","slug":"fairphone-3-usb-charger-uk","status":"publish","type":"product","link":"https:\/\/murena.com\/de\/laden\/zubehoer\/fairphone-3-usb-charger-uk\/","title":{"rendered":"UK USB-Schnellladeger\u00e4t Fairphone: Einzelanschluss"},"content":{"rendered":"","protected":false},"excerpt":{"rendered":"<p>USB-Schnellladeger\u00e4t f\u00fcr das Fairphone 3. Dieses Ladeger\u00e4t unterst\u00fctzt Qualcomm \u201eQuick Charge\u201c, eine Technologie, die in Qualcomm Snapdragon-Chips\u00e4tzen zu finden ist und im Vergleich zu einem Standard-USB-Ladeger\u00e4t deutlich schnellere Ladezeiten erm\u00f6glicht. Damit es ordnungsgem\u00e4\u00df funktioniert, m\u00fcssen Sie es mit einem Kabel mit USB-C-Anschluss kombinieren, das von einer USB-zertifizierten Marke hergestellt wurde.<br \/>\nWir empfehlen die Verwendung mit dem Fairphone USB-Kabel.  <\/p>\n<p><strong>Technische Daten<\/strong><\/p>\n<ul>\n<li>Modell: DBS15QB<\/li>\n<li>Qualcomm Schnell-Ladung 3.0<\/li>\n<li>Eingang: 100-240V~50\/60Hz 0,5A<\/li>\n<li>Ausgang: 5.0V \ud834\udf02 3.0A\/9.0V \ud834\udf02 2.0A\/12.0V \ud834\udf02 1.5A 18.0W MAX<\/li>\n<li>Durchschnittlicher aktiver Wirkungsgrad: 82,6%<\/li>\n<li>Wirkungsgrad bei niedriger Last (10%): 78.8%<\/li>\n<li>Leistungsaufnahme im Leerlauf: 0.04W<\/li>\n<li>Wirkungsgrad: VI<\/li>\n<li>Farbe: schwarz<\/li>\n<\/ul>\n<p>Kompatibel mit Fairphone 5, Fairphone 4, Fairphone 3+, Fairphone 3.<br \/>\nLadekabel <strong>nicht<\/strong> enthalten.<\/p>\n","protected":false},"featured_media":40912,"comment_status":"open","ping_status":"closed","template":"","meta":{"_seopress_robots_primary_cat":"none","_seopress_titles_title":"","_seopress_titles_desc":"","_seopress_robots_index":""},"product_brand":[],"product_cat":[454],"product_tag":[819],"class_list":{"0":"post-53333","1":"product","2":"type-product","3":"status-publish","4":"has-post-thumbnail","6":"product_cat-zubehoer","7":"product_tag-zubehor","8":"wpbf-post","11":"instock","12":"taxable","13":"shipping-taxable","14":"purchasable","15":"product-type-simple"},"bundled_by":[],"bundle_stock_status":"instock","bundle_stock_quantity":4,"bundle_virtual":false,"bundle_layout":"","bundle_add_to_cart_form_location":"","bundle_editable_in_cart":false,"bundle_sold_individually_context":"","bundle_item_grouping":"","bundle_min_size":"","bundle_max_size":"","bundle_price":[],"bundled_items":[],"bundle_sell_ids":[],"supplier_id":28948,"supplier_sku":"000-0021-000000-0003","barcode":null,"atum_controlled":true,"out_stock_date":null,"out_stock_threshold":null,"inheritable":false,"inbound_stock":0,"stock_on_hold":0,"sold_today":0,"sales_last_days":0,"reserved_stock":0,"customer_returns":0,"warehouse_damage":0,"lost_in_post":0,"other_logs":0,"out_stock_days":0,"lost_sales":0,"has_location":false,"update_date":"2026-04-23T12:19:41","atum_locations":[],"atum_stock_status":"instock","restock_status":false,"low_stock_amount":"","sales_update_date":"2026-04-23T12:19:40","calc_backorders":null,"linked_bom":[],"sync_purchase_price":false,"bom_sellable":null,"minimum_threshold":null,"available_to_purchase":null,"selling_priority":null,"calculated_stock":null,"is_bom":false,"mi_inventories":[],"multi_inventory":"global","inventory_sorting_mode":"global","inventory_iteration":"global","expirable_inventories":"global","price_per_inventory":"global","show_write_off_inventories":"global","selectable_inventories":"global","selectable_inventories_mode":"global","_links":{"self":[{"href":"https:\/\/murena.com\/de\/wp-json\/wp\/v2\/product\/53333","targetHints":{"allow":["GET"]}}],"collection":[{"href":"https:\/\/murena.com\/de\/wp-json\/wp\/v2\/product"}],"about":[{"href":"https:\/\/murena.com\/de\/wp-json\/wp\/v2\/types\/product"}],"replies":[{"embeddable":true,"href":"https:\/\/murena.com\/de\/wp-json\/wp\/v2\/comments?post=53333"}],"wp:featuredmedia":[{"embeddable":true,"href":"https:\/\/murena.com\/de\/wp-json\/wp\/v2\/media\/40912"}],"wp:attachment":[{"href":"https:\/\/murena.com\/de\/wp-json\/wp\/v2\/media?parent=53333"}],"wp:term":[{"taxonomy":"product_brand","embeddable":true,"href":"https:\/\/murena.com\/de\/wp-json\/wp\/v2\/product_brand?post=53333"},{"taxonomy":"product_cat","embeddable":true,"href":"https:\/\/murena.com\/de\/wp-json\/wp\/v2\/product_cat?post=53333"},{"taxonomy":"product_tag","embeddable":true,"href":"https:\/\/murena.com\/de\/wp-json\/wp\/v2\/product_tag?post=53333"}],"curies":[{"name":"wp","href":"https:\/\/api.w.org\/{rel}","templated":true}]}}