{"id":53325,"date":"2020-12-09T14:34:40","date_gmt":"2020-12-09T13:34:40","guid":{"rendered":"https:\/\/murena.com\/shop\/fairphone-3-protective-case-green\/"},"modified":"2025-08-14T11:58:27","modified_gmt":"2025-08-14T09:58:27","slug":"fairphone-3-protective-case-green","status":"publish","type":"product","link":"https:\/\/murena.com\/de\/laden\/zubehoer\/fairphone-3-protective-case-green\/","title":{"rendered":"Fairphone 3 Schutzh\u00fclle Gr\u00fcn"},"content":{"rendered":"<p>Die Fairphone 3-Schutzh\u00fclle ist schlank, leicht und weich, aber dennoch robust genug, um unerwartete St\u00f6\u00dfe und St\u00fcrze zu \u00fcberstehen. Sie besteht zu 37% aus Biomaterialien und ungiftigem Kunststoff und schmiegt sich sorgf\u00e4ltig um die R\u00e4nder Ihres Bildschirms, sodass ein Airbag-Effekt f\u00fcr maximalen Schutz entsteht. Mit pr\u00e4zisen Aussparungen und reaktionsschnellen Tastenabdeckungen ist diese raffiniert gestaltete H\u00fclle speziell daf\u00fcr ausgelegt, dass Ihr Fairphone 3 so lange wie m\u00f6glich h\u00e4lt.<\/p>\n<p>Kompatibel mit Fairphone 3 und Fairphone 3+.<\/p>\n","protected":false},"excerpt":{"rendered":"<p>Das Fairphone 3 Protective Case ist schlank, leicht und weich, aber dennoch robust genug, um unerwartete St\u00f6\u00dfe und St\u00fcrze zu \u00fcberstehen. Er besteht zu 37 % aus Biomaterialien und ungiftigem Kunststoff und legt sich sorgf\u00e4ltig um die R\u00e4nder Ihres Bildschirms, so dass ein Airbag-Effekt f\u00fcr maximalen Schutz entsteht. Mit pr\u00e4zisen Aussparungen und reaktionsschnellen Tastenabdeckungen ist diese raffiniert gestaltete H\u00fclle speziell daf\u00fcr ausgelegt, dass Ihr Fairphone 3 so lange wie m\u00f6glich h\u00e4lt.<\/p>\n<p>Kompatibel mit Fairphone 3 und Fairphone 3+.<\/p>\n","protected":false},"featured_media":53329,"comment_status":"open","ping_status":"closed","template":"","meta":{"_seopress_robots_primary_cat":"none","_seopress_titles_title":"","_seopress_titles_desc":"","_seopress_robots_index":""},"product_brand":[],"product_cat":[454],"product_tag":[819],"class_list":{"0":"post-53325","1":"product","2":"type-product","3":"status-publish","4":"has-post-thumbnail","6":"product_cat-zubehoer","7":"product_tag-zubehor","8":"wpbf-post","11":"instock","12":"taxable","13":"shipping-taxable","14":"purchasable","15":"product-type-simple"},"bundled_by":[],"bundle_stock_status":"instock","bundle_stock_quantity":17,"bundle_virtual":false,"bundle_layout":"","bundle_add_to_cart_form_location":"","bundle_editable_in_cart":false,"bundle_sold_individually_context":"","bundle_item_grouping":"","bundle_min_size":"","bundle_max_size":"","bundle_price":[],"bundled_items":[],"bundle_sell_ids":[],"supplier_id":28948,"supplier_sku":"000-0052-000000-0003","barcode":null,"atum_controlled":true,"out_stock_date":null,"out_stock_threshold":null,"inheritable":false,"inbound_stock":0,"stock_on_hold":0,"sold_today":0,"sales_last_days":0,"reserved_stock":0,"customer_returns":0,"warehouse_damage":0,"lost_in_post":0,"other_logs":0,"out_stock_days":0,"lost_sales":0,"has_location":false,"update_date":"2026-04-24T12:22:31","atum_locations":[],"atum_stock_status":"instock","restock_status":false,"low_stock_amount":"","sales_update_date":"2026-04-24T12:22:31","calc_backorders":null,"linked_bom":[],"sync_purchase_price":false,"bom_sellable":null,"minimum_threshold":null,"available_to_purchase":null,"selling_priority":null,"calculated_stock":null,"is_bom":false,"mi_inventories":[],"multi_inventory":"global","inventory_sorting_mode":"global","inventory_iteration":"global","expirable_inventories":"global","price_per_inventory":"global","show_write_off_inventories":"global","selectable_inventories":"global","selectable_inventories_mode":"global","_links":{"self":[{"href":"https:\/\/murena.com\/de\/wp-json\/wp\/v2\/product\/53325","targetHints":{"allow":["GET"]}}],"collection":[{"href":"https:\/\/murena.com\/de\/wp-json\/wp\/v2\/product"}],"about":[{"href":"https:\/\/murena.com\/de\/wp-json\/wp\/v2\/types\/product"}],"replies":[{"embeddable":true,"href":"https:\/\/murena.com\/de\/wp-json\/wp\/v2\/comments?post=53325"}],"wp:featuredmedia":[{"embeddable":true,"href":"https:\/\/murena.com\/de\/wp-json\/wp\/v2\/media\/53329"}],"wp:attachment":[{"href":"https:\/\/murena.com\/de\/wp-json\/wp\/v2\/media?parent=53325"}],"wp:term":[{"taxonomy":"product_brand","embeddable":true,"href":"https:\/\/murena.com\/de\/wp-json\/wp\/v2\/product_brand?post=53325"},{"taxonomy":"product_cat","embeddable":true,"href":"https:\/\/murena.com\/de\/wp-json\/wp\/v2\/product_cat?post=53325"},{"taxonomy":"product_tag","embeddable":true,"href":"https:\/\/murena.com\/de\/wp-json\/wp\/v2\/product_tag?post=53325"}],"curies":[{"name":"wp","href":"https:\/\/api.w.org\/{rel}","templated":true}]}}