{"id":52744,"date":"2020-12-27T19:23:05","date_gmt":"2020-12-27T18:23:05","guid":{"rendered":"https:\/\/murena.com\/shop\/e-os-fairphone-3\/"},"modified":"2021-09-22T15:43:15","modified_gmt":"2021-09-22T13:43:15","slug":"e-os-fairphone-3","status":"publish","type":"product","link":"https:\/\/murena.com\/de\/laden\/smartphones\/brandneu\/e-os-fairphone-3\/","title":{"rendered":"\/e\/OS Fairphone 3"},"content":{"rendered":"","protected":false},"excerpt":{"rendered":"<p>Das deGoogled Fairphone 3 ist h\u00f6chstwahrscheinlich das erste datenschutzbewusste und nachhaltige Telefon. Es kombiniert ein Telefon, das sich um die Menschen und den Planeten k\u00fcmmert, mit einem Betriebssystem und Apps, die sich um Ihre Privatsph\u00e4re k\u00fcmmern.<\/p>\n<p>Es verf\u00fcgt \u00fcber einen herausnehmbaren 3000-mAh-Akku. Und im Falle eines Unfalls k\u00f6nnen Sie ihn mit seinen austauschbaren Modulen mit einem einzigen Schraubendreher selbst reparieren.<\/p>\n<p>Wenn Sie sich f\u00fcr eine gerechtere Technologie interessieren, ist es eine naheliegende Wahl&#8230;<\/p>\n","protected":false},"featured_media":52739,"comment_status":"open","ping_status":"closed","template":"","meta":{"_seopress_robots_primary_cat":"none","_seopress_titles_title":"","_seopress_titles_desc":"","_seopress_robots_index":""},"product_brand":[],"product_cat":[455],"product_tag":[478,479,480,483,597,482,481],"class_list":{"0":"post-52744","1":"product","2":"type-product","3":"status-publish","4":"has-post-thumbnail","6":"product_cat-brandneu","7":"product_tag-e-os-on-board-de","8":"product_tag-brand-new-phone-de","9":"product_tag-embedded-app-store-de","10":"product_tag-unlocked-on-gsm-networks-de","11":"product_tag-compatible-with-most-android-apps-de","12":"product_tag-fully-functional-and-tested-de","13":"product_tag-extra-storage-options-available-de","14":"wpbf-post","17":"outofstock","18":"taxable","19":"shipping-taxable","20":"purchasable","21":"product-type-simple"},"bundled_by":[],"bundle_stock_status":"outofstock","bundle_stock_quantity":0,"bundle_virtual":false,"bundle_layout":"","bundle_add_to_cart_form_location":"","bundle_editable_in_cart":false,"bundle_sold_individually_context":"","bundle_item_grouping":"","bundle_min_size":"","bundle_max_size":"","bundle_price":[],"bundled_items":[],"bundle_sell_ids":[],"supplier_id":28948,"supplier_sku":"002-0000-000100-0022","barcode":null,"atum_controlled":true,"out_stock_date":"2021-07-02 17:50:04","out_stock_threshold":null,"inheritable":false,"inbound_stock":0,"stock_on_hold":1,"sold_today":0,"sales_last_days":0,"reserved_stock":0,"customer_returns":0,"warehouse_damage":0,"lost_in_post":0,"other_logs":0,"out_stock_days":1749,"lost_sales":0,"has_location":false,"update_date":"2026-04-17T12:16:45","atum_locations":[],"atum_stock_status":"outofstock","restock_status":false,"low_stock_amount":"","sales_update_date":"2026-04-17T12:16:44","calc_backorders":null,"linked_bom":[],"sync_purchase_price":false,"bom_sellable":null,"minimum_threshold":null,"available_to_purchase":null,"selling_priority":null,"calculated_stock":null,"is_bom":false,"mi_inventories":[],"multi_inventory":"no","inventory_sorting_mode":"global","inventory_iteration":"global","expirable_inventories":"global","price_per_inventory":"global","show_write_off_inventories":"global","selectable_inventories":"global","selectable_inventories_mode":"global","_links":{"self":[{"href":"https:\/\/murena.com\/de\/wp-json\/wp\/v2\/product\/52744","targetHints":{"allow":["GET"]}}],"collection":[{"href":"https:\/\/murena.com\/de\/wp-json\/wp\/v2\/product"}],"about":[{"href":"https:\/\/murena.com\/de\/wp-json\/wp\/v2\/types\/product"}],"replies":[{"embeddable":true,"href":"https:\/\/murena.com\/de\/wp-json\/wp\/v2\/comments?post=52744"}],"wp:featuredmedia":[{"embeddable":true,"href":"https:\/\/murena.com\/de\/wp-json\/wp\/v2\/media\/52739"}],"wp:attachment":[{"href":"https:\/\/murena.com\/de\/wp-json\/wp\/v2\/media?parent=52744"}],"wp:term":[{"taxonomy":"product_brand","embeddable":true,"href":"https:\/\/murena.com\/de\/wp-json\/wp\/v2\/product_brand?post=52744"},{"taxonomy":"product_cat","embeddable":true,"href":"https:\/\/murena.com\/de\/wp-json\/wp\/v2\/product_cat?post=52744"},{"taxonomy":"product_tag","embeddable":true,"href":"https:\/\/murena.com\/de\/wp-json\/wp\/v2\/product_tag?post=52744"}],"curies":[{"name":"wp","href":"https:\/\/api.w.org\/{rel}","templated":true}]}}