{"id":146685,"date":"2026-02-10T15:42:54","date_gmt":"2026-02-10T14:42:54","guid":{"rendered":"https:\/\/murena.com\/shop\/unkategorisiert\/volla-keyboard\/"},"modified":"2026-03-24T16:39:02","modified_gmt":"2026-03-24T15:39:02","slug":"volla-keyboard","status":"publish","type":"product","link":"https:\/\/murena.com\/de\/laden\/brand-de\/volla-keyboard\/","title":{"rendered":"Volla Tastatur"},"content":{"rendered":"","protected":false},"excerpt":{"rendered":"<p data-start=\"0\" data-end=\"208\">Schlie\u00dfen Sie das <strong>Volla Tablet<\/strong> an und beginnen Sie sofort mit der Arbeit. Die Tastatur bietet einen<strong>gestochen scharfen, komfortablen Tastenanschlag<\/strong> mit <strong>einstellbarer Hintergrundbeleuchtung<\/strong>, so dass auch lange Schreibsessions m\u00fchelos und pr\u00e4zise vonstattengehen, selbst unterwegs. <\/p>\n<p data-start=\"210\" data-end=\"410\" data-is-last-node=\"\" data-is-only-node=\"\">Ein extragro\u00dfes Touchpad erm\u00f6glicht eine Steuerung auf Notebook-Niveau f\u00fcr konzentriertes, professionelles Arbeiten. Ein <strong>integrierter USB-C-Anschluss<\/strong> erm\u00f6glicht den Anschluss von zus\u00e4tzlichem Zubeh\u00f6r, damit Sie flexibel bleiben, ohne dass es zu einem Durcheinander kommt. <\/p>\n","protected":false},"featured_media":146683,"comment_status":"open","ping_status":"closed","template":"","meta":{"_seopress_robots_primary_cat":"none","_seopress_titles_title":"Volla KeyBoard - Murena deGoogled Telefon & Dienste","_seopress_titles_desc":"Volla Tablet-Tastatur mit pr\u00e4zisem Tastenanschlag, einstellbarer Hintergrundbeleuchtung, gro\u00dfem Touchpad und USB-C-Unterst\u00fctzung f\u00fcr effizientes Arbeiten im Alltag.","_seopress_robots_index":""},"product_brand":[],"product_cat":[454,452],"product_tag":[],"class_list":{"0":"post-146685","1":"product","2":"type-product","3":"status-publish","4":"has-post-thumbnail","6":"product_cat-zubehoer","7":"product_cat-brand-de","8":"wpbf-post","11":"instock","12":"taxable","13":"shipping-taxable","14":"purchasable","15":"product-type-variable"},"bundled_by":[],"bundle_stock_status":"instock","bundle_stock_quantity":null,"bundle_virtual":false,"bundle_layout":"","bundle_add_to_cart_form_location":"","bundle_editable_in_cart":false,"bundle_sold_individually_context":"","bundle_item_grouping":"","bundle_min_size":"","bundle_max_size":"","bundle_price":[],"bundled_items":[],"bundle_sell_ids":[],"supplier_id":null,"supplier_sku":"","barcode":null,"atum_controlled":true,"out_stock_date":null,"out_stock_threshold":null,"inheritable":true,"inbound_stock":0,"stock_on_hold":0,"sold_today":0,"sales_last_days":2,"reserved_stock":0,"customer_returns":0,"warehouse_damage":0,"lost_in_post":0,"other_logs":0,"out_stock_days":0,"lost_sales":0,"has_location":false,"update_date":"2026-04-08T07:39:35","atum_locations":[],"atum_stock_status":"instock","restock_status":false,"low_stock_amount":"","sales_update_date":"2026-04-08T07:06:15","calc_backorders":null,"linked_bom":[],"sync_purchase_price":false,"bom_sellable":null,"minimum_threshold":null,"available_to_purchase":null,"selling_priority":null,"calculated_stock":null,"is_bom":false,"mi_inventories":[],"multi_inventory":"no","inventory_sorting_mode":"global","inventory_iteration":"global","expirable_inventories":"global","price_per_inventory":"global","show_write_off_inventories":"global","selectable_inventories":"global","selectable_inventories_mode":"global","_links":{"self":[{"href":"https:\/\/murena.com\/de\/wp-json\/wp\/v2\/product\/146685","targetHints":{"allow":["GET"]}}],"collection":[{"href":"https:\/\/murena.com\/de\/wp-json\/wp\/v2\/product"}],"about":[{"href":"https:\/\/murena.com\/de\/wp-json\/wp\/v2\/types\/product"}],"replies":[{"embeddable":true,"href":"https:\/\/murena.com\/de\/wp-json\/wp\/v2\/comments?post=146685"}],"wp:featuredmedia":[{"embeddable":true,"href":"https:\/\/murena.com\/de\/wp-json\/wp\/v2\/media\/146683"}],"wp:attachment":[{"href":"https:\/\/murena.com\/de\/wp-json\/wp\/v2\/media?parent=146685"}],"wp:term":[{"taxonomy":"product_brand","embeddable":true,"href":"https:\/\/murena.com\/de\/wp-json\/wp\/v2\/product_brand?post=146685"},{"taxonomy":"product_cat","embeddable":true,"href":"https:\/\/murena.com\/de\/wp-json\/wp\/v2\/product_cat?post=146685"},{"taxonomy":"product_tag","embeddable":true,"href":"https:\/\/murena.com\/de\/wp-json\/wp\/v2\/product_tag?post=146685"}],"curies":[{"name":"wp","href":"https:\/\/api.w.org\/{rel}","templated":true}]}}