{"id":145571,"date":"2025-12-24T10:23:07","date_gmt":"2025-12-24T09:23:07","guid":{"rendered":"https:\/\/murena.com\/shop\/unkategorisiert\/new-fairbuds-xl-headphones\/"},"modified":"2026-03-10T01:32:42","modified_gmt":"2026-03-10T00:32:42","slug":"new-fairbuds-xl-headphones","status":"publish","type":"product","link":"https:\/\/murena.com\/de\/laden\/audio-de\/new-fairbuds-xl-headphones\/","title":{"rendered":"Neue Fairbuds XL-Kopfh\u00f6rer"},"content":{"rendered":"<table class=\" alignleft\" style=\"border-collapse: collapse;width: 79.7347%;height: 120px\">\n<tbody>\n<tr style=\"height: 24px\">\n<td style=\"width: 22.2918%;height: 120px\" rowspan=\"5\"><span style=\"font-size: 14pt\"><strong>Audio Leistung<\/strong><\/span><\/td>\n<td style=\"width: 57.4429%;height: 24px\">Dynamische 40-mm-Treiber<\/td>\n<\/tr>\n<tr style=\"height: 24px\">\n<td style=\"width: 57.4429%;height: 24px\">Frequenzgang: 20Hz &#8211; 20kHz (deckt den gesamten Bereich des menschlichen Geh\u00f6rs ab)<\/td>\n<\/tr>\n<tr style=\"height: 24px\">\n<td style=\"width: 57.4429%;height: 24px\">Treiber-Impedanz: 32 Ohm (Kompatibel mit den meisten Ger\u00e4ten)<\/td>\n<\/tr>\n<tr style=\"height: 24px\">\n<td style=\"width: 57.4429%;height: 24px\">Empfindlichkeit: 99\u00b12dB bei 1KHZ (Pegel der maximalen Lautst\u00e4rke bei minimaler Leistung)<\/td>\n<\/tr>\n<tr style=\"height: 24px\">\n<td style=\"width: 57.4429%;height: 24px\">Codec-Unterst\u00fctzung: SBC, AAC, aptX HD<\/td>\n<\/tr>\n<\/tbody>\n<\/table>\n<p>&nbsp;<\/p>\n<table style=\"border-collapse: collapse;width: 79.661%;height: 72px\">\n<tbody>\n<tr style=\"height: 24px\">\n<td style=\"width: 22.3655%;height: 72px;text-align: left\" rowspan=\"3\"><span style=\"font-size: 14pt\"><strong>Ger\u00e4uschunterdr\u00fcckung<\/strong><\/span><\/td>\n<td style=\"width: 57.2955%;height: 24px\">Aktive Ger\u00e4uschunterdr\u00fcckung<\/td>\n<\/tr>\n<tr style=\"height: 24px\">\n<td style=\"width: 57.2955%;height: 24px\">Umgebungsger\u00e4uschmodus verf\u00fcgbar<\/td>\n<\/tr>\n<tr style=\"height: 24px\">\n<td style=\"width: 57.2955%;height: 24px\">Mikrofon: Sechs Mikrofone (2 links und 4 rechts)<\/td>\n<\/tr>\n<\/tbody>\n<\/table>\n<p>&nbsp;<\/p>\n<table style=\"border-collapse: collapse;width: 79.5861%\">\n<tbody>\n<tr>\n<td style=\"width: 22.2918%;text-align: left\" rowspan=\"6\"><span style=\"font-size: 14pt\"><strong>Akku &amp; Aufladen<\/strong><\/span><\/td>\n<td style=\"width: 57.2955%\">Bis zu 30 Stunden Wiedergabe (ANC aus)<\/td>\n<\/tr>\n<tr>\n<td style=\"width: 57.2955%\">Bis zu 26 Stunden Wiedergabezeit (ANC eingeschaltet)<\/td>\n<\/tr>\n<tr>\n<td style=\"width: 57.2955%\">50%ige Aufladung in 15 Minuten (Schnellladung f\u00fcr 15 Stunden Wiedergabe)<\/td>\n<\/tr>\n<tr>\n<td style=\"width: 57.2955%\">USB-C-Ladeanschluss<\/td>\n<\/tr>\n<tr>\n<td style=\"width: 57.2955%\">Batterielebensdauer: 500+ Ladezyklen (beh\u00e4lt 80% Kapazit\u00e4t nach 500 vollen Ladungen)<\/td>\n<\/tr>\n<tr>\n<td style=\"width: 57.2955%\">Auswechselbare Batterie<\/td>\n<\/tr>\n<\/tbody>\n<\/table>\n<p>&nbsp;<\/p>\n<table style=\"border-collapse: collapse;width: 79.661%;height: 97px\">\n<tbody>\n<tr style=\"height: 24px\">\n<td style=\"width: 22.5866%;height: 97px;text-align: left\" rowspan=\"4\"><span style=\"font-size: 14pt\"><strong>Konnektivit\u00e4t<\/strong><\/span><\/td>\n<td style=\"width: 57.0744%;height: 24px\">Bluetooth 5.1 mit Dual-Multipoint-Konnektivit\u00e4t (Verbindung mit zwei Ger\u00e4ten gleichzeitig)<\/td>\n<\/tr>\n<tr style=\"height: 25px\">\n<td style=\"width: 57.0744%;height: 25px\">USB-C-Anschluss f\u00fcr kabelgebundenes H\u00f6ren<\/td>\n<\/tr>\n<tr style=\"height: 24px\">\n<td style=\"width: 57.0744%;height: 24px\">Kabellose Reichweite: Bis zu 10 Meter<\/td>\n<\/tr>\n<tr style=\"height: 24px\">\n<td style=\"width: 57.0744%;height: 24px\">Kompatible intelligente Assistenten: Google Assistant, Amazon Alexa und Apple Siri<\/td>\n<\/tr>\n<\/tbody>\n<\/table>\n<p>&nbsp;<\/p>\n<table style=\"border-collapse: collapse;width: 79.5861%\">\n<tbody>\n<tr>\n<td style=\"width: 22.6603%;text-align: left\" rowspan=\"3\"><span style=\"font-size: 14pt\"><strong>Bedienelemente und Funktionen<\/strong><\/span><\/td>\n<td style=\"width: 56.927%\">Joystick und ANC-Taste<\/td>\n<\/tr>\n<tr>\n<td style=\"width: 56.927%\">Automatische Abschaltung (30 Minuten)<\/td>\n<\/tr>\n<tr>\n<td style=\"width: 56.927%\">Anpassbarer Equalizer \u00fcber die Fairbuds-App<\/td>\n<\/tr>\n<\/tbody>\n<\/table>\n<p>&nbsp;<\/p>\n<table style=\"border-collapse: collapse;width: 79.7347%;height: 144px\">\n<tbody>\n<tr style=\"height: 24px\">\n<td style=\"width: 22.8077%;height: 144px;text-align: left\" rowspan=\"6\"><span style=\"font-size: 14pt\"><strong>Materialien &amp; Langlebigkeit<\/strong><\/span><\/td>\n<td style=\"width: 56.927%;height: 24px\">100% recycelte Seltene Erden in den Magneten<\/td>\n<\/tr>\n<tr style=\"height: 24px\">\n<td style=\"width: 56.927%;height: 24px\">100% recyceltes Zinn in L\u00f6tpaste<\/td>\n<\/tr>\n<tr style=\"height: 24px\">\n<td style=\"width: 56.927%;height: 24px\">Netzgewebe im Stirnband<\/td>\n<\/tr>\n<tr style=\"height: 24px\">\n<td style=\"width: 56.927%;height: 24px\">Vogelaugen-Netzgewebe in den Ohrpolstern<\/td>\n<\/tr>\n<tr style=\"height: 24px\">\n<td style=\"width: 56.927%;height: 24px\">PU-Leder in Kopfband und Ohrpolstern<\/td>\n<\/tr>\n<tr style=\"height: 24px\">\n<td style=\"width: 56.927%;height: 24px\">Reisetasche aus recycelten Stoffen<\/td>\n<\/tr>\n<\/tbody>\n<\/table>\n","protected":false},"excerpt":{"rendered":"<p data-start=\"130\" data-end=\"184\"><strong>Neue &amp; verbesserte Fairbud XL Kopfh\u00f6rer  <\/strong><\/p>\n<p data-start=\"130\" data-end=\"184\"><strong data-start=\"130\" data-end=\"184\">Erstklassiger Klang. Gebaut f\u00fcr die Ewigkeit. Entwickelt f\u00fcr den Wandel.  <\/strong><\/p>\n<p data-start=\"186\" data-end=\"437\">Genie\u00dfen Sie satten, beeindruckenden Klang mit leistungsstarken 40-mm-Treibern, aktiver Ger\u00e4uschunterdr\u00fcckung und klarer Gespr\u00e4chsqualit\u00e4t. Die neuen Fairbuds XL kombinieren ganzt\u00e4gigen Tragekomfort mit bis zu <strong data-start=\"345\" data-end=\"373\">30 Stunden Akkulaufzeit<\/strong>, schnellem Aufladen und nahtloser Bluetooth-Multipoint-Konnektivit\u00e4t. <\/p>\n<p data-start=\"439\" data-end=\"769\">Das <strong data-start=\"493\" data-end=\"523\">modulare, reparierbare<\/strong> Design aus recycelten und fair produzierten Materialien erm\u00f6glicht es Ihnen, wichtige Teile auszutauschen und die Kopfh\u00f6rer l\u00e4nger zu nutzen. Mit ihrem schlanken Over-Ear-Sitz und den intuitiven Bedienelementen sind dies Kopfh\u00f6rer, die Sie mit gutem Gewissen jeden Tag tragen k\u00f6nnen.   <a href=\"https:\/\/longtimelabel.com\/en\/lab_product\/fairbuds-xl\/\">Zertifiziert durch das LONGTIME\u00ae-Label<\/a><\/p>\n<p data-start=\"771\" data-end=\"814\"><strong data-start=\"771\" data-end=\"814\">Gro\u00dfartiger Klang. Kluges Design. Angemessene Wirkung.  <\/strong><\/p>\n","protected":false},"featured_media":145559,"comment_status":"open","ping_status":"closed","template":"","meta":{"_seopress_robots_primary_cat":"none","_seopress_titles_title":"Neu Fairbuds XL Kopfh\u00f6rer - Murena - DeGoogled Telefone","_seopress_titles_desc":"NEUE Fairbuds XL Over-Ear-Kopfh\u00f6rer mit sattem Sound, ANC, 30-Stunden-Akku, Schnellladefunktion, Bluetooth-Multipoint und einem reparierbaren, nachhaltigen Design.","_seopress_robots_index":""},"product_brand":[],"product_cat":[983],"product_tag":[],"class_list":{"0":"post-145571","1":"product","2":"type-product","3":"status-publish","4":"has-post-thumbnail","6":"product_cat-audio-de","7":"wpbf-post","10":"instock","11":"taxable","12":"shipping-taxable","13":"purchasable","14":"product-type-variable"},"bundled_by":[],"bundle_stock_status":"instock","bundle_stock_quantity":null,"bundle_virtual":false,"bundle_layout":"","bundle_add_to_cart_form_location":"","bundle_editable_in_cart":false,"bundle_sold_individually_context":"","bundle_item_grouping":"","bundle_min_size":"","bundle_max_size":"","bundle_price":[],"bundled_items":[],"bundle_sell_ids":[],"supplier_id":null,"supplier_sku":"","barcode":null,"atum_controlled":true,"out_stock_date":null,"out_stock_threshold":null,"inheritable":true,"inbound_stock":40,"stock_on_hold":0,"sold_today":0,"sales_last_days":0,"reserved_stock":0,"customer_returns":0,"warehouse_damage":0,"lost_in_post":0,"other_logs":0,"out_stock_days":0,"lost_sales":0,"has_location":false,"update_date":"2026-04-13T12:17:37","atum_locations":[],"atum_stock_status":"instock","restock_status":false,"low_stock_amount":"","sales_update_date":"2026-04-13T12:17:37","calc_backorders":null,"linked_bom":[],"sync_purchase_price":false,"bom_sellable":null,"minimum_threshold":null,"available_to_purchase":null,"selling_priority":null,"calculated_stock":null,"is_bom":false,"mi_inventories":[],"multi_inventory":"no","inventory_sorting_mode":"global","inventory_iteration":"global","expirable_inventories":"global","price_per_inventory":"global","show_write_off_inventories":"global","selectable_inventories":"global","selectable_inventories_mode":"global","_links":{"self":[{"href":"https:\/\/murena.com\/de\/wp-json\/wp\/v2\/product\/145571","targetHints":{"allow":["GET"]}}],"collection":[{"href":"https:\/\/murena.com\/de\/wp-json\/wp\/v2\/product"}],"about":[{"href":"https:\/\/murena.com\/de\/wp-json\/wp\/v2\/types\/product"}],"replies":[{"embeddable":true,"href":"https:\/\/murena.com\/de\/wp-json\/wp\/v2\/comments?post=145571"}],"wp:featuredmedia":[{"embeddable":true,"href":"https:\/\/murena.com\/de\/wp-json\/wp\/v2\/media\/145559"}],"wp:attachment":[{"href":"https:\/\/murena.com\/de\/wp-json\/wp\/v2\/media?parent=145571"}],"wp:term":[{"taxonomy":"product_brand","embeddable":true,"href":"https:\/\/murena.com\/de\/wp-json\/wp\/v2\/product_brand?post=145571"},{"taxonomy":"product_cat","embeddable":true,"href":"https:\/\/murena.com\/de\/wp-json\/wp\/v2\/product_cat?post=145571"},{"taxonomy":"product_tag","embeddable":true,"href":"https:\/\/murena.com\/de\/wp-json\/wp\/v2\/product_tag?post=145571"}],"curies":[{"name":"wp","href":"https:\/\/api.w.org\/{rel}","templated":true}]}}