{"id":140998,"date":"2025-08-29T16:24:11","date_gmt":"2025-08-29T14:24:11","guid":{"rendered":"https:\/\/murena.com\/shop\/unkategorisiert\/shiftsound-sp\/"},"modified":"2025-12-08T13:33:00","modified_gmt":"2025-12-08T12:33:00","slug":"shiftsound-sp","status":"publish","type":"product","link":"https:\/\/murena.com\/de\/laden\/audio-de\/shiftsound-sp\/","title":{"rendered":"SHIFTsound SP"},"content":{"rendered":"<p><strong>Weitere Informationen und Spezifikationen:<\/strong><\/p>\n<p><strong>Kartensteckplatz:<\/strong><br \/>\nMicroSD.<\/p>\n<p><strong>Licht:<\/strong><br \/>\nDas Licht kann ausgeschaltet werden. Derzeit ist eine vierstufige Umsetzung geplant, die an Ihre W\u00fcnsche angepasst werden kann: 1. St\u00e4ndig wechselndes RGB-Licht, 2. konstantes warmwei\u00dfes Licht, 3. warmwei\u00dfes, pulsierendes Licht im Takt, 4. kein Licht.     <\/p>\n<p><strong>Wie wird der SHIFTsound SP bedient?<\/strong><br \/>\n\u00dcber die Tasten am Ger\u00e4t oder \u00fcber Bluetooth (eine App ist derzeit nicht geplant).<\/p>\n<p><strong>Wird der SHIFTsound SP \u00fcber eine Wi-Fi-Verbindung verf\u00fcgen?<\/strong><br \/>\nEine Wi-Fi-Verbindung ist derzeit nicht geplant.<\/p>\n<p><strong>Kann der Ton eingestellt werden?<\/strong><br \/>\nEs gibt verschiedene Modi (EQ, Bass, Standard).<\/p>\n<p><strong>Welche Module sind austauschbar?<\/strong><br \/>\nBatterie, Lautsprecher, Umgebungs-LED-Ring, \u00e4u\u00dfere Textilabdeckung, obere und untere passive Membran, Schlaufe f\u00fcr das Armband und das Armband selbst, innere Gummiabdeckung f\u00fcr die Lautst\u00e4rketasten und die Batterie-LEDs .<\/p>\n<p><strong>Leistung:<\/strong><br \/>\n2x 10 W Leistung.<\/p>\n<p><strong>USB<\/strong><br \/>\n-C-Anschluss (nur) zum Aufladen.<\/p>\n<p><strong>Anschlussm\u00f6glichkeiten:<\/strong><br \/>\n3,5 mm Klinke oder Bluetooth.<\/p>\n<p><strong>Ist Stereoton mit einem Lautsprecher m\u00f6glich?<\/strong><br \/>\nJa (L- und R-Kan\u00e4le mit nur einem SHIFTsound SP m\u00f6glich).<\/p>\n<p><strong>Bluetooth Version<\/strong><br \/>\n5.0<\/p>\n<p><strong>K\u00f6nnen zwei Lautsprecher gekoppelt werden?<\/strong><br \/>\nJa, der SHIFTsound SP ist ein echter kabelloser Lautsprecher. Es k\u00f6nnen zwei Lautsprecher angeschlossen werden.  <\/p>\n<p><strong>Welche BT-Profile werden unterst\u00fctzt?<\/strong><br \/>\nA2DP \/ AVRCP \/ HFP \/ HSP \/ OPP \/ HID \/ SPPIPBAP \/ GATT \/ SM.<\/p>\n<p><strong>Gibt es ein Mikrofon f\u00fcr Freisprechanrufe?<\/strong><br \/>\nJa.<\/p>\n<p><strong>Gemessener Frequenzgang<\/strong><br \/>\nAUX: 62 &#8211; 20 kHz,<br \/>\nBT: 60 &#8211; 20 kHz<\/p>\n<p>&nbsp;<\/p>\n","protected":false},"excerpt":{"rendered":"<p data-start=\"161\" data-end=\"229\"><strong data-start=\"161\" data-end=\"227\">SHIFTsound SP &#8211; Entwickelt f\u00fcr Langlebigkeit, gebaut f\u00fcr reinen Klang.<\/strong><\/p>\n<p data-start=\"231\" data-end=\"499\">Der SHIFTsound SP wurde entwickelt, um \u00fcberall zu funktionieren. Er kombiniert modulares Design mit leistungsstarker Akustik in einem kompakten, wasserdichten Geh\u00e4use. Egal, ob Sie zu Hause, unterwegs oder im Freien Musik h\u00f6ren &#8211; dieser Lautsprecher passt sich Ihrem Lebensstil an, ist langlebig und h\u00e4lt mit ihm Schritt. <\/p>\n<p data-start=\"721\" data-end=\"740\"><strong data-start=\"721\" data-end=\"738\">Wesentliche Merkmale:<\/strong><\/p>\n<ul>\n<li data-start=\"743\" data-end=\"799\"><span style=\"font-size: 10pt\">Modulare Konstruktion f\u00fcr einfache Reparaturen und langfristige Nutzung<\/span><\/li>\n<li data-start=\"802\" data-end=\"859\"><span style=\"font-size: 10pt\">Wasserdichtheitsklasse IPX7 f\u00fcr zuverl\u00e4ssige Leistung im Freien<\/span><\/li>\n<li data-start=\"862\" data-end=\"923\"><span style=\"font-size: 10pt\">Kabellose Bluetooth-Verbindung (10 m Reichweite) plus AUX-Eingang<\/span><\/li>\n<li data-start=\"926\" data-end=\"965\"><span style=\"font-size: 10pt\">Bis zu 10 Stunden Dauerwiedergabe<\/span><\/li>\n<li data-start=\"968\" data-end=\"1030\"><span style=\"font-size: 10pt\">Kompakt und leicht: 191 mm hoch, 78 mm breit, nur 550 g<\/span><\/li>\n<\/ul>\n<p><span style=\"font-size: 10pt\"><strong>**In unserem Preis ist ein Recycling-Pfand von 11 \u20ac enthalten, das die Kunden zur\u00fcckfordern k\u00f6nnen, wenn sie das Ger\u00e4t zum Recycling an SHIFT zur\u00fcckgeben.<\/strong><\/span><\/p>\n","protected":false},"featured_media":132811,"comment_status":"open","ping_status":"closed","template":"","meta":{"_seopress_robots_primary_cat":"none","_seopress_titles_title":"SHIFTsound SP - Murena -gegoogelte Telefone und Dienste","_seopress_titles_desc":"SHIFTsound SP bietet satten, klaren Klang in einem robusten, modularen Geh\u00e4use. Wasserdicht, tragbar und f\u00fcr eine lange Lebensdauer konzipiert. Ein Lautsprecher f\u00fcr zu Hause, unterwegs und dar\u00fcber hinaus.  ","_seopress_robots_index":""},"product_brand":[],"product_cat":[983],"product_tag":[1194,1193],"class_list":{"0":"post-140998","1":"product","2":"type-product","3":"status-publish","4":"has-post-thumbnail","6":"product_cat-audio-de","7":"product_tag-akkulaufzeit-von-bis-zu-10-stunden","8":"product_tag-wasserdicht-mit-ip-zertifizierung","9":"wpbf-post","12":"instock","13":"taxable","14":"shipping-taxable","15":"purchasable","16":"product-type-simple"},"bundled_by":[],"bundle_stock_status":"instock","bundle_stock_quantity":6,"bundle_virtual":false,"bundle_layout":"","bundle_add_to_cart_form_location":"","bundle_editable_in_cart":false,"bundle_sold_individually_context":"","bundle_item_grouping":"","bundle_min_size":"","bundle_max_size":"","bundle_price":[],"bundled_items":[],"bundle_sell_ids":[],"supplier_id":122429,"supplier_sku":"","barcode":null,"atum_controlled":true,"out_stock_date":null,"out_stock_threshold":null,"inheritable":false,"inbound_stock":0,"stock_on_hold":0,"sold_today":0,"sales_last_days":0,"reserved_stock":0,"customer_returns":0,"warehouse_damage":0,"lost_in_post":0,"other_logs":0,"out_stock_days":0,"lost_sales":0,"has_location":false,"update_date":"2026-04-27T12:22:28","atum_locations":[],"atum_stock_status":"instock","restock_status":false,"low_stock_amount":"","sales_update_date":"2026-04-27T12:22:27","calc_backorders":null,"linked_bom":[],"sync_purchase_price":false,"bom_sellable":null,"minimum_threshold":null,"available_to_purchase":null,"selling_priority":null,"calculated_stock":null,"is_bom":false,"mi_inventories":[],"multi_inventory":"global","inventory_sorting_mode":"global","inventory_iteration":"global","expirable_inventories":"global","price_per_inventory":"global","show_write_off_inventories":"global","selectable_inventories":"global","selectable_inventories_mode":"global","_links":{"self":[{"href":"https:\/\/murena.com\/de\/wp-json\/wp\/v2\/product\/140998","targetHints":{"allow":["GET"]}}],"collection":[{"href":"https:\/\/murena.com\/de\/wp-json\/wp\/v2\/product"}],"about":[{"href":"https:\/\/murena.com\/de\/wp-json\/wp\/v2\/types\/product"}],"replies":[{"embeddable":true,"href":"https:\/\/murena.com\/de\/wp-json\/wp\/v2\/comments?post=140998"}],"wp:featuredmedia":[{"embeddable":true,"href":"https:\/\/murena.com\/de\/wp-json\/wp\/v2\/media\/132811"}],"wp:attachment":[{"href":"https:\/\/murena.com\/de\/wp-json\/wp\/v2\/media?parent=140998"}],"wp:term":[{"taxonomy":"product_brand","embeddable":true,"href":"https:\/\/murena.com\/de\/wp-json\/wp\/v2\/product_brand?post=140998"},{"taxonomy":"product_cat","embeddable":true,"href":"https:\/\/murena.com\/de\/wp-json\/wp\/v2\/product_cat?post=140998"},{"taxonomy":"product_tag","embeddable":true,"href":"https:\/\/murena.com\/de\/wp-json\/wp\/v2\/product_tag?post=140998"}],"curies":[{"name":"wp","href":"https:\/\/api.w.org\/{rel}","templated":true}]}}