{"id":135126,"date":"2025-09-18T12:28:01","date_gmt":"2025-09-18T10:28:01","guid":{"rendered":"https:\/\/murena.com\/?post_type=product&#038;p=135126"},"modified":"2026-04-12T22:01:22","modified_gmt":"2026-04-12T20:01:22","slug":"hiroh-phone-powered-by-murena-pre-sale","status":"publish","type":"product","link":"https:\/\/murena.com\/de\/laden\/smartphones\/brandneu\/hiroh-phone-powered-by-murena-pre-sale\/","title":{"rendered":"HIROH phone powered by Murena &#8211; Vorverkaufsdepot"},"content":{"rendered":"","protected":false},"excerpt":{"rendered":"<p>HIROH phone powered by Murena mit Privacy Kill-Switch-Tasten<br \/>\n<span style=\"color: #000000;font-size: 12pt\">Privacy by Design. Sicherheit als Standard. <\/span><\/p>\n<p><span style=\"color: #000000;font-size: 12pt\"><strong>JETZT VORBESTELLEN und 3 % sparen<\/strong><strong>00<\/strong><strong>\u20ac<\/strong><strong> !<\/strong><\/span><\/p>\n<p><span style=\"color: #000000;font-size: 12pt\">Begrenztes Angebot: <strong>Zahlen Sie <\/strong><strong> jetzt <\/strong><strong>99\u20ac<\/strong><strong> und erhalten Sie einen <\/strong><strong>Gutschein <\/strong><strong>f\u00fcr den Kauf Ihres HIROH-Handys powered by Murena f\u00fcr insgesamt nur<\/strong><strong>899\u20ac<\/strong><strong>!<\/strong><\/span><\/p>\n<p><span style=\"color: #000000;font-size: 12pt\"><strong>So funktioniert der PRE SALE f\u00fcr Sie:<br \/>\n<\/strong>&#8211; Zahlen Sie heute 99\u20ac, um Ihr Ger\u00e4t zu reservieren.<br \/>\n&#8211; Sie erhalten einen 300\u20ac-Gutschein (Prepaid 99\u20ac + 201\u20ac Rabatt) per E-Mail.<br \/>\n<\/span><span style=\"font-size: 12pt\">&#8211; Verwenden Sie den Gutschein <\/span><span style=\"font-size: 12pt\">und kaufen Sie das Ger\u00e4t<\/span><span style=\"color: #000000\"><span style=\"font-size: 12pt\">f\u00fcr 899\u20ac statt f\u00fcr 1199\u20ac bei Markteinf\u00fchrung im Jahr 2026.<\/span><\/span><\/p>\n<p><span style=\"color: #000000;font-size: 12pt\">Das HIROH phone powered by Murena wurde entwickelt, um Sie zu sch\u00fctzen. Dieses Smartphone l\u00e4uft auf \/e\/OS und ist so konzipiert, dass Ihr digitaler Fu\u00dfabdruck standardm\u00e4\u00dfig unsichtbar bleibt.  <a href=\"https:\/\/murena.com\/de\/laden\/smartphones\/brandneu\/hiroh-phone-powered-by-murena-pre-sale\/#android-without-google\"><span style=\"color: #0000ff\">Mehr erfahren<\/span><\/a><\/span><\/p>\n<p><span style=\"color: #000000;font-size: 12pt\">Premium-Qualit\u00e4t und Leistung sind kompromisslos.<strong><br \/>\n<\/strong>Das HIROH phone powered by Murena mobile wurde ohne Kompromisse entwickelt.<\/span><\/p>\n<p><span style=\"color: #000000;font-size: 12pt\">&#8211;<strong> 16 GB RAM<\/strong> und <strong>512 GB Speicher<\/strong> <strong>, erweiterbar auf bis zu 2 TB,<\/strong> bieten Ihnen Platz f\u00fcr alles, was wichtig ist.<br \/>\n<\/span><span style=\"color: #000000;font-size: 12pt\">&#8211; Ein <strong>6,67-Zoll-AMOLED-Display<\/strong> und ein Kamerasystem, das einen <strong>108-MP-Samsung-Sensor<\/strong> mit einer <strong>32-MP-Frontlinse von Sony<\/strong> kombiniert, sorgen f\u00fcr gestochen scharfe, beeindruckende Details bei jeder Aufnahme.<br \/>\n&#8211; <\/span><span style=\"color: #000000;font-size: 12pt\">Ein <strong>Hardware-Kill-Switch <\/strong>, der das Mikrofon und die Kameras auf Schaltkreisebene ausschaltet und somit keine Angriffsfl\u00e4che f\u00fcr Eindringlinge bietet.<br \/>\n<\/span><span style=\"color: #000000;font-size: 12pt\">&#8211; Ein <strong>softwarebasierter Schalter<\/strong>, mit dem sich alle Funksignale, Wi-Fi, Bluetooth und NFC einfach abschalten lassen.<\/span><br \/>\n<a href=\"https:\/\/murena.com\/de\/laden\/smartphones\/brandneu\/hiroh-phone-powered-by-murena-pre-sale\/#tech-spec\"><span style=\"color: #0000ff;font-size: 12pt\">Mehr erfahren<\/span><\/a><\/p>\n<p><span style=\"color: #000000;font-size: 12pt\">Das <strong>HIROH phone powered by Murena<\/strong> ist kein weiteres Smartphone in einem \u00fcberf\u00fcllten Markt. Es ist eine Ablehnung, eine Weigerung \u00dcberwachung als Preis f\u00fcr moderne Technologie zu akzeptieren. Datenschutz wurde nicht nachtr\u00e4glich eingebaut. Er ist von Anfang an integriert.   <\/span><\/p>\n","protected":false},"featured_media":148969,"comment_status":"open","ping_status":"closed","template":"","meta":{"_seopress_robots_primary_cat":"none","_seopress_titles_title":"HIROH phone powered by Murena - Vorverkauf","_seopress_titles_desc":"HIROH phone powered by Murena mit Privacy Kill Switch.\nJETZT VORBESTELLEN und 200\u20ac sparen! Zahlen Sie jetzt 99\u20ac und kaufen Sie Ihr Telefon f\u00fcr nur 999\u20ac! ","_seopress_robots_index":""},"product_brand":[],"product_cat":[455],"product_tag":[1107,1106,1105],"class_list":{"0":"post-135126","1":"product","2":"type-product","3":"status-publish","4":"has-post-thumbnail","6":"product_cat-brandneu","7":"product_tag-fruhbucherangebot","8":"product_tag-hiroh-powered-by-murena-de","9":"product_tag-vorverkauf","10":"wpbf-post","13":"outofstock","14":"taxable","15":"shipping-taxable","16":"purchasable","17":"product-type-variable"},"bundled_by":[],"bundle_stock_status":"outofstock","bundle_stock_quantity":0,"bundle_virtual":false,"bundle_layout":"","bundle_add_to_cart_form_location":"","bundle_editable_in_cart":false,"bundle_sold_individually_context":"","bundle_item_grouping":"","bundle_min_size":"","bundle_max_size":"","bundle_price":[],"bundled_items":[],"bundle_sell_ids":[],"supplier_id":null,"supplier_sku":"","barcode":null,"atum_controlled":true,"out_stock_date":null,"out_stock_threshold":null,"inheritable":true,"inbound_stock":0,"stock_on_hold":0,"sold_today":2,"sales_last_days":10,"reserved_stock":0,"customer_returns":0,"warehouse_damage":0,"lost_in_post":0,"other_logs":0,"out_stock_days":0,"lost_sales":0,"has_location":false,"update_date":"2026-04-23T00:03:18","atum_locations":[],"atum_stock_status":"outofstock","restock_status":false,"low_stock_amount":"","sales_update_date":"2026-04-22T07:48:50","calc_backorders":null,"linked_bom":[],"sync_purchase_price":false,"bom_sellable":null,"minimum_threshold":null,"available_to_purchase":null,"selling_priority":null,"calculated_stock":null,"is_bom":false,"mi_inventories":[],"multi_inventory":"no","inventory_sorting_mode":"global","inventory_iteration":"global","expirable_inventories":"global","price_per_inventory":"global","show_write_off_inventories":"global","selectable_inventories":"global","selectable_inventories_mode":"global","_links":{"self":[{"href":"https:\/\/murena.com\/de\/wp-json\/wp\/v2\/product\/135126","targetHints":{"allow":["GET"]}}],"collection":[{"href":"https:\/\/murena.com\/de\/wp-json\/wp\/v2\/product"}],"about":[{"href":"https:\/\/murena.com\/de\/wp-json\/wp\/v2\/types\/product"}],"replies":[{"embeddable":true,"href":"https:\/\/murena.com\/de\/wp-json\/wp\/v2\/comments?post=135126"}],"wp:featuredmedia":[{"embeddable":true,"href":"https:\/\/murena.com\/de\/wp-json\/wp\/v2\/media\/148969"}],"wp:attachment":[{"href":"https:\/\/murena.com\/de\/wp-json\/wp\/v2\/media?parent=135126"}],"wp:term":[{"taxonomy":"product_brand","embeddable":true,"href":"https:\/\/murena.com\/de\/wp-json\/wp\/v2\/product_brand?post=135126"},{"taxonomy":"product_cat","embeddable":true,"href":"https:\/\/murena.com\/de\/wp-json\/wp\/v2\/product_cat?post=135126"},{"taxonomy":"product_tag","embeddable":true,"href":"https:\/\/murena.com\/de\/wp-json\/wp\/v2\/product_tag?post=135126"}],"curies":[{"name":"wp","href":"https:\/\/api.w.org\/{rel}","templated":true}]}}