{"id":133835,"date":"2025-08-29T15:54:32","date_gmt":"2025-08-29T13:54:32","guid":{"rendered":"https:\/\/murena.com\/?post_type=product&#038;p=133835"},"modified":"2026-05-08T07:10:07","modified_gmt":"2026-05-08T05:10:07","slug":"murena-shiftphone-8","status":"publish","type":"product","link":"https:\/\/murena.com\/de\/laden\/smartphones\/brandneu\/murena-shiftphone-8\/","title":{"rendered":"Murena SHIFTphone 8"},"content":{"rendered":"","protected":false},"excerpt":{"rendered":"<p>Das Murena SHIFTphone 8 kombiniert Modularit\u00e4t und Datenschutz. Das Murena SHIFTphone 8 l\u00e4uft auf unserem datenschutzorientierten \/e\/OS-Betriebssystem, im Ihnen und Ihren Daten kontinuierlichen Schutz zu bieten.<\/p>\n<p>Sch\u00fctzen Sie Ihre Privatsph\u00e4re und nutzen Sie ein zugleich leistungsstarkes, modulares und nachhaltiges Smartphone. <a href=\"https:\/\/murena.com\/de\/laden\/smartphones\/brandneu\/murena-shiftphone-8\/#android-without-google\">Mehr erfahren<\/a><\/p>\n<p><strong>Dieses Smartphone verf\u00fcgt <\/strong><strong>\u00fcber Hardware-Kill-Switches<\/strong>* f\u00fcr Ihre Kameras und Mikrofone, mit denen Sie diese komplett ausschalten k\u00f6nnen, um mehr Privatsph\u00e4re zu gew\u00e4hrleisten. (*Diese <strong>Kill Switches <\/strong>befinden sich unter der Batterieabdeckung und k\u00f6nnen mit einer B\u00fcroklammer oder einem \u00e4hnlichen Gegenstand eingeschaltet werden, so dass es nicht einfach ist, sie regelm\u00e4\u00dfig einzusetzen, aber um die Kamera und das Mikrofon f\u00fcr l\u00e4ngere Zeit auszuschalten, sind sie sehr gut geeignet).<\/p>\n<p>Au\u00dferdem bietet es einen brillanten <strong>6,67-Zoll-AMOLED-Bildschirm<\/strong>.<strong> Bis zu 512 GB<\/strong> erweiterbarer Speicherplatz, damit Sie mehr als genug Geschwindigkeit und Platz haben, um alles N\u00f6tige auf Ihrem Handy zu speichern. Es ist <strong>vollst\u00e4ndig modular und reparaturfreundlich<\/strong>, sodass Sie Teile ganz einfach selbst austauschen k\u00f6nnen, um die Lebensdauer Ihres Smartphones zu verl\u00e4ngern. <a href=\"https:\/\/murena.com\/de\/laden\/smartphones\/brandneu\/murena-shiftphone-8\/#tech-spec\">Mehr erfahren<\/a><\/p>\n<p>Das <strong>Murena SHIFTphone 8<\/strong> zeichnet sich durch sein vollst\u00e4ndig modulares Design aus, das einfache Reparaturen und Upgrades erm\u00f6glicht, kombiniert mit leistungsstarker Hardware, fortschrittlichen Datenschutzkontrollen und nachhaltiger Produktion. Damit ist es die ideale Wahl f\u00fcr alle, die Leistung, Langlebigkeit und Umweltverantwortung in einem Ger\u00e4t w\u00fcnschen!<\/p>\n<p><strong>**Bitte beachten Sie: Das Shiftphone, das als Shiftphone 8 verkauft wird, ist das aktualisierte Modell Shiftphone 8.1.<\/strong><\/p>\n","protected":false},"featured_media":141219,"comment_status":"open","ping_status":"closed","template":"","meta":{"_seopress_robots_primary_cat":"none","_seopress_titles_title":"SHIFTphone 8 - Murena - deGoogled Telefone","_seopress_titles_desc":"Murena SHIFTphone 8: Das nachhaltige, modulare Smartphone mit datenschutzorientiertem \/e\/OS und einem Hardware-Kill-Switch. Genie\u00dfen Sie ein 6,67\u2033 AMOLED-Display und einen erweiterbaren Speicher von bis zu 512 GB.","_seopress_robots_index":""},"product_brand":[],"product_cat":[552,455],"product_tag":[1096,832,1077,1075,824,1078,812],"class_list":{"0":"post-133835","1":"product","2":"type-product","3":"status-publish","4":"has-post-thumbnail","6":"product_cat-smartphones","7":"product_cat-brandneu","8":"product_tag-12-ram-de","9":"product_tag-2-jahre-garantie","10":"product_tag-512-gb-erweiterbar","11":"product_tag-667-zoll-amoled","12":"product_tag-dual-sim-de","13":"product_tag-hardware-kill-switch","14":"product_tag-herausnehmbarer-akku","15":"wpbf-post","18":"instock","19":"taxable","20":"shipping-taxable","21":"purchasable","22":"product-type-simple"},"bundled_by":[],"bundle_stock_status":"instock","bundle_stock_quantity":43,"bundle_virtual":false,"bundle_layout":"","bundle_add_to_cart_form_location":"","bundle_editable_in_cart":false,"bundle_sold_individually_context":"","bundle_item_grouping":"","bundle_min_size":"","bundle_max_size":"","bundle_price":[],"bundled_items":[],"bundle_sell_ids":[],"supplier_id":122429,"supplier_sku":"","barcode":null,"atum_controlled":true,"out_stock_date":null,"out_stock_threshold":null,"inheritable":false,"inbound_stock":0,"stock_on_hold":2,"sold_today":0,"sales_last_days":0,"reserved_stock":0,"customer_returns":0,"warehouse_damage":0,"lost_in_post":0,"other_logs":0,"out_stock_days":0,"lost_sales":0,"has_location":false,"update_date":"2026-05-09T11:39:18","atum_locations":[],"atum_stock_status":"instock","restock_status":false,"low_stock_amount":"","sales_update_date":"2026-05-09T11:39:18","calc_backorders":null,"linked_bom":[],"sync_purchase_price":false,"bom_sellable":null,"minimum_threshold":null,"available_to_purchase":null,"selling_priority":null,"calculated_stock":null,"is_bom":false,"mi_inventories":[],"multi_inventory":"no","inventory_sorting_mode":"global","inventory_iteration":"global","expirable_inventories":"global","price_per_inventory":"global","show_write_off_inventories":"global","selectable_inventories":"global","selectable_inventories_mode":"global","_links":{"self":[{"href":"https:\/\/murena.com\/de\/wp-json\/wp\/v2\/product\/133835","targetHints":{"allow":["GET"]}}],"collection":[{"href":"https:\/\/murena.com\/de\/wp-json\/wp\/v2\/product"}],"about":[{"href":"https:\/\/murena.com\/de\/wp-json\/wp\/v2\/types\/product"}],"replies":[{"embeddable":true,"href":"https:\/\/murena.com\/de\/wp-json\/wp\/v2\/comments?post=133835"}],"wp:featuredmedia":[{"embeddable":true,"href":"https:\/\/murena.com\/de\/wp-json\/wp\/v2\/media\/141219"}],"wp:attachment":[{"href":"https:\/\/murena.com\/de\/wp-json\/wp\/v2\/media?parent=133835"}],"wp:term":[{"taxonomy":"product_brand","embeddable":true,"href":"https:\/\/murena.com\/de\/wp-json\/wp\/v2\/product_brand?post=133835"},{"taxonomy":"product_cat","embeddable":true,"href":"https:\/\/murena.com\/de\/wp-json\/wp\/v2\/product_cat?post=133835"},{"taxonomy":"product_tag","embeddable":true,"href":"https:\/\/murena.com\/de\/wp-json\/wp\/v2\/product_tag?post=133835"}],"curies":[{"name":"wp","href":"https:\/\/api.w.org\/{rel}","templated":true}]}}