{"id":124743,"date":"2025-06-16T19:25:28","date_gmt":"2025-06-16T17:25:28","guid":{"rendered":"https:\/\/murena.com\/?post_type=product&#038;p=124743"},"modified":"2026-04-04T12:50:55","modified_gmt":"2026-04-04T10:50:55","slug":"fairphone-gen-6-schluesselband","status":"publish","type":"product","link":"https:\/\/murena.com\/de\/laden\/zubehoer\/fairphone-gen-6-schluesselband\/","title":{"rendered":"Fairphone (Gen. 6) Schl\u00fcsselband"},"content":{"rendered":"","protected":false},"excerpt":{"rendered":"<p>Bleiben Sie freih\u00e4ndig und sicher mit dem Lanyard-Zubeh\u00f6r f\u00fcr Ihr Murena Fairphone (Gen. 6)!<\/p>\n<p>Dieses Zubeh\u00f6rteil ist so konzipiert, dass es fest auf die R\u00fcckseite Ihres Telefons geschraubt werden kann und einen starken und zuverl\u00e4ssigen Ankerpunkt f\u00fcr Ihr Lieblings-Lanyard bietet.<\/p>\n<p>Ganz gleich, ob Sie pendeln, reisen oder einfach nur zus\u00e4tzliche Sicherheit w\u00fcnschen &#8211; mit dem Lanyard-Zubeh\u00f6r bleibt Ihr Telefon sicher befestigt und jederzeit leicht zug\u00e4nglich. Das flache Design sorgt daf\u00fcr, dass es nicht mit kabellosen Ladeger\u00e4ten oder Handyh\u00fcllen kollidiert, und es besteht aus langlebigen Materialien f\u00fcr eine lange Nutzung. <\/p>\n<p><strong>Kompatibel<\/strong> mit Murena Fairphone (Gen. 6) | <strong>Inkompatibel<\/strong> mit Murena Fairphone 5 und Murena Fairphone 4.<\/p>\n","protected":false},"featured_media":124386,"comment_status":"open","ping_status":"closed","template":"","meta":{"_seopress_robots_primary_cat":"none","_seopress_titles_title":"Fairphone (Gen. 6) Schl\u00fcsselband","_seopress_titles_desc":"Bleiben Sie freih\u00e4ndig und sicher mit dem Lanyard-Zubeh\u00f6r f\u00fcr Ihr Murena Fairphone (Gen. 6)!","_seopress_robots_index":""},"product_brand":[],"product_cat":[454],"product_tag":[],"class_list":{"0":"post-124743","1":"product","2":"type-product","3":"status-publish","4":"has-post-thumbnail","6":"product_cat-zubehoer","7":"wpbf-post","10":"instock","11":"taxable","12":"shipping-taxable","13":"purchasable","14":"product-type-variable"},"bundled_by":[],"bundle_stock_status":"instock","bundle_stock_quantity":null,"bundle_virtual":false,"bundle_layout":"","bundle_add_to_cart_form_location":"","bundle_editable_in_cart":false,"bundle_sold_individually_context":"","bundle_item_grouping":"","bundle_min_size":"","bundle_max_size":"","bundle_price":[],"bundled_items":[],"bundle_sell_ids":[],"supplier_id":null,"supplier_sku":"","barcode":null,"atum_controlled":true,"out_stock_date":null,"out_stock_threshold":null,"inheritable":true,"inbound_stock":0,"stock_on_hold":0,"sold_today":0,"sales_last_days":7,"reserved_stock":0,"customer_returns":0,"warehouse_damage":0,"lost_in_post":0,"other_logs":0,"out_stock_days":0,"lost_sales":0,"has_location":false,"update_date":"2026-04-08T20:33:31","atum_locations":[],"atum_stock_status":"instock","restock_status":false,"low_stock_amount":"","sales_update_date":"2026-04-08T12:17:14","calc_backorders":null,"linked_bom":[],"sync_purchase_price":false,"bom_sellable":null,"minimum_threshold":null,"available_to_purchase":null,"selling_priority":null,"calculated_stock":null,"is_bom":false,"mi_inventories":[],"multi_inventory":"no","inventory_sorting_mode":"global","inventory_iteration":"global","expirable_inventories":"global","price_per_inventory":"global","show_write_off_inventories":"global","selectable_inventories":"global","selectable_inventories_mode":"global","_links":{"self":[{"href":"https:\/\/murena.com\/de\/wp-json\/wp\/v2\/product\/124743","targetHints":{"allow":["GET"]}}],"collection":[{"href":"https:\/\/murena.com\/de\/wp-json\/wp\/v2\/product"}],"about":[{"href":"https:\/\/murena.com\/de\/wp-json\/wp\/v2\/types\/product"}],"replies":[{"embeddable":true,"href":"https:\/\/murena.com\/de\/wp-json\/wp\/v2\/comments?post=124743"}],"wp:featuredmedia":[{"embeddable":true,"href":"https:\/\/murena.com\/de\/wp-json\/wp\/v2\/media\/124386"}],"wp:attachment":[{"href":"https:\/\/murena.com\/de\/wp-json\/wp\/v2\/media?parent=124743"}],"wp:term":[{"taxonomy":"product_brand","embeddable":true,"href":"https:\/\/murena.com\/de\/wp-json\/wp\/v2\/product_brand?post=124743"},{"taxonomy":"product_cat","embeddable":true,"href":"https:\/\/murena.com\/de\/wp-json\/wp\/v2\/product_cat?post=124743"},{"taxonomy":"product_tag","embeddable":true,"href":"https:\/\/murena.com\/de\/wp-json\/wp\/v2\/product_tag?post=124743"}],"curies":[{"name":"wp","href":"https:\/\/api.w.org\/{rel}","templated":true}]}}