{"id":124729,"date":"2025-06-16T17:46:37","date_gmt":"2025-06-16T15:46:37","guid":{"rendered":"https:\/\/murena.com\/?post_type=product&#038;p=124729"},"modified":"2026-04-02T19:37:47","modified_gmt":"2026-04-02T17:37:47","slug":"fairphone-gen-6-fingerschlaufe","status":"publish","type":"product","link":"https:\/\/murena.com\/de\/laden\/zubehoer\/fairphone-gen-6-fingerschlaufe\/","title":{"rendered":"Fairphone (Gen. 6) Fingerschlaufe"},"content":{"rendered":"<p>Halten Sie Ihr Murena Fairphone (Gen. 6) sicher und bequem mit dem Fingerloop-Zubeh\u00f6r!<\/p>\n<p>Diese innovative Fingerschlaufe l\u00e4sst sich einfach auf die R\u00fcckseite Ihres Telefons schrauben und bietet einen zuverl\u00e4ssigen Halt, der versehentliches Fallenlassen verhindert, besonders wenn Sie unterwegs sind.<br \/>\nDank des cleveren Designs kann die Schlaufe bei Nichtgebrauch komplett flach liegen, sodass Ihr Telefon taschenfreundlich und schlank bleibt. Bei Bedarf heben Sie die Schlaufe einfach an, um Ihren Finger hindurchzuschieben &#8211; f\u00fcr einh\u00e4ndige Bedienung, Selfies oder zus\u00e4tzliche Stabilit\u00e4t beim Telefonieren und Surfen. <\/p>\n<p>Die aus strapazierf\u00e4higem Material gefertigte Fingerschlaufe ist ideal f\u00fcr Benutzer, die zus\u00e4tzliche Sicherheit w\u00fcnschen, ohne dass sie zu viel Platz beanspruchen.<\/p>\n<p><strong>Kompatibel<\/strong> mit Murena Fairphone (Gen. 6) | <strong>Inkompatibel<\/strong> mit Murena Fairphone 5 und Murena Fairphone 4.<\/p>\n","protected":false},"excerpt":{"rendered":"<p>Halten Sie Ihr Murena Fairphone (Gen. 6) sicher und bequem mit dem Fingerloop-Zubeh\u00f6r!<\/p>\n<p>Diese innovative Fingerschlaufe l\u00e4sst sich einfach auf die R\u00fcckseite Ihres Telefons schrauben und bietet einen zuverl\u00e4ssigen Halt, der versehentliches Fallenlassen verhindert, besonders wenn Sie unterwegs sind.<br \/>\nDank des cleveren Designs kann die Schlaufe bei Nichtgebrauch komplett flach liegen, sodass Ihr Telefon taschenfreundlich und schlank bleibt. Bei Bedarf heben Sie die Schlaufe einfach an, um Ihren Finger hindurchzuschieben &#8211; f\u00fcr einh\u00e4ndige Bedienung, Selfies oder zus\u00e4tzliche Stabilit\u00e4t beim Telefonieren und Surfen. <\/p>\n<p>Die aus strapazierf\u00e4higem Material gefertigte Fingerschlaufe ist ideal f\u00fcr Benutzer, die zus\u00e4tzliche Sicherheit w\u00fcnschen, ohne dass sie zu viel Platz beanspruchen.<\/p>\n<p><strong>Kompatibel<\/strong> mit Murena Fairphone (Gen. 6) | <strong>Inkompatibel<\/strong> mit Murena Fairphone 5 und Murena Fairphone 4.<\/p>\n","protected":false},"featured_media":124854,"comment_status":"open","ping_status":"closed","template":"","meta":{"_seopress_robots_primary_cat":"none","_seopress_titles_title":"Fairphone (Gen. 6) Fingerschlaufe","_seopress_titles_desc":"Halten Sie Ihr Murena Fairphone (Gen. 6) sicher und bequem mit dem Fingerloop-Zubeh\u00f6r!","_seopress_robots_index":""},"product_brand":[],"product_cat":[454],"product_tag":[],"class_list":{"0":"post-124729","1":"product","2":"type-product","3":"status-publish","4":"has-post-thumbnail","6":"product_cat-zubehoer","7":"wpbf-post","10":"instock","11":"taxable","12":"shipping-taxable","13":"purchasable","14":"product-type-variable"},"bundled_by":[],"bundle_stock_status":"instock","bundle_stock_quantity":null,"bundle_virtual":false,"bundle_layout":"","bundle_add_to_cart_form_location":"","bundle_editable_in_cart":false,"bundle_sold_individually_context":"","bundle_item_grouping":"","bundle_min_size":"","bundle_max_size":"","bundle_price":[],"bundled_items":[],"bundle_sell_ids":[],"supplier_id":null,"supplier_sku":"","barcode":null,"atum_controlled":true,"out_stock_date":null,"out_stock_threshold":null,"inheritable":true,"inbound_stock":0,"stock_on_hold":3,"sold_today":1,"sales_last_days":1,"reserved_stock":0,"customer_returns":0,"warehouse_damage":0,"lost_in_post":0,"other_logs":0,"out_stock_days":0,"lost_sales":0,"has_location":false,"update_date":"2026-04-05T12:23:07","atum_locations":[],"atum_stock_status":"instock","restock_status":false,"low_stock_amount":"","sales_update_date":"2026-04-05T12:16:17","calc_backorders":null,"linked_bom":[],"sync_purchase_price":false,"bom_sellable":null,"minimum_threshold":null,"available_to_purchase":null,"selling_priority":null,"calculated_stock":null,"is_bom":false,"mi_inventories":[],"multi_inventory":"no","inventory_sorting_mode":"global","inventory_iteration":"global","expirable_inventories":"global","price_per_inventory":"global","show_write_off_inventories":"global","selectable_inventories":"global","selectable_inventories_mode":"global","_links":{"self":[{"href":"https:\/\/murena.com\/de\/wp-json\/wp\/v2\/product\/124729","targetHints":{"allow":["GET"]}}],"collection":[{"href":"https:\/\/murena.com\/de\/wp-json\/wp\/v2\/product"}],"about":[{"href":"https:\/\/murena.com\/de\/wp-json\/wp\/v2\/types\/product"}],"replies":[{"embeddable":true,"href":"https:\/\/murena.com\/de\/wp-json\/wp\/v2\/comments?post=124729"}],"wp:featuredmedia":[{"embeddable":true,"href":"https:\/\/murena.com\/de\/wp-json\/wp\/v2\/media\/124854"}],"wp:attachment":[{"href":"https:\/\/murena.com\/de\/wp-json\/wp\/v2\/media?parent=124729"}],"wp:term":[{"taxonomy":"product_brand","embeddable":true,"href":"https:\/\/murena.com\/de\/wp-json\/wp\/v2\/product_brand?post=124729"},{"taxonomy":"product_cat","embeddable":true,"href":"https:\/\/murena.com\/de\/wp-json\/wp\/v2\/product_cat?post=124729"},{"taxonomy":"product_tag","embeddable":true,"href":"https:\/\/murena.com\/de\/wp-json\/wp\/v2\/product_tag?post=124729"}],"curies":[{"name":"wp","href":"https:\/\/api.w.org\/{rel}","templated":true}]}}