{"id":124705,"date":"2025-06-16T16:39:00","date_gmt":"2025-06-16T14:39:00","guid":{"rendered":"https:\/\/murena.com\/?post_type=product&p=124705"},"modified":"2026-04-08T12:57:27","modified_gmt":"2026-04-08T10:57:27","slug":"fairphone-gen-6-kartenhalter","status":"publish","type":"product","link":"https:\/\/murena.com\/de\/laden\/zubehoer\/fairphone-gen-6-kartenhalter\/","title":{"rendered":"Fairphone (Gen. 6) Kartenhalter"},"content":{"rendered":"","protected":false},"excerpt":{"rendered":"<p>Mit dem Fairphone (Gen. 6) Card Holder haben Sie Ihre wichtigsten Dinge immer dabei.<\/p>\n<p>Mit dieser schlanken und robusten Halterung k\u00f6nnen Sie einige Karten bequem auf der R\u00fcckseite Ihres Telefons aufbewahren.<br \/>\nHergestellt aus flexiblen, hochwertigen Materialien, bietet sie zus\u00e4tzlichen Schutz vor Kratzern und kleineren St\u00f6\u00dfen, w\u00e4hrend sie ein niedriges Profil beibeh\u00e4lt. Das Design passt sich perfekt an die Konturen Ihres Fairphone an, da es auf der R\u00fcckseite Ihres Fairphone (Gen. 6) verschraubt wird. So sind Ihre Karten \u00fcberall sicher und leicht zug\u00e4nglich. <\/p>\n<p><strong>Kompatibel<\/strong> mit Murena Fairphone (Gen. 6) | <strong>Inkompatibel<\/strong> mit Murena Fairphone 5 und Murena Fairphone 4.<\/p>\n","protected":false},"featured_media":124850,"comment_status":"open","ping_status":"closed","template":"","meta":{"_seopress_robots_primary_cat":"none","_seopress_titles_title":"Fairphone (Gen. 6) Kartenhalter","_seopress_titles_desc":"Mit dem Fairphone (Gen. 6) Kartenhalter haben Sie alles Wichtige immer griffbereit.\nMit diesem schlanken und robusten Halter k\u00f6nnen Sie einige Karten bequem auf der R\u00fcckseite Ihres Telefons aufbewahren.","_seopress_robots_index":""},"product_brand":[],"product_cat":[454],"product_tag":[],"class_list":{"0":"post-124705","1":"product","2":"type-product","3":"status-publish","4":"has-post-thumbnail","6":"product_cat-zubehoer","7":"wpbf-post","10":"instock","11":"taxable","12":"shipping-taxable","13":"purchasable","14":"product-type-variable"},"bundled_by":[],"bundle_stock_status":"instock","bundle_stock_quantity":null,"bundle_virtual":false,"bundle_layout":"","bundle_add_to_cart_form_location":"","bundle_editable_in_cart":false,"bundle_sold_individually_context":"","bundle_item_grouping":"","bundle_min_size":"","bundle_max_size":"","bundle_price":[],"bundled_items":[],"bundle_sell_ids":[],"supplier_id":null,"supplier_sku":"","barcode":null,"atum_controlled":true,"out_stock_date":null,"out_stock_threshold":null,"inheritable":true,"inbound_stock":0,"stock_on_hold":3,"sold_today":1,"sales_last_days":3,"reserved_stock":0,"customer_returns":0,"warehouse_damage":0,"lost_in_post":0,"other_logs":0,"out_stock_days":0,"lost_sales":0,"has_location":false,"update_date":"2026-04-09T07:34:57","atum_locations":[],"atum_stock_status":"instock","restock_status":false,"low_stock_amount":"","sales_update_date":"2026-04-08T07:06:17","calc_backorders":null,"linked_bom":[],"sync_purchase_price":false,"bom_sellable":null,"minimum_threshold":null,"available_to_purchase":null,"selling_priority":null,"calculated_stock":null,"is_bom":false,"mi_inventories":[],"multi_inventory":"no","inventory_sorting_mode":"global","inventory_iteration":"global","expirable_inventories":"global","price_per_inventory":"global","show_write_off_inventories":"global","selectable_inventories":"global","selectable_inventories_mode":"global","_links":{"self":[{"href":"https:\/\/murena.com\/de\/wp-json\/wp\/v2\/product\/124705","targetHints":{"allow":["GET"]}}],"collection":[{"href":"https:\/\/murena.com\/de\/wp-json\/wp\/v2\/product"}],"about":[{"href":"https:\/\/murena.com\/de\/wp-json\/wp\/v2\/types\/product"}],"replies":[{"embeddable":true,"href":"https:\/\/murena.com\/de\/wp-json\/wp\/v2\/comments?post=124705"}],"wp:featuredmedia":[{"embeddable":true,"href":"https:\/\/murena.com\/de\/wp-json\/wp\/v2\/media\/124850"}],"wp:attachment":[{"href":"https:\/\/murena.com\/de\/wp-json\/wp\/v2\/media?parent=124705"}],"wp:term":[{"taxonomy":"product_brand","embeddable":true,"href":"https:\/\/murena.com\/de\/wp-json\/wp\/v2\/product_brand?post=124705"},{"taxonomy":"product_cat","embeddable":true,"href":"https:\/\/murena.com\/de\/wp-json\/wp\/v2\/product_cat?post=124705"},{"taxonomy":"product_tag","embeddable":true,"href":"https:\/\/murena.com\/de\/wp-json\/wp\/v2\/product_tag?post=124705"}],"curies":[{"name":"wp","href":"https:\/\/api.w.org\/{rel}","templated":true}]}}