{"id":124696,"date":"2025-06-13T18:58:08","date_gmt":"2025-06-13T16:58:08","guid":{"rendered":"https:\/\/murena.com\/?post_type=product&p=124696"},"modified":"2026-03-17T15:13:32","modified_gmt":"2026-03-17T14:13:32","slug":"fairphone-gen-6-flip-tasche","status":"publish","type":"product","link":"https:\/\/murena.com\/de\/laden\/zubehoer\/fairphone-gen-6-flip-tasche\/","title":{"rendered":"Fairphone (Gen. 6) Flip-Tasche"},"content":{"rendered":"","protected":false},"excerpt":{"rendered":"<p>Holen Sie sich den vollen Schutz f\u00fcr Ihr Murena Fairphone (Gen. 6).<\/p>\n<p>Mehr als eine normale Schutzh\u00fclle, sch\u00fctzen Sie Ihr Handy-Display vor Kratzern und St\u00fcrzen.<\/p>\n<p>Das Fairphone (Gen. 6) Flip Case wickelt sich um die R\u00e4nder Ihres Bildschirms, absorbiert St\u00f6\u00dfe f\u00fcr maximalen Schutz vom Bildschirm zu den Ecken auf der R\u00fcckseite.<br \/>\nWie bei der regul\u00e4ren Fairphone (Gen. 6)-Tasche haben Sie immer noch einen maximalen Schutz, w\u00e4hrend Sie die M\u00f6glichkeit haben, Zubeh\u00f6r auf der R\u00fcckseite Ihres Telefons hinzuzuf\u00fcgen.<\/p>\n<p><strong>Kompatibel<\/strong> mit Murena Fairphone (Gen. 6) | <strong>Nicht kompatibel<\/strong> mit Murena Fairphone 5 und Murena Fairphone 4.<\/p>\n","protected":false},"featured_media":124124,"comment_status":"open","ping_status":"closed","template":"","meta":{"_seopress_robots_primary_cat":"none","_seopress_titles_title":"Fairphone (Gen. 6) Flip-Tasche","_seopress_titles_desc":"Erhalten Sie umfassenden Schutz f\u00fcr Ihr Murena Fairphone (Gen. 6).\nMehr als eine gew\u00f6hnliche Schutzh\u00fclle, sch\u00fctzt Ihr Handy-Display vor Kratzern und St\u00fcrzen.","_seopress_robots_index":""},"product_brand":[],"product_cat":[454],"product_tag":[],"class_list":{"0":"post-124696","1":"product","2":"type-product","3":"status-publish","4":"has-post-thumbnail","6":"product_cat-zubehoer","7":"wpbf-post","10":"instock","11":"taxable","12":"shipping-taxable","13":"purchasable","14":"product-type-simple"},"bundled_by":[],"bundle_stock_status":"instock","bundle_stock_quantity":42,"bundle_virtual":false,"bundle_layout":"","bundle_add_to_cart_form_location":"","bundle_editable_in_cart":false,"bundle_sold_individually_context":"","bundle_item_grouping":"","bundle_min_size":"","bundle_max_size":"","bundle_price":[],"bundled_items":[],"bundle_sell_ids":[],"supplier_id":28948,"supplier_sku":"F6FLIP-1ZW-WW1","barcode":null,"atum_controlled":true,"out_stock_date":null,"out_stock_threshold":null,"inheritable":false,"inbound_stock":0,"stock_on_hold":2,"sold_today":0,"sales_last_days":0,"reserved_stock":0,"customer_returns":0,"warehouse_damage":0,"lost_in_post":0,"other_logs":0,"out_stock_days":0,"lost_sales":0,"has_location":false,"update_date":"2026-04-05T12:16:33","atum_locations":[],"atum_stock_status":"instock","restock_status":false,"low_stock_amount":"","sales_update_date":"2026-04-05T12:16:33","calc_backorders":null,"linked_bom":[],"sync_purchase_price":false,"bom_sellable":null,"minimum_threshold":null,"available_to_purchase":null,"selling_priority":null,"calculated_stock":null,"is_bom":false,"mi_inventories":[],"multi_inventory":"no","inventory_sorting_mode":"global","inventory_iteration":"global","expirable_inventories":"global","price_per_inventory":"global","show_write_off_inventories":"global","selectable_inventories":"global","selectable_inventories_mode":"global","_links":{"self":[{"href":"https:\/\/murena.com\/de\/wp-json\/wp\/v2\/product\/124696","targetHints":{"allow":["GET"]}}],"collection":[{"href":"https:\/\/murena.com\/de\/wp-json\/wp\/v2\/product"}],"about":[{"href":"https:\/\/murena.com\/de\/wp-json\/wp\/v2\/types\/product"}],"replies":[{"embeddable":true,"href":"https:\/\/murena.com\/de\/wp-json\/wp\/v2\/comments?post=124696"}],"wp:featuredmedia":[{"embeddable":true,"href":"https:\/\/murena.com\/de\/wp-json\/wp\/v2\/media\/124124"}],"wp:attachment":[{"href":"https:\/\/murena.com\/de\/wp-json\/wp\/v2\/media?parent=124696"}],"wp:term":[{"taxonomy":"product_brand","embeddable":true,"href":"https:\/\/murena.com\/de\/wp-json\/wp\/v2\/product_brand?post=124696"},{"taxonomy":"product_cat","embeddable":true,"href":"https:\/\/murena.com\/de\/wp-json\/wp\/v2\/product_cat?post=124696"},{"taxonomy":"product_tag","embeddable":true,"href":"https:\/\/murena.com\/de\/wp-json\/wp\/v2\/product_tag?post=124696"}],"curies":[{"name":"wp","href":"https:\/\/api.w.org\/{rel}","templated":true}]}}