{"id":124075,"date":"2025-06-13T18:27:44","date_gmt":"2025-06-13T16:27:44","guid":{"rendered":"https:\/\/murena.com\/?post_type=product&#038;p=124075"},"modified":"2026-04-23T19:47:56","modified_gmt":"2026-04-23T17:47:56","slug":"fairphone-6-case-schutzhulle","status":"publish","type":"product","link":"https:\/\/murena.com\/de\/laden\/zubehoer\/fairphone-6-case-schutzhulle\/","title":{"rendered":"Fairphone (Gen. 6) Schutzh\u00fclle"},"content":{"rendered":"","protected":false},"excerpt":{"rendered":"<p>Sch\u00fctzen Sie Ihr Murena Fairphone (Gen. 6) dort, wo es am meisten gebraucht wird!<\/p>\n<p>Diese Schutzh\u00fclle sch\u00fctzt Ihr Handy vor St\u00fcrzen und bietet Ihnen gleichzeitig die M\u00f6glichkeit, weiteres Zubeh\u00f6r wie Kartenhalter, Fingerschlaufe oder Schl\u00fcsselband anzubringen.<\/p>\n<p>Diese Design-H\u00fclle wurde speziell entwickelt, damit Ihr Murena Fairphone (Gen. 6) noch l\u00e4nger h\u00e4lt. Sein effizientes Design sch\u00fctzt die empfindlichsten Teile Ihres Telefons wie die Seiten, Ecken, die Vorderseite oder die Kamera.<\/p>\n<p><strong>Kompatibel<\/strong> mit Murena Fairphone (Gen. 6) | <strong>Inkompatibel<\/strong> mit Murena Fairphone 5 und Murena Fairphone 4.<\/p>\n","protected":false},"featured_media":124846,"comment_status":"open","ping_status":"closed","template":"","meta":{"_seopress_robots_primary_cat":"none","_seopress_titles_title":"Fairphone (Gen. 6) Schutzh\u00fclle","_seopress_titles_desc":"Sch\u00fctzen Sie Ihr Murena Fairphone (Gen. 6) dort, wo es am meisten gebraucht wird!\r\nDiese Schutzh\u00fclle sch\u00fctzt Ihr Handy vor St\u00fcrzen und bietet Ihnen gleichzeitig die M\u00f6glichkeit, weiteres Zubeh\u00f6r wie Kartenhalter, Fingerschlaufe oder Schl\u00fcsselband anzubringen.","_seopress_robots_index":""},"product_brand":[],"product_cat":[454],"product_tag":[819],"class_list":{"0":"post-124075","1":"product","2":"type-product","3":"status-publish","4":"has-post-thumbnail","6":"product_cat-zubehoer","7":"product_tag-zubehor","8":"wpbf-post","11":"instock","12":"taxable","13":"shipping-taxable","14":"purchasable","15":"product-type-variable"},"bundled_by":["140591","150834"],"bundle_stock_status":"instock","bundle_stock_quantity":null,"bundle_virtual":false,"bundle_layout":"","bundle_add_to_cart_form_location":"","bundle_editable_in_cart":false,"bundle_sold_individually_context":"","bundle_item_grouping":"","bundle_min_size":"","bundle_max_size":"","bundle_price":[],"bundled_items":[],"bundle_sell_ids":[],"supplier_id":28948,"supplier_sku":"","barcode":null,"atum_controlled":true,"out_stock_date":null,"out_stock_threshold":null,"inheritable":true,"inbound_stock":0,"stock_on_hold":13,"sold_today":1,"sales_last_days":26,"reserved_stock":0,"customer_returns":0,"warehouse_damage":0,"lost_in_post":0,"other_logs":0,"out_stock_days":0,"lost_sales":0,"has_location":false,"update_date":"2026-04-24T07:06:03","atum_locations":[],"atum_stock_status":"instock","restock_status":false,"low_stock_amount":"","sales_update_date":"2026-04-24T07:06:03","calc_backorders":null,"linked_bom":[],"sync_purchase_price":false,"bom_sellable":null,"minimum_threshold":null,"available_to_purchase":null,"selling_priority":null,"calculated_stock":null,"is_bom":false,"mi_inventories":[],"multi_inventory":"no","inventory_sorting_mode":"global","inventory_iteration":"global","expirable_inventories":"global","price_per_inventory":"global","show_write_off_inventories":"global","selectable_inventories":"global","selectable_inventories_mode":"global","_links":{"self":[{"href":"https:\/\/murena.com\/de\/wp-json\/wp\/v2\/product\/124075","targetHints":{"allow":["GET"]}}],"collection":[{"href":"https:\/\/murena.com\/de\/wp-json\/wp\/v2\/product"}],"about":[{"href":"https:\/\/murena.com\/de\/wp-json\/wp\/v2\/types\/product"}],"replies":[{"embeddable":true,"href":"https:\/\/murena.com\/de\/wp-json\/wp\/v2\/comments?post=124075"}],"wp:featuredmedia":[{"embeddable":true,"href":"https:\/\/murena.com\/de\/wp-json\/wp\/v2\/media\/124846"}],"wp:attachment":[{"href":"https:\/\/murena.com\/de\/wp-json\/wp\/v2\/media?parent=124075"}],"wp:term":[{"taxonomy":"product_brand","embeddable":true,"href":"https:\/\/murena.com\/de\/wp-json\/wp\/v2\/product_brand?post=124075"},{"taxonomy":"product_cat","embeddable":true,"href":"https:\/\/murena.com\/de\/wp-json\/wp\/v2\/product_cat?post=124075"},{"taxonomy":"product_tag","embeddable":true,"href":"https:\/\/murena.com\/de\/wp-json\/wp\/v2\/product_tag?post=124075"}],"curies":[{"name":"wp","href":"https:\/\/api.w.org\/{rel}","templated":true}]}}