{"id":123986,"date":"2025-06-11T18:57:37","date_gmt":"2025-06-11T16:57:37","guid":{"rendered":"https:\/\/murena.com\/?post_type=product&#038;p=123986"},"modified":"2026-04-18T21:56:27","modified_gmt":"2026-04-18T19:56:27","slug":"fairphone-6-displayschutz-mit-sichtschutzfilter","status":"publish","type":"product","link":"https:\/\/murena.com\/de\/laden\/zubehoer\/fairphone-6-displayschutz-mit-sichtschutzfilter\/","title":{"rendered":"Fairphone (Gen. 6) Displayschutzfolie mit Sichtschutzfilter"},"content":{"rendered":"","protected":false},"excerpt":{"rendered":"<p>Sch\u00fctzen Sie Ihr Murena Fairphone (Gen. 6) und halten Sie gleichzeitig Ihren Bildschirm privat!<\/p>\n<p>Diese Displayschutzfolie sch\u00fctzt Ihr Murena Fairphone (Gen. 6) vor Kratzern und kleinen St\u00fcrzen und sorgt daf\u00fcr, dass niemand einen Blick auf Ihr Display werfen kann. Perfekt f\u00fcr die Momente, in denen die Privatsph\u00e4re am wichtigsten ist.<\/p>\n<p>Hergestellt aus geh\u00e4rtetem Glas mit Corning\u00ae Accessory Glass bietet es starken Schutz und eine glatte, fingerabdruckresistente Oberfl\u00e4che.<br \/>\nDer integrierte Sichtschutzfilter blockiert seitliche Einblicke, sodass nur Sie sehen, was auf Ihrem Display zu sehen ist.<br \/>\nAbgerundete Kanten vervollst\u00e4ndigen das schlanke, diskrete Design f\u00fcr eine perfekte Passform.<\/p>\n<p>Kompatibel <strong>nur<\/strong> mit Murena Fairphone (Gen. 6) | <strong>Inkompatibel<\/strong> mit Murena Fairphone 5 und Fairphone 4.<\/p>\n","protected":false},"featured_media":56346,"comment_status":"open","ping_status":"closed","template":"","meta":{"_seopress_robots_primary_cat":"none","_seopress_titles_title":"Fairphone (Gen. 6) Displayschutzfolie mit Sichtschutzfilter","_seopress_titles_desc":"Sch\u00fctzen Sie Ihr Murena Fairphone (Gen. 6) und halten Sie gleichzeitig Ihren Bildschirm privat!\r\nSch\u00fctzt vor Kratzern und sorgt daf\u00fcr, dass Ihr Bildschirm privat bleibt!","_seopress_robots_index":""},"product_brand":[],"product_cat":[454],"product_tag":[819],"class_list":{"0":"post-123986","1":"product","2":"type-product","3":"status-publish","4":"has-post-thumbnail","6":"product_cat-zubehoer","7":"product_tag-zubehor","8":"wpbf-post","11":"outofstock","12":"taxable","13":"shipping-taxable","14":"purchasable","15":"product-type-simple"},"bundled_by":["140591"],"bundle_stock_status":"outofstock","bundle_stock_quantity":-3,"bundle_virtual":false,"bundle_layout":"","bundle_add_to_cart_form_location":"","bundle_editable_in_cart":false,"bundle_sold_individually_context":"","bundle_item_grouping":"","bundle_min_size":"","bundle_max_size":"","bundle_price":[],"bundled_items":[],"bundle_sell_ids":[],"supplier_id":28948,"supplier_sku":"F6PRTC-1PF-WW1","barcode":null,"atum_controlled":true,"out_stock_date":null,"out_stock_threshold":null,"inheritable":false,"inbound_stock":100,"stock_on_hold":1,"sold_today":0,"sales_last_days":0,"reserved_stock":0,"customer_returns":0,"warehouse_damage":0,"lost_in_post":0,"other_logs":0,"out_stock_days":0,"lost_sales":0,"has_location":false,"update_date":"2026-04-23T12:16:14","atum_locations":[],"atum_stock_status":"outofstock","restock_status":false,"low_stock_amount":0,"sales_update_date":"2026-04-23T12:16:14","calc_backorders":null,"linked_bom":[],"sync_purchase_price":false,"bom_sellable":null,"minimum_threshold":null,"available_to_purchase":null,"selling_priority":null,"calculated_stock":null,"is_bom":false,"mi_inventories":[],"multi_inventory":"no","inventory_sorting_mode":"global","inventory_iteration":"global","expirable_inventories":"global","price_per_inventory":"global","show_write_off_inventories":"global","selectable_inventories":"global","selectable_inventories_mode":"global","_links":{"self":[{"href":"https:\/\/murena.com\/de\/wp-json\/wp\/v2\/product\/123986","targetHints":{"allow":["GET"]}}],"collection":[{"href":"https:\/\/murena.com\/de\/wp-json\/wp\/v2\/product"}],"about":[{"href":"https:\/\/murena.com\/de\/wp-json\/wp\/v2\/types\/product"}],"replies":[{"embeddable":true,"href":"https:\/\/murena.com\/de\/wp-json\/wp\/v2\/comments?post=123986"}],"wp:featuredmedia":[{"embeddable":true,"href":"https:\/\/murena.com\/de\/wp-json\/wp\/v2\/media\/56346"}],"wp:attachment":[{"href":"https:\/\/murena.com\/de\/wp-json\/wp\/v2\/media?parent=123986"}],"wp:term":[{"taxonomy":"product_brand","embeddable":true,"href":"https:\/\/murena.com\/de\/wp-json\/wp\/v2\/product_brand?post=123986"},{"taxonomy":"product_cat","embeddable":true,"href":"https:\/\/murena.com\/de\/wp-json\/wp\/v2\/product_cat?post=123986"},{"taxonomy":"product_tag","embeddable":true,"href":"https:\/\/murena.com\/de\/wp-json\/wp\/v2\/product_tag?post=123986"}],"curies":[{"name":"wp","href":"https:\/\/api.w.org\/{rel}","templated":true}]}}