{"id":123981,"date":"2025-06-11T18:37:32","date_gmt":"2025-06-11T16:37:32","guid":{"rendered":"https:\/\/murena.com\/?post_type=product&#038;p=123981"},"modified":"2026-04-23T19:47:54","modified_gmt":"2026-04-23T17:47:54","slug":"fairphone-6-displayschutz-standard","status":"publish","type":"product","link":"https:\/\/murena.com\/de\/laden\/zubehoer\/fairphone-6-displayschutz-standard\/","title":{"rendered":"Fairphone (Gen. 6) Displayschutzfolie Standard"},"content":{"rendered":"","protected":false},"excerpt":{"rendered":"<p>Sch\u00fctzen Sie Ihr Murena Fairphone (Gen. 6) vor allt\u00e4glichen Unf\u00e4llen!<\/p>\n<p>Diese Standard-Bildschirmschutzfolie sch\u00fctzt das Display Ihres Telefons vor Kratzern, Schrammen und kleineren St\u00fcrzen. Sie ist aus strapazierf\u00e4higem, geh\u00e4rtetem Glas gefertigt und bietet einen robusten Schutz vor Schl\u00fcsseln, M\u00fcnzen und anderen scharfen Gegenst\u00e4nden, damit Ihr Display l\u00e4nger makellos bleibt.<\/p>\n<p>Einfach zu installieren und f\u00fcr eine perfekte Passform f\u00fcr Ihr Murena Fairphone (Gen. 6) konzipiert. Sein schlankes Profil sorgt daf\u00fcr, dass es die Ber\u00fchrungsempfindlichkeit und den t\u00e4glichen Gebrauch nicht beeintr\u00e4chtigt, w\u00e4hrend die glatten Kanten ein angenehmes Gef\u00fchl in der Hand vermitteln.<\/p>\n<p><strong>Kompatibel<\/strong> nur mit Murena Fairphone (Gen. 6) | <strong>Inkompatibel<\/strong> mit Murena Fairphone 5 und Fairphone 4.<\/p>\n","protected":false},"featured_media":56346,"comment_status":"open","ping_status":"closed","template":"","meta":{"_seopress_robots_primary_cat":"none","_seopress_titles_title":"Fairphone (Gen. 6)Displayschutzfolie Standard","_seopress_titles_desc":"Sch\u00fctzen Sie Ihr Murena Fairphone (Gen. 6) vor allt\u00e4glichen Unf\u00e4llen!\r\n\r\nDiese Standard-Displayschutzfolie sch\u00fctzt das Display Ihres Telefons vor Kratzern, Schrammen und kleineren St\u00fcrzen.","_seopress_robots_index":""},"product_brand":[],"product_cat":[454],"product_tag":[819],"class_list":{"0":"post-123981","1":"product","2":"type-product","3":"status-publish","4":"has-post-thumbnail","6":"product_cat-zubehoer","7":"product_tag-zubehor","8":"wpbf-post","11":"instock","12":"taxable","13":"shipping-taxable","14":"purchasable","15":"product-type-simple"},"bundled_by":["140591","150834"],"bundle_stock_status":"instock","bundle_stock_quantity":171,"bundle_virtual":false,"bundle_layout":"","bundle_add_to_cart_form_location":"","bundle_editable_in_cart":false,"bundle_sold_individually_context":"","bundle_item_grouping":"","bundle_min_size":"","bundle_max_size":"","bundle_price":[],"bundled_items":[],"bundle_sell_ids":[],"supplier_id":28948,"supplier_sku":"F6PRTC-1ST-WW1","barcode":null,"atum_controlled":true,"out_stock_date":null,"out_stock_threshold":null,"inheritable":false,"inbound_stock":0,"stock_on_hold":8,"sold_today":0,"sales_last_days":0,"reserved_stock":0,"customer_returns":0,"warehouse_damage":0,"lost_in_post":0,"other_logs":0,"out_stock_days":0,"lost_sales":0,"has_location":false,"update_date":"2026-04-24T06:48:37","atum_locations":[],"atum_stock_status":"instock","restock_status":false,"low_stock_amount":0,"sales_update_date":"2026-04-24T06:48:36","calc_backorders":null,"linked_bom":[],"sync_purchase_price":false,"bom_sellable":null,"minimum_threshold":null,"available_to_purchase":null,"selling_priority":null,"calculated_stock":null,"is_bom":false,"mi_inventories":[],"multi_inventory":"no","inventory_sorting_mode":"global","inventory_iteration":"global","expirable_inventories":"global","price_per_inventory":"global","show_write_off_inventories":"global","selectable_inventories":"global","selectable_inventories_mode":"global","_links":{"self":[{"href":"https:\/\/murena.com\/de\/wp-json\/wp\/v2\/product\/123981","targetHints":{"allow":["GET"]}}],"collection":[{"href":"https:\/\/murena.com\/de\/wp-json\/wp\/v2\/product"}],"about":[{"href":"https:\/\/murena.com\/de\/wp-json\/wp\/v2\/types\/product"}],"replies":[{"embeddable":true,"href":"https:\/\/murena.com\/de\/wp-json\/wp\/v2\/comments?post=123981"}],"wp:featuredmedia":[{"embeddable":true,"href":"https:\/\/murena.com\/de\/wp-json\/wp\/v2\/media\/56346"}],"wp:attachment":[{"href":"https:\/\/murena.com\/de\/wp-json\/wp\/v2\/media?parent=123981"}],"wp:term":[{"taxonomy":"product_brand","embeddable":true,"href":"https:\/\/murena.com\/de\/wp-json\/wp\/v2\/product_brand?post=123981"},{"taxonomy":"product_cat","embeddable":true,"href":"https:\/\/murena.com\/de\/wp-json\/wp\/v2\/product_cat?post=123981"},{"taxonomy":"product_tag","embeddable":true,"href":"https:\/\/murena.com\/de\/wp-json\/wp\/v2\/product_tag?post=123981"}],"curies":[{"name":"wp","href":"https:\/\/api.w.org\/{rel}","templated":true}]}}