{"id":123469,"date":"2025-05-02T15:57:18","date_gmt":"2025-05-02T13:57:18","guid":{"rendered":"https:\/\/murena.com\/?post_type=product&#038;p=123469"},"modified":"2026-04-08T20:47:04","modified_gmt":"2026-04-08T18:47:04","slug":"murena-teracube-2s","status":"publish","type":"product","link":"https:\/\/murena.com\/de\/laden\/smartphones\/brandneu\/murena-teracube-2s\/","title":{"rendered":"Murena Teracube 2s"},"content":{"rendered":"","protected":false},"excerpt":{"rendered":"<div class=\"elementor-element elementor-element-7e14f113 elementor-widget elementor-widget-jet-single-excerpt\" data-id=\"7e14f113\" data-element_type=\"widget\" data-widget_type=\"jet-single-excerpt.default\">\n<div class=\"elementor-widget-container\">\n<div class=\"elementor-jet-single-excerpt jet-woo-builder\">\n<div class=\"woocommerce-product-details__short-description\">\n<p>Der Murena Teracube 2s ist dank seines modularen Designs, der austauschbaren Batterie und des deGoogled \/e\/OS eine gro\u00dfartige Kombination f\u00fcr mehr Nachhaltigkeit.  <a href=\"na.com\/de\/laden\/smartphones\/brandneu\/murena-teracube-2s\/#android-without-google\">Mehr erfahren<\/a><\/p>\n<p>Er verf\u00fcgt \u00fcber einen austauschbaren 4000-mAh-Akku, kann selbst repariert werden, ist aus recyceltem Material hergestellt und wird mit einem stabilen, biologisch abbaubaren Geh\u00e4use geliefert.  <a href=\"na.com\/de\/laden\/smartphones\/brandneu\/murena-teracube-2s\/#tech-spec\">Mehr erfahren<\/a><\/p>\n<p>Es gibt eine vierj\u00e4hrige Garantie und eine Pauschalgeb\u00fchr f\u00fcr unfallbedingte Reparaturen, denn wir wissen, dass etwas passieren kann.<\/p>\n<p>Immer noch leicht und jetzt mit einem leistungsf\u00e4higeren Prozessor ausgestattet, ist der neue Murena Teracube 2s eine ausgezeichnete Wahl, um Ihr Leben zu degooglen!<\/p>\n<p>&nbsp;<\/p>\n<p>Hinweis: Der unten angegebene Betrag ist inklusive aller Steuern und Z\u00f6lle f\u00fcr Ihr Land.<\/p>\n<p><a href=\"https:\/\/murena.com\/de\/energie-label\/\">Hier finden Sie alle Informationen zum Energielabel und zu den Vorschriften.<\/a><\/p>\n<\/div>\n<\/div>\n<\/div>\n<\/div>\n","protected":false},"featured_media":112098,"comment_status":"open","ping_status":"closed","template":"","meta":{"_seopress_robots_primary_cat":"none","_seopress_titles_title":"","_seopress_titles_desc":"","_seopress_robots_index":""},"product_brand":[],"product_cat":[552,455],"product_tag":[834,842,817,812,821],"class_list":{"0":"post-123469","1":"product","2":"type-product","3":"status-publish","4":"has-post-thumbnail","6":"product_cat-smartphones","7":"product_cat-brandneu","8":"product_tag-4-jahre-garantie","9":"product_tag-64-gb-de","10":"product_tag-brandneu","11":"product_tag-herausnehmbarer-akku","12":"product_tag-netzbetreiber-freigeschaltet","13":"wpbf-post","16":"instock","17":"taxable","18":"shipping-taxable","19":"purchasable","20":"product-type-simple"},"bundled_by":[],"bundle_stock_status":"instock","bundle_stock_quantity":31,"bundle_virtual":false,"bundle_layout":"","bundle_add_to_cart_form_location":"","bundle_editable_in_cart":false,"bundle_sold_individually_context":"","bundle_item_grouping":"","bundle_min_size":"","bundle_max_size":"","bundle_price":[],"bundled_items":[],"bundle_sell_ids":[],"supplier_id":50924,"supplier_sku":"","barcode":null,"atum_controlled":true,"out_stock_date":null,"out_stock_threshold":null,"inheritable":false,"inbound_stock":0,"stock_on_hold":7,"sold_today":0,"sales_last_days":0,"reserved_stock":0,"customer_returns":0,"warehouse_damage":0,"lost_in_post":0,"other_logs":0,"out_stock_days":0,"lost_sales":0,"has_location":false,"update_date":"2026-04-09T09:58:50","atum_locations":[],"atum_stock_status":"instock","restock_status":false,"low_stock_amount":"","sales_update_date":null,"calc_backorders":0,"linked_bom":[{"bom_id":52819,"bom_type":"raw_material","qty":2,"measure_unit":null},{"bom_id":56686,"bom_type":"raw_material","qty":1,"measure_unit":null},{"bom_id":56694,"bom_type":"raw_material","qty":1,"measure_unit":null},{"bom_id":65543,"bom_type":"raw_material","qty":1,"measure_unit":null}],"sync_purchase_price":false,"bom_sellable":null,"minimum_threshold":null,"available_to_purchase":null,"selling_priority":null,"calculated_stock":null,"is_bom":false,"mi_inventories":[],"multi_inventory":"no","inventory_sorting_mode":"global","inventory_iteration":"global","expirable_inventories":"global","price_per_inventory":"global","show_write_off_inventories":"global","selectable_inventories":"global","selectable_inventories_mode":"global","_links":{"self":[{"href":"https:\/\/murena.com\/de\/wp-json\/wp\/v2\/product\/123469","targetHints":{"allow":["GET"]}}],"collection":[{"href":"https:\/\/murena.com\/de\/wp-json\/wp\/v2\/product"}],"about":[{"href":"https:\/\/murena.com\/de\/wp-json\/wp\/v2\/types\/product"}],"replies":[{"embeddable":true,"href":"https:\/\/murena.com\/de\/wp-json\/wp\/v2\/comments?post=123469"}],"wp:featuredmedia":[{"embeddable":true,"href":"https:\/\/murena.com\/de\/wp-json\/wp\/v2\/media\/112098"}],"wp:attachment":[{"href":"https:\/\/murena.com\/de\/wp-json\/wp\/v2\/media?parent=123469"}],"wp:term":[{"taxonomy":"product_brand","embeddable":true,"href":"https:\/\/murena.com\/de\/wp-json\/wp\/v2\/product_brand?post=123469"},{"taxonomy":"product_cat","embeddable":true,"href":"https:\/\/murena.com\/de\/wp-json\/wp\/v2\/product_cat?post=123469"},{"taxonomy":"product_tag","embeddable":true,"href":"https:\/\/murena.com\/de\/wp-json\/wp\/v2\/product_tag?post=123469"}],"curies":[{"name":"wp","href":"https:\/\/api.w.org\/{rel}","templated":true}]}}