{"id":121629,"date":"2025-05-09T18:26:10","date_gmt":"2025-05-09T16:26:10","guid":{"rendered":"https:\/\/murena.com\/?post_type=product&#038;p=121629"},"modified":"2026-04-14T10:52:26","modified_gmt":"2026-04-14T08:52:26","slug":"murena-fairphone-6","status":"publish","type":"product","link":"https:\/\/murena.com\/de\/laden\/smartphones\/brandneu\/murena-fairphone-6\/","title":{"rendered":"Murena Fairphone (Gen. 6)"},"content":{"rendered":"<p><br data-mce-bogus=\"1\"><\/p>\n","protected":false},"excerpt":{"rendered":"<p>Brandneues entGoogelt Murena Fairphone (Gen. 6) !<\/p>\n<p>Das Murena Fairphone (Gen. 6) ist die perfekte Option, um Privatsph\u00e4re und Nachhaltigkeit zu vereinen! Mit dem Betriebssystem \/e\/OS sch\u00fctzt Ihr Murena Fairphone (Gen. 6) Sie und Ihre Daten zu jeder Zeit, w\u00e4hrend es gleichzeitig den Planeten sch\u00fctzt. <\/p>\n<p>\u00dcbernehmen Sie die Kontrolle und sch\u00fctzen Sie Ihre pers\u00f6nlichen Daten, w\u00e4hrend Sie ein gut aussehendes und schnelles Telefon benutzen, das auch nachhaltig ist.  <a href=\"https:\/\/murena.com\/de\/laden\/smartphones\/brandneu\/murena-fairphone-6\/#android-without-google\">Weitere Informationen <\/a><\/p>\n<p>Hergestellt aus 50% fairen und recycelten Materialien, unter fairen Bedingungen und mit einem der niedrigsten Carbon Footprints auf dem Markt!<\/p>\n<p>Behalten Sie Ihr Murena Fairphone (Gen. 6) so lange wie m\u00f6glich. Dank seines modularen und reparierbaren Designs k\u00f6nnen Sie es leicht selbst reparieren!<\/p>\n<p>Ausgestattet mit einem herausnehmbaren 4415-mAh-Akku kann Ihr Handy Sie den ganzen Tag lang begleiten, wohin Sie auch gehen. Machen Sie tolle Fotos mit der 50MP Sony Lytia 700C Objektivkamera. Das Fairphone (gen.6) verf\u00fcgt \u00fcber einen <strong>Schalter<\/strong>, mit dem Sie schnell eine Funktion ausf\u00fchren k\u00f6nnen. Sie k\u00f6nnen aus einer Reihe praktischer Funktionen w\u00e4hlen, wie z. B. das <strong>Ein- und Ausschalten der Kamera <\/strong>und des<strong> Mikrofons<\/strong> zum Schutz der Privatsph\u00e4re, das Umschalten auf <strong>&#8222;Nicht st\u00f6ren&#8220; <\/strong>und das<strong> Einschalten der Taschenlampe<\/strong>. <a href=\"https:\/\/murena.com\/de\/laden\/smartphones\/brandneu\/murena-fairphone-6\/#tech-spec\">Mehr dar\u00fcber erfahren <\/a>    <\/p>\n<p>Wenn Sie ein Telefon wollen, das Ihre Privatsph\u00e4re sch\u00fctzt und lange h\u00e4lt, ist das Murena Fairphone (Gen. 6) die perfekte Wahl f\u00fcr Sie!<\/p>\n<p dir=\"auto\" data-sourcepos=\"9:1-9:29\"><strong>Entwickelt f\u00fcr Sie. Fair produziert. <\/strong><\/p>\n<p dir=\"auto\" data-sourcepos=\"9:1-9:29\"><a href=\"https:\/\/murena.com\/de\/energie-label\/\">Informieren Sie sich \u00fcber das Energielabel dieses Ger\u00e4ts und das entsprechende Produktinformationsblatt.<\/a><\/p>\n","protected":false},"featured_media":144905,"comment_status":"open","ping_status":"closed","template":"","meta":{"_seopress_robots_primary_cat":"none","_seopress_titles_title":"Murena Fairphone (Gen. 6)","_seopress_titles_desc":"Entdecken Sie das brandneue deGoogled Murena Fairphone 5 !\r\n\r\nDas Murena Fairphone 5 ist noch leistungsf\u00e4higer und nachhaltiger und vereint Datenschutz, Umweltbewusstsein und Geschwindigkeit! Das Murena Fairphone 5 l\u00e4uft auf dem Betriebssystem \/e\/OS, so dass Ihr Telefon Sie jederzeit vor der st\u00e4ndigen Datensammlung von Google sch\u00fctzen kann.","_seopress_robots_index":""},"product_brand":[],"product_cat":[455],"product_tag":[961,840,817,824,826,812,821],"class_list":{"0":"post-121629","1":"product","2":"type-product","3":"status-publish","4":"has-post-thumbnail","6":"product_cat-brandneu","7":"product_tag-256gb-de","8":"product_tag-5g-de","9":"product_tag-brandneu","10":"product_tag-dual-sim-de","11":"product_tag-erweiterte-garantie","12":"product_tag-herausnehmbarer-akku","13":"product_tag-netzbetreiber-freigeschaltet","14":"wpbf-post","17":"instock","18":"taxable","19":"shipping-taxable","20":"purchasable","21":"product-type-variable"},"bundled_by":["140591"],"bundle_stock_status":"instock","bundle_stock_quantity":null,"bundle_virtual":false,"bundle_layout":"","bundle_add_to_cart_form_location":"","bundle_editable_in_cart":false,"bundle_sold_individually_context":"","bundle_item_grouping":"","bundle_min_size":"","bundle_max_size":"","bundle_price":[],"bundled_items":[],"bundle_sell_ids":[],"supplier_id":null,"supplier_sku":"","barcode":null,"atum_controlled":true,"out_stock_date":null,"out_stock_threshold":null,"inheritable":true,"inbound_stock":80,"stock_on_hold":9,"sold_today":2,"sales_last_days":61,"reserved_stock":0,"customer_returns":0,"warehouse_damage":0,"lost_in_post":0,"other_logs":0,"out_stock_days":0,"lost_sales":0,"has_location":false,"update_date":"2026-04-14T08:52:28","atum_locations":[],"atum_stock_status":"instock","restock_status":false,"low_stock_amount":"","sales_update_date":"2026-04-13T11:05:13","calc_backorders":null,"linked_bom":[],"sync_purchase_price":false,"bom_sellable":null,"minimum_threshold":null,"available_to_purchase":null,"selling_priority":null,"calculated_stock":null,"is_bom":false,"mi_inventories":[],"multi_inventory":"no","inventory_sorting_mode":"global","inventory_iteration":"global","expirable_inventories":"global","price_per_inventory":"global","show_write_off_inventories":"global","selectable_inventories":"global","selectable_inventories_mode":"global","_links":{"self":[{"href":"https:\/\/murena.com\/de\/wp-json\/wp\/v2\/product\/121629","targetHints":{"allow":["GET"]}}],"collection":[{"href":"https:\/\/murena.com\/de\/wp-json\/wp\/v2\/product"}],"about":[{"href":"https:\/\/murena.com\/de\/wp-json\/wp\/v2\/types\/product"}],"replies":[{"embeddable":true,"href":"https:\/\/murena.com\/de\/wp-json\/wp\/v2\/comments?post=121629"}],"wp:featuredmedia":[{"embeddable":true,"href":"https:\/\/murena.com\/de\/wp-json\/wp\/v2\/media\/144905"}],"wp:attachment":[{"href":"https:\/\/murena.com\/de\/wp-json\/wp\/v2\/media?parent=121629"}],"wp:term":[{"taxonomy":"product_brand","embeddable":true,"href":"https:\/\/murena.com\/de\/wp-json\/wp\/v2\/product_brand?post=121629"},{"taxonomy":"product_cat","embeddable":true,"href":"https:\/\/murena.com\/de\/wp-json\/wp\/v2\/product_cat?post=121629"},{"taxonomy":"product_tag","embeddable":true,"href":"https:\/\/murena.com\/de\/wp-json\/wp\/v2\/product_tag?post=121629"}],"curies":[{"name":"wp","href":"https:\/\/api.w.org\/{rel}","templated":true}]}}