{"id":102079,"date":"2024-04-15T18:19:41","date_gmt":"2024-04-15T16:19:41","guid":{"rendered":"https:\/\/murena.com\/?post_type=product&#038;p=102079"},"modified":"2026-04-01T10:59:27","modified_gmt":"2026-04-01T08:59:27","slug":"fairbuds-xl-kopfhorer-copy","status":"publish","type":"product","link":"https:\/\/murena.com\/de\/laden\/audio-de\/fairbuds-xl-kopfhorer-copy\/","title":{"rendered":"Fairbuds Kopfh\u00f6rer"},"content":{"rendered":"<p>Technische Daten<\/p>\n<table style=\"border-collapse: collapse;width: 69.7552%;height: 192px\">\n<tbody>\n<tr style=\"height: 37px\">\n<td style=\"width: 26.5789%;height: 33px\"><strong>Allgemein<\/strong><\/td>\n<td style=\"width: 23.5434%;height: 33px\"><\/td>\n<\/tr>\n<tr style=\"height: 24px\">\n<td style=\"width: 26.5789%;height: 24px\">Gr\u00f6\u00dfe<\/td>\n<td style=\"width: 23.5434%;height: 24px\">28,7 x 24,6 x 21 mm<\/td>\n<\/tr>\n<tr style=\"height: 24px\">\n<td style=\"width: 26.5789%;height: 24px\"><\/td>\n<td style=\"width: 23.5434%;height: 24px\">65 x 65 x 27 mm (Geh\u00e4use)<\/td>\n<\/tr>\n<tr style=\"height: 24px\">\n<td style=\"width: 26.5789%;height: 24px\">Farbe<\/td>\n<td style=\"width: 23.5434%;height: 24px\">Schwarz, Wei\u00df<\/td>\n<\/tr>\n<tr style=\"height: 24px\">\n<td style=\"width: 26.5789%;height: 24px\">Gewicht<\/td>\n<td style=\"width: 23.5434%;height: 24px\">78 g einschlie\u00dflich Geh\u00e4use; Kopfh\u00f6rer ~ 5g<\/td>\n<\/tr>\n<tr style=\"height: 24px\">\n<td style=\"width: 26.5789%;height: 24px\">Wasserdichte<\/td>\n<td style=\"width: 23.5434%;height: 24px\">IP54<\/td>\n<\/tr>\n<tr style=\"height: 24px\">\n<td style=\"width: 26.5789%;height: 24px\">Steuerung<\/td>\n<td style=\"width: 23.5434%;height: 24px\">Kapazitive Touch-Bedienelemente<\/td>\n<\/tr>\n<\/tbody>\n<\/table>\n<table style=\"border-collapse: collapse;width: 69.6727%;height: 160px\">\n<tbody>\n<tr style=\"height: 63px\">\n<td style=\"width: 17.316%;height: 40px\"><strong>Ton<\/strong><\/td>\n<td style=\"width: 15.1712%;height: 40px\"><\/td>\n<\/tr>\n<tr style=\"height: 24px\">\n<td style=\"width: 17.316%;height: 24px\">Durchmesser des Treibers<\/td>\n<td style=\"width: 15.1712%;height: 24px\">11 mm<\/td>\n<\/tr>\n<tr style=\"height: 24px\">\n<td style=\"width: 17.316%;height: 24px\">Treiber Typ<\/td>\n<td style=\"width: 15.1712%;height: 24px\">Dynamisch, titanbeschichtet<\/td>\n<\/tr>\n<tr style=\"height: 24px\">\n<td style=\"width: 17.316%;height: 24px\">Frequenzgang<\/td>\n<td style=\"width: 15.1712%;height: 24px\">20 Hz &#8211; 20 KHz<\/td>\n<\/tr>\n<tr style=\"height: 24px\">\n<td style=\"width: 17.316%;height: 24px\">Empfindlichkeit<\/td>\n<td style=\"width: 15.1712%;height: 24px\">104 \u00b1 1dB at 1KHZ<\/td>\n<\/tr>\n<tr style=\"height: 24px\">\n<td style=\"width: 17.316%;height: 24px\">Treiber Impedanz<\/td>\n<td style=\"width: 15.1712%;height: 24px\">16 \u03a9 \u00b1 15%<\/td>\n<\/tr>\n<\/tbody>\n<\/table>\n<table style=\"border-collapse: collapse;width: 70.2538%;height: 121px\">\n<tbody>\n<tr style=\"height: 27px\">\n<td style=\"width: 38.1144%;height: 49px\"><strong>Ger\u00e4uschunterdr\u00fcckung\u00a0<\/strong><\/td>\n<td style=\"width: 33.8299%;height: 49px\"><\/td>\n<\/tr>\n<tr style=\"height: 24px\">\n<td style=\"width: 38.1144%;height: 24px\">Aktive Ger\u00e4uschunterdr\u00fcckung<\/td>\n<td style=\"width: 33.8299%;height: 24px\">Ja<\/td>\n<\/tr>\n<tr style=\"height: 24px\">\n<td style=\"width: 38.1144%;height: 24px\">Modus f\u00fcr Umgebungsger\u00e4usche<\/td>\n<td style=\"width: 33.8299%;height: 24px\">Ja<\/td>\n<\/tr>\n<tr style=\"height: 24px\">\n<td style=\"width: 38.1144%;height: 24px\">Besondere Merkmale<\/td>\n<td style=\"width: 33.8299%;height: 24px\">Hybride ANC<\/td>\n<\/tr>\n<\/tbody>\n<\/table>\n<table style=\"border-collapse: collapse;width: 70.3704%;height: 190px\">\n<tbody>\n<tr style=\"height: 26px\">\n<td style=\"width: 36.8875%;height: 46px\"><strong>Batterie<\/strong><\/td>\n<td style=\"width: 33.1549%;height: 46px\"><\/td>\n<\/tr>\n<tr style=\"height: 24px\">\n<td style=\"width: 36.8875%;height: 24px\">Gesamte Laufzeit (mit Case)<\/td>\n<td style=\"width: 33.1549%;height: 24px\">\u2265 <span style=\"font-family: inherit;font-size: inherit\">26 h<\/span><\/td>\n<\/tr>\n<tr style=\"height: 24px\">\n<td style=\"width: 36.8875%;height: 24px\">Gespr\u00e4chs- oder Musikzeit<\/td>\n<td style=\"width: 33.1549%;height: 24px\">Gespr\u00e4chs-\/Musikzeit: \u2265 5 Stunden (ANC ein)\/ 6 Stunden (ANC aus)<\/td>\n<\/tr>\n<tr style=\"height: 24px\">\n<td style=\"width: 36.8875%;height: 24px\">Standby-Zeit<\/td>\n<td style=\"width: 33.1549%;height: 24px\">~ 2 Stunden (Geh\u00e4use + Kopfh\u00f6rer), 10 min f\u00fcr 1.5h Wiedergabe<\/td>\n<\/tr>\n<tr style=\"height: 24px\">\n<td style=\"width: 36.8875%;height: 24px\">Aufladezeit<\/td>\n<td style=\"width: 33.1549%;height: 24px\">\u2264 3 <span style=\"font-family: inherit;font-size: inherit\">h<\/span><\/td>\n<\/tr>\n<tr style=\"height: 24px\">\n<td style=\"width: 36.8875%;height: 24px\">Akku Kapazit\u00e4t<\/td>\n<td style=\"width: 33.1549%;height: 24px\">45 mAh (Kopfh\u00f6rer) 500 mAh (Ladeetui)<\/td>\n<\/tr>\n<tr style=\"height: 24px\">\n<td style=\"width: 36.8875%;height: 24px\">Kabelloses Aufladen<\/td>\n<td style=\"width: 33.1549%;height: 24px\">Nein<\/td>\n<\/tr>\n<\/tbody>\n<\/table>\n<table style=\"border-collapse: collapse;width: 70.2865%;height: 229px\">\n<tbody>\n<tr style=\"height: 29px\">\n<td style=\"width: 35.3863%;height: 40px\"><strong>Konnektivit\u00e4t<\/strong><\/td>\n<td style=\"width: 31.7213%;height: 40px\"><\/td>\n<\/tr>\n<tr style=\"height: 24px\">\n<td style=\"width: 35.3863%;height: 24px\">Bluetooth<\/td>\n<td style=\"width: 31.7213%;height: 24px\">Version 5.3<\/td>\n<\/tr>\n<tr style=\"height: 24px\">\n<td style=\"width: 35.3863%;height: 24px\">Multi-Point-Verbindung<\/td>\n<td style=\"width: 31.7213%;height: 24px\">Zwei<\/td>\n<\/tr>\n<tr style=\"height: 24px\">\n<td style=\"width: 35.3863%;height: 24px\">Profile<\/td>\n<td style=\"width: 31.7213%;height: 24px\">A2DP V1.2, AVRCP V1.5, HFP V1.8, HSP V1.2<\/td>\n<\/tr>\n<tr style=\"height: 24px\">\n<td style=\"width: 35.3863%;height: 24px\">Codec<\/td>\n<td style=\"width: 31.7213%;height: 24px\">AAC \/ SBC<\/td>\n<\/tr>\n<tr style=\"height: 24px\">\n<td style=\"width: 35.3863%;height: 24px\">Bluetooth-Reichweite (Sichtlinie)<\/td>\n<td style=\"width: 31.7213%;height: 24px\">10 m<\/td>\n<\/tr>\n<tr style=\"height: 24px\">\n<td style=\"width: 35.3863%;height: 24px\">Anschl\u00fcsse<\/td>\n<td style=\"width: 31.7213%;height: 24px\">USB-C<\/td>\n<\/tr>\n<tr style=\"height: 24px\">\n<td style=\"width: 35.3863%;height: 24px\">Mikrofon<\/td>\n<td style=\"width: 31.7213%;height: 24px\">Insgesamt 6 Mikrofone: 3 links, 3 rechts<\/td>\n<\/tr>\n<tr style=\"height: 21px\">\n<td style=\"width: 35.3863%;height: 21px\">KI Assistenten<\/td>\n<td style=\"width: 31.7213%;height: 21px\">Google Assistant, Apple Siri<\/td>\n<\/tr>\n<\/tbody>\n<\/table>\n<table style=\"border-collapse: collapse;width: 70.2217%;height: 187px\">\n<tbody>\n<tr style=\"height: 28px\">\n<td style=\"width: 36.3101%;height: 43px\">Nachhaltigkeit<\/td>\n<td style=\"width: 32.4073%;height: 43px\"><\/td>\n<\/tr>\n<tr style=\"height: 24px\">\n<td style=\"width: 36.3101%;height: 24px\">Materialien<\/td>\n<td style=\"width: 32.4073%;height: 24px\">Hergestellt aus recycelten Materialien<\/td>\n<\/tr>\n<tr style=\"height: 24px\">\n<td style=\"width: 36.3101%;height: 24px\">Faire Arbeitsbedingungen, Klimabewusstsein<\/td>\n<td style=\"width: 32.4073%;height: 24px\">Ja<\/td>\n<\/tr>\n<tr style=\"height: 24px\">\n<td style=\"width: 36.3101%;height: 24px\">Auswechselbarer Akku<\/td>\n<td style=\"width: 32.4073%;height: 24px\">Ja<\/td>\n<\/tr>\n<tr style=\"height: 24px\">\n<td style=\"width: 36.3101%;height: 24px\">Langlebigkeit<\/td>\n<td style=\"width: 32.4073%;height: 24px\">Modulares &amp; reparierbares Design<\/td>\n<\/tr>\n<tr style=\"height: 24px\">\n<td style=\"width: 36.3101%;height: 24px\">Reparierbare Teile<\/td>\n<td style=\"width: 32.4073%;height: 24px\">Kopfh\u00f6rer (links\/rechts), Kopfh\u00f6rer-Batterie, Ohrst\u00f6pselaufs\u00e4tze<\/td>\n<\/tr>\n<tr style=\"height: 24px\">\n<td style=\"width: 36.3101%;height: 24px\"><\/td>\n<td style=\"width: 32.4073%;height: 24px\">\u00a0Geh\u00e4useau\u00dfenschale, Geh\u00e4usekern, Geh\u00e4usebatterie<\/td>\n<\/tr>\n<\/tbody>\n<\/table>\n","protected":false},"excerpt":{"rendered":"<p class=\"\" data-start=\"85\" data-end=\"182\">Genie\u00dfen Sie eine gute Sound-Qualit\u00e4t mit den reparierbaren und nachhaltigen kabellosen Fairbuds.<\/p>\n<p class=\"\" data-start=\"184\" data-end=\"352\">Diese kabellosen Kopfh\u00f6rer sind f\u00fcr die Ewigkeit gemacht!<br data-start=\"241\" data-end=\"244\" \/>Erleben Sie ein intensives Klangerlebnis dank aktiver Ger\u00e4uschunterdr\u00fcckung mit erweiterter Windreduzierung.<\/p>\n<p class=\"\" data-start=\"354\" data-end=\"428\">W\u00e4hlen Sie Ihre perfekte Passform aus drei verschiedenen Ohrst\u00f6pselgr\u00f6\u00dfen.<\/p>\n<p class=\"\" data-start=\"430\" data-end=\"511\">H\u00f6ren Sie stundenlang Ihre Lieblingsmusik oder Podcasts mit dem langlebigen Akku.<\/p>\n<p class=\"\" data-start=\"513\" data-end=\"650\">Fairbuds werden aus fairen und recycelten Materialien hergestellt. Bis zu sechs verschiedene Teile k\u00f6nnen repariert oder ausgetauscht werden.<\/p>\n<p class=\"\" data-start=\"652\" data-end=\"699\">Das Produkt ist in Schwarz und Wei\u00df erh\u00e4ltlich.<\/p>\n","protected":false},"featured_media":104208,"comment_status":"open","ping_status":"closed","template":"","meta":{"_seopress_robots_primary_cat":"none","_seopress_titles_title":"","_seopress_titles_desc":"","_seopress_robots_index":""},"product_brand":[],"product_cat":[983],"product_tag":[],"class_list":{"0":"post-102079","1":"product","2":"type-product","3":"status-publish","4":"has-post-thumbnail","6":"product_cat-audio-de","7":"wpbf-post","10":"instock","11":"taxable","12":"shipping-taxable","13":"purchasable","14":"product-type-variable"},"bundled_by":["117219"],"bundle_stock_status":"instock","bundle_stock_quantity":null,"bundle_virtual":false,"bundle_layout":"","bundle_add_to_cart_form_location":"","bundle_editable_in_cart":false,"bundle_sold_individually_context":"","bundle_item_grouping":"","bundle_min_size":"","bundle_max_size":"","bundle_price":[],"bundled_items":[],"bundle_sell_ids":[],"supplier_id":null,"supplier_sku":"","barcode":null,"atum_controlled":true,"out_stock_date":null,"out_stock_threshold":null,"inheritable":true,"inbound_stock":40,"stock_on_hold":2,"sold_today":1,"sales_last_days":7,"reserved_stock":60,"customer_returns":0,"warehouse_damage":0,"lost_in_post":0,"other_logs":0,"out_stock_days":0,"lost_sales":0,"has_location":false,"update_date":"2026-04-07T07:48:41","atum_locations":[],"atum_stock_status":"instock","restock_status":false,"low_stock_amount":"","sales_update_date":"2026-04-05T12:09:24","calc_backorders":null,"linked_bom":[],"sync_purchase_price":false,"bom_sellable":null,"minimum_threshold":null,"available_to_purchase":null,"selling_priority":null,"calculated_stock":null,"is_bom":false,"mi_inventories":[],"multi_inventory":"no","inventory_sorting_mode":"global","inventory_iteration":"global","expirable_inventories":"global","price_per_inventory":"global","show_write_off_inventories":"global","selectable_inventories":"global","selectable_inventories_mode":"global","_links":{"self":[{"href":"https:\/\/murena.com\/de\/wp-json\/wp\/v2\/product\/102079","targetHints":{"allow":["GET"]}}],"collection":[{"href":"https:\/\/murena.com\/de\/wp-json\/wp\/v2\/product"}],"about":[{"href":"https:\/\/murena.com\/de\/wp-json\/wp\/v2\/types\/product"}],"replies":[{"embeddable":true,"href":"https:\/\/murena.com\/de\/wp-json\/wp\/v2\/comments?post=102079"}],"wp:featuredmedia":[{"embeddable":true,"href":"https:\/\/murena.com\/de\/wp-json\/wp\/v2\/media\/104208"}],"wp:attachment":[{"href":"https:\/\/murena.com\/de\/wp-json\/wp\/v2\/media?parent=102079"}],"wp:term":[{"taxonomy":"product_brand","embeddable":true,"href":"https:\/\/murena.com\/de\/wp-json\/wp\/v2\/product_brand?post=102079"},{"taxonomy":"product_cat","embeddable":true,"href":"https:\/\/murena.com\/de\/wp-json\/wp\/v2\/product_cat?post=102079"},{"taxonomy":"product_tag","embeddable":true,"href":"https:\/\/murena.com\/de\/wp-json\/wp\/v2\/product_tag?post=102079"}],"curies":[{"name":"wp","href":"https:\/\/api.w.org\/{rel}","templated":true}]}}