{"id":84918,"date":"2023-09-07T12:07:26","date_gmt":"2023-09-07T10:07:26","guid":{"rendered":"https:\/\/murena.com\/murena-retail-partner-vereinbarung\/"},"modified":"2025-05-13T15:01:43","modified_gmt":"2025-05-13T13:01:43","slug":"murena-retail-partner-vereinbarung","status":"publish","type":"page","link":"https:\/\/murena.com\/de\/murena-retail-partner-vereinbarung\/","title":{"rendered":"Murena Retail Partner Vereinbarung"},"content":{"rendered":"\n<p><strong>Bitte lesen Sie die gesamte Vereinbarung (im Folgenden die &#8222;Vereinbarung&#8220;).<\/strong><\/p>\n\n<p><strong>Sie k\u00f6nnen diese Seite f\u00fcr Ihre Unterlagen ausdrucken.<\/strong><\/p>\n\n<p>Diese Vereinbarung ist ein Rechtsdokument zwischen Murena Retail SAS (&#8222;Murena&#8220; oder &#8222;wir&#8220;) und dem Partner (&#8222;Sie&#8220;, &#8222;Ihr&#8220; oder &#8222;Unternehmen&#8220;).<\/p>\n\n<p>Das &#8222;Murena Retail Partnerprogramm&#8220; ist ein Programm, das von Murena Retail oder in dessen Namen verwaltet wird und bei dem teilnehmende Unternehmen Links auf ihren Websites, Blogs oder Social-Media-Konten platzieren, die mit der Website murena.com verbunden sind. F\u00fcr Konversionen wird eine Vermittlungsgeb\u00fchr gezahlt, die unter <a href=\"https:\/\/murena.com\/de\/murena-partnerprogramm\/\">https:\/\/murena.com\/murena-partner-program\/<\/a> detailliert beschrieben ist.<\/p>\n\n<p>Mit dem Absenden der Online-Bewerbung best\u00e4tigen Sie, dass Sie die Bedingungen und Konditionen dieser Vereinbarung gelesen und vollst\u00e4ndig verstanden haben. Sie erkl\u00e4ren sich au\u00dferdem damit einverstanden, f\u00fcr jede einzelne Bedingung der Vereinbarung rechtlich verantwortlich zu sein. Sie versichern Murena ausdr\u00fccklich, dass Sie ein autorisierter Angestellter, Eigent\u00fcmer, Agent oder Vertreter sind, der die Erlaubnis und Befugnis hat, diesen Vertrag im Namen Ihres Unternehmens, Ihrer Organisation oder Ihrer Website abzuschlie\u00dfen.<\/p>\n\n<h4 class=\"wp-block-heading\">1. \u00dcberblick<\/h4>\n\n<p>Der Zweck dieser Vereinbarung ist es, die Bedingungen f\u00fcr Ihre Teilnahme am Partnerprogramm von Murena zu erl\u00e4utern. Wenn Sie ein Partner werden, k\u00f6nnen Sie HTML-Links zwischen Ihrer Website und der Murena-Website einrichten.<\/p>\n\n<h4 class=\"wp-block-heading\">2. Verpflichtungen der Partner<\/h4>\n\n<p>2.1. Um sich f\u00fcr das Partnerprogramm von Murena Retail anzumelden, m\u00fcssen Sie die Online-Bewerbung ausf\u00fcllen und einreichen, die Sie auf der Seite f\u00fcr die Anmeldung von Partnern von Murena Retail finden. Wir werden Ihren Antrag pr\u00fcfen, und nur nach Genehmigung k\u00f6nnen Sie an dem Programm teilnehmen. Murena Retail beh\u00e4lt sich das Recht vor, Ihren Antrag abzulehnen oder Ihren Partnerstatus nach eigenem Ermessen zu beenden. Wir k\u00f6nnen Ihren Antrag auch ablehnen, wenn wir feststellen, dass Ihre Website ungeeignet ist, insbesondere wenn sie:<\/p>\n\n<p>2.1.1. Sexuell eindeutiges Material f\u00f6rdert.<\/p>\n\n<p>2.1.2. Gewalt f\u00f6rdert.<\/p>\n\n<p>2.1.3. Die Diskriminierung aufgrund von Rasse, Geschlecht, Religion, Nationalit\u00e4t, Behinderung, sexueller Orientierung oder Alter f\u00f6rdert.<\/p>\n\n<p>2.1.4. Illegale Aktivit\u00e4ten f\u00f6rdert oder betr\u00fcgerische Mittel zur Erlangung von Provisionen, Konversionen oder Traffic einsetzt.<\/p>\n\n<p>2.1.5. Materialien enth\u00e4lt, die Urheberrechte, Markenrechte oder andere geistige Eigentumsrechte verletzen oder andere dabei unterst\u00fctzen, diese zu verletzen oder gegen das Gesetz zu versto\u00dfen.<\/p>\n\n<p>2.1.6. &#8222;Murena&#8220; oder Variationen oder falsche Schreibweisen davon in seinem Domainnamen enth\u00e4lt.<\/p>\n\n<p>2.1.7. Anderweitig in irgendeiner Weise rechtswidrig, sch\u00e4dlich, bedrohlich, verleumderisch, obsz\u00f6n, bel\u00e4stigend oder nach unserem alleinigen Ermessen rassistisch, ethnisch oder anderweitig anst\u00f6\u00dfig ist.<\/p>\n\n<p>2.1.8. Software-Downloads enth\u00e4lt, die m\u00f6glicherweise die Umleitung von Provisionen von anderen Partnern in unserem Programm erm\u00f6glichen.<\/p>\n\n<p>2.1.9. Eine Website erstellen oder gestalten, die ausdr\u00fccklich oder stillschweigend unserer Website \u00e4hnelt, oder eine Website erstellen, die Kunden glauben l\u00e4sst, dass Sie Murena oder ein anderes verbundenes Unternehmen sind.<\/p>\n\n<p>2.2. Nach der Genehmigung erhalten Sie \u00fcber Solid Affiliate Zugang zum Affiliate-Portal, wo Sie Ihre zugeh\u00f6rige Leistung \u00fcberwachen, HTML-Code (der Links zu Webseiten innerhalb der Murena-Website bereitstellt) und Bannerkreationen herunterladen k\u00f6nnen. Damit Murena alle Gastbesuche von Ihrer Website zu unserer genau verfolgen kann, m\u00fcssen Sie den HTML-Code verwenden, den wir f\u00fcr jedes Banner, jeden Textlink oder jeden anderen Affiliate-Link, den wir Ihnen zur Verf\u00fcgung stellen, bereitstellen.<\/p>\n\n<p>2.3. Murena Retail beh\u00e4lt sich das Recht vor, die Platzierung Ihrer Links jederzeit zu \u00fcberpr\u00fcfen und deren Verwendung zu genehmigen oder zu verlangen, dass Sie die Platzierung oder Verwendung \u00e4ndern, um die vorgegebenen Richtlinien einzuhalten.<\/p>\n\n<p>2.4. Sie sind allein f\u00fcr die Pflege und Aktualisierung Ihrer Website verantwortlich. Wir k\u00f6nnen Ihre Website nach Bedarf \u00fcberwachen, um sicherzustellen, dass sie auf dem neuesten Stand ist, und um Sie \u00fcber alle \u00c4nderungen zu informieren, die unserer Meinung nach Ihre Leistung verbessern sollten.<\/p>\n\n<p>2.5. Sie sind f\u00fcr die Einhaltung aller geltenden Gesetze zum Schutz des geistigen Eigentums und anderer Gesetze, die Ihre Website betreffen, verantwortlich. Sie m\u00fcssen die ausdr\u00fcckliche Erlaubnis haben, urheberrechtlich gesch\u00fctztes Material einer anderen Person zu verwenden, unabh\u00e4ngig davon, ob es sich um einen Text, ein Bild oder ein anderes urheberrechtlich gesch\u00fctztes Werk handelt. Murena Retail ist nicht verantwortlich (und Sie sind allein verantwortlich), wenn Sie urheberrechtlich gesch\u00fctztes Material oder anderes geistiges Eigentum einer anderen Person unter Verletzung des Gesetzes oder von Rechten Dritter verwenden.<\/p>\n\n<h4 class=\"wp-block-heading\">3. Rechte und Pflichten von Murena Retail <\/h4>\n\n<p>3.1. Murena Retail hat das Recht, Ihre Website jederzeit zu kontrollieren, um festzustellen, ob Sie die Bedingungen dieser Vereinbarung einhalten. Murena Retail kann Sie auf \u00c4nderungen hinweisen, die unserer Meinung nach vorgenommen werden sollten, oder um sicherzustellen, dass Ihre Links zu unserer Website angemessen sind. Sollten Sie die von Murena Retail geforderten \u00c4nderungen an Ihrer Website nicht vornehmen, behalten wir uns das Recht vor, Ihre Teilnahme am Murena Retail-Partnerprogramm zu beenden. <\/p>\n\n<p>3.2. Murena Retail beh\u00e4lt sich das Recht vor, diese Vereinbarung und Ihre Teilnahme am Murena Retail-Partnerprogramm mit sofortiger Wirkung und ohne Vorank\u00fcndigung zu beenden, wenn Sie bei der Nutzung des Murena Retail-Partnerprogramms Betrug begehen oder dieses Programm in irgendeiner Weise missbrauchen. Wenn ein solcher Betrug oder Missbrauch aufgedeckt wird, haftet Murena Retail Ihnen gegen\u00fcber nicht f\u00fcr Provisionen f\u00fcr solche betr\u00fcgerischen Verk\u00e4ufe. <\/p>\n\n<p>3.3. Diese Vereinbarung beginnt mit der Annahme Ihres Partnerantrags durch uns und wird fortgesetzt, sofern sie nicht wie in dieser Vereinbarung vorgesehen gek\u00fcndigt wird.<\/p>\n\n<h4 class=\"wp-block-heading\">4. Beendigung<\/h4>\n\n<p>Sowohl Sie als auch Murena Retail k\u00f6nnen diese Vereinbarung jederzeit mit oder ohne Angabe von Gr\u00fcnden k\u00fcndigen, indem sie der anderen Partei eine schriftliche Mitteilung machen. Die schriftliche Mitteilung kann in Form einer E-Mail erfolgen. Dar\u00fcber hinaus wird diese Vereinbarung sofort beendet, wenn Sie gegen diese Vereinbarung versto\u00dfen.<\/p>\n\n<p>Im Falle einer K\u00fcndigung durch Murena Retail ohne Angabe von Gr\u00fcnden verpflichtet sich Murena Retail jedoch, Ihnen ausstehende Provisionen innerhalb von 30 Tagen nach der K\u00fcndigung zu zahlen. Wenn Murena Retail diese Vereinbarung aufgrund eines Versto\u00dfes Ihrerseits k\u00fcndigt, verlieren Sie au\u00dferdem jeden Anspruch auf nicht gezahlte Provisionen. <\/p>\n\n<h4 class=\"wp-block-heading\">5. Modifikation<\/h4>\n\n<p>Murena Retail kann die Bedingungen in dieser Vereinbarung jederzeit nach eigenem Ermessen \u00e4ndern. In einem solchen Fall werden Sie \u00fcber die von Ihnen angegebene E-Mail-Adresse benachrichtigt. Zu den \u00c4nderungen k\u00f6nnen auch \u00c4nderungen der Zahlungsverfahren und der Regeln des Partnerprogramms von Murena Retail geh\u00f6ren. Wenn eine \u00c4nderung f\u00fcr Sie nicht akzeptabel ist, haben Sie nur die M\u00f6glichkeit, diese Vereinbarung zu k\u00fcndigen. Durch Ihre weitere Teilnahme am Partnerprogramm von Murena Retail nach der Ver\u00f6ffentlichung der \u00c4nderungsmitteilung oder der neuen Vereinbarung auf unserer Website erkl\u00e4ren Sie sich mit den \u00c4nderungen einverstanden.<\/p>\n\n<h4 class=\"wp-block-heading\">6. Bezahlung<\/h4>\n\n<p>Murena Retail verwendet SolidAffiliate, um die Leistungsverfolgung von Partnern und die damit verbundene Verg\u00fctung, Nachverfolgung und Bezahlung zu verwalten. Die Zahlungen werden per Bank\u00fcberweisung oder Paypal geleistet. Bitte lesen Sie die Zahlungsbedingungen f\u00fcr diese Dienste.<\/p>\n\n<p>Alle Provisionen werden gegen Vorlage einer Rechnung per Bank\u00fcberweisung oder PayPal am 30. des Folgemonats ausgezahlt, wenn der Betrag 100 \u20ac erreicht.&#013;\n&#013;\nZur Erinnerung: Provisionen werden 45 Tage nach dem Ende des Verkaufs als g\u00fcltig betrachtet, wenn der Verkauf best\u00e4tigt wurde.<\/p>\n\n<h4 class=\"wp-block-heading\">7. Zugang zur Partnerkonto-Schnittstelle<\/h4>\n\n<p>Sie werden ein Konto und ein Passwort erstellen, damit Sie auf die sichere Schnittstelle f\u00fcr Ihr Partnerkonto zugreifen k\u00f6nnen. Von dort aus k\u00f6nnen Sie Ihre Berichte einsehen, in denen wir die Berechnung der Ihnen zustehenden Provisionen beschreiben.<\/p>\n\n<h4 class=\"wp-block-heading\">8. Einschr\u00e4nkungen der Werbung<\/h4>\n\n<p>Partner sind herzlich eingeladen, Murena-Produkte \u00fcber Banner, Textlinks, Gutscheine, Angebote und einfache Empfehlungspr\u00e4mien zu bewerben.<\/p>\n\n<p>8.1. Werbeeinschr\u00e4nkungen: Sie erkennen an, dass der Ruf von Murena Retail von gr\u00f6\u00dfter Bedeutung ist, und wir erwarten von allen Partnern, dass sie unsere Marke mit Integrit\u00e4t vertreten. Wir ermutigen Sie zwar, f\u00fcr Ihre eigenen Websites zu werben, aber jede Werbung, bei der Murena Retail erw\u00e4hnt wird, kann als gemeinsame Anstrengung angesehen werden. Es ist strengstens untersagt, jede Form von Werbung zu betreiben, die als unangemessen oder sch\u00e4dlich f\u00fcr unseren Namen angesehen wird, einschlie\u00dflich, aber nicht beschr\u00e4nkt auf Spamming, unaufgeforderte kommerzielle E-Mails, Posting in nicht-kommerziellen Newsgroups, Cross-Posting in mehreren Newsgroups gleichzeitig und jede andere Form von Werbung, die Ihre Identit\u00e4t, Ihren Dom\u00e4nennamen oder Ihre R\u00fcck-E-Mail-Adresse versteckt oder falsch darstellt.<\/p>\n\n<p>Sie verpflichten sich, unsere Werbebeschr\u00e4nkungen einzuhalten und keine Form der Werbung zu betreiben, die als irref\u00fchrend oder unangemessen empfunden werden k\u00f6nnte. Sie d\u00fcrfen nur dann in Newsgroups posten, um f\u00fcr Murena Retail zu werben, wenn die Newsgroups ausdr\u00fccklich kommerzielle Nachrichten zulassen. Wir behalten uns das Recht vor, diesen Vertrag sofort zu k\u00fcndigen und alle ausstehenden Betr\u00e4ge einzubehalten, wenn wir feststellen, dass Sie in irgendeiner Form verbotene Werbung betreiben.<\/p>\n\n<p>Wir sch\u00e4tzen unsere Beziehung zu unseren Partnern und erwarten, dass alle Partner unsere Werbebeschr\u00e4nkungen einhalten. Diese Bestimmung gilt auch nach der Beendigung dieser Vereinbarung.<\/p>\n\n<p>8.2. Partner, die ausschlie\u00dflich oder neben anderen Schl\u00fcsselw\u00f6rtern den markenrechtlich gesch\u00fctzten Namen von Murena, Ableitungen, die Murena oder Murena Retail enthalten, Rechtschreibfehler oder \u00e4hnliche \u00c4nderungen bieten &#8211; sei es einzeln oder in Kombination mit anderen Schl\u00fcsselw\u00f6rtern &#8211; werden als Markenrechtsverletzer betrachtet und aus dem Partnerprogramm von Murena Retail ausgeschlossen. Wir werden uns bem\u00fchen, den Partner vor dem Ausschluss zu kontaktieren. Wir behalten uns jedoch das Recht vor, jeden Markenverletzer ohne vorherige Ank\u00fcndigung und beim ersten Auftreten eines solchen PPC-Gebotsverhaltens aus unserem Partnerprogramm auszuschlie\u00dfen.<\/p>\n\n<p>8.3. Partnern ist es untersagt, &#8222;Interstitials&#8220;, &#8222;Parasiteware\u2122&#8220;, &#8222;Parasitic Marketing&#8220;, &#8222;Shopping Assistance Application&#8220;, &#8222;Toolbar-Installationen und\/oder Add-ons&#8220;, &#8222;Shopping Wallets&#8220; oder irref\u00fchrende Pop-ups und\/oder Pop-unders an Verbraucher zu \u00fcbermitteln, und zwar ab dem Zeitpunkt, an dem der Verbraucher auf einen qualifizierenden Link klickt, bis er die Website von Murena Retail vollst\u00e4ndig verlassen hat. Jede Anwendung, die das \u00dcberschreiben von Provisionsverfolgungs-Cookies von Partnern und Nicht-Partnern verursacht, Suchvorg\u00e4nge abf\u00e4ngt, um den Verkehr umzuleiten, Provisionsverfolgungs-Cookies durch das Laden der Website von Murena Retail in IFrames, versteckte Links und automatische Pop-ups setzt, Text auf anderen Websites als denen, die zu 100% dem Eigent\u00fcmer der Anwendung geh\u00f6ren, f\u00fcr kontextbezogenes Marketing anvisiert oder die Sichtbarkeit von Partner-Bannern auf anderen Websites als denen, die zu 100% dem Eigent\u00fcmer der Anwendung geh\u00f6ren, entfernt, ersetzt oder blockiert, gilt als &#8222;Parasiteware\u2122&#8220; und &#8222;parasit\u00e4res Marketing&#8220;.&#8220;<\/p>\n\n<p>Jeder Partner, der gegen diese Bestimmung verst\u00f6\u00dft, wird sofort und ohne vorherige Ank\u00fcndigung aus dem Partnerprogramm von Murena Retail entfernt. Diese Bestimmung gilt auch nach Beendigung dieser Vereinbarung.<\/p>\n\n<h4 class=\"wp-block-heading\">9. Erteilung von Lizenzen<\/h4>\n\n<p>9.1. Murena Retail gew\u00e4hrt Ihnen ein nicht exklusives, nicht \u00fcbertragbares, widerrufliches Recht, (i) \u00fcber HTML-Links auf unsere Website zuzugreifen, und zwar ausschlie\u00dflich in \u00dcbereinstimmung mit den Bedingungen dieser Vereinbarung, und (ii) ausschlie\u00dflich in Verbindung mit solchen Links unsere Logos, Markennamen, Warenzeichen und \u00e4hnliches Identifizierungsmaterial (zusammenfassend die &#8222;lizenzierten Materialien&#8220;) zu verwenden, die wir Ihnen zu diesem Zweck zur Verf\u00fcgung stellen oder genehmigen. Sie sind nur dann berechtigt, die lizenzierten Materialien zu nutzen, wenn Sie ein vollwertiges Mitglied des Partnerprogramms von Murena Retail sind. Sie erkl\u00e4ren sich damit einverstanden, dass alle Nutzungen der lizenzierten Materialien im Namen von Murena Retail erfolgen und der damit verbundene gute Wille ausschlie\u00dflich Murena Retail zugute kommt.<\/p>\n\n<p>9.2. Jede Partei verpflichtet sich, das urheberrechtlich gesch\u00fctzte Material der anderen Partei nicht in einer Weise zu verwenden, die abwertend, irref\u00fchrend oder obsz\u00f6n ist oder die andere Partei in einem negativen Licht erscheinen l\u00e4sst. Jede Partei beh\u00e4lt sich alle ihre jeweiligen Rechte an den gesch\u00fctzten Materialien vor, die von dieser Lizenz abgedeckt werden. Abgesehen von der in diesem Vertrag gew\u00e4hrten Lizenz beh\u00e4lt jede Partei alle Rechte, Titel und Interessen an ihren jeweiligen Rechten, und es werden keine Rechte, Titel oder Interessen auf die andere Partei \u00fcbertragen. Diese Bestimmung gilt auch nach Beendigung dieser Vereinbarung.<\/p>\n\n<h4 class=\"wp-block-heading\">10. Haftungsausschluss<\/h4>\n\n<p>MURENA RETAIL GIBT KEINE AUSDR\u00dcCKLICHEN ODER STILLSCHWEIGENDEN ZUSICHERUNGEN ODER GARANTIEN IN BEZUG AUF DEN SERVICE UND DIE WEBSITE VON MURENA RETAIL ODER DIE DARIN ANGEBOTENEN PRODUKTE ODER DIENSTLEISTUNGEN. MURENA RETAIL LEHNT JEGLICHE STILLSCHWEIGENDE GEW\u00c4HRLEISTUNG F\u00dcR DIE F\u00c4HIGKEIT, DIE EIGNUNG F\u00dcR EINEN BESTIMMTEN ZWECK UND DIE NICHTVERLETZUNG VON RECHTEN AB. MURENA RETAIL GIBT KEINE ZUSICHERUNG, DASS DER BETRIEB UNSERER WEBSITE UNUNTERBROCHEN ODER FEHLERFREI IST, UND MURENA RETAIL HAFTET NICHT F\u00dcR DIE FOLGEN VON UNTERBRECHUNGEN ODER FEHLERN. DIESE BESTIMMUNG BLEIBT AUCH NACH BEENDIGUNG DIESER VEREINBARUNG WIRKSAM.<\/p>\n\n<h4 class=\"wp-block-heading\">11. Vertretungen und Garantien<\/h4>\n\n<p>Sie erkl\u00e4ren und garantieren, dass:<\/p>\n\n<p>11.1. Dieser Vertrag von Ihnen ordnungsgem\u00e4\u00df und rechtsg\u00fcltig ausgefertigt und zugestellt wurde und stellt Ihre rechtliche, g\u00fcltige und verbindliche Verpflichtung dar, die Ihnen gegen\u00fcber in \u00dcbereinstimmung mit seinen Bedingungen durchsetzbar ist;<\/p>\n\n<p>11.2. Sie das volle Recht, die Vollmacht und die Befugnis haben, die Bedingungen dieser Vereinbarung einzugehen und an sie gebunden zu sein und Ihre Verpflichtungen aus dieser Vereinbarung zu erf\u00fcllen, ohne die Zustimmung oder das Einverst\u00e4ndnis einer anderen Partei;<\/p>\n\n<p>11.3. Sie ausreichende Rechte, Titel und Interessen an den Rechten haben, die uns in diesem Vertrag gew\u00e4hrt werden.<\/p>\n\n<h4 class=\"wp-block-heading\">12. Beschr\u00e4nkung der Haftung<\/h4>\n\n<p>SOWEIT GESETZLICH ZUL\u00c4SSIG, HAFTET MURENA RETAIL IN KEINEM FALL F\u00dcR INDIREKTE, BESONDERE, FOLGE- ODER BEIL\u00c4UFIGE SCH\u00c4DEN, EINSCHLIESSLICH, ABER NICHT BESCHR\u00c4NKT AUF ENTGANGENE GEWINNE ODER EINNAHMEN, KOSTEN F\u00dcR ERSATZG\u00dcTER, VERLUST ODER BESCH\u00c4DIGUNG VON DATEN, DIE SICH AUS DER NUTZUNG ODER DER UNF\u00c4HIGKEIT ZUR NUTZUNG DIESER WEBSITE ODER VON PRODUKTEN ODER DIENSTLEISTUNGEN VON MURENA RETAIL ERGEBEN, SCH\u00c4DEN, DIE SICH AUS DER NUTZUNG ODER DEM VERTRAUEN AUF DIE DARGESTELLTEN INFORMATIONEN ERGEBEN, UNABH\u00c4NGIG DAVON, OB DIESE AUF EINER GARANTIE, EINEM VERTRAG, EINER UNERLAUBTEN HANDLUNG ODER EINER ANDEREN RECHTSTHEORIE BERUHEN, SELBST WENN MURENA RETAIL AUF DIE M\u00d6GLICHKEIT SOLCHER SCH\u00c4DEN HINGEWIESEN WURDE. IN KEINEM FALL \u00dcBERSTEIGT DIE HAFTUNG VON MURENA RETAIL GEGEN\u00dcBER IHNEN DEN BETRAG DER GEB\u00dcHREN, DIE SIE IM RAHMEN DIESER VEREINBARUNG AN MURENA RETAIL GEZAHLT HABEN.<\/p>\n\n<h4 class=\"wp-block-heading\">13. Entsch\u00e4digung:<\/h4>\n\n<p>Sie erkl\u00e4ren sich damit einverstanden, Murena Retail, ihre verbundenen Unternehmen, leitenden Angestellten, Direktoren, Mitarbeiter, Vertreter und Drittdienstleister von allen Anspr\u00fcchen, Klagen, Forderungen, Sch\u00e4den, Kosten, Haftungen, Verlusten oder Ausgaben (einschlie\u00dflich angemessener Anwaltskosten) freizustellen, die sich aus oder im Zusammenhang mit (i) Ihrer Nutzung des Murena Retail-Partnerprogramms ergeben, (ii) Ihrem Versto\u00df gegen diese Vereinbarung, (iii) jeglichen Inhalten oder Materialien, die Sie \u00fcber das Programm einreichen, ver\u00f6ffentlichen, \u00fcbermitteln oder zur Verf\u00fcgung stellen, (iv) Ihrer Verletzung von Rechten Dritter, einschlie\u00dflich und ohne Einschr\u00e4nkung von Rechten an geistigem Eigentum, oder (v) jeglicher Behauptung, dass Ihre Website oder Handlungen im Zusammenhang mit dem Partnerprogramm einem Dritten Schaden zugef\u00fcgt haben. Diese Entsch\u00e4digungsverpflichtung gilt auch nach Beendigung dieser Vereinbarung.<\/p>\n\n<h4 class=\"wp-block-heading\">14. Vertraulichkeit:<\/h4>\n\n<p>Der Partner verpflichtet sich, alle vertraulichen Informationen, die er von Murena Retail oder seinen Partnern im Rahmen der Vereinbarung erh\u00e4lt, vertraulich zu behandeln. Der Partner wird keine vertraulichen Informationen ohne die vorherige schriftliche Zustimmung von Murena Retail verwenden oder an Dritte weitergeben. Der Partner erkennt an, dass jede unbefugte Nutzung oder Weitergabe vertraulicher Informationen Murena Retail oder ihren Partnern einen nicht wieder gutzumachenden Schaden zuf\u00fcgen kann und dass Murena Retail daher zus\u00e4tzlich zu allen anderen gesetzlich oder nach Billigkeitsrecht verf\u00fcgbaren Rechtsmitteln einen Anspruch auf Unterlassung hat.<\/p>\n\n<h4 class=\"wp-block-heading\">15. Sonstiges<\/h4>\n\n<p>15.1. Sie stimmen zu, dass nichts in dieser Vereinbarung eine Partnerschaft, ein Joint Venture, eine Agentur, eine Franchise, einen Handelsvertreter oder ein Arbeitsverh\u00e4ltnis zwischen ihnen begr\u00fcndet.<\/p>\n\n<p>15.2. Dieser Vertrag stellt die gesamte Vereinbarung zwischen den Parteien dar und ersetzt alle fr\u00fcheren Absprachen und Verhandlungen zwischen den Parteien in Bezug auf den Vertragsgegenstand.<\/p>\n\n<p>15.3. Dieser Vertrag kann nur in schriftlicher Form von beiden Parteien erg\u00e4nzt oder ge\u00e4ndert werden.<\/p>\n\n<p>15.4. Dieser Vertrag unterliegt dem franz\u00f6sischen Recht und ist nach diesem auszulegen. Alle Streitigkeiten, die sich aus oder im Zusammenhang mit diesem Vertrag ergeben, einschlie\u00dflich aller Fragen zu seinem Bestehen, seiner G\u00fcltigkeit oder seiner Beendigung, werden durch ein Schiedsverfahren nach den Regeln der Internationalen Handelskammer (ICC) in Paris, Frankreich, in franz\u00f6sischer Sprache entschieden.<\/p>\n\n<p>15.5. Alle im Rahmen dieses Vertrags erforderlichen oder zul\u00e4ssigen Mitteilungen bed\u00fcrfen der Schriftform und gelten als wirksam, wenn sie pers\u00f6nlich, per E-Mail oder per Einschreiben mit R\u00fcckschein an die von den Parteien angegebenen Adressen zugestellt werden.<\/p>\n\n<p>15.6. Der Verzicht einer Partei auf eine Verletzung oder Nichterf\u00fcllung stellt keinen Verzicht auf eine sp\u00e4tere Verletzung oder Nichterf\u00fcllung dar.<\/p>\n\n<p>15.7. Sollte eine Bestimmung dieses Vertrags f\u00fcr ung\u00fcltig, rechtswidrig oder nicht durchsetzbar befunden werden, so gilt diese Bestimmung als von diesem Vertrag abgetrennt und die \u00fcbrigen Bestimmungen bleiben in vollem Umfang in Kraft und wirksam.<\/p>\n\n<p>15.8. Alle Bestimmungen dieser Vereinbarung, die ihrer Natur nach die Beendigung \u00fcberdauern sollten, einschlie\u00dflich, aber nicht beschr\u00e4nkt auf Vertraulichkeit, Entsch\u00e4digung und Haftungsbeschr\u00e4nkung.<\/p>\n","protected":false},"excerpt":{"rendered":"<p>Bitte lesen Sie die gesamte Vereinbarung (im Folgenden die &#8222;Vereinbarung&#8220;). Sie k\u00f6nnen diese Seite f\u00fcr&#8230;<\/p>\n","protected":false},"author":994,"featured_media":0,"parent":0,"menu_order":0,"comment_status":"closed","ping_status":"closed","template":"","meta":{"_seopress_robots_primary_cat":"","_seopress_titles_title":"Murena Retail Partner Vereinbarung","_seopress_titles_desc":"Diese Vereinbarung ist ein Rechtsdokument zwischen Murena Retail SAS (\u201eMurena\u201c oder \u201ewir\u201c) und dem Partner (\u201eSie\u201c, \u201eIhr\u201c oder \u201eUnternehmen\u201c).","_seopress_robots_index":"","footnotes":""},"class_list":["post-84918","page","type-page","status-publish","hentry","wpbf-post"],"_links":{"self":[{"href":"https:\/\/murena.com\/de\/wp-json\/wp\/v2\/pages\/84918","targetHints":{"allow":["GET"]}}],"collection":[{"href":"https:\/\/murena.com\/de\/wp-json\/wp\/v2\/pages"}],"about":[{"href":"https:\/\/murena.com\/de\/wp-json\/wp\/v2\/types\/page"}],"author":[{"embeddable":true,"href":"https:\/\/murena.com\/de\/wp-json\/wp\/v2\/users\/994"}],"replies":[{"embeddable":true,"href":"https:\/\/murena.com\/de\/wp-json\/wp\/v2\/comments?post=84918"}],"version-history":[{"count":5,"href":"https:\/\/murena.com\/de\/wp-json\/wp\/v2\/pages\/84918\/revisions"}],"predecessor-version":[{"id":121813,"href":"https:\/\/murena.com\/de\/wp-json\/wp\/v2\/pages\/84918\/revisions\/121813"}],"wp:attachment":[{"href":"https:\/\/murena.com\/de\/wp-json\/wp\/v2\/media?parent=84918"}],"curies":[{"name":"wp","href":"https:\/\/api.w.org\/{rel}","templated":true}]}}