{"id":73394,"date":"2023-01-02T13:45:11","date_gmt":"2023-01-02T12:45:11","guid":{"rendered":"https:\/\/murena.com\/investoren\/"},"modified":"2026-02-23T09:57:58","modified_gmt":"2026-02-23T08:57:58","slug":"investoren","status":"publish","type":"page","link":"https:\/\/murena.com\/de\/investoren\/","title":{"rendered":"Investoren"},"content":{"rendered":"\n<h2 class=\"wp-block-heading\">Investitionsm\u00f6glichkeiten bei Murena<\/h2>\n\n\n\n<p>Murena SAS ist ein privates Unternehmen mit Sitz in der Europ\u00e4ischen Union. Wir werden regelm\u00e4\u00dfig von Einzelpersonen und Organisationen kontaktiert, die an einer Investition in Murena SAS interessiert sind. <\/p>\n\n\n\n<p>Wir nehmen derzeit Investitionen an. Bitte geben Sie unten Ihre Daten ein, um Ihr Interesse an einer Investition zu bekunden. <\/p>\n\n\n\n<div class=\"wp-block-columns is-layout-flex wp-container-core-columns-is-layout-28f84493 wp-block-columns-is-layout-flex\">\n<div class=\"wp-block-column is-layout-flow wp-block-column-is-layout-flow\">\n<div class=\"wp-block-contact-form-7-contact-form-selector\">\n<div class=\"wpcf7 no-js\" id=\"wpcf7-f103895-o1\" lang=\"de-DE\" dir=\"ltr\" data-wpcf7-id=\"103895\">\n<div class=\"screen-reader-response\"><p role=\"status\" aria-live=\"polite\" aria-atomic=\"true\"><\/p> <ul><\/ul><\/div>\n<form action=\"\/de\/wp-json\/wp\/v2\/pages\/73394#wpcf7-f103895-o1\" method=\"post\" class=\"wpcf7-form init\" aria-label=\"Kontaktformular\" novalidate=\"novalidate\" data-status=\"init\">\n<fieldset class=\"hidden-fields-container\"><input type=\"hidden\" name=\"_wpcf7\" value=\"103895\" \/><input type=\"hidden\" name=\"_wpcf7_version\" value=\"6.1.3\" \/><input type=\"hidden\" name=\"_wpcf7_locale\" value=\"de_DE\" \/><input type=\"hidden\" name=\"_wpcf7_unit_tag\" value=\"wpcf7-f103895-o1\" \/><input type=\"hidden\" name=\"_wpcf7_container_post\" value=\"0\" \/><input type=\"hidden\" name=\"_wpcf7_posted_data_hash\" value=\"\" \/><input type=\"hidden\" name=\"_wpcf7cf_hidden_group_fields\" value=\"[]\" \/><input type=\"hidden\" name=\"_wpcf7cf_hidden_groups\" value=\"[]\" \/><input type=\"hidden\" name=\"_wpcf7cf_visible_groups\" value=\"[]\" \/><input type=\"hidden\" name=\"_wpcf7cf_repeaters\" value=\"[]\" \/><input type=\"hidden\" name=\"_wpcf7cf_steps\" value=\"{}\" \/><input type=\"hidden\" name=\"_wpcf7cf_options\" value=\"{&quot;form_id&quot;:103895,&quot;conditions&quot;:[],&quot;settings&quot;:{&quot;animation&quot;:&quot;yes&quot;,&quot;animation_intime&quot;:&quot;200&quot;,&quot;animation_outtime&quot;:&quot;200&quot;,&quot;conditions_ui&quot;:&quot;text_only&quot;,&quot;notice_dismissed&quot;:&quot;&quot;,&quot;notice_dismissed_rollback-cf7-5.9.2&quot;:true}}\" \/>\n<\/fieldset>\n<p><label> Voller Name *<br \/>\n<span class=\"wpcf7-form-control-wrap\" data-name=\"investor-name\"><input size=\"40\" maxlength=\"400\" class=\"wpcf7-form-control wpcf7-text wpcf7-validates-as-required\" aria-required=\"true\" aria-invalid=\"false\" value=\"\" type=\"text\" name=\"investor-name\" \/><\/span> <\/label>\n<\/p>\n<p><label> Email *<br \/>\n<span class=\"wpcf7-form-control-wrap\" data-name=\"investor-email\"><input size=\"40\" maxlength=\"400\" class=\"wpcf7-form-control wpcf7-email wpcf7-validates-as-required wpcf7-text wpcf7-validates-as-email\" aria-required=\"true\" aria-invalid=\"false\" value=\"\" type=\"email\" name=\"investor-email\" \/><\/span> <\/label>\n<\/p>\n<p><label> Wohnsitzland *<br \/>\n<span class=\"wpcf7-form-control-wrap\" data-name=\"country-name\"><input size=\"40\" maxlength=\"400\" class=\"wpcf7-form-control wpcf7-text wpcf7-validates-as-required\" aria-required=\"true\" aria-invalid=\"false\" value=\"\" type=\"text\" name=\"country-name\" \/><\/span> <\/label>\n<\/p>\n<p><label> Rufnummer<br \/>\n<span class=\"wpcf7-form-control-wrap\" data-name=\"PhoneNumber\"><input size=\"40\" maxlength=\"400\" class=\"wpcf7-form-control wpcf7-text\" aria-invalid=\"false\" value=\"\" type=\"text\" name=\"PhoneNumber\" \/><\/span> <\/label>\n<\/p>\n<p><label> Adresse<br \/>\n<span class=\"wpcf7-form-control-wrap\" data-name=\"investor-address\"><textarea cols=\"40\" rows=\"2\" maxlength=\"2000\" class=\"wpcf7-form-control wpcf7-textarea\" aria-invalid=\"false\" name=\"investor-address\"><\/textarea><\/span> <\/label>\n<\/p>\n<p>Wie viel w\u00fcrden Sie gerne investieren (f\u00fcr Betr\u00e4ge \u2265 2.000 \u20ac ist eine Investition direkt m\u00f6glich, f\u00fcr Betr\u00e4ge < 2.000 \u20ac tragen Sie bitte auch Ihre Daten ein, dann werden wir Sie bei der n\u00e4chsten Crowdfunding-Aktion kontaktieren):\n<\/p>\n<p><span class=\"wpcf7-form-control-wrap\" data-name=\"amount\"><input class=\"wpcf7-form-control wpcf7-number wpcf7-validates-as-number\" aria-invalid=\"false\" value=\"\" type=\"number\" name=\"amount\" \/><\/span><span class=\"wpcf7-form-control-wrap\" data-name=\"currency-checkbox\"><span class=\"wpcf7-form-control wpcf7-checkbox wpcf7-exclusive-checkbox\"><span class=\"wpcf7-list-item first\"><label><input type=\"checkbox\" name=\"currency-checkbox\" value=\"euro\" \/><span class=\"wpcf7-list-item-label\">euro<\/span><\/label><\/span><span class=\"wpcf7-list-item last\"><label><input type=\"checkbox\" name=\"currency-checkbox\" value=\"dollar\" \/><span class=\"wpcf7-list-item-label\">dollar<\/span><\/label><\/span><\/span><\/span>\n<\/p>\n<p><label> Mehr \u00fcber Sie:<br \/>\n<span class=\"wpcf7-form-control-wrap\" data-name=\"about-investor\"><textarea cols=\"40\" rows=\"2\" maxlength=\"2000\" class=\"wpcf7-form-control wpcf7-textarea\" aria-invalid=\"false\" name=\"about-investor\"><\/textarea><\/span> <\/label>\n<\/p>\n<p><span class=\"wpcf7-form-control-wrap\" data-name=\"checkbox-newsletter\"><span class=\"wpcf7-form-control wpcf7-checkbox\"><span class=\"wpcf7-list-item first last\"><label><input type=\"checkbox\" name=\"checkbox-newsletter[]\" value=\"Kreuzen Sie an, ob Sie damit einverstanden sind, in Zukunft Informationen \u00fcber Investitionsm\u00f6glichkeiten zu erhalten.\" \/><span class=\"wpcf7-list-item-label\">Kreuzen Sie an, ob Sie damit einverstanden sind, in Zukunft Informationen \u00fcber Investitionsm\u00f6glichkeiten zu erhalten.<\/span><\/label><\/span><\/span><\/span>\n<\/p>\n<p><label>Captcha eingeben<br \/>\n<input type=\"hidden\" name=\"_wpcf7_captcha_challenge_captcha-170\" value=\"3294633570\" \/><img loading=\"lazy\" decoding=\"async\" class=\"wpcf7-form-control wpcf7-captchac wpcf7-captcha-captcha-170\" width=\"72\" height=\"24\" alt=\"captcha\" src=\"https:\/\/murena.com\/wp-content\/uploads\/wpcf7_captcha\/3294633570.png\" \/><br \/>\n<span class=\"wpcf7-form-control-wrap\" data-name=\"captcha-170\"><input size=\"4\" maxlength=\"4\" class=\"wpcf7-form-control wpcf7-captchar\" autocomplete=\"off\" aria-invalid=\"false\" value=\"\" type=\"text\" name=\"captcha-170\" \/><\/span><br \/>\n<\/label>\n<\/p>\n<p><input class=\"wpcf7-form-control wpcf7-submit has-spinner\" type=\"submit\" value=\"Einreichen\" \/>\n<\/p><div class=\"wpcf7-response-output\" aria-hidden=\"true\"><\/div>\n<\/form>\n<\/div>\n<\/div>\n<\/div>\n\n\n\n<div class=\"wp-block-column is-layout-flow wp-block-column-is-layout-flow\"><\/div>\n<\/div>\n","protected":false},"excerpt":{"rendered":"<p>Investitionsm\u00f6glichkeiten bei Murena Murena SAS ist ein privates Unternehmen mit Sitz in der Europ\u00e4ischen Union&#8230;.<\/p>\n","protected":false},"author":5167,"featured_media":0,"parent":0,"menu_order":0,"comment_status":"closed","ping_status":"closed","template":"","meta":{"_seopress_robots_primary_cat":"","_seopress_titles_title":"Investitionsm\u00f6glichkeiten bei Murena","_seopress_titles_desc":"Wenn Sie an einer Investition in Murena interessiert sind, geben Sie bitte Ihre Kontaktdaten an. So k\u00f6nnen Sie aktuelle Informationen \u00fcber m\u00f6gliche Investitionsm\u00f6glichkeiten erhalten.","_seopress_robots_index":"","footnotes":""},"class_list":["post-73394","page","type-page","status-publish","hentry","wpbf-post"],"_links":{"self":[{"href":"https:\/\/murena.com\/de\/wp-json\/wp\/v2\/pages\/73394","targetHints":{"allow":["GET"]}}],"collection":[{"href":"https:\/\/murena.com\/de\/wp-json\/wp\/v2\/pages"}],"about":[{"href":"https:\/\/murena.com\/de\/wp-json\/wp\/v2\/types\/page"}],"author":[{"embeddable":true,"href":"https:\/\/murena.com\/de\/wp-json\/wp\/v2\/users\/5167"}],"replies":[{"embeddable":true,"href":"https:\/\/murena.com\/de\/wp-json\/wp\/v2\/comments?post=73394"}],"version-history":[{"count":11,"href":"https:\/\/murena.com\/de\/wp-json\/wp\/v2\/pages\/73394\/revisions"}],"predecessor-version":[{"id":147002,"href":"https:\/\/murena.com\/de\/wp-json\/wp\/v2\/pages\/73394\/revisions\/147002"}],"wp:attachment":[{"href":"https:\/\/murena.com\/de\/wp-json\/wp\/v2\/media?parent=73394"}],"curies":[{"name":"wp","href":"https:\/\/api.w.org\/{rel}","templated":true}]}}