{"id":63315,"date":"2022-05-31T09:34:37","date_gmt":"2022-05-31T07:34:37","guid":{"rendered":"https:\/\/murena.com\/media\/"},"modified":"2025-05-13T14:59:29","modified_gmt":"2025-05-13T12:59:29","slug":"media","status":"publish","type":"page","link":"https:\/\/murena.com\/de\/media\/","title":{"rendered":"Medien"},"content":{"rendered":"","protected":false},"excerpt":{"rendered":"","protected":false},"author":5167,"featured_media":0,"parent":0,"menu_order":0,"comment_status":"closed","ping_status":"closed","template":"press.php","meta":{"_seopress_robots_primary_cat":"","_seopress_titles_title":"Medienanfragen","_seopress_titles_desc":"Sie m\u00f6chten mehr \u00fcber Murena Smartphones und Murena Cloud erfahren, unsere Pressekit erhalten, uns f\u00fcr ein Interview kontaktieren oder \u00fcber uns ver\u00f6ffentlichen? Dann sind Sie hier genau richtig.","_seopress_robots_index":"","footnotes":""},"class_list":["post-63315","page","type-page","status-publish","hentry","wpbf-post"],"_links":{"self":[{"href":"https:\/\/murena.com\/de\/wp-json\/wp\/v2\/pages\/63315","targetHints":{"allow":["GET"]}}],"collection":[{"href":"https:\/\/murena.com\/de\/wp-json\/wp\/v2\/pages"}],"about":[{"href":"https:\/\/murena.com\/de\/wp-json\/wp\/v2\/types\/page"}],"author":[{"embeddable":true,"href":"https:\/\/murena.com\/de\/wp-json\/wp\/v2\/users\/5167"}],"replies":[{"embeddable":true,"href":"https:\/\/murena.com\/de\/wp-json\/wp\/v2\/comments?post=63315"}],"version-history":[{"count":2,"href":"https:\/\/murena.com\/de\/wp-json\/wp\/v2\/pages\/63315\/revisions"}],"predecessor-version":[{"id":80040,"href":"https:\/\/murena.com\/de\/wp-json\/wp\/v2\/pages\/63315\/revisions\/80040"}],"wp:attachment":[{"href":"https:\/\/murena.com\/de\/wp-json\/wp\/v2\/media?parent=63315"}],"curies":[{"name":"wp","href":"https:\/\/api.w.org\/{rel}","templated":true}]}}