{"id":52627,"date":"2020-02-06T17:33:23","date_gmt":"2020-02-06T17:33:23","guid":{"rendered":"https:\/\/murena.com\/support\/"},"modified":"2024-11-04T14:19:03","modified_gmt":"2024-11-04T13:19:03","slug":"faq","status":"publish","type":"page","link":"https:\/\/murena.com\/de\/faq\/","title":{"rendered":"Murena FAQ"},"content":{"rendered":"<h2>FAQ<\/h2>\n<p>\t\t\t\t\t\t\t\t\t\t\t\t<a href=\"\">Wohin liefern Sie?<\/a><br \/>\n\t\t\t\t\tDerzeit verkaufen und liefern wir in L\u00e4nder des Europ\u00e4ischen Wirtschaftsraums (einschlie\u00dflich des Vereinigten K\u00f6nigreichs), in die Schweiz, in die Vereinigten Staaten von Amerika und nach Kanada.<br \/>\n\t\t\t\t\t\t\t\t\t\t\t\t<a href=\"\">Ich kaufe von au\u00dferhalb der Europ\u00e4ischen Union, kommen zus\u00e4tzliche Kosten auf mich zu?<\/a><br \/>\n\t\t\t\t\tF\u00fcr Verbraucher, die von au\u00dferhalb der Europ\u00e4ischen Union bestellen, stellen wir die Rechnung ohne Mehrwertsteuer aus. Einige L\u00e4nder oder Staaten k\u00f6nnen Z\u00f6lle oder andere Steuern auf den Bestellwert erheben, f\u00fcr deren Zahlung Sie allein verantwortlich sind.<br \/>\n\t\t\t\t\t\t\t\t\t\t\t\t<a href=\"\">Wie hoch sind die Versandkosten?<\/a><br \/>\n\t\t\t\t\tDie Versandkosten sind nicht im Preis inbegriffen und werden beim Check-out anhand Ihrer Lieferadresse berechnet.<br \/>\n\t\t\t\t\t\t\t\t\t\t\t\t<a href=\"\">Werde ich einen Link zur Sendungsverfolgung erhalten?<\/a><br \/>\n\t\t\t\t\tJa. Wir senden Ihnen eine Best\u00e4tigung per E-Mail, wenn Ihr Produkt versandt wurde, einschlie\u00dflich eines Links zur Sendungsverfolgung.<br \/>\n\t\t\t\t\t\t\t\t\t\t\t\t<a href=\"\">Was ist Ihr R\u00fcckgaberecht?<\/a><br \/>\n\t\t\t\t\tSie k\u00f6nnen Ihr Produkt innerhalb von 14 Tagen nach Erhalt zur\u00fcckgeben, sofern es unbesch\u00e4digt ist. Sie m\u00fcssen das Produkt zusammen mit dem Zubeh\u00f6r zur\u00fcckschicken, falls es sich in der Verpackung befindet, und wir erstatten Ihnen den Betrag zur\u00fcck auf die urspr\u00fcngliche Zahlungsmethode.<br \/>\n\t\t\t\t\t\t\t\t\t\t\t\t<a href=\"\">Welche Zahlungsarten akzeptieren Sie?<\/a><br \/>\n\t\t\t\t\tIn den meisten M\u00e4rkten k\u00f6nnen Sie per Debitkarte, Kreditkarte und Paypal bezahlen.<br \/>\nWir unterst\u00fctzen auch Online-\u00dcberweisungen von Bankkonten mit iDEAL f\u00fcr Kunden mit Sitz in den Niederlanden und Giropay f\u00fcr Kunden mit Sitz in Deutschland.<br \/>\nWir planen, in Zukunft weitere Zahlungsoptionen hinzuzuf\u00fcgen.<br \/>\n\t\t\t\t\t\t\t\t\t\t\t\t<a href=\"\">Ist das Telefon freigeschaltet?<\/a><br \/>\n\t\t\t\t\tAlle unsere Telefone sind f\u00fcr den Netzbetreiber freigeschaltet.<br \/>\n\t\t\t\t\t\t\t\t\t\t\t\t<a href=\"\">Funktioniert das Handy auch in CDMA-Netzen?<\/a><br \/>\n\t\t\t\t\tUnsere Handys basieren auf GSM-Technologie f\u00fcr 2G- und 3G-Netze. Sie sind nicht mit CDMA in 2G- und 3G-Netzen kompatibel.<br \/>\nAlle unsere Telefone sind mit 4G LTE kompatibel.<br \/>\n\t\t\t\t\t\t\t\t\t\t\t\t<a href=\"\">Welche europ\u00e4ischen Netzbetreiber werden unterst\u00fctzt?<\/a><br \/>\n\t\t\t\t\tUnsere Telefone sind mit allen europ\u00e4ischen Netzbetreibern kompatibel. Uns ist derzeit kein Ausschluss bekannt.<br \/>\n\t\t\t\t\t\t\t\t\t\t\t\t<a href=\"\">Welche US-Netzbetreiber werden unterst\u00fctzt?<\/a><br \/>\n\t\t\t\t\tIm Moment funktionieren unsere Telefone mit den folgenden Betreibern:<br \/>\nT-Mobile, Metro von T-Mobile, AT&#038;T, Simple Mobile, Speedtalk Mobile, Ultra Mobile, Red Pocket Mobile, Ting, Tempo, Walmart Family Mobile, Pure TalkUSA, Straight Talk.<br \/>\nUnsere Handys sind noch nicht auf der Liste der zugelassenen Handys f\u00fcr das Verizon-Netz.<br \/>\n\t\t\t\t\t\t\t\t\t\t\t\t<a href=\"\">Welche kanadischen Netzbetreiber werden unterst\u00fctzt?<\/a><br \/>\n\t\t\t\t\tRogers, Telus, Shaw, BCE, Virgin Mobile, Fido, Freedom, Koodo<br \/>\n\t\t\t\t\t\t\t\t\t\t\t\t<a href=\"\">Wie viele Jahre unterst\u00fctzen Sie dieses Telefon mit Software-Updates?<\/a><br \/>\n\t\t\t\t\tWir bem\u00fchen uns, mindestens 3 Jahre lang Software-Updates und Sicherheits-Patches zur Verf\u00fcgung zu stellen.<br \/>\n\t\t\t\t\t\t\t\t\t\t\t\t<a href=\"\">Bekomme ich regelm\u00e4\u00dfig Updates und Sicherheitspatches?<\/a><br \/>\n\t\t\t\t\tWir ver\u00f6ffentlichen mindestens alle 2 Monate Software-Updates f\u00fcr unsere Telefone. Manchmal gibt es sogar jeden Monat Updates.<br \/>\n\t\t\t\t\t\t\t\t\t\t\t\t<a href=\"\">Kann ich zu Google Stock Android zur\u00fcckkehren?<\/a><br \/>\n\t\t\t\t\tTechnisch gesehen ja, aber beachten Sie, dass dadurch Ihre Garantie und Ihr Support bei uns ung\u00fcltig wird.<br \/>\n\t\t\t\t\t\t\t\t\t\t\t\t<a href=\"\">Wie bekomme ich Unterst\u00fctzung, wenn etwas schief geht?<\/a><br \/>\n\t\t\t\t\tSie k\u00f6nnen sich mit unserem Support-Team in Verbindung setzen, das Ihnen helfen wird, Ihr Problem zu l\u00f6sen oder Ihr Telefon zu reparieren.<br \/>\n\t\t\t\t\t\t\t\t\t\t\t\t<a href=\"\">Welche Android-Apps sind mit \/e\/OS kompatibel?<\/a><br \/>\n\t\t\t\t\tDie meisten Android-Apps k\u00f6nnen auf \/e\/OS installiert werden.<br \/>\nZurzeit unterst\u00fctzen wir keine kostenpflichtigen Apps oder In-App-K\u00e4ufe.<br \/>\nDa die Google Mobile Services auf unseren Handys nicht vorinstalliert sind, kann es sein, dass einige Apps, die stark von diesen Diensten abh\u00e4ngen, nicht richtig funktionieren. Wir aktualisieren unser System regelm\u00e4\u00dfig, um mehr Apps zu unterst\u00fctzen.<br \/>\nSie k\u00f6nnen hier \u00fcberpr\u00fcfen, ob eine App bereits in unserem Store gelistet <a href=\"https:\/\/e.foundation\/e-os-available-applications\/\">ist<\/a>. Falls eine App noch nicht in unserem Store gelistet ist, k\u00f6nnen Sie sie direkt beim Store selbst anfordern. Wir k\u00f6nnen Ihnen auch helfen, andere Quellen f\u00fcr den Zugriff auf Apps zu finden.<br \/>\n\t\t\t\t\t\t\t\t\t\t\t\t<a href=\"\">Brauche ich f\u00fcr dieses Telefon ein \/e\/-Konto?<\/a><br \/>\n\t\t\t\t\tDas ist optional, obwohl wir Ihnen diese Kombination sehr empfehlen w\u00fcrden. Sie k\u00f6nnen sich hier f\u00fcr Ihr kostenloses \/e\/-Konto <a href=\"https:\/\/e.foundation\/e-email-invite\/\">anmelden<\/a>.<br \/>\nEin \/e\/ Konto ist eine Erweiterung von \/e\/OS, mit Ihrer eigenen und pers\u00f6nlichen E-Mail, Ihrem Kalender, Ihren Kontakten, Notizen, Aufgaben&#8230; Es ist ein pers\u00f6nlicher Cloud-Speicher, um unter anderem Ihre Daten zu sichern. Es schafft eine einzigartige Umgebung mit erh\u00f6htem Datenschutz.<br \/>\nF\u00fcr fortgeschrittene Nutzer gibt es auch die M\u00f6glichkeit, sich selbst zu hosten. Weitere Informationen finden Sie auf dieser Seite in <a href=\"https:\/\/gitlab.e.foundation\/e\/infra\/ecloud-selfhosting\">unserem Gitlab<\/a>.<br \/>\n\t\t\t\t\t\t\t\t\t\t\t\t<a href=\"\">Kann ich f\u00fcr mein Unternehmen kaufen?<\/a><br \/>\n\t\t\t\t\tWir unterst\u00fctzen den professionellen Vertrieb. Bitte stellen Sie sicher, dass Sie Ihre Firmendaten in der Kaufabwicklung und Ihre Umsatzsteuer-Identifikationsnummer angeben.<br \/>\n\t\t\t\t\t\t\t\t\t\t\t\t<a href=\"\">Ich habe ein iPhone oder ein Android-Handy. Wie kann ich meine Daten \u00fcbertragen?<\/a><br \/>\n\t\t\t\t\tDer einfachste Weg ist, sich f\u00fcr ein \/e\/-Konto anzumelden und die Daten von Ihrem iPhone oder Ihrem Android-Telefon auf Ihr \/e\/-Konto zu \u00fcbertragen und dann Ihr \/e\/-Konto auf Ihrem \/e\/-Telefon zu synchronisieren. Auf diese Weise k\u00f6nnen Sie sicherstellen, dass Sie von Ihrem vorherigen Telefon wechseln k\u00f6nnen und Ihr iCloud- oder Gmail-Konto zur\u00fccklassen.<br \/>\n\t\t\t\t\t\t\t\t\t\t\t\t<a href=\"\">Was ist dieses Murena-Telefon mit \/e\/OS?<\/a><br \/>\n\t\t\t\t\tMurena ist die neue Marke f\u00fcr Telefone mit vorinstalliertem \/e\/OS. Da wir immer mehr Menschen erreichen m\u00f6chten, die nach Smartphones mit integriertem Datenschutz suchen, ist es wichtig, es diesen Menschen leicht zu machen, auf ihr Telefon zu verweisen, es ihren Freunden und Verwandten zu erw\u00e4hnen usw.<br \/>\nIm Laufe der Zeit erwarten wir, die Marke Murena f\u00fcr mehr Produkte und Dienstleistungen einzuf\u00fchren.<br \/>\n\/e\/OS bleibt der Name des Betriebssystems.<br \/>\n\t\t\t\t\t\t\t\t\t\t\t\t<a href=\"\">Warum Murena?<\/a><br \/>\n\t\t\t\t\tMurena ist eine Anspielung auf den urspr\u00fcnglichen Namen des Projekts, EELO, den wir vor einiger Zeit aufgeben mussten.<br \/>\nBei der Suche nach einem neuen Namen haben wir diese Referenz auf Wikipedia gelesen, die uns sehr gefallen hat:<br \/>\n\u201eMurena ist ein Name (Cognomen), der von einer r\u00f6mischen plebejischen Familie aus Lanuvium verwendet wird, die zur Gens Licinia geh\u00f6rt. Es soll aus der Vorliebe eines Familienmitglieds f\u00fcr Neunaugen (murenae) stammen. Die Plebs waren im alten Rom die allgemeine K\u00f6rperschaft freier r\u00f6mischer B\u00fcrger, die keine Patrizier waren, wie die Volksz\u00e4hlung feststellte. Die genauen Urspr\u00fcnge der Gruppe und des Begriffs sind unklar, obwohl es sein k\u00f6nnte, dass sie als eine begrenzte politische Bewegung gegen die Elite (Patrizier) begannen, die sich weiter verbreitete.\u201c<br \/>\nWie jene freien r\u00f6mischen B\u00fcrger, die f\u00fcr ihre Freiheit gek\u00e4mpft haben, zielt Murena darauf ab, die Menschen von der Kontrolle der Big Tech \u00fcber unsere pers\u00f6nlichen Daten zu befreien.<\/p>\n<h2>Support<\/h2>\n<p>\t\t\t\t\t\t\t\t\t\t\t\t<img decoding=\"async\" width=\"147\" height=\"150\" src=\"https:\/\/esolutions.shop\/wp-content\/uploads\/2020\/04\/phone-147x150.png\" alt=\"\" loading=\"lazy\" srcset=\"https:\/\/esolutions.shop\/wp-content\/uploads\/2020\/04\/phone-147x150.png 147w, https:\/\/esolutions.shop\/wp-content\/uploads\/2020\/04\/phone-32x32.png 32w, https:\/\/esolutions.shop\/wp-content\/uploads\/2020\/04\/phone.png 239w\" sizes=\"auto, (max-width: 147px) 100vw, 147px\" \/>\t\t\t\t\t\t\t\t\t\t\t\t\t\t<\/p>\n<h3>Das Beste aus meinem Telefon bekommen<\/h3>\n<p>Sehen Sie sich unsere Anleitungen und Tutorials an, um zu erfahren, wie Sie Ihr Telefon optimal nutzen k\u00f6nnen<\/p>\n<p>\t\t\t<a href=\"https:\/\/doc.e.foundation\/how-tos\/\" role=\"button\"><br \/>\n\t\t\t\t\t\tWeiter<br \/>\n\t\t\t\t\t<\/a><br \/>\n\t\t\t\t\t\t\t\t\t\t\t\t<img decoding=\"async\" width=\"147\" height=\"150\" src=\"https:\/\/esolutions.shop\/wp-content\/uploads\/2020\/04\/x-147x150.png\" alt=\"\" loading=\"lazy\" srcset=\"https:\/\/esolutions.shop\/wp-content\/uploads\/2020\/04\/x-147x150.png 147w, https:\/\/esolutions.shop\/wp-content\/uploads\/2020\/04\/x-32x32.png 32w, https:\/\/esolutions.shop\/wp-content\/uploads\/2020\/04\/x.png 239w\" sizes=\"auto, (max-width: 147px) 100vw, 147px\" \/>\t\t\t\t\t\t\t\t\t\t\t\t\t\t<\/p>\n<h5>Etwas funktioniert nicht<\/h5>\n<p>Beheben Sie die h\u00e4ufigsten Probleme Ihres Telefons<\/p>\n<p>\t\t\t<a href=\"https:\/\/doc.e.foundation\/how-tos\/#troubleshooting-issues\" role=\"button\"><br \/>\n\t\t\t\t\t\tWeiter<br \/>\n\t\t\t\t\t<\/a><br \/>\n\t\t\t\t\t\t\t\t\t\t\t\t<img decoding=\"async\" width=\"147\" height=\"150\" src=\"https:\/\/esolutions.shop\/wp-content\/uploads\/2020\/04\/exchange-147x150.png\" alt=\"\" loading=\"lazy\" srcset=\"https:\/\/esolutions.shop\/wp-content\/uploads\/2020\/04\/exchange-147x150.png 147w, https:\/\/esolutions.shop\/wp-content\/uploads\/2020\/04\/exchange-32x32.png 32w, https:\/\/esolutions.shop\/wp-content\/uploads\/2020\/04\/exchange.png 239w\" sizes=\"auto, (max-width: 147px) 100vw, 147px\" \/>\t\t\t\t\t\t\t\t\t\t\t\t\t\t<\/p>\n<h5>Ich habe etwas bei eCorp bestellt<\/h5>\n<p>Kontaktieren Sie uns direkt, falls mit Ihrer Bestellung etwas nicht stimmt<\/p>\n<p>\t\t\t<a href=\"mailto:store@e.email\" role=\"button\"><br \/>\n\t\t\t\t\t\tWeiter<br \/>\n\t\t\t\t\t<\/a><\/p>\n<p>Um zus\u00e4tzliche Hilfe bitten<\/p>\n<p>\t\t\t\t\t\t\t\t\t\t\t\t<img decoding=\"async\" width=\"147\" height=\"150\" src=\"https:\/\/esolutions.shop\/wp-content\/uploads\/2020\/04\/file-147x150.png\" alt=\"\" loading=\"lazy\" srcset=\"https:\/\/esolutions.shop\/wp-content\/uploads\/2020\/04\/file-147x150.png 147w, https:\/\/esolutions.shop\/wp-content\/uploads\/2020\/04\/file-32x32.png 32w, https:\/\/esolutions.shop\/wp-content\/uploads\/2020\/04\/file.png 239w\" sizes=\"auto, (max-width: 147px) 100vw, 147px\" \/>\t\t\t\t\t\t\t\t\t\t\t\t\t\t<\/p>\n<h3>Besuchen Sie unser Community-Forum<\/h3>\n<h6>Holen Sie sich Tipps und Antworten von anderen Nutzern<\/h6>\n<p>\t\t\t<a href=\"https:\/\/community.e.foundation\/\" role=\"button\"><br \/>\n\t\t\t\t\t\tWeiter<br \/>\n\t\t\t\t\t<\/a><br \/>\n\t\t\t\t\t\t\t\t\t\t\t\t<img decoding=\"async\" width=\"147\" height=\"150\" src=\"https:\/\/esolutions.shop\/wp-content\/uploads\/2020\/04\/chat-147x150.png\" alt=\"\" loading=\"lazy\" srcset=\"https:\/\/esolutions.shop\/wp-content\/uploads\/2020\/04\/chat-147x150.png 147w, https:\/\/esolutions.shop\/wp-content\/uploads\/2020\/04\/chat-32x32.png 32w, https:\/\/esolutions.shop\/wp-content\/uploads\/2020\/04\/chat.png 239w\" sizes=\"auto, (max-width: 147px) 100vw, 147px\" \/>\t\t\t\t\t\t\t\t\t\t\t\t\t\t<\/p>\n<h3>Chatten Sie mit anderen Nutzern<\/h3>\n<h6>Beginnen Sie ein Gespr\u00e4ch mit anderen Nutzern<\/h6>\n<p>\t\t\t<a href=\"https:\/\/t.me\/joinchat\/D1jNSmJHKo4u70ha\" role=\"button\"><br \/>\n\t\t\t\t\t\tWeiter<br \/>\n\t\t\t\t\t<\/a><br \/>\n\t\t\t\t\t\t\t\t\t\t\t\t<img decoding=\"async\" width=\"147\" height=\"150\" src=\"https:\/\/esolutions.shop\/wp-content\/uploads\/2020\/04\/get-in-touch-147x150.png\" alt=\"\" loading=\"lazy\" srcset=\"https:\/\/esolutions.shop\/wp-content\/uploads\/2020\/04\/get-in-touch-147x150.png 147w, https:\/\/esolutions.shop\/wp-content\/uploads\/2020\/04\/get-in-touch-32x32.png 32w, https:\/\/esolutions.shop\/wp-content\/uploads\/2020\/04\/get-in-touch.png 239w\" sizes=\"auto, (max-width: 147px) 100vw, 147px\" \/>\t\t\t\t\t\t\t\t\t\t\t\t\t\t<\/p>\n<h3>Kontakt aufnehmen<\/h3>\n<h6>Verbinden Sie sich mit unserem offiziellen Support-Team\u200b<\/h6>\n<p>\t\t\t<a href=\"mailto:ephone_support@e.email\" role=\"button\"><br \/>\n\t\t\t\t\t\tWeiter<br \/>\n\t\t\t\t\t<\/a><\/p>\n","protected":false},"excerpt":{"rendered":"<p>FAQ Wohin liefern Sie? Derzeit verkaufen und liefern wir in L\u00e4nder des Europ\u00e4ischen Wirtschaftsraums (einschlie\u00dflich&#8230;<\/p>\n","protected":false},"author":1509,"featured_media":0,"parent":0,"menu_order":0,"comment_status":"closed","ping_status":"closed","template":"faq-page.php","meta":{"_seopress_robots_primary_cat":"","_seopress_titles_title":"Murena FAQ","_seopress_titles_desc":"Holen Sie sich alle Hilfe, die Sie f\u00fcr Ihr Murena-Smartphone oder Ihre Dienste ben\u00f6tigen. Holen Sie sich Unterst\u00fctzung, fragen Sie die Community oder finden Sie Ihre Antwort in unseren FAQ.","_seopress_robots_index":"","footnotes":""},"class_list":["post-52627","page","type-page","status-publish","hentry","wpbf-post"],"_links":{"self":[{"href":"https:\/\/murena.com\/de\/wp-json\/wp\/v2\/pages\/52627","targetHints":{"allow":["GET"]}}],"collection":[{"href":"https:\/\/murena.com\/de\/wp-json\/wp\/v2\/pages"}],"about":[{"href":"https:\/\/murena.com\/de\/wp-json\/wp\/v2\/types\/page"}],"author":[{"embeddable":true,"href":"https:\/\/murena.com\/de\/wp-json\/wp\/v2\/users\/1509"}],"replies":[{"embeddable":true,"href":"https:\/\/murena.com\/de\/wp-json\/wp\/v2\/comments?post=52627"}],"version-history":[{"count":31,"href":"https:\/\/murena.com\/de\/wp-json\/wp\/v2\/pages\/52627\/revisions"}],"predecessor-version":[{"id":110798,"href":"https:\/\/murena.com\/de\/wp-json\/wp\/v2\/pages\/52627\/revisions\/110798"}],"wp:attachment":[{"href":"https:\/\/murena.com\/de\/wp-json\/wp\/v2\/media?parent=52627"}],"curies":[{"name":"wp","href":"https:\/\/api.w.org\/{rel}","templated":true}]}}