{"id":52619,"date":"2020-04-16T07:42:35","date_gmt":"2020-04-16T07:42:35","guid":{"rendered":"https:\/\/murena.com\/privacy-policy\/"},"modified":"2024-07-15T12:30:23","modified_gmt":"2024-07-15T10:30:23","slug":"privacy-policy","status":"publish","type":"page","link":"https:\/\/murena.com\/de\/privacy-policy\/","title":{"rendered":"Privacy Policy"},"content":{"rendered":"\n<h2 class=\"wp-block-heading\">murena.com Datenschutzrichtlinie<\/h2>\n\n<p>Da sich unser Projekt auf den Schutz von Benutzerdaten konzentriert, wissen wir, dass der Datenschutz f\u00fcr Sie \u00e4u\u00dferst wichtig ist. Wir geben keine individuellen Informationen an Dritte weiter.<\/p>\n\n<p><strong>\u00dcber diese Website<\/strong><\/p>\n\n<p>Der Quellcode der Website ist zu finden <br\/>unter <a style=\"color: #fc7222;\" href=\"https:\/\/github.com\/WordPress\/WordPress\"> https:\/\/github.com\/WordPress\/WordPress<\/a>. Er ist unter der GPL v2 Lizenz lizenziert.<\/p>\n\n<p>Wir verwenden <a style=\"color: #fc7222;\" href=\"https:\/\/www.wp-slimstat.com\/\">Slimstat<\/a>\u00a0um Besucherstatistiken f\u00fcr unseren internen Gebrauch zu erstellen. Wir verwenden diese Statistiken intern, um zum Beispiel zu messen, wie unsere Website funktioniert oder von welcher Nachrichtenseite die Besucher kommen. Diese Statistiken liefern uns keine pers\u00f6nlich identifizierbaren Informationen. Diese Informationen werden nicht an Dritte weitergegeben, es sei denn, wir sind gesetzlich dazu verpflichtet.<\/p>\n\n<p>Wir verwenden Cookies, um Ihre Pr\u00e4ferenzen auf der Grundlage fr\u00fcherer oder aktueller Website-Aktivit\u00e4ten zu verstehen, damit wir Ihnen bessere Dienste anbieten k\u00f6nnen.<\/p>\n\n<p>Sie k\u00f6nnen w\u00e4hlen, ob Ihr Computer Sie jedes Mal warnen soll, wenn ein Cookie gesendet wird, oder ob Sie alle Cookies deaktivieren wollen. Sie k\u00f6nnen dies \u00fcber die Einstellungen Ihres Browsers (wie Chrome, Safari oder Firefox) tun. Jeder Browser ist ein wenig anders, daher sollten Sie im Hilfemen\u00fc Ihres Browsers nachsehen, wie Sie Ihre Cookie-Einstellungen korrekt \u00e4ndern k\u00f6nnen. Wenn Sie Cookies deaktivieren, sind m\u00f6glicherweise einige kleinere Funktionen nicht verf\u00fcgbar.<\/p>\n\n<p>Wir halten uns an die \u201eDo-not-track\u201c-Richtlinie. Wenn diese aktiviert ist, wird,<br\/><a style=\"color: #fc7222;\" href=\"https:\/\/murena.com\/de\/\">https:\/\/murena.com<\/a> keine Statistiken oder Cookies f\u00fcr Ihren Besuch erstellen.<\/p>\n\n<p><strong>Erfassen wir auf <a href=\"https:\/\/murena.com\/de\/\">https:\/\/murena.com<\/a> pers\u00f6nliche Daten?<\/strong><\/p>\n\n<p>Wir erfassen Informationen von Ihnen, wenn Sie ein E-Commerce-Konto erstellen, einen Newsletter abonnieren, ein Formular ausf\u00fcllen, einen Premium-Speicherplan abonnieren, ein Smartphone kaufen oder Informationen auf unserer Website eingeben.<\/p>\n\n<p>Wenn Sie sich f\u00fcr den Erhalt unseres Newsletters per E-Mail anmelden, erhalten Sie Nachrichten \u00fcber neue Produkte und Dienstleistungen. Sie k\u00f6nnen sich von jeder dieser Mitteilungen abmelden.<\/p>\n\n<p>Wir setzen eine Reihe von Sicherheitsma\u00dfnahmen ein, wenn Sie eine Bestellung aufgeben und Ihre Daten eingeben, \u00fcbermitteln oder abrufen, um die Sicherheit Ihrer pers\u00f6nlichen Daten zu gew\u00e4hrleisten.<\/p>\n\n<p><strong>Was ist mit den Informationen, die ich bei einem Einkauf abgebe?<\/strong><\/p>\n\n<p>Diese Transaktionen werden von Dritten verarbeitet und nicht von <a href=\"https:\/\/murena.com\/de\/\">https:\/\/murena.com<\/a> erh\u00e4lt keine finanziellen Informationen, die von Ihnen an unsere Drittanbieter zur Verarbeitung \u00fcbermittelt werden. Der Name des Drittanbieters wird zum Zeitpunkt der Transaktion angezeigt.<\/p>\n\n<p>Wir verwenden Stripe, PayPal und Bitpay, um Zahlungen auf dieser Website abzuwickeln.<\/p>\n\n<p><strong>Wie sch\u00fctzen wir pers\u00f6nliche Daten auf unseren Servern?<\/strong><\/p>\n\n<p>Ihre pers\u00f6nlichen Daten befinden sich hinter gesicherten Netzwerken bei unseren Partnern und sind nur f\u00fcr eine begrenzte Anzahl von Personen zug\u00e4nglich, die \u00fcber besondere Zugangsrechte zu diesen Systemen verf\u00fcgen und verpflichtet sind, die Informationen vertraulich zu behandeln. Dar\u00fcber hinaus werden alle sensiblen Daten, die Sie uns zur Verf\u00fcgung stellen, mit der Secure Socket Layer (SSL)-Technologie verschl\u00fcsselt.<\/p>\n\n<p><strong>Wie verwenden wir die Daten f\u00fcr die Migration des Google-Kontos?<\/strong><\/p>\n\n<p>W\u00e4hrend der Migration greift Murena Workspace auf die Daten der folgenden Apps zu: Drive, Fotos, Kontakte und Kalender. Diese Daten werden in Murena Workspace importiert, um die Migration zu erleichtern und sind jederzeit und nur von Ihnen selbst \u00fcber Ihr Murena Workspace-Konto zug\u00e4nglich, beschreibbar und entfernbar.<\/p>\n\n<p>Weitere Informationen zu den Datenschutzrichtlinien der folgenden Dienste finden Sie hier:<\/p>\n\n<ul class=\"wp-block-list\">\n<li>\/e\/OS und apps<\/li>\n\n\n\n<li>@e.email-Konto<\/li>\n\n\n\n<li>das \/e\/OS-Entwicklerportal unter <a style=\"color: #fc7222;\" href=\"https:\/\/gitlab.e.foundation\"> https:\/\/gitlab.e.foundation<\/a><\/li>\n\n\n\n<li>das eFoundation-Community-Forum unter der Adresse <a style=\"color: #fc7222;\" href=\"https:\/\/community.e.foundation\"> https:\/\/community.e.foundation<\/a><\/li>\n<\/ul>\n\n<p>besuchen Sie bitte<br\/><a style=\"color: #fc7222;\" href=\"https:\/\/e.foundation\/\"> https:\/\/e.foundation\/<\/a><\/p>\n\n<h2 class=\"wp-block-heading\">Die Politik von Murena Workspace<\/h2>\n\n<p>Unsere Software sendet keine Ihrer pers\u00f6nlichen Daten an uns.<\/p>\n\n<p>Wir verwenden\u00a0<a href=\"http:\/\/www.nextcloud.com\/\">NextCloud<\/a>, <a href=\"https:\/\/www.onlyoffice.com\/\">OnlyOffice<\/a>, und <a href=\"http:\/\/www.postfix.org\/\">Postfix<\/a> tum unsere Cloud-Dienste bereitzustellen.<\/p>\n\n<p>Die folgenden Standard-Apps mail\/drive\/gallery\/calendar\/files\/tasks sind mit Ihrem e.email-Konto verkn\u00fcpft und kommunizieren nahtlos mit Ihrem &#8222;eigenen&#8220; \/e\/-Server (\u00fcber unseren Partner Nextcloud). W\u00e4hrend diese Apps Ihre pers\u00f6nlichen Mails, Kalender und Dateien verwalten, senden sie keine pers\u00f6nlichen Daten an uns.<\/p>\n\n<p>Alle Daten auf Ihrem &#8222;eigenen&#8220; \/e\/ Server sind verschl\u00fcsselt und werden niemals an Dritte weitergegeben, verkauft oder gehandelt. Wir werden die begrenzten Nutzerdaten, die wir besitzen, nur weitergeben, wenn wir gesetzlich dazu verpflichtet sind.<\/p>\n\n<h2 class=\"wp-block-heading\">\u00c4nderungen der Datenschutzrichtlinien<\/h2>\n\n<p>Wir k\u00f6nnen diese Datenschutzrichtlinien von Zeit zu Zeit \u00e4ndern und werden Sie dar\u00fcber informieren, wenn dies der Fall ist. Wir empfehlen unseren Besuchern, diese Seite regelm\u00e4\u00dfig auf \u00c4nderungen zu \u00fcberpr\u00fcfen.<\/p>\n\n<h2 class=\"wp-block-heading\">Kontakt<\/h2>\n\n<p>Wenn Sie Fragen zu dieser Datenschutzrichtlinie haben, k\u00f6nnen Sie uns \u00fcber die unten stehenden Informationen kontaktieren.<\/p>\n\n<p>MURENA RETAIL SAS<\/p>\n\n<p>31 Avenue de S\u00e9gur<\/p>\n\n<p>75007 Paris<\/p>\n\n<p>France<\/p>\n","protected":false},"excerpt":{"rendered":"<p>murena.com Datenschutzrichtlinie Da sich unser Projekt auf den Schutz von Benutzerdaten konzentriert, wissen wir, dass&#8230;<\/p>\n","protected":false},"author":1509,"featured_media":0,"parent":0,"menu_order":0,"comment_status":"closed","ping_status":"closed","template":"","meta":{"_seopress_robots_primary_cat":"","_seopress_titles_title":"murena.com Datenschutzrichtlinie","_seopress_titles_desc":"Da sich unser Projekt auf den Schutz von Benutzerdaten konzentriert, wissen wir, dass der Datenschutz f\u00fcr Sie \u00e4u\u00dferst wichtig ist. Wir geben keine individuellen Informationen an Dritte weiter.","_seopress_robots_index":"","footnotes":""},"class_list":["post-52619","page","type-page","status-publish","hentry","wpbf-post"],"_links":{"self":[{"href":"https:\/\/murena.com\/de\/wp-json\/wp\/v2\/pages\/52619","targetHints":{"allow":["GET"]}}],"collection":[{"href":"https:\/\/murena.com\/de\/wp-json\/wp\/v2\/pages"}],"about":[{"href":"https:\/\/murena.com\/de\/wp-json\/wp\/v2\/types\/page"}],"author":[{"embeddable":true,"href":"https:\/\/murena.com\/de\/wp-json\/wp\/v2\/users\/1509"}],"replies":[{"embeddable":true,"href":"https:\/\/murena.com\/de\/wp-json\/wp\/v2\/comments?post=52619"}],"version-history":[{"count":12,"href":"https:\/\/murena.com\/de\/wp-json\/wp\/v2\/pages\/52619\/revisions"}],"predecessor-version":[{"id":106337,"href":"https:\/\/murena.com\/de\/wp-json\/wp\/v2\/pages\/52619\/revisions\/106337"}],"wp:attachment":[{"href":"https:\/\/murena.com\/de\/wp-json\/wp\/v2\/media?parent=52619"}],"curies":[{"name":"wp","href":"https:\/\/api.w.org\/{rel}","templated":true}]}}