{"id":52614,"date":"2020-04-16T08:42:25","date_gmt":"2020-04-16T08:42:25","guid":{"rendered":"https:\/\/murena.com\/legal-notice\/"},"modified":"2024-03-07T18:08:50","modified_gmt":"2024-03-07T17:08:50","slug":"legal-notice","status":"publish","type":"page","link":"https:\/\/murena.com\/de\/legal-notice\/","title":{"rendered":"Rechtlicher Hinweis"},"content":{"rendered":"\n<hr\/>\r\n\n<p><strong>Verlag:<\/strong><\/p>\r\n<ul>\r\n<li>Murena Retail SAS<\/li>\r\n<li>N\u00ba Siret: 883 789 398 00012<\/li>\r\n<li>VAT Number: FR82883789398<\/li>\r\n<li>Code APE: 5829C<\/li>\r\n<\/ul>\r\n<p><strong>Hauptsitz:<\/strong><\/p>\r\n<ul>\r\n<li>31 Avenue de S\u00e9gur &#8211; 75007 Paris, France<\/li>\r\n<\/ul>\r\n\n<blockquote class=\"wp-block-quote is-layout-flow wp-block-quote-is-layout-flow\"><p>\u26a0 Please do not return products at this address. Instead, contact our helpdesk at helpdesk@murena.com to receive the right one for product returns.<\/p><\/blockquote>\n\n<ul class=\"wp-block-list\"><li>Kontakt: <a href=\"mailto:contact@murena.com\">contact@murena.com<\/a><\/li><li>Juristischer Vertreter: Ga\u00ebl Duval<\/li><li>Herausgeber und Redakteur: Ga\u00ebl Duval<\/li><li>Hosting: Hetzner Online GmbH \u2013 <a href=\"https:\/\/www.hetzner.com\/\">https:\/\/www.hetzner.com\/<\/a><\/li><\/ul>\n\n<h2 class=\"wp-block-heading\">DATENSCHUTZ<\/h2>\n\n<p>Gem\u00e4\u00df den Bestimmungen des franz\u00f6sischen Rechts (Artikel 34 des Gesetzes Nr. 48-87 vom 6. Januar 1978) hat der Nutzer das Recht auf Zugang, Berichtigung oder L\u00f6schung seiner pers\u00f6nlichen Daten. Sie haben auch das Recht, Anweisungen festzulegen, die den Zugang zu Ihren Daten im Todesfall erm\u00f6glichen (die offiziellen Anwendungsregeln f\u00fcr dieses Recht sind derzeit noch in Arbeit). Anfragen zu diesen Rechten und zum Recht auf L\u00f6schung von der Liste k\u00f6nnen wie folgt gestellt werden:<\/p>\n\n<p>durch Zusendung einer E-Mail an folgende Adresse: <a href=\"mailto:contact@murena.com\">contact@murena.com<\/a><\/p>\n\n<p>per Post an die Adresse des Hauptsitzes von Murena Retail SAS unter Angabe des Namens oder der Firmenbezeichnung, der physischen und\/oder elektronischen Kontaktdaten. Die \u00c4nderung erfolgt innerhalb einer angemessenen Frist nach Erhalt der Anfrage des Nutzers, gem\u00e4\u00df den Bestimmungen des Gesetzes Nr. 2004 \u2013 575 vom 21. Juni 2004 \u00fcber \u201eVertrauen in die Digitalwirtschaft\u201c, insbesondere Artikel 6.<\/p>\n\n<h2 class=\"wp-block-heading\">HAFTUNGSBESCHR\u00c4NKUNG<\/h2>\n\n<p>Diese Website enth\u00e4lt Informationen, die von externen Unternehmen bereitgestellt werden, oder Hypertext-Links zu anderen Websites, die nicht von Murena Retail SAS entwickelt wurden. Die auf der Website zur Verf\u00fcgung gestellten Inhalte dienen ausschlie\u00dflich zu Informationszwecken. Das Vorhandensein eines Links von dieser Website zu einer anderen Website stellt keine Bef\u00fcrwortung dieser Website oder ihres Inhalts dar. Es liegt in der Verantwortung des Betrachters, diese Informationen mit kritischem Denken zu nutzen. Murena Retail SAS kann nicht f\u00fcr Informationen, Meinungen und Empfehlungen von Dritten haftbar gemacht werden.<\/p>\n\n<p>Murena Retail SAS haftet nicht f\u00fcr direkte, indirekte, zuf\u00e4llige oder kumulative Verluste oder Sch\u00e4den, wie auch immer diese entstanden sind, es sei denn, das Unternehmen hat nachweislich fahrl\u00e4ssig gehandelt und gearbeitet. Wir k\u00f6nnen nicht f\u00fcr zuk\u00fcnftige Probleme oder Fragen verantwortlich gemacht werden, die sich aus der Nutzung oder der Unm\u00f6glichkeit der Nutzung dieser Website, der Seiten, eventueller Fehler, falscher Darstellungen oder Auslassungen in dem darin enthaltenen Material ergeben.<\/p>\n\n<p>Murena Retail SAS kann auch nicht f\u00fcr indirekte Sch\u00e4den (wie z.B. Markt- oder Gelegenheitsverluste) haftbar gemacht werden, die sich aus der Nutzung der Website ergeben.<\/p>\n","protected":false},"excerpt":{"rendered":"<p>Verlag: Murena Retail SAS N\u00ba Siret: 883 789 398 00012 VAT Number: FR82883789398 Code APE:&#8230;<\/p>\n","protected":false},"author":1509,"featured_media":0,"parent":0,"menu_order":0,"comment_status":"closed","ping_status":"closed","template":"","meta":{"_seopress_robots_primary_cat":"","_seopress_titles_title":"Murena.com Rechtlicher Hinweis ","_seopress_titles_desc":"Rechtliche Hinweise zu Murena und Murena.com.","_seopress_robots_index":"","footnotes":""},"class_list":["post-52614","page","type-page","status-publish","hentry","wpbf-post"],"_links":{"self":[{"href":"https:\/\/murena.com\/de\/wp-json\/wp\/v2\/pages\/52614","targetHints":{"allow":["GET"]}}],"collection":[{"href":"https:\/\/murena.com\/de\/wp-json\/wp\/v2\/pages"}],"about":[{"href":"https:\/\/murena.com\/de\/wp-json\/wp\/v2\/types\/page"}],"author":[{"embeddable":true,"href":"https:\/\/murena.com\/de\/wp-json\/wp\/v2\/users\/1509"}],"replies":[{"embeddable":true,"href":"https:\/\/murena.com\/de\/wp-json\/wp\/v2\/comments?post=52614"}],"version-history":[{"count":15,"href":"https:\/\/murena.com\/de\/wp-json\/wp\/v2\/pages\/52614\/revisions"}],"predecessor-version":[{"id":100733,"href":"https:\/\/murena.com\/de\/wp-json\/wp\/v2\/pages\/52614\/revisions\/100733"}],"wp:attachment":[{"href":"https:\/\/murena.com\/de\/wp-json\/wp\/v2\/media?parent=52614"}],"curies":[{"name":"wp","href":"https:\/\/api.w.org\/{rel}","templated":true}]}}