{"id":141535,"date":"2025-12-15T12:42:40","date_gmt":"2025-12-15T11:42:40","guid":{"rendered":"https:\/\/murena.com\/smartphones-2\/"},"modified":"2025-12-22T11:25:27","modified_gmt":"2025-12-22T10:25:27","slug":"smartphones","status":"publish","type":"page","link":"https:\/\/murena.com\/de\/smartphones\/","title":{"rendered":"Smartphones"},"content":{"rendered":"\n<div style=\"background-image:url(&#039;https:\/\/murena.com\/wp-content\/uploads\/2025\/12\/RIGHT.png&#039;);background-position:100% 50%;background-repeat:no-repeat;background-size:auto;background-attachment:scroll;\" class=\"wp-block-group alignfull smartphones-hero is-layout-constrained wp-block-group-is-layout-constrained has-background\">\n<div class=\"wp-block-columns alignfull is-layout-flex wp-container-core-columns-is-layout-28f84493 wp-block-columns-is-layout-flex\">\n<div class=\"wp-block-column is-layout-constrained wp-block-column-is-layout-constrained\">\n<div class=\"wp-block-columns are-vertically-aligned-center is-layout-flex wp-container-core-columns-is-layout-5fd84e40 wp-block-columns-is-layout-flex\" style=\"margin-top:-40px;padding-top:var(--wp--preset--spacing--50);padding-right:var(--wp--preset--spacing--50);padding-bottom:var(--wp--preset--spacing--50);padding-left:var(--wp--preset--spacing--50)\">\n<div class=\"wp-block-column is-vertically-aligned-center smartphones-sec1-txt is-layout-flow wp-block-column-is-layout-flow\">\n<h2 class=\"wp-block-heading\">Murena Smartphones &amp; \/e\/OS<\/h2>\n\n\n\n<hr\/>\n\n\n\n<p>Herk\u00f6mmliche Smartphones senden st\u00e4ndig Megabytes Ihrer Daten an Google &#8211; auch im Ruhezustand. Murena-Smartphones bieten eine datenschutzfreundliche L\u00f6sung mit \/e\/OS, einem vollst\u00e4ndig entgoolten Open-Source-Mobilbetriebssystem. Durch das Ersetzen von Google-Diensten durch gleichwertige, datenschutzfreundliche Dienste und die Anonymisierung der wenigen Google-Dienste, die unbedingt erforderlich sind, gibt Murena Ihnen die Kontrolle \u00fcber Ihre Daten. Google hat keinen Zugriff auf Ihre pers\u00f6nlichen Daten, es sei denn, Sie entscheiden sich ausdr\u00fccklich f\u00fcr die Installation ihrer Apps. Gepaart mit sorgf\u00e4ltig ausgew\u00e4hlten Apps und unserer Online-Office-Suite Murena Workspace haben wir ein komplettes \u00d6kosystem geschaffen, das den Datenschutz erm\u00f6glicht. Sie m\u00fcssen uns nicht beim Wort nehmen &#8211; Sie k\u00f6nnen es selbst \u00fcberpr\u00fcfen, denn unsere Produkte sind Open Source.     <\/p>\n\n\n\n<div class=\"wp-block-buttons is-nowrap is-layout-flex wp-container-core-buttons-is-layout-6c531013 wp-block-buttons-is-layout-flex\">\n<div class=\"wp-block-button has-custom-width wp-block-button__width-75\"><a class=\"wp-block-button__link wp-element-button\" href=\"\/shop\/\"><strong>Jetzt kaufen<\/strong><\/a><\/div>\n<\/div>\n<\/div>\n\n\n\n<div class=\"wp-block-column is-vertically-aligned-center smartphones-sec1-img is-layout-flow wp-block-column-is-layout-flow\">\n<figure class=\"wp-block-image aligncenter size-full\"><img loading=\"lazy\" decoding=\"async\" width=\"430\" height=\"777\" src=\"https:\/\/murena.com\/wp-content\/uploads\/2025\/12\/SMARTPHONE.png\" alt=\"Murena Smartphones mit \/e\/OS zeigt den Bliss Launcher mit Standardapps\" class=\"wp-image-141497\" srcset=\"https:\/\/murena.com\/wp-content\/uploads\/2025\/12\/SMARTPHONE.png 430w, https:\/\/murena.com\/wp-content\/uploads\/2025\/12\/SMARTPHONE-166x300.png 166w, https:\/\/murena.com\/wp-content\/uploads\/2025\/12\/SMARTPHONE-83x150.png 83w, https:\/\/murena.com\/wp-content\/uploads\/2025\/12\/SMARTPHONE-60x108.png 60w\" sizes=\"auto, (max-width: 430px) 100vw, 430px\" \/><\/figure>\n<\/div>\n<\/div>\n<\/div>\n<\/div>\n<\/div>\n\n<div class=\"wp-block-columns alignfull has-background is-layout-flex wp-container-core-columns-is-layout-f0342b05 wp-block-columns-is-layout-flex\" style=\"background-color:#f2f6fa;margin-top:0;margin-bottom:0\">\n<div class=\"wp-block-column is-layout-constrained wp-block-column-is-layout-constrained\">\n<div class=\"wp-block-columns smartphones-sec2-txt is-layout-flex wp-container-core-columns-is-layout-28f84493 wp-block-columns-is-layout-flex\">\n<div class=\"wp-block-column is-layout-flow wp-block-column-is-layout-flow\" style=\"flex-basis:10%\"><\/div>\n\n\n\n<div class=\"wp-block-column is-layout-flow wp-block-column-is-layout-flow\" style=\"flex-basis:80%\">\n<div style=\"height:50px\" aria-hidden=\"true\" class=\"wp-block-spacer\"><\/div>\n\n\n\n<h2 class=\"wp-block-heading\">Datenschutz an erster Stelle, entwickelt f\u00fcr Sie und Ihr t\u00e4gliches Leben<\/h2>\n\n\n\n<hr\/>\n\n\n\n<p>Online-Dienste sind unverzichtbar. Deshalb haben wir Murena Workspace entwickelt &#8211; eine Suite von Tools, die auf den Schutz der Privatsph\u00e4re ausgerichtet sind, darunter ein sicheres privates E-Mail-Konto, ein Kalender, eine Galerie, ein verschl\u00fcsselter Speicher und vieles mehr. F\u00fcr noch mehr Effizienz k\u00f6nnen viele dieser Funktionen ger\u00e4te\u00fcbergreifend synchronisiert werden: Notieren Sie inspirierende Ideen in Ihrer Freizeit auf Ihrem Smartphone und finden Sie sie auf Ihrem Desktop, wenn Sie zur Arbeit zur\u00fcckkehren. Murena-Smartphones bieten Ihnen alles, was Sie brauchen und gewohnt sind &#8211; ohne die Tracker.  <\/p>\n<\/div>\n\n\n\n<div class=\"wp-block-column is-layout-flow wp-block-column-is-layout-flow\" style=\"flex-basis:10%\"><\/div>\n<\/div>\n\n\n\n<div class=\"wp-block-columns smartphones-sec2-img is-layout-flex wp-container-core-columns-is-layout-28f84493 wp-block-columns-is-layout-flex\">\n<div class=\"wp-block-column is-layout-flow wp-block-column-is-layout-flow\" style=\"flex-basis:5%\"><\/div>\n\n\n\n<div class=\"wp-block-column is-layout-flow wp-block-column-is-layout-flow\" style=\"flex-basis:90%\">\n<figure class=\"wp-block-image aligncenter size-full\"><img loading=\"lazy\" decoding=\"async\" width=\"974\" height=\"707\" src=\"https:\/\/murena.com\/wp-content\/uploads\/2025\/12\/3-phones.png\" alt=\"Drei Murena Smartphones mit \/e\/OS: Eines zeigt den Kalender, eines die Galerie-App, eines die Mail-App\" class=\"wp-image-141501\" srcset=\"https:\/\/murena.com\/wp-content\/uploads\/2025\/12\/3-phones.png 974w, https:\/\/murena.com\/wp-content\/uploads\/2025\/12\/3-phones-300x218.png 300w, https:\/\/murena.com\/wp-content\/uploads\/2025\/12\/3-phones-150x109.png 150w, https:\/\/murena.com\/wp-content\/uploads\/2025\/12\/3-phones-768x557.png 768w, https:\/\/murena.com\/wp-content\/uploads\/2025\/12\/3-phones-60x44.png 60w, https:\/\/murena.com\/wp-content\/uploads\/2025\/12\/3-phones-800x581.png 800w\" sizes=\"auto, (max-width: 974px) 100vw, 974px\" \/><\/figure>\n\n\n\n<div class=\"wp-block-buttons is-content-justification-center is-layout-flex wp-container-core-buttons-is-layout-a89b3969 wp-block-buttons-is-layout-flex\">\n<div class=\"wp-block-button has-custom-width wp-block-button__width-75\"><a class=\"wp-block-button__link wp-element-button\" href=\"https:\/\/murena.com\/de\/cloud-subscriptions\/\" style=\"font-style:normal;font-weight:600;text-transform:none\" rel=\"button-50-mobile\">Murena Workspace entdecken<\/a><\/div>\n<\/div>\n\n\n\n<p class=\"has-text-align-center has-small-font-size\">Wir scannen oder lesen Ihre in der Cloud gespeicherten Daten nicht.<\/p>\n\n\n\n<div style=\"height:50px\" aria-hidden=\"true\" class=\"wp-block-spacer\"><\/div>\n<\/div>\n\n\n\n<div class=\"wp-block-column is-layout-flow wp-block-column-is-layout-flow\" style=\"flex-basis:5%\"><\/div>\n<\/div>\n<\/div>\n<\/div>\n\n<div class=\"wp-block-columns alignfull has-background is-layout-flex wp-container-core-columns-is-layout-7d874bf9 wp-block-columns-is-layout-flex\" style=\"background-color:#485363;margin-top:0;margin-bottom:0;padding-top:0;padding-bottom:0\">\n<div class=\"wp-block-column is-layout-constrained wp-block-column-is-layout-constrained\">\n<div class=\"wp-block-columns are-vertically-aligned-center is-layout-flex wp-container-core-columns-is-layout-ec2e7a44 wp-block-columns-is-layout-flex\" style=\"padding-top:0;padding-bottom:0\">\n<div class=\"wp-block-column is-vertically-aligned-center smartphones-sec3-img is-layout-flow wp-block-column-is-layout-flow\">\n<figure class=\"wp-block-image aligncenter size-full\"><img loading=\"lazy\" decoding=\"async\" width=\"568\" height=\"746\" src=\"https:\/\/murena.com\/wp-content\/uploads\/2025\/12\/FP5-Advanced-Privacy-stats-1.png\" alt=\"Murena-Smartphone mit erweiterter Datenschutzfunktion, die 107 blockierte Datenlecks in den letzten 24 Stunden anzeigt\" class=\"wp-image-141502\" srcset=\"https:\/\/murena.com\/wp-content\/uploads\/2025\/12\/FP5-Advanced-Privacy-stats-1.png 568w, https:\/\/murena.com\/wp-content\/uploads\/2025\/12\/FP5-Advanced-Privacy-stats-1-228x300.png 228w, https:\/\/murena.com\/wp-content\/uploads\/2025\/12\/FP5-Advanced-Privacy-stats-1-114x150.png 114w, https:\/\/murena.com\/wp-content\/uploads\/2025\/12\/FP5-Advanced-Privacy-stats-1-60x79.png 60w\" sizes=\"auto, (max-width: 568px) 100vw, 568px\" \/><\/figure>\n<\/div>\n\n\n\n<div class=\"wp-block-column is-vertically-aligned-center smartphones-sec3-txt is-layout-flow wp-block-column-is-layout-flow\" style=\"padding-top:var(--wp--preset--spacing--60);padding-bottom:var(--wp--preset--spacing--60)\">\n<h2 class=\"wp-block-heading has-white-color has-text-color has-link-color wp-elements-fe646192881e71bed155240f1212915e\">Behalten Sie die Kontrolle \u00fcber Tracker und Werbung mit Advanced Privacy<\/h2>\n\n\n\n<hr\/>\n\n\n\n<p class=\"has-white-color has-text-color has-link-color wp-elements-82cf9c9f7cedf4f68840f32e6ad5fbb3\">Murena-Smartphones erkennen und blockieren Tracker in Apps und erm\u00f6glichen es Ihnen, Tracking \u00fcber das Advanced Privacy Widget zu deaktivieren. Sie k\u00f6nnen Ihre IP-Adresse verbergen, den Standort f\u00e4lschen und Werbung reduzieren \u2013 dank des integrierten Werbeblockers, der im Webbrowser standardm\u00e4\u00dfig aktiviert ist. <\/p>\n<\/div>\n<\/div>\n<\/div>\n<\/div>\n\n<div class=\"wp-block-columns are-vertically-aligned-center is-layout-flex wp-container-core-columns-is-layout-28f84493 wp-block-columns-is-layout-flex\">\n<div class=\"wp-block-column is-layout-flow wp-block-column-is-layout-flow\">\n<div style=\"height:30px\" aria-hidden=\"true\" class=\"wp-block-spacer\"><\/div>\n\n\n\n<div class=\"wp-block-columns is-layout-flex wp-container-core-columns-is-layout-28f84493 wp-block-columns-is-layout-flex\">\n<div class=\"wp-block-column is-layout-flow wp-block-column-is-layout-flow\" style=\"flex-basis:10%\"><\/div>\n\n\n\n<div class=\"wp-block-column is-layout-flow wp-block-column-is-layout-flow\" style=\"flex-basis:80%\">\n<div class=\"wp-block-columns is-layout-flex wp-container-core-columns-is-layout-28f84493 wp-block-columns-is-layout-flex\">\n<div class=\"wp-block-column is-vertically-aligned-center smartphones-sec4-txt is-layout-flow wp-block-column-is-layout-flow\">\n<h2 class=\"wp-block-heading\">\/e\/OS ist ein DeGoogled-Betriebssystem mit Datenschutz-Funktionen<\/h2>\n\n\n\n<hr\/>\n\n\n\n<p style=\"line-height:1.5\">\/e\/OS ist ein <strong>quelloffenes System<\/strong>, frei von Google-Apps und Datensammlungen.<\/p>\n\n\n\n<ul style=\"line-height:1.5\" class=\"wp-block-list\">\n<li style=\"line-height:1.5\">Google Search wird durch unsere private Meta-Suchmaschine ersetzt.<\/li>\n\n\n\n<li>Eine Kompatibilit\u00e4tsschicht gew\u00e4hrleistet die Funktionalit\u00e4t der App ohne Google Services.<\/li>\n\n\n\n<li>Die Konnektivit\u00e4tspr\u00fcfung erfolgt \u00fcber unsere Infrastruktur, nicht \u00fcber die Server von Google.<\/li>\n\n\n\n<li>NTP Pool Project ersetzt die Zeitserver von Google.<\/li>\n\n\n\n<li>DNS ist standardm\u00e4\u00dfig auf Ihren Netzbetreiber eingestellt, mit Optionen f\u00fcr 9.9.9.9 oder 1.1.1.1.<\/li>\n\n\n\n<li>Die Geolokalisierung basiert auf den Mozilla Location Services und GPS.<\/li>\n<\/ul>\n\n\n\n<div class=\"wp-block-buttons is-layout-flex wp-block-buttons-is-layout-flex\">\n<div class=\"wp-block-button has-custom-width wp-block-button__width-75\"><a class=\"wp-block-button__link wp-element-button\" href=\"https:\/\/e.foundation\/de\/e-os\/\"><strong>Mehr erfahren<\/strong><\/a><\/div>\n<\/div>\n<\/div>\n\n\n\n<div class=\"wp-block-column is-vertically-aligned-center smartphones-sec5-img is-layout-flow wp-block-column-is-layout-flow\">\n<figure class=\"wp-block-image aligncenter size-full\"><img loading=\"lazy\" decoding=\"async\" width=\"315\" height=\"315\" src=\"https:\/\/murena.com\/wp-content\/uploads\/2025\/12\/BLOCKED-EYES.png\" alt=\"Durchgestrichene Comic-Augen\" class=\"wp-image-141503\" srcset=\"https:\/\/murena.com\/wp-content\/uploads\/2025\/12\/BLOCKED-EYES.png 315w, https:\/\/murena.com\/wp-content\/uploads\/2025\/12\/BLOCKED-EYES-300x300.png 300w, https:\/\/murena.com\/wp-content\/uploads\/2025\/12\/BLOCKED-EYES-150x150.png 150w, https:\/\/murena.com\/wp-content\/uploads\/2025\/12\/BLOCKED-EYES-60x60.png 60w, https:\/\/murena.com\/wp-content\/uploads\/2025\/12\/BLOCKED-EYES-50x50.png 50w, https:\/\/murena.com\/wp-content\/uploads\/2025\/12\/BLOCKED-EYES-100x100.png 100w\" sizes=\"auto, (max-width: 315px) 100vw, 315px\" \/><\/figure>\n<\/div>\n<\/div>\n<\/div>\n\n\n\n<div class=\"wp-block-column is-layout-flow wp-block-column-is-layout-flow\" style=\"flex-basis:10%\"><\/div>\n<\/div>\n<\/div>\n<\/div>\n\n<div style=\"height:100px\" aria-hidden=\"true\" class=\"wp-block-spacer\"><\/div>\n\n<h2 class=\"wp-block-heading has-text-align-center\">Murena auf einen Blick<\/h2>\n\n<hr style=\"margin:0 auto\"\/>\n\n<div style=\"height:30px\" aria-hidden=\"true\" class=\"wp-block-spacer\"><\/div>\n\n<div class=\"wp-block-columns is-layout-flex wp-container-core-columns-is-layout-28f84493 wp-block-columns-is-layout-flex\">\n<div class=\"wp-block-column is-layout-flow wp-block-column-is-layout-flow\">\n<figure class=\"wp-block-image aligncenter size-full\"><img loading=\"lazy\" decoding=\"async\" width=\"256\" height=\"256\" src=\"https:\/\/murena.com\/wp-content\/uploads\/2025\/12\/One-Account-for-Your-Privacy.png\" alt=\"Murena-Smartphone mit einem Murena-Mail-Konto und dem eelo-Logo\" class=\"wp-image-141504\" srcset=\"https:\/\/murena.com\/wp-content\/uploads\/2025\/12\/One-Account-for-Your-Privacy.png 256w, https:\/\/murena.com\/wp-content\/uploads\/2025\/12\/One-Account-for-Your-Privacy-150x150.png 150w, https:\/\/murena.com\/wp-content\/uploads\/2025\/12\/One-Account-for-Your-Privacy-60x60.png 60w, https:\/\/murena.com\/wp-content\/uploads\/2025\/12\/One-Account-for-Your-Privacy-50x50.png 50w, https:\/\/murena.com\/wp-content\/uploads\/2025\/12\/One-Account-for-Your-Privacy-100x100.png 100w\" sizes=\"auto, (max-width: 256px) 100vw, 256px\" \/><\/figure>\n\n\n\n<h3 class=\"wp-block-heading has-text-align-center\">Ein Konto f\u00fcr Ihre Privatsph\u00e4re<\/h3>\n\n\n\n<p class=\"has-text-align-center\">Ihr @murena.io-Konto sch\u00fctzt Ihre Daten mit verschl\u00fcsseltem Backup und Cloud-Speicher. Es umfasst 1 GB kostenlosen Speicherplatz und eine private E-Mail-Adresse. <\/p>\n\n\n\n<pre class=\"wp-block-preformatted has-background has-small-font-size\" style=\"border-radius:15px;background-color:#d5f9d2\">Sie brauchen mehr Speicherplatz? Premium-Tarife mit bis zu 2 TB Speicherplatz verf\u00fcgbar! <a href=\"https:\/\/murena.com\/de\/cloud-subscriptions\/\">Erfahren Sie mehr<\/a>. <\/pre>\n<\/div>\n\n\n\n<div class=\"wp-block-column is-layout-flow wp-block-column-is-layout-flow\">\n<figure class=\"wp-block-image aligncenter size-full\"><img loading=\"lazy\" decoding=\"async\" width=\"256\" height=\"256\" src=\"https:\/\/murena.com\/wp-content\/uploads\/2025\/12\/Compatible-with-All-Apps.png\" alt=\"Verschiedene App-Logos im 3D-Effekt\" class=\"wp-image-141505\" srcset=\"https:\/\/murena.com\/wp-content\/uploads\/2025\/12\/Compatible-with-All-Apps.png 256w, https:\/\/murena.com\/wp-content\/uploads\/2025\/12\/Compatible-with-All-Apps-150x150.png 150w, https:\/\/murena.com\/wp-content\/uploads\/2025\/12\/Compatible-with-All-Apps-60x60.png 60w, https:\/\/murena.com\/wp-content\/uploads\/2025\/12\/Compatible-with-All-Apps-50x50.png 50w, https:\/\/murena.com\/wp-content\/uploads\/2025\/12\/Compatible-with-All-Apps-100x100.png 100w\" sizes=\"auto, (max-width: 256px) 100vw, 256px\" \/><\/figure>\n\n\n\n<h3 class=\"wp-block-heading has-text-align-center\">Kompatibel mit allen Apps<\/h3>\n\n\n\n<p class=\"has-text-align-center\">Murena-Smartphones enthalten wichtige Standard-Apps f\u00fcr t\u00e4gliche Aufgaben wie E-Mail, Surfen und Navigation. Mit App Lounge k\u00f6nnen Sie die meisten Android-Apps installieren &#8211; denn Datenschutz sollte nicht bedeuten, dass Sie auf Komfort verzichten m\u00fcssen. Greifen Sie auf Millionen von Apps zu und behalten Sie die Kontrolle \u00fcber Ihre Daten.  <\/p>\n<\/div>\n\n\n\n<div class=\"wp-block-column is-layout-flow wp-block-column-is-layout-flow\">\n<figure class=\"wp-block-image aligncenter size-full\"><img loading=\"lazy\" decoding=\"async\" width=\"284\" height=\"256\" src=\"https:\/\/murena.com\/wp-content\/uploads\/2025\/12\/Apps-with-Rated-Privacy.png\" alt=\"Murena-Smartphone mit dem Datenschutz-Ranking der Subway Surfers-App als Beispiel mit 9 von 10 Punkten\" class=\"wp-image-141507\" srcset=\"https:\/\/murena.com\/wp-content\/uploads\/2025\/12\/Apps-with-Rated-Privacy.png 284w, https:\/\/murena.com\/wp-content\/uploads\/2025\/12\/Apps-with-Rated-Privacy-150x135.png 150w, https:\/\/murena.com\/wp-content\/uploads\/2025\/12\/Apps-with-Rated-Privacy-60x54.png 60w\" sizes=\"auto, (max-width: 284px) 100vw, 284px\" \/><\/figure>\n\n\n\n<h3 class=\"wp-block-heading has-text-align-center\">Apps mit bewertetem Datenschutz<\/h3>\n\n\n\n<p class=\"has-text-align-center\">App Lounge bietet sowohl Open-Source-Apps von F-Droid als auch Android-Apps von Google Play. Jede App wird auf Tracker und Berechtigungen gescannt, sodass Sie auf einen Blick einen klaren Datenschutzwert erhalten. So wissen Sie, welche Apps Ihre Daten respektieren und welche Sie meiden sollten.  <\/p>\n<\/div>\n<\/div>\n\n<div class=\"wp-block-columns is-layout-flex wp-container-core-columns-is-layout-28f84493 wp-block-columns-is-layout-flex\">\n<div class=\"wp-block-column is-layout-flow wp-block-column-is-layout-flow\">\n<div style=\"height:30px\" aria-hidden=\"true\" class=\"wp-block-spacer\"><\/div>\n\n\n\n<div class=\"wp-block-columns is-layout-flex wp-container-core-columns-is-layout-28f84493 wp-block-columns-is-layout-flex\">\n<div class=\"wp-block-column is-layout-flow wp-block-column-is-layout-flow\">\n<div class=\"wp-block-buttons btn-center-phone is-content-justification-right is-layout-flex wp-container-core-buttons-is-layout-d445cf74 wp-block-buttons-is-layout-flex\">\n<div class=\"wp-block-button has-custom-width wp-block-button__width-75 button-50-mobile\"><a class=\"wp-block-button__link has-text-align-center wp-element-button\" href=\"\/shop\/\" style=\"font-style:normal;font-weight:600\">Ein Murena Smartphone kaufen<\/a><\/div>\n<\/div>\n<\/div>\n\n\n\n<div class=\"wp-block-column is-layout-flow wp-block-column-is-layout-flow\">\n<div class=\"wp-block-buttons btn-center-phone is-content-justification-left is-layout-flex wp-container-core-buttons-is-layout-fc4fd283 wp-block-buttons-is-layout-flex\">\n<div class=\"wp-block-button has-custom-width wp-block-button__width-75 button-50-mobile\"><a class=\"wp-block-button__link has-white-background-color has-text-color has-background has-link-color wp-element-button\" href=\"https:\/\/murena.com\/de\/cloud-subscriptions\/\" style=\"border-width:1px;color:#0086ff;font-style:normal;font-weight:600\">Murena Workspace entdecken<\/a><\/div>\n<\/div>\n<\/div>\n<\/div>\n\n\n\n<div style=\"height:30px\" aria-hidden=\"true\" class=\"wp-block-spacer\"><\/div>\n<\/div>\n<\/div>\n\n<div class=\"wp-block-columns alignfull has-background is-layout-flex wp-container-core-columns-is-layout-e9b941a5 wp-block-columns-is-layout-flex\" style=\"background:linear-gradient(180deg,rgba(242,244,252,0) 0%,rgb(230,233,245) 100%);margin-top:0;margin-bottom:-40px;padding-top:0;padding-bottom:0\">\n<div class=\"wp-block-column is-layout-constrained wp-block-column-is-layout-constrained\">\n<div style=\"height:100px\" aria-hidden=\"true\" class=\"wp-block-spacer\"><\/div>\n\n\n\n<div class=\"wp-block-columns are-vertically-aligned-center is-layout-flex wp-container-core-columns-is-layout-28f84493 wp-block-columns-is-layout-flex\">\n<div class=\"wp-block-column is-vertically-aligned-center smartphones-sec6-txt is-layout-flow wp-block-column-is-layout-flow\">\n<h2 class=\"wp-block-heading\">Sind Sie bereit f\u00fcr ein privateres, werbefreies und nachhaltigeres digitales Leben? \ud83d\ude80<\/h2>\n\n\n\n<hr\/>\n\n\n\n<p>W\u00e4hlen und kaufen Sie jetzt Ihr Murena-Ger\u00e4t!<\/p>\n\n\n\n<div class=\"wp-block-buttons is-layout-flex wp-block-buttons-is-layout-flex\">\n<div class=\"wp-block-button has-custom-width wp-block-button__width-75\"><a class=\"wp-block-button__link wp-element-button\" href=\"\/shop\/\"><strong>Jetzt kaufen<\/strong><\/a><\/div>\n<\/div>\n\n\n\n<p class=\"has-small-font-size\">Sichere Zahlung &#8211; Wir speichern Ihre Bankdaten nicht<\/p>\n<\/div>\n\n\n\n<div class=\"wp-block-column is-vertically-aligned-center smartphones-sec6-img is-layout-flow wp-block-column-is-layout-flow\">\n<figure class=\"wp-block-image aligncenter size-full\"><img loading=\"lazy\" decoding=\"async\" width=\"714\" height=\"537\" src=\"https:\/\/murena.com\/wp-content\/uploads\/2025\/12\/DEVICES.png\" alt=\"Drei Murena-Ger&#xE4;te: Ein Tablet und zwei Smartphones mit \/e\/OS\" class=\"wp-image-141508\" srcset=\"https:\/\/murena.com\/wp-content\/uploads\/2025\/12\/DEVICES.png 714w, https:\/\/murena.com\/wp-content\/uploads\/2025\/12\/DEVICES-300x226.png 300w, https:\/\/murena.com\/wp-content\/uploads\/2025\/12\/DEVICES-150x113.png 150w, https:\/\/murena.com\/wp-content\/uploads\/2025\/12\/DEVICES-60x45.png 60w\" sizes=\"auto, (max-width: 714px) 100vw, 714px\" \/><\/figure>\n<\/div>\n<\/div>\n\n\n\n<div style=\"height:50px\" aria-hidden=\"true\" class=\"wp-block-spacer\"><\/div>\n<\/div>\n<\/div>\n","protected":false},"excerpt":{"rendered":"<p>Murena Smartphones &amp; \/e\/OS Herk\u00f6mmliche Smartphones senden st\u00e4ndig Megabytes Ihrer Daten an Google &#8211; auch&#8230;<\/p>\n","protected":false},"author":5167,"featured_media":0,"parent":0,"menu_order":0,"comment_status":"closed","ping_status":"closed","template":"","meta":{"_seopress_robots_primary_cat":"","_seopress_titles_title":"Murena Smartphones & \/e\/OS","_seopress_titles_desc":"Murena-Smartphones bieten eine datenschutzfreundliche L\u00f6sung mit \/e\/OS, einem vollst\u00e4ndig gegoogelten Open-Source-Mobilbetriebssystem.","_seopress_robots_index":"","footnotes":""},"class_list":["post-141535","page","type-page","status-publish","hentry","wpbf-post"],"_links":{"self":[{"href":"https:\/\/murena.com\/de\/wp-json\/wp\/v2\/pages\/141535","targetHints":{"allow":["GET"]}}],"collection":[{"href":"https:\/\/murena.com\/de\/wp-json\/wp\/v2\/pages"}],"about":[{"href":"https:\/\/murena.com\/de\/wp-json\/wp\/v2\/types\/page"}],"author":[{"embeddable":true,"href":"https:\/\/murena.com\/de\/wp-json\/wp\/v2\/users\/5167"}],"replies":[{"embeddable":true,"href":"https:\/\/murena.com\/de\/wp-json\/wp\/v2\/comments?post=141535"}],"version-history":[{"count":5,"href":"https:\/\/murena.com\/de\/wp-json\/wp\/v2\/pages\/141535\/revisions"}],"predecessor-version":[{"id":142146,"href":"https:\/\/murena.com\/de\/wp-json\/wp\/v2\/pages\/141535\/revisions\/142146"}],"wp:attachment":[{"href":"https:\/\/murena.com\/de\/wp-json\/wp\/v2\/media?parent=141535"}],"curies":[{"name":"wp","href":"https:\/\/api.w.org\/{rel}","templated":true}]}}