{"id":141468,"date":"2025-12-15T11:31:07","date_gmt":"2025-12-15T10:31:07","guid":{"rendered":"https:\/\/murena.com\/?page_id=141468"},"modified":"2025-12-22T11:41:44","modified_gmt":"2025-12-22T10:41:44","slug":"smartphones-for-business","status":"publish","type":"page","link":"https:\/\/murena.com\/de\/smartphones-for-business\/","title":{"rendered":"Smartphones f\u00fcr Unternehmen"},"content":{"rendered":"\n<div class=\"wp-block-columns alignfull has-background is-layout-flex wp-container-core-columns-is-layout-abd8a715 wp-block-columns-is-layout-flex\" style=\"background:linear-gradient(180deg,rgb(232,240,250) 0%,rgb(192,204,218) 100%);margin-top:-40px;margin-bottom:0;padding-top:0;padding-bottom:0\">\n<div class=\"wp-block-column is-layout-constrained wp-block-column-is-layout-constrained\">\n<div class=\"wp-block-columns are-vertically-aligned-center is-layout-flex wp-container-core-columns-is-layout-a54e0cfc wp-block-columns-is-layout-flex\" style=\"padding-top:var(--wp--preset--spacing--60);padding-bottom:var(--wp--preset--spacing--60)\">\n<div class=\"wp-block-column is-vertically-aligned-center smartphones-b2b-sec1-txt is-layout-flow wp-block-column-is-layout-flow\">\n<figure class=\"wp-block-image size-full is-resized\"><img loading=\"lazy\" decoding=\"async\" width=\"90\" height=\"72\" src=\"https:\/\/murena.com\/wp-content\/uploads\/2025\/12\/enterprise-icon.png\" alt=\"B&#xFC;rogeb&#xE4;ude-Symbol\" class=\"wp-image-141421\" style=\"width:80px\" srcset=\"https:\/\/murena.com\/wp-content\/uploads\/2025\/12\/enterprise-icon.png 90w, https:\/\/murena.com\/wp-content\/uploads\/2025\/12\/enterprise-icon-60x48.png 60w\" sizes=\"auto, (max-width: 90px) 100vw, 90px\" \/><\/figure>\n\n\n\n<h2 class=\"wp-block-heading\">Private und nachhaltige <br\/>Smartphones f\u00fcr Unternehmen<\/h2>\n\n\n\n<hr\/>\n\n\n\n<p>Wir bei Murena wissen, wie wichtig Datenschutz, Dateneigentum und Nachhaltigkeit f\u00fcr Ihr Unternehmen sind. Deshalb werden die von uns angebotenen Smartphones automatisch mit unserem Betriebssystem \/e\/OS ausgeliefert, das den Grunds\u00e4tzen von &#8222;privacy-by-design&#8220; folgt. Dar\u00fcber hinaus sind wir Partnerschaften mit Fairphone, Teracube, SHIFTphone und anderen nachhaltigen Marken eingegangen, um Ihnen Smartphones anbieten zu k\u00f6nnen, die innen wie au\u00dfen ethisch einwandfrei sind.  <\/p>\n\n\n\n<div class=\"wp-block-buttons is-nowrap is-layout-flex wp-container-core-buttons-is-layout-6c531013 wp-block-buttons-is-layout-flex\">\n<div class=\"wp-block-button has-custom-width wp-block-button__width-75 button-50-mobile\"><a class=\"wp-block-button__link wp-element-button\" href=\"\/de\/shop\/\" style=\"font-style:normal;font-weight:600\">Mehr \u00fcber Murena Smartphones <\/a><\/div>\n<\/div>\n\n\n\n<div class=\"wp-block-buttons is-nowrap is-layout-flex wp-container-core-buttons-is-layout-6c531013 wp-block-buttons-is-layout-flex\">\n<div class=\"wp-block-button has-custom-width wp-block-button__width-75 is-style-fill\"><a class=\"wp-block-button__link has-text-color has-background has-link-color wp-element-button\" href=\"https:\/\/murena.com\/de\/contact-for-businesses\/\" style=\"color:#0086ff;background-color:#ffffff00;font-style:normal;font-weight:600\">Jetzt kontaktieren<\/a><\/div>\n<\/div>\n<\/div>\n\n\n\n<div class=\"wp-block-column is-vertically-aligned-center smartphones-b2b-sec1-img is-layout-flow wp-block-column-is-layout-flow\">\n<figure class=\"wp-block-image aligncenter size-full\"><img loading=\"lazy\" decoding=\"async\" width=\"502\" height=\"710\" src=\"https:\/\/murena.com\/wp-content\/uploads\/2025\/12\/Smartphone-b2b.png\" alt=\"Zwei schwarze Murena Fairphones: Eines von hinten und eines von vorne, mit \/e\/OS\" class=\"wp-image-141420\" srcset=\"https:\/\/murena.com\/wp-content\/uploads\/2025\/12\/Smartphone-b2b.png 502w, https:\/\/murena.com\/wp-content\/uploads\/2025\/12\/Smartphone-b2b-212x300.png 212w, https:\/\/murena.com\/wp-content\/uploads\/2025\/12\/Smartphone-b2b-106x150.png 106w, https:\/\/murena.com\/wp-content\/uploads\/2025\/12\/Smartphone-b2b-60x85.png 60w\" sizes=\"auto, (max-width: 502px) 100vw, 502px\" \/><\/figure>\n<\/div>\n<\/div>\n<\/div>\n<\/div>\n\n<div class=\"wp-block-columns alignfull is-layout-flex wp-container-core-columns-is-layout-92d71c5b wp-block-columns-is-layout-flex\" style=\"margin-top:0;margin-bottom:0;padding-top:var(--wp--preset--spacing--70);padding-bottom:var(--wp--preset--spacing--70)\">\n<div class=\"wp-block-column is-layout-constrained wp-container-core-column-is-layout-11c1ca01 wp-block-column-is-layout-constrained\" style=\"padding-right:var(--wp--preset--spacing--50);padding-left:var(--wp--preset--spacing--50)\">\n<div class=\"wp-block-columns smartphones-sec2-txt is-layout-flex wp-container-core-columns-is-layout-28f84493 wp-block-columns-is-layout-flex\">\n<div class=\"wp-block-column is-layout-flow wp-block-column-is-layout-flow\">\n<div style=\"height:50px\" aria-hidden=\"true\" class=\"wp-block-spacer\"><\/div>\n\n\n\n<h2 class=\"wp-block-heading\">Vorteile von Smartphones f\u00fcr Unternehmen mit \/e\/OS<\/h2>\n\n\n\n<hr\/>\n\n\n\n<p>Alle Smartphones f\u00fcr Unternehmen, die wir anbieten, sind standardm\u00e4\u00dfig mit \/e\/OS ausgestattet, einer Abspaltung des Android Open Source Project. Das bedeutet, dass die Apps, an die Ihre Mitarbeiter gew\u00f6hnt sind, grunds\u00e4tzlich normal funktionieren, genau wie bei Googles Android. Allerdings bietet \/e\/OS einige zus\u00e4tzliche Vorteile:  <\/p>\n\n\n\n<div style=\"height:20px\" aria-hidden=\"true\" class=\"wp-block-spacer\"><\/div>\n<\/div>\n<\/div>\n\n\n\n<div class=\"wp-block-columns are-vertically-aligned-center is-layout-flex wp-container-core-columns-is-layout-28f84493 wp-block-columns-is-layout-flex\">\n<div class=\"wp-block-column is-vertically-aligned-center smartphones-b2b-sec2-img is-layout-flow wp-block-column-is-layout-flow\">\n<figure class=\"wp-block-image aligncenter size-full\"><img loading=\"lazy\" decoding=\"async\" width=\"534\" height=\"801\" src=\"https:\/\/murena.com\/wp-content\/uploads\/2025\/12\/FP5-Advanced-Privacy-stats.png\" alt=\"Murena-Smartphone mit der erweiterten Datenschutzfunktion, die 111019 blockierte Datenlecks anzeigt\" class=\"wp-image-141422\" srcset=\"https:\/\/murena.com\/wp-content\/uploads\/2025\/12\/FP5-Advanced-Privacy-stats.png 534w, https:\/\/murena.com\/wp-content\/uploads\/2025\/12\/FP5-Advanced-Privacy-stats-200x300.png 200w, https:\/\/murena.com\/wp-content\/uploads\/2025\/12\/FP5-Advanced-Privacy-stats-100x150.png 100w, https:\/\/murena.com\/wp-content\/uploads\/2025\/12\/FP5-Advanced-Privacy-stats-60x90.png 60w\" sizes=\"auto, (max-width: 534px) 100vw, 534px\" \/><\/figure>\n<\/div>\n\n\n\n<div class=\"wp-block-column is-vertically-aligned-center smartphones-b2b-sec2-txt is-layout-flow wp-block-column-is-layout-flow\">\n<figure class=\"wp-block-image size-full is-resized\"><img loading=\"lazy\" decoding=\"async\" width=\"182\" height=\"182\" src=\"https:\/\/murena.com\/wp-content\/uploads\/2025\/12\/ADV-Privacy-icon.png\" alt=\"Einschalttaste in gr&#xFC;nem Schild\" class=\"wp-image-141423\" style=\"width:170px\" srcset=\"https:\/\/murena.com\/wp-content\/uploads\/2025\/12\/ADV-Privacy-icon.png 182w, https:\/\/murena.com\/wp-content\/uploads\/2025\/12\/ADV-Privacy-icon-150x150.png 150w, https:\/\/murena.com\/wp-content\/uploads\/2025\/12\/ADV-Privacy-icon-60x60.png 60w, https:\/\/murena.com\/wp-content\/uploads\/2025\/12\/ADV-Privacy-icon-50x50.png 50w, https:\/\/murena.com\/wp-content\/uploads\/2025\/12\/ADV-Privacy-icon-100x100.png 100w\" sizes=\"auto, (max-width: 182px) 100vw, 182px\" \/><\/figure>\n\n\n\n<h2 class=\"wp-block-heading\">DeGoogled \u2192 Datenschutz<\/h2>\n\n\n\n<hr\/>\n\n\n\n<p>\/e\/OS ist ein Open-Source-Betriebssystem, das Ihre Daten nicht an Google weitergibt und Sie und Ihr Team durch integrierte Module wie &#8222;Advanced Privacy&#8220; aktiv beim Schutz der Privatsph\u00e4re in Ihrem Unternehmen unterst\u00fctzt.<\/p>\n<\/div>\n<\/div>\n<\/div>\n<\/div>\n\n<div class=\"wp-block-columns alignfull has-background is-layout-flex wp-container-core-columns-is-layout-7d874bf9 wp-block-columns-is-layout-flex\" style=\"background:linear-gradient(180deg,rgb(255,255,255) 0%,rgb(119,213,56) 100%);margin-top:0;margin-bottom:0;padding-top:0;padding-bottom:0\">\n<div class=\"wp-block-column is-layout-constrained wp-container-core-column-is-layout-8966b60a wp-block-column-is-layout-constrained\" style=\"padding-top:var(--wp--preset--spacing--80);padding-bottom:var(--wp--preset--spacing--80)\">\n<div class=\"wp-block-columns is-layout-flex wp-container-core-columns-is-layout-817ee848 wp-block-columns-is-layout-flex\" style=\"padding-top:var(--wp--preset--spacing--50);padding-right:var(--wp--preset--spacing--50);padding-bottom:var(--wp--preset--spacing--50);padding-left:var(--wp--preset--spacing--50)\">\n<div class=\"wp-block-column is-vertically-aligned-stretch has-white-background-color has-background is-layout-flow wp-block-column-is-layout-flow\" style=\"border-radius:25px;padding-top:var(--wp--preset--spacing--70);padding-right:var(--wp--preset--spacing--70);padding-bottom:var(--wp--preset--spacing--70);padding-left:var(--wp--preset--spacing--70)\">\n<figure class=\"wp-block-image size-full\"><img loading=\"lazy\" decoding=\"async\" width=\"80\" height=\"81\" src=\"https:\/\/murena.com\/wp-content\/uploads\/2025\/12\/Open-Source-icon.png\" alt=\"Open-Source-Symbole mit einem gr&#xFC;nen, offenen Kreis am unteren Rand\" class=\"wp-image-141424\" srcset=\"https:\/\/murena.com\/wp-content\/uploads\/2025\/12\/Open-Source-icon.png 80w, https:\/\/murena.com\/wp-content\/uploads\/2025\/12\/Open-Source-icon-60x61.png 60w, https:\/\/murena.com\/wp-content\/uploads\/2025\/12\/Open-Source-icon-50x50.png 50w\" sizes=\"auto, (max-width: 80px) 100vw, 80px\" \/><\/figure>\n\n\n\n<h2 class=\"wp-block-heading\">Quelloffen<\/h2>\n\n\n\n<hr\/>\n\n\n\n<p>\/e\/OS ist vollst\u00e4ndig quelloffen. Daher ist \/e\/OS das perfekte Betriebssystem, um Ihre Organisation bei der Sicherung ihrer digitalen Souver\u00e4nit\u00e4t und Autonomie zu unterst\u00fctzen. Da wir quelloffen sind, kann au\u00dferdem jeder unseren Code \u00fcberpr\u00fcfen und so sicherstellen, dass unsere Versprechen in Bezug auf Datenschutz und Leistung eingehalten werden (siehe z. B. diese <a href=\"https:\/\/digitalcontentnext.org\/blog\/2018\/08\/21\/google-data-collection-research\/\" target=\"_blank\" rel=\"noreferrer noopener\">unabh\u00e4ngige Untersuchung<\/a>).  <\/p>\n<\/div>\n\n\n\n<div class=\"wp-block-column is-vertically-aligned-stretch smartphones-sec3-txt has-white-background-color has-background is-layout-flow wp-block-column-is-layout-flow\" style=\"border-radius:25px;padding-top:var(--wp--preset--spacing--70);padding-right:var(--wp--preset--spacing--70);padding-bottom:var(--wp--preset--spacing--70);padding-left:var(--wp--preset--spacing--70)\">\n<figure class=\"wp-block-image size-full\"><img loading=\"lazy\" decoding=\"async\" width=\"80\" height=\"80\" src=\"https:\/\/murena.com\/wp-content\/uploads\/2025\/12\/Environment-icon.png\" alt=\"Gr&#xFC;nes Blatt\" class=\"wp-image-141425\" srcset=\"https:\/\/murena.com\/wp-content\/uploads\/2025\/12\/Environment-icon.png 80w, https:\/\/murena.com\/wp-content\/uploads\/2025\/12\/Environment-icon-60x60.png 60w, https:\/\/murena.com\/wp-content\/uploads\/2025\/12\/Environment-icon-50x50.png 50w\" sizes=\"auto, (max-width: 80px) 100vw, 80px\" \/><\/figure>\n\n\n\n<h2 class=\"wp-block-heading\">Vorteile f\u00fcr die Umwelt<\/h2>\n\n\n\n<hr\/>\n\n\n\n<p>\/e\/OS arbeitet kontinuierlich daran, das nachhaltigste Android-basierte Betriebssystem auf dem Markt zu sein. Wir unterst\u00fctzen \u00e4ltere Smartphones so lange wie m\u00f6glich, betreiben unsere Server mit erneuerbarer Energie, kooperieren mit nachhaltigen Smartphone-Herstellern und setzen auf Datenschutz \u2013 was weniger Datenspeicherung, -analyse und damit Energieverbrauch bedeutet.  <\/p>\n<\/div>\n<\/div>\n\n\n\n<div class=\"wp-block-columns is-layout-flex wp-container-core-columns-is-layout-28f84493 wp-block-columns-is-layout-flex\">\n<div class=\"wp-block-column is-layout-flow wp-block-column-is-layout-flow\" style=\"flex-basis:25%\"><\/div>\n\n\n\n<div class=\"wp-block-column is-layout-flow wp-block-column-is-layout-flow\" style=\"flex-basis:50%\">\n<div class=\"wp-block-buttons is-content-justification-center is-layout-flex wp-container-core-buttons-is-layout-a89b3969 wp-block-buttons-is-layout-flex\">\n<div class=\"wp-block-button has-custom-width wp-block-button__width-75 button-50-mobile\"><a class=\"wp-block-button__link wp-element-button\" href=\"https:\/\/e.foundation\/de\/about-e\/\" style=\"font-style:normal;font-weight:600\">Mehr \u00fcber \/e\/OS erfahren<\/a><\/div>\n<\/div>\n<\/div>\n\n\n\n<div class=\"wp-block-column is-layout-flow wp-block-column-is-layout-flow\" style=\"flex-basis:25%\"><\/div>\n<\/div>\n<\/div>\n<\/div>\n\n<div class=\"wp-block-columns are-vertically-aligned-center is-layout-flex wp-container-core-columns-is-layout-28f84493 wp-block-columns-is-layout-flex\">\n<div class=\"wp-block-column is-layout-flow wp-block-column-is-layout-flow\">\n<div style=\"height:30px\" aria-hidden=\"true\" class=\"wp-block-spacer\"><\/div>\n\n\n\n<div class=\"wp-block-columns is-layout-flex wp-container-core-columns-is-layout-28f84493 wp-block-columns-is-layout-flex\">\n<div class=\"wp-block-column is-vertically-aligned-center smartphones-sec4-txt is-layout-flow wp-block-column-is-layout-flow\" style=\"flex-basis:40%\">\n<h2 class=\"wp-block-heading\">Unsere Smartphones f\u00fcr Unternehmen: Ethische Hardware muss zu ethischer Software passen<\/h2>\n\n\n\n<hr\/>\n\n\n\n<p style=\"line-height:1.5\">Unser ethisches Betriebssystem \/e\/OS kann auf einer Vielzahl von Smartphones bereitgestellt werden (f\u00fcr eine \u00dcbersicht <a href=\"\/shop\/de\">siehe unser Online-Shop<\/a>). Wir konzentrieren uns auf die Zusammenarbeit mit ethischen Hardware-Marken wie Fairphone, Teracube und SHIFTphone. Ger\u00e4te dieser Marken eignen sich perfekt f\u00fcr Unternehmen, die sich den ESG-Prinzipien (Umwelt, Soziales und Unternehmensf\u00fchrung) verschrieben haben und Nachhaltigkeitsvorschriften wie die CSRD (und in Zukunft die CSDDD) einhalten m\u00fcssen. Diese Marken sind in der Regel:<\/p>\n<\/div>\n\n\n\n<div class=\"wp-block-column is-vertically-aligned-center smartphones-sec5-img is-layout-flow wp-block-column-is-layout-flow\">\n<figure class=\"wp-block-image aligncenter size-full\"><img loading=\"lazy\" decoding=\"async\" width=\"664\" height=\"200\" src=\"https:\/\/murena.com\/wp-content\/uploads\/2025\/12\/ethical.png\" alt=\"Partner-Logos: Fairphone; Teracube und SHIFT-Logo\" class=\"wp-image-141426\" srcset=\"https:\/\/murena.com\/wp-content\/uploads\/2025\/12\/ethical.png 664w, https:\/\/murena.com\/wp-content\/uploads\/2025\/12\/ethical-300x90.png 300w, https:\/\/murena.com\/wp-content\/uploads\/2025\/12\/ethical-150x45.png 150w, https:\/\/murena.com\/wp-content\/uploads\/2025\/12\/ethical-60x18.png 60w\" sizes=\"auto, (max-width: 664px) 100vw, 664px\" \/><\/figure>\n<\/div>\n<\/div>\n<\/div>\n<\/div>\n\n<div style=\"height:30px\" aria-hidden=\"true\" class=\"wp-block-spacer\"><\/div>\n\n<div style=\"height:30px\" aria-hidden=\"true\" class=\"wp-block-spacer\"><\/div>\n\n<div class=\"wp-block-columns is-layout-flex wp-container-core-columns-is-layout-28f84493 wp-block-columns-is-layout-flex\">\n<div class=\"wp-block-column is-layout-flow wp-block-column-is-layout-flow\">\n<figure class=\"wp-block-image aligncenter size-full\"><img loading=\"lazy\" decoding=\"async\" width=\"256\" height=\"256\" src=\"https:\/\/murena.com\/wp-content\/uploads\/2025\/12\/ecofriendly.png\" alt=\"Smartphone mit gr&#xFC;nem Hintergrund neben einem Blatt\" class=\"wp-image-141427\" srcset=\"https:\/\/murena.com\/wp-content\/uploads\/2025\/12\/ecofriendly.png 256w, https:\/\/murena.com\/wp-content\/uploads\/2025\/12\/ecofriendly-150x150.png 150w, https:\/\/murena.com\/wp-content\/uploads\/2025\/12\/ecofriendly-60x60.png 60w, https:\/\/murena.com\/wp-content\/uploads\/2025\/12\/ecofriendly-50x50.png 50w, https:\/\/murena.com\/wp-content\/uploads\/2025\/12\/ecofriendly-100x100.png 100w\" sizes=\"auto, (max-width: 256px) 100vw, 256px\" \/><\/figure>\n\n\n\n<h3 class=\"wp-block-heading has-text-align-center\">Umweltvertr\u00e4glich:<\/h3>\n\n\n\n<p class=\"has-text-align-center\">Wir setzen auf eine umweltfreundliche Produktion, bei der recycelte und wiederverwertbare Materialien verwendet werden. Das modulare Design l\u00e4sst sich leicht reparieren und aufr\u00fcsten, wodurch die Lebensdauer der Smartphones verl\u00e4ngert und Elektronikschrott reduziert werden. <\/p>\n<\/div>\n\n\n\n<div class=\"wp-block-column is-layout-flow wp-block-column-is-layout-flow\">\n<figure class=\"wp-block-image aligncenter size-full\"><img loading=\"lazy\" decoding=\"async\" width=\"256\" height=\"256\" src=\"https:\/\/murena.com\/wp-content\/uploads\/2025\/12\/respectful.png\" alt=\"Ein gl&#xFC;cklicher Mensch mit einem Smartphone, umgeben von Zahnr&#xE4;dern\" class=\"wp-image-141428\" srcset=\"https:\/\/murena.com\/wp-content\/uploads\/2025\/12\/respectful.png 256w, https:\/\/murena.com\/wp-content\/uploads\/2025\/12\/respectful-150x150.png 150w, https:\/\/murena.com\/wp-content\/uploads\/2025\/12\/respectful-60x60.png 60w, https:\/\/murena.com\/wp-content\/uploads\/2025\/12\/respectful-50x50.png 50w, https:\/\/murena.com\/wp-content\/uploads\/2025\/12\/respectful-100x100.png 100w\" sizes=\"auto, (max-width: 256px) 100vw, 256px\" \/><\/figure>\n\n\n\n<h3 class=\"wp-block-heading has-text-align-center\">R\u00fccksichtnahme auf die Arbeitsbedingungen:<\/h3>\n\n\n\n<p class=\"has-text-align-center\">Fairphone hat sich insbesondere um die Schaffung von Produktionsketten bem\u00fcht, die faire Arbeitsbedingungen gew\u00e4hrleisten.  <\/p>\n<\/div>\n\n\n\n<div class=\"wp-block-column is-layout-flow wp-block-column-is-layout-flow\">\n<figure class=\"wp-block-image aligncenter size-full\"><img loading=\"lazy\" decoding=\"async\" width=\"256\" height=\"256\" src=\"https:\/\/murena.com\/wp-content\/uploads\/2025\/12\/transparent.png\" alt=\"Animiertes Smartphone mit Zahnr&#xE4;dern und einem H&#xE4;kchen\" class=\"wp-image-141429\" srcset=\"https:\/\/murena.com\/wp-content\/uploads\/2025\/12\/transparent.png 256w, https:\/\/murena.com\/wp-content\/uploads\/2025\/12\/transparent-150x150.png 150w, https:\/\/murena.com\/wp-content\/uploads\/2025\/12\/transparent-60x60.png 60w, https:\/\/murena.com\/wp-content\/uploads\/2025\/12\/transparent-50x50.png 50w, https:\/\/murena.com\/wp-content\/uploads\/2025\/12\/transparent-100x100.png 100w\" sizes=\"auto, (max-width: 256px) 100vw, 256px\" \/><\/figure>\n\n\n\n<h3 class=\"wp-block-heading has-text-align-center\">Transparent:<\/h3>\n\n\n\n<p class=\"has-text-align-center\">Diese Marken gehen offener mit ihrer Lieferkette um und gew\u00e4hren Einblick in die Beschaffung von Materialien und den Herstellungsprozess.<\/p>\n<\/div>\n<\/div>\n\n<div class=\"wp-block-columns alignfull has-background is-layout-flex wp-container-core-columns-is-layout-7d874bf9 wp-block-columns-is-layout-flex\" style=\"background:linear-gradient(180deg,rgba(242,244,252,0) 0%,rgb(230,233,245) 100%);margin-top:0;margin-bottom:0;padding-top:0;padding-bottom:0\">\n<div class=\"wp-block-column is-layout-constrained wp-block-column-is-layout-constrained\">\n<div style=\"height:100px\" aria-hidden=\"true\" class=\"wp-block-spacer\"><\/div>\n\n\n\n<div class=\"wp-block-columns are-vertically-aligned-center is-layout-flex wp-container-core-columns-is-layout-28f84493 wp-block-columns-is-layout-flex\">\n<div class=\"wp-block-column is-vertically-aligned-center smartphones-sec6-txt is-layout-flow wp-block-column-is-layout-flow\">\n<h2 class=\"wp-block-heading\">Sind Sie bereit f\u00fcr eine datenschutzorientierte, nachhaltige Gesch\u00e4ftsl\u00f6sung?<br\/>W\u00e4hlen Sie die ethischen Smartphones von Murena f\u00fcr Ihr Unternehmen!<\/h2>\n\n\n\n<hr\/>\n\n\n\n<p>Optimieren Sie die digitale Infrastruktur Ihres Unternehmens mit Murena-Smartphones f\u00fcr Unternehmen, ausgestattet mit \/e\/OS \u2013 datenschutzfreundlich, nachhaltig und werbefrei. Mit Murena investieren Sie in ethische Smartphones und Tablets, die Ihre ESG-Ziele und Nachhaltigkeitsvorgaben unterst\u00fctzen. F\u00fcr Gro\u00dfbestellungen bieten wir attraktive Rabatte. Unser Team erstellt Ihnen gern ein individuelles Angebot, zugeschnitten auf Ihre Organisation \u2013 egal ob Unternehmen, staatliche oder halbstaatliche Einrichtung oder gemeinn\u00fctzige Organisation. Kontaktieren Sie uns \u00fcber unser Kontaktformular f\u00fcr Unternehmen, um mehr zu erfahren und von diesen exklusiven Angeboten zu profitieren.     <\/p>\n<\/div>\n\n\n\n<div class=\"wp-block-column is-vertically-aligned-center smartphones-sec6-img is-layout-flow wp-block-column-is-layout-flow\">\n<figure class=\"wp-block-image aligncenter size-full\"><img loading=\"lazy\" decoding=\"async\" width=\"858\" height=\"554\" src=\"https:\/\/murena.com\/wp-content\/uploads\/2025\/12\/murena-phone-perspective.png\" alt=\"Zwei schwarze Murena Fairphones: Eines von vorne mit \/e\/OS und eines von hinten\" class=\"wp-image-141430\" srcset=\"https:\/\/murena.com\/wp-content\/uploads\/2025\/12\/murena-phone-perspective.png 858w, https:\/\/murena.com\/wp-content\/uploads\/2025\/12\/murena-phone-perspective-300x194.png 300w, https:\/\/murena.com\/wp-content\/uploads\/2025\/12\/murena-phone-perspective-150x97.png 150w, https:\/\/murena.com\/wp-content\/uploads\/2025\/12\/murena-phone-perspective-768x496.png 768w, https:\/\/murena.com\/wp-content\/uploads\/2025\/12\/murena-phone-perspective-60x39.png 60w, https:\/\/murena.com\/wp-content\/uploads\/2025\/12\/murena-phone-perspective-800x517.png 800w\" sizes=\"auto, (max-width: 858px) 100vw, 858px\" \/><\/figure>\n<\/div>\n<\/div>\n\n\n\n<div style=\"height:50px\" aria-hidden=\"true\" class=\"wp-block-spacer\"><\/div>\n\n\n\n<div class=\"wp-block-buttons is-content-justification-center is-layout-flex wp-container-core-buttons-is-layout-a89b3969 wp-block-buttons-is-layout-flex\">\n<div class=\"wp-block-button has-custom-width wp-block-button__width-50 button-50-mobile\"><a class=\"wp-block-button__link wp-element-button\" href=\"https:\/\/murena.com\/de\/contact-for-businesses\/\" style=\"font-style:normal;font-weight:600\">Komplettes Angebot ansehen<\/a><\/div>\n<\/div>\n\n\n\n<div style=\"height:50px\" aria-hidden=\"true\" class=\"wp-block-spacer\"><\/div>\n<\/div>\n<\/div>\n\n<div class=\"wp-block-columns alignfull has-background is-layout-flex wp-container-core-columns-is-layout-987ccd2c wp-block-columns-is-layout-flex\" style=\"background-color:#77d538;margin-top:0;margin-bottom:-40px\">\n<div class=\"wp-block-column is-layout-constrained wp-block-column-is-layout-constrained\">\n<div class=\"wp-block-columns are-vertically-aligned-center is-layout-flex wp-container-core-columns-is-layout-28f84493 wp-block-columns-is-layout-flex\">\n<div class=\"wp-block-column is-vertically-aligned-center is-layout-flow wp-block-column-is-layout-flow\" style=\"flex-basis:10%\">\n<figure class=\"wp-block-image aligncenter size-full\"><img loading=\"lazy\" decoding=\"async\" width=\"36\" height=\"36\" src=\"https:\/\/murena.com\/wp-content\/uploads\/2025\/12\/news.png\" alt=\"Murena Nachrichten\" class=\"wp-image-141431\"\/><\/figure>\n<\/div>\n\n\n\n<div class=\"wp-block-column is-vertically-aligned-center is-layout-flow wp-block-column-is-layout-flow\">\n<h3 class=\"wp-block-heading has-text-align-center mb-0 has-white-color has-text-color has-link-color wp-elements-519a29079177f9a2a4088c49c028ba90\" style=\"font-size:28px;font-style:normal;font-weight:600\">Business-Newsletter abonnieren<\/h3>\n<\/div>\n\n\n\n<div class=\"wp-block-column is-vertically-aligned-center is-layout-flow wp-block-column-is-layout-flow\" style=\"flex-basis:30%\">\n<div class=\"wp-block-buttons is-content-justification-center is-layout-flex wp-container-core-buttons-is-layout-a89b3969 wp-block-buttons-is-layout-flex\">\n<div class=\"wp-block-button\"><a class=\"wp-block-button__link wp-element-button\" href=\"https:\/\/newsletter.murena.io\/?lang=en\" style=\"font-style:normal;font-weight:600\">Abonnieren<\/a><\/div>\n<\/div>\n<\/div>\n<\/div>\n<\/div>\n<\/div>\n","protected":false},"excerpt":{"rendered":"<p>Private und nachhaltige Smartphones f\u00fcr Unternehmen Wir bei Murena wissen, wie wichtig Datenschutz, Dateneigentum und&#8230;<\/p>\n","protected":false},"author":5167,"featured_media":0,"parent":0,"menu_order":0,"comment_status":"closed","ping_status":"closed","template":"","meta":{"_seopress_robots_primary_cat":"","_seopress_titles_title":"Murena Smartphones f\u00fcr Unternehmen","_seopress_titles_desc":"Wir bei Murena wissen, wie wichtig Datenschutz, Datenhoheit und Nachhaltigkeit f\u00fcr Ihr Unternehmen sind.","_seopress_robots_index":"","footnotes":""},"class_list":["post-141468","page","type-page","status-publish","hentry","wpbf-post"],"_links":{"self":[{"href":"https:\/\/murena.com\/de\/wp-json\/wp\/v2\/pages\/141468","targetHints":{"allow":["GET"]}}],"collection":[{"href":"https:\/\/murena.com\/de\/wp-json\/wp\/v2\/pages"}],"about":[{"href":"https:\/\/murena.com\/de\/wp-json\/wp\/v2\/types\/page"}],"author":[{"embeddable":true,"href":"https:\/\/murena.com\/de\/wp-json\/wp\/v2\/users\/5167"}],"replies":[{"embeddable":true,"href":"https:\/\/murena.com\/de\/wp-json\/wp\/v2\/comments?post=141468"}],"version-history":[{"count":5,"href":"https:\/\/murena.com\/de\/wp-json\/wp\/v2\/pages\/141468\/revisions"}],"predecessor-version":[{"id":142198,"href":"https:\/\/murena.com\/de\/wp-json\/wp\/v2\/pages\/141468\/revisions\/142198"}],"wp:attachment":[{"href":"https:\/\/murena.com\/de\/wp-json\/wp\/v2\/media?parent=141468"}],"curies":[{"name":"wp","href":"https:\/\/api.w.org\/{rel}","templated":true}]}}