{"id":134126,"date":"2025-09-10T08:31:14","date_gmt":"2025-09-10T06:31:14","guid":{"rendered":"https:\/\/murena.com\/terms-conditions\/"},"modified":"2026-04-13T16:51:57","modified_gmt":"2026-04-13T14:51:57","slug":"terms-conditions","status":"publish","type":"page","link":"https:\/\/murena.com\/de\/terms-conditions\/","title":{"rendered":"Allgemeine Gesch\u00e4ftsbedingungen"},"content":{"rendered":"\n<h4 class=\"wp-block-heading\">Geltungsbereich<\/h4>\n\n<p>Diese Allgemeinen Gesch\u00e4ftsbedingungen gelten f\u00fcr alle Verk\u00e4ufe von Dienstleistungen oder Produkten, die zwischen Ihnen und MURENA RETAIL SAS, mit Sitz in 31 Avenue de S\u00e9gur, 75007 Paris, Frankreich \u00fcber die Website <a href=\"\"><u>https:\/\/murena.com<\/u><\/a><\/p>\n\n<p>MIT DEM KAUF EINES PRODUKTS ODER DEM ABSCHLUSS EINES ABONNEMENTS F\u00dcR EINE DIENSTLEISTUNG ERKL\u00c4REN SIE SICH MIT ALLEN VERKAUFSBEDINGUNGEN UND DEN BEDINGUNGEN DER DIENSTLEISTUNG EINVERSTANDEN.<\/p>\n\n<p>VERKAUF UND BEDINGUNGEN DES DIENSTES.<\/p>\n\n<p>Wir k\u00f6nnen diese Bedingungen gelegentlich \u00e4ndern, und diese \u00c4nderungen sind ab dem Zeitpunkt g\u00fcltig, an dem sie auf unserer Website online sind, und gelten f\u00fcr sp\u00e4ter abgeschlossene Verk\u00e4ufe.<\/p>\n\n<p>Bis zum Nachweis des Gegenteils durch den Kunden gelten unsere Aufzeichnungen als verbindlicher Nachweis f\u00fcr den Inhalt und die Durchf\u00fchrung aller Transaktionen.<\/p>\n\n<h4 class=\"wp-block-heading\">Produkt und Dienstleistungen<\/h4>\n\n<p><strong>Neue und \u00fcberholte Smartphones mit \/e\/OS<\/strong><\/p>\n\n<p>Nach Ihrer Bestellung bei uns und gem\u00e4\u00df Ihren Anweisungen beschaffen wir neue oder gebrauchte Smartphones, auf denen wir das Betriebssystem \/e\/OS und seine Standardanwendungen installieren.<\/p>\n\n<p>Diese Telefone werden mit ihrem Akku und gegebenenfalls kompatiblem Zubeh\u00f6r (Freisprecheinrichtung und, falls angegeben, anderem kompatiblen Zubeh\u00f6r) geliefert.<\/p>\n\n<p>\/e\/OS ist eine Version von Android, die nicht die Android-Dienste von Google nutzt. Das OS-Betriebssystem wird st\u00e4ndig verbessert und kann andere Funktionen als ein Google-Android-System und eine andere Auswahl an Android-Anwendungen haben als die, die im Google Play Store zu finden sind. \/e\/OS ist kein Google-Produkt und wird unter keinen Umst\u00e4nden von Google unterst\u00fctzt.  <\/p>\n\n<p>Refurbished-Smartphones mit \/e\/OS werden nicht in der Originalverpackung geliefert. Das von uns verkaufte Produkt muss Tests und Behandlungen unterzogen werden, die je nach Produkttyp variieren, um Ihnen einen nahezu &#8222;neuen&#8220; Zustand zu bieten. Die Liste der besagten Tests und Behandlungen, die je nach Produkttyp durchgef\u00fchrt werden, ist auf Anfrage erh\u00e4ltlich.  <\/p>\n\n<p>Alle general\u00fcberholten Smartphones, die wir verkaufen, wurden vor dem Verkauf einem &#8222;Hard Reset&#8220; unterzogen.<\/p>\n\n<h4 class=\"wp-block-heading\">Kostenpflichtige Cloud-Dienste<\/h4>\n\n<p>Wir bieten kostenpflichtige Arbeitsplatz-Abonnements an, die es Ihnen erm\u00f6glichen, auf eine gr\u00f6\u00dfere Menge an Speicherplatz zuzugreifen, die durch den von Ihnen abonnierten Plan definiert ist. Um unsere kostenpflichtigen Arbeitsplatzabonnements zu nutzen, m\u00fcssen Sie eine &#8222;Murena Workplace account&#8220;-ID besitzen und den Nutzungsbedingungen zugestimmt haben, die Sie hier finden. <\/p>\n\n<p>Ihre Daten, die sich auf unseren Arbeitsplatzdiensten befinden, werden auf sicheren Servern gespeichert. Wir greifen nicht auf Ihre Daten zu, scannen sie nicht und lesen sie auch nicht aus, wenn sie in Ihrem pers\u00f6nlichen Arbeitsbereich gespeichert sind. <\/p>\n\n<p>Sie sind f\u00fcr alle Inhalte und Aktivit\u00e4ten, die in Ihrem Konto ver\u00f6ffentlicht werden, verantwortlich. Sie d\u00fcrfen den Dienst nicht f\u00fcr illegale oder unbefugte Zwecke nutzen. Bei der Nutzung des Dienstes d\u00fcrfen Sie keine Gesetze in Ihrer oder unserer Gerichtsbarkeit verletzen (einschlie\u00dflich, aber nicht beschr\u00e4nkt auf Urheberrechtsgesetze).  <\/p>\n\n<h4 class=\"wp-block-heading\">Preise<\/h4>\n\n<p>Die Preise enthalten den aktuellen Mehrwertsteuersatz je nach Land, in dem Sie kaufen, wenn Sie innerhalb der Europ\u00e4ischen Union kaufen. Sie sind netto, fest und nicht r\u00fcckg\u00e4ngig zu machen. Wir behalten uns das Recht vor, die Preise jederzeit und ohne Vorank\u00fcndigung zu \u00e4ndern, wobei die Produkte Ihnen zu dem Preis in Rechnung gestellt werden, der zum Zeitpunkt der Best\u00e4tigung Ihrer Bestellung durch uns gilt.  <\/p>\n\n<p>Bei Lieferungen au\u00dferhalb der Europ\u00e4ischen Union stellen wir die Rechnung ohne Mehrwertsteuer aus, und Sie sind daf\u00fcr verantwortlich, etwaige Z\u00f6lle oder andere Steuern wie lokale Mehrwertsteuer oder Umsatzsteuer bei der Abholung Ihrer Bestellung zu zahlen*. Die H\u00f6he der Einfuhrz\u00f6lle und der lokalen Mehrwertsteuer h\u00e4ngt vom Wert Ihrer Bestellung ab. <br \/>  * Mit Ausnahme des Versands nach Australien, Island, Guernsey, Jersey, Norwegen, in die Schweiz und in das Vereinigte K\u00f6nigreich, wo der Versand derzeit eventuelle Zollgeb\u00fchren beinhaltet.<\/p>\n\n<h4 class=\"wp-block-heading\">Zahlung<\/h4>\n\n<p>Die von uns akzeptierten Zahlungsmethoden sind auf der Website angegeben. Wir geben Ihnen die M\u00f6glichkeit, per Debitkarte, Kreditkarte oder mit Ihrem PayPal-Konto zu bezahlen, wenn Sie eines haben. <\/p>\n\n<p>Bei Abonnementdiensten f\u00fcr den Arbeitsplatz wird der Dienst je nach gew\u00e4hltem Plan monatlich oder j\u00e4hrlich im Voraus in Rechnung gestellt.<br \/>  Bei einem Upgrade oder Downgrade wird die von Ihnen angegebene Kreditkarte automatisch mit dem neuen Tarif in Ihrem n\u00e4chsten Abrechnungszeitraum belastet.<br \/> Die Herabstufung Ihres Kontos kann zum Verlust von Inhalten, Funktionen oder Kapazit\u00e4ten f\u00fchren. Der Dienst \u00fcbernimmt keine Haftung f\u00fcr solche Verluste.<\/p>\n\n<h4 class=\"wp-block-heading\">Verf\u00fcgbarkeit<\/h4>\n\n<p>Informationen \u00fcber die Verf\u00fcgbarkeit der Produkte werden zum Zeitpunkt der Bestellung bereitgestellt.<\/p>\n\n<p>Sollten wir das gew\u00e4hlte Produkt nicht in ausreichender Menge auf Lager haben, werden wir Sie so schnell wie m\u00f6glich per E-Mail informieren. Sie haben dann die M\u00f6glichkeit, das Produkt im Rahmen der verf\u00fcgbaren Best\u00e4nde durch ein anderes Produkt zu einem gleichwertigen Preis zu ersetzen oder Ihre Bestellung zu stornieren und eine R\u00fcckerstattung innerhalb von vierzehn (14) Arbeitstagen nach unserer Mitteilung \u00fcber die Nichtverf\u00fcgbarkeit zu erhalten. <\/p>\n\n<h4 class=\"wp-block-heading\">Lieferung von Fertigerzeugnissen<\/h4>\n\n<p>In allen F\u00e4llen wird der Verkauf erst dann als endg\u00fcltig betrachtet, wenn Sie eine Best\u00e4tigung der Annahme der Bestellung per E-Mail erhalten haben und wenn die Zahlung vollst\u00e4ndig bei uns eingegangen ist.<\/p>\n\n<p>In einigen F\u00e4llen, z. B. bei Nichtzahlung, falscher Adresse oder anderen Problemen mit Ihrem Konto, behalten wir uns das Recht vor, Ihre Bestellung zu sperren, bis das Problem gel\u00f6st ist.<\/p>\n\n<p>Bei Fragen zur Abwicklung Ihrer Bestellung k\u00f6nnen Sie unseren Kundendienst \u00fcber unser Kontaktformular kontaktieren: <a href=\"\"><u>https:\/\/murena.com\/contact-us\/<\/u><\/a><a href=\"https:\/\/murena.com\/de\/contact-us\/\"><br \/><\/a><\/p>\n\n<p>Die Produkte werden ausschlie\u00dflich in alle L\u00e4nder der EU, des Vereinigten K\u00f6nigreichs, Islands, Norwegens und der Schweiz geliefert, mit Ausnahme der \u00dcberseeregionen (OMT\/DOM) und der \u00dcberseel\u00e4nder und -territorien (OCT\/TOM). Wir bem\u00fchen uns, das Produkt innerhalb der auf unserer Website angegebenen Zeitspannen zu liefern. Die Zeit ist jedoch nicht von wesentlicher Bedeutung f\u00fcr die Lieferung oder Leistung, und alle auf unserer Website und in jeglicher Korrespondenz angegebenen Liefertermine sind nur Sch\u00e4tzungen. Die Produkte und Eink\u00e4ufe werden von unserem Spediteur, UPS, gem\u00e4\u00df den logistischen Zw\u00e4ngen und in \u00dcbereinstimmung mit den auf der Website verf\u00fcgbaren Lieferbedingungen geliefert.   <\/p>\n\n<p><strong>Wir k\u00f6nnen nicht an Postf\u00e4cher oder jegliche Art von Schlie\u00dff\u00e4chern liefern<\/strong>.<br \/>Sie m\u00fcssen eine g\u00fcltige Adresse <strong>und <\/strong>eine g\u00fcltige Telefonnummer f\u00fcr die Lieferung angeben und alle Besonderheiten f\u00fcr den Zugang zu Ihrer Adresse (Aufzug, Zugangscode&#8230;).<\/p>\n\n<p>Sollte die Lieferadresse nicht erreichbar sein, behalten wir uns das Recht vor, den Vertrag zu k\u00fcndigen oder das Produkt an Sie zur\u00fcckzusenden.<\/p>\n\n<p>Das Eigentum an dem Produkt geht erst mit der Lieferung des Produkts auf Sie \u00fcber, entweder direkt oder durch einen von Ihnen bestimmten Dritten. Bevor Sie die Lieferung des Produkts annehmen, obliegt es Ihnen, den Zustand des gelieferten Produkts zu \u00fcberpr\u00fcfen und im Falle von Sch\u00e4den oder fehlenden Teilen Ihre Vorbehalte auf dem Lieferschein zu vermerken, gegebenenfalls das Produkt abzulehnen und uns gleichzeitig zu informieren. <\/p>\n\n<p>gleichzeitig.<\/p>\n\n<p>Jede Reklamation muss innerhalb von h\u00f6chstens zehn (10) Arbeitstagen ab dem Datum der \u00dcbernahme des Produkts erfolgen. Nach Ablauf dieser Frist wird davon ausgegangen, dass Sie das Produkt und alle K\u00e4ufe ohne Vorbehalt erhalten und akzeptiert haben. <\/p>\n\n<h4 class=\"wp-block-heading\">R\u00fccksendung und Widerrufsbelehrung<\/h4>\n\n<p>Ab der Lieferung des Produkts und etwaiger K\u00e4ufe haben Sie das gesetzliche Recht, den Vertrag (vorbehaltlich bestimmter, unten aufgef\u00fchrter Ausnahmen) ohne Angabe von Gr\u00fcnden innerhalb von 14 Tagen ab dem Tag, an dem Sie das Produkt erhalten haben, zu widerrufen. Dies ist die &#8222;Widerrufsfrist&#8220;. Wenn diese Frist an einem Samstag, Sonntag, Feiertag oder arbeitsfreien Tag abl\u00e4uft, wird sie bis zum n\u00e4chsten Werktag verl\u00e4ngert.  <\/p>\n\n<p>Wenn Sie den Vertrag innerhalb der Widerrufsfrist widerrufen wollen, m\u00fcssen Sie uns dies vor Ablauf der Widerrufsfrist und vor R\u00fccksendung der Ware durch Ausf\u00fcllen des Widerrufsformulars mitteilen und dieses an uns senden.<\/p>\n\n<h4 class=\"wp-block-heading\">WIDERRUFSFORMULAR<\/h4>\n\n<p>(Dieses Formular bitte nur ausf\u00fcllen und zur\u00fccksenden, wenn Sie den Vertrag widerrufen wollen).<\/p>\n\n<p>Zu H\u00e4nden von MURENA RETAIL SAS, :<\/p>\n\n<p>Hiermit teile(n) ich\/wir (*) Ihnen\/uns (*) mit, dass ich\/wir (*) vom Vertrag \u00fcber den Verkauf des nachstehenden Produkts zur\u00fccktrete(n):<\/p>\n\n<p>Bestellt am (*)\/eingegangen am (*):<\/p>\n\n<p>Bestellnummer :<\/p>\n\n<p>Rechnungsnummer :<\/p>\n\n<p>Produkt(e):<\/p>\n\n<p>IMEI-Nummer des Telefons, falls zutreffend:<\/p>\n\n<p>Name des\/der Verbraucher(s):<\/p>\n\n<p>Anschrift des\/der Verbraucher(s):<\/p>\n\n<p>Unterschrift des\/der Verbraucher(s) (nur, wenn dieses Formular auf Papier \u00fcbermittelt wird):<\/p>\n\n<p>Datum:<\/p>\n\n<p>Bitte senden Sie auch <strong>Bilder von der Vorder- und R\u00fcckseite Ihres Handys<\/strong>, um den Zustand zu dokumentieren.<br \/><br \/>Bitte f\u00fcllen Sie das Widerrufsformular aus und senden Sie es zusammen mit Bildern Ihres Handys \u00fcber unser Kontaktformular an unseren Kundenservice: <a href=\"\">https:\/\/murena.com\/contact-us\/<\/a><\/p>\n\n<p>Sie sollten einen Nachweis \u00fcber die K\u00fcndigung aufbewahren, z. B. eine E-Mail-Quittung. Sie m\u00fcssen dann das gelieferte Produkt auf Ihre Kosten per Einschreiben oder Kurier an uns zur\u00fccksenden. <\/p>\n\n<p>Das Produkt muss in <strong>einwandfreiem Zustand<\/strong> mit der <strong>Originalverpackung<\/strong> mit <strong>allem Zubeh\u00f6r und der Dokumentation<\/strong> sp\u00e4testens 8 (acht) Tage nach der Benachrichtigung, dass Sie stornieren m\u00f6chten, zur\u00fcckgegeben werden.<\/p>\n\n<p>Die gekauften Produkte m\u00fcssen an die folgende Adresse zur\u00fcckgeschickt werden: <br \/>MURENA RETAIL SAS <br \/>c\/o Espri Digital <br \/>14 rue du Sergent Escoffier<br \/>61200 <br \/>Argentan<br \/>Frankreich.<\/p>\n\n<p><strong>Die Versandkosten<\/strong> f\u00fcr die R\u00fccksendung Ihrer Bestellung, einschlie\u00dflich aller m\u00f6glichen Abgaben, <strong>gehen zu Ihren Lasten<\/strong>.<\/p>\n\n<p>Wenn das Produkt nicht in dem erforderlichen Zustand zur\u00fcckgegeben wird, m\u00fcssen Sie das besch\u00e4digte Produkt zum Wiederbeschaffungswert erstatten.<br \/>Murena Retail ist nicht verantwortlich f\u00fcr Sch\u00e4den, die w\u00e4hrend des Transports Ihres Ger\u00e4ts auftreten k\u00f6nnen.<\/p>\n\n<p>Bei rechtzeitiger und ordnungsgem\u00e4\u00dfer R\u00fccksendung der Ware werden wir Ihnen<strong>innerhalb von 14 (vierzehn) Tagen<\/strong> nach Vertragsschluss die gezahlten <strong> Betr\u00e4ge*<\/strong> unter Verwendung desselben Zahlungsmittels, das Sie bei der urspr\u00fcnglichen Transaktion eingesetzt haben, zur\u00fcckerstatten, sofern nichts anderes vereinbart ist.<br \/><strong>*<\/strong>Die urspr\u00fcnglichen<strong> Versandkosten sind in der R\u00fcckerstattung nicht enthalten, die urspr\u00fcnglichen Versandkosten gehen zu Ihren Lasten.<\/strong><\/p>\n\n<h4 class=\"wp-block-heading\">Stornierung und K\u00fcndigung &#8211; Cloud-Dienste<\/h4>\n\n<p>Sie k\u00f6nnen Ihren Plan jederzeit k\u00fcndigen, indem Sie uns \u00fcber unser Kontaktformular benachrichtigen: <a href=\"\"><u>https:\/\/murena.com\/contact-us\/<\/u><\/a>. Wenn Sie Ihr Abo vor dem Ende des laufenden bezahlten Monats k\u00fcndigen, wird die K\u00fcndigung sofort wirksam und Ihnen wird nichts mehr berechnet. Wenn Sie Ihr Abonnement vor dem Verl\u00e4ngerungsdatum k\u00fcndigen, wird der Restbetrag nicht zur\u00fcckerstattet.  <\/p>\n\n<h4 class=\"wp-block-heading\">Methoden zur R\u00fcckgabe von Smartphones<\/h4>\n\n<p>Smartphones verf\u00fcgen \u00fcber eine Option &#8222;Bildschirmsperre&#8220; im Betriebssystem. Wenn die Funktion &#8222;Bildschirmsperre&#8220; aktiviert ist, kann das Produkt nicht ersetzt oder erstattet werden. Um zu \u00fcberpr\u00fcfen, ob diese Option noch aktiviert ist, und um <strong>die Option &#8222;Bildschirmsperre&#8220; zu deaktivieren<\/strong>, gehen Sie zu &#8222;Einstellungen&#8220; &gt; &#8222;Sicherheit&#8220; &gt; &#8222;Bildschirmsperre&#8220; und w\u00e4hlen Sie &#8222;Keine&#8220;.  <\/p>\n\n<p>Wenn wir w\u00e4hrend der Begutachtung feststellen, dass das Produkt die besagte Option aktiviert hat, wird das Produkt automatisch an Sie zur\u00fcckgeschickt, ohne dass Sie diesbez\u00fcglich eine Entsch\u00e4digung fordern k\u00f6nnen.<\/p>\n\n<p>Um die R\u00fccksendung des Produkts verfolgen zu k\u00f6nnen, m\u00fcssen Sie <strong>eine Kopie des Widerrufsformulars<\/strong> zusammen mit dem Produkt <strong>einreichen<\/strong>.<\/p>\n\n<p>Sie sind verpflichtet, <strong>Ihre SIM-Karte<\/strong> <strong>und\/oder eine SD-Karte <\/strong>aus dem Produkt zu <strong>entfernen<\/strong>, bevor Sie es an uns zur\u00fccksenden.<\/p>\n\n<p>Andernfalls kann die SIM-Karte nicht wiederhergestellt werden und wird von uns oder unseren Subunternehmern aus Sicherheitsgr\u00fcnden vernichtet. F\u00fcr den Fall, dass die SIM-Karte w\u00e4hrend des Transports verwendet wird, erkennen Sie ausdr\u00fccklich an und stimmen zu, dass wir nicht haftbar gemacht werden k\u00f6nnen. <\/p>\n\n<p>Bitte <strong>f\u00fchren Sie einen Werksreset durch<\/strong>, bevor Sie Ihr Smartphone einschicken.<\/p>\n\n<h4 class=\"wp-block-heading\">Garantien &#8211; Smartphones<\/h4>\n\n<p><strong><u><em>Rechtliche Garantien<\/em><\/u><\/strong><\/p>\n\n<p>Als Verbraucher kommen Sie in den Genuss der gesetzlichen Konformit\u00e4tsgarantie beim Kauf gem\u00e4\u00df Artikel L. 217-4 ff. des franz\u00f6sischen Verbraucherschutzgesetzes und der Garantie f\u00fcr versteckte M\u00e4ngel gem\u00e4\u00df Artikel 1641 ff. des B\u00fcrgerlichen Gesetzbuches. Diese gesetzlichen Garantien k\u00f6nnen bei uns per E-Mail oder per Einschreiben mit R\u00fcckschein geltend gemacht werden. Diese gesetzlichen Garantien gelten jedoch nicht, wenn die K\u00e4ufe den Spezifikationen des Vertrags entsprechen, sich aber aufgrund einer schlechten Einsch\u00e4tzung Ihrerseits beim Kauf als ungeeignet f\u00fcr Ihre Bed\u00fcrfnisse erweisen.    <\/p>\n\n<p>Wenn Sie als rechtliche Garantie f\u00fcr die Konformit\u00e4t fungieren:<\/p>\n\n<p>&#8211; Sie haben eine Frist von 2 Jahren ab der \u00dcbergabe des Produkts, um zu handeln,<\/p>\n\n<p>&#8211; Sie haben die Wahl zwischen Nachbesserung oder Ersatzlieferung zu den in Artikel L. 217-9 des Verbraucherschutzgesetzes festgelegten Kostenbedingungen,<\/p>\n\n<p>&#8211; Sie sind davon befreit, innerhalb von vierundzwanzig (24) Monaten nach der Lieferung der Ware den Nachweis f\u00fcr das Vorliegen der Vertragswidrigkeit zu erbringen (nur im Falle neuer Ger\u00e4te).<\/p>\n\n<p>Nach Best\u00e4tigung des Empfangs Ihrer Anfrage m\u00fcssen Sie das defekte Produkt innerhalb von 8 (acht) Werktagen per Post zur\u00fccksenden. Wenn es nicht m\u00f6glich ist, das defekte Produkt zu reparieren und zu ersetzen, bieten wir Ihnen an, entweder den gesamten Kaufpreis des besagten Artikels zu erstatten oder das defekte Produkt an Sie zur\u00fcckzusenden und Ihnen die H\u00e4lfte des Kaufpreises zu erstatten. Wenn der betreffende Artikel Gebrauchsspuren aufweist oder aufgrund der Nutzung durch den Kunden repariert werden muss, werden alle Reparaturkosten von der Erstattung abgezogen. Sie haben die M\u00f6glichkeit, die Garantie f\u00fcr versteckte M\u00e4ngel im Sinne von Artikel 1641 des B\u00fcrgerlichen Gesetzbuchs in Anspruch zu nehmen. In diesem Fall haben Sie die Wahl zwischen einer Stornierung der Bestellung oder einer Minderung des Kaufpreises gem\u00e4\u00df Artikel 1644 des B\u00fcrgerlichen Gesetzbuchs. \u00dcber die in diesem Artikel vorgesehenen Garantien hinaus wird keine weitere Garantie irgendeiner Art gew\u00e4hrt.     <\/p>\n\n<p><strong><u><em>Garantie und Haftung<\/em><\/u><\/strong><\/p>\n\n<p>Wir erinnern Sie daran, dass die Produkte \u00fcber die Option &#8222;Bildschirmsperre&#8220; verf\u00fcgen. Wenn Sie die Funktion &#8222;Bildschirmsperre&#8220; aktiviert haben, kann das Produkt nicht ersetzt oder erstattet werden. Um zu \u00fcberpr\u00fcfen, ob diese Option noch aktiviert ist, und um sie zu deaktivieren, m\u00fcssen Sie zu &#8222;Einstellungen&#8220; &gt; &#8222;Sicherheit&#8220; &gt; &#8222;Bildschirmsperre&#8220; gehen und &#8222;Keine&#8220; w\u00e4hlen.  <\/p>\n\n<p>Wenn wir w\u00e4hrend der Begutachtung feststellen, dass das Produkt die besagte Option aktiviert hat, wird das Produkt automatisch an Sie zur\u00fcckgeschickt, ohne dass Sie diesbez\u00fcglich eine Entsch\u00e4digung fordern k\u00f6nnen.<\/p>\n\n<p>Unsere Ger\u00e4te werden f\u00fcr den Betrieb mit \/e\/OS verkauft und konfiguriert. Jegliche \u00c4nderung des Betriebssystems, einschlie\u00dflich der Installation alternativer Software (wie Fairphone OS oder andere Betriebssysteme von Drittanbietern), erfolgt auf eigenes Risiko des Kunden. <\/p>\n\n<p>Auch wenn Anleitungen von externen oder Herstellerquellen verf\u00fcgbar sind, garantieren wir nicht die Kompatibilit\u00e4t oder die erfolgreiche Installation eines anderen Betriebssystems als \/e\/OS. F\u00fcr den Fall, dass ein Ger\u00e4t infolge solcher Modifikationen nicht mehr funktioniert (&#8222;bricked&#8220;), ist der Kunde f\u00fcr alle damit verbundenen Reparatur-, Reflash- oder Servicekosten verantwortlich. <\/p>\n\n<p>Jegliche Gew\u00e4hrleistung ist ausgeschlossen im Falle von:<\/p>\n\n<p>&#8211; Sch\u00e4den aufgrund eines Unfalls, einer anderen Verwendung als in der technischen Dokumentation auf der Website des Herstellers des Produkts vorgesehen, Fehlfunktionen nach einem Versuch zu entsperren oder Ihre eigene schlechte Wartung des Produkts (als Beispiele ohne Einschr\u00e4nkung: Verschmutzung, Oxidation, Korrosion, Rost &#8230;);<\/p>\n\n<p>&#8211; Sch\u00e4den, die bei der Installation oder beim \u00d6ffnen des Produkts entstanden sind;<\/p>\n\n<p>&#8211; Sch\u00e4den, deren Ursache au\u00dferhalb des Produkts liegt: unsachgem\u00e4\u00dfe Installation Ihrerseits, Fahrl\u00e4ssigkeit Ihrerseits, Feuer, Wassersch\u00e4den usw. und generell alle Sch\u00e4den, die an den \u00e4u\u00dferen Teilen des Produkts verursacht werden und deren Besch\u00e4digung die ordnungsgem\u00e4\u00dfe Funktion des Produkts nicht beeintr\u00e4chtigt;<\/p>\n\n<p>&#8211; Im Falle von Kratzern oder Schrammen, vor und\/oder nach dem Verkauf, insofern Wir gebrauchte Produkte verkaufen;<\/p>\n\n<p>&#8211; Im Falle einer \u00c4nderung oder Reparatur des Produkts durch Sie und im Falle einer Reparatur des Produkts durch eine nicht vom Hersteller des Produkts zugelassene Organisation;<\/p>\n\n<p>&#8211; Aktualisierung des Betriebssystems, die nicht vom Hersteller empfohlen wird und die das Produkt dauerhaft besch\u00e4digen kann;<\/p>\n\n<p>&#8211; F\u00fcr Produkte, die au\u00dferhalb der europ\u00e4ischen L\u00e4nder gekauft und versandt werden. F\u00fcr Produkte, die weltweit versandt werden, k\u00f6nnen Garantie, Reparatur und R\u00fcckgabe nicht garantiert werden. <\/p>\n\n<h4 class=\"wp-block-heading\">Haftung der Gesellschaft<\/h4>\n\n<p>Die Produkte, die wir \u00fcber die Website vermarkten, entsprechen der geltenden franz\u00f6sischen Gesetzgebung und den in Frankreich geltenden Normen.<\/p>\n\n<p>Sie erkennen ausdr\u00fccklich an und stimmen zu, dass wir unter keinen Umst\u00e4nden haftbar gemacht werden k\u00f6nnen, wenn Sie Ihr Smartphone zur\u00fcckgeben und vergessen, Ihre SIM-Karte aus dem Produkt zu entfernen.<\/p>\n\n<p>In Bezug auf unsere kostenpflichtigen Cloud-Abonnementdienste erkl\u00e4ren Sie sich ausdr\u00fccklich damit einverstanden, dass der Dienst nicht f\u00fcr Sch\u00e4den haftet, die sich aus der Nutzung oder der Unm\u00f6glichkeit der Nutzung des Dienstes, dem unbefugten Zugriff auf oder der Ver\u00e4nderung Ihrer \u00dcbertragungen oder Daten oder aus \u00c4u\u00dferungen oder Verhaltensweisen Dritter im Rahmen des Dienstes ergeben.<\/p>\n\n<p>Bei einem <strong>Kauf au\u00dferhalb Europas<\/strong> kann Murena nicht f\u00fcr die Verf\u00fcgbarkeit von Reparaturen, R\u00fccksendungen oder Ersatz der Produkte garantieren. Alle K\u00e4ufe werden auf eigene Gefahr get\u00e4tigt. <br \/>  Wir empfehlen Ihnen dringend, unseren FAQ-Bereich f\u00fcr detaillierte Informationen zu lesen.<\/p>\n\n<h4 class=\"wp-block-heading\">Pers\u00f6nliche Daten<\/h4>\n\n<p>Wir erheben und verarbeiten nur die f\u00fcr den Abschluss und die Abwicklung des Kaufvertrages erforderlichen personenbezogenen Daten, d.h. Ihre Daten (Name, Vorname, Adressen, Telefonnummer), Ihre Bankverbindung und Informationen im Zusammenhang mit der Vertragsabwicklung (Reklamationen, unbezahlte&#8230;).<\/p>\n\n<p>Wir verarbeiten Ihre personenbezogenen Daten, um ein Kundenkonto anzulegen, die Bestellung zu erfassen und zu bearbeiten, die Produkte zu liefern, die Rechnungen zu \u00fcbermitteln und Ihre Anfragen zu bearbeiten.<\/p>\n\n<p>Ihre pers\u00f6nlichen Daten werden in Datenzentren in der Europ\u00e4ischen Union gespeichert und nur so lange aufbewahrt, wie es f\u00fcr die oben genannten Zwecke erforderlich ist, und d\u00fcrfen nicht an Dritte weitergegeben werden. Sie k\u00f6nnen uns \u00fcber unser Kontaktformular kontaktieren: <a href=\"\"><u>https:\/\/murena.com\/contact-us\/<\/u><\/a> kontaktieren, um Ihre Rechte auf Zugang, Berichtigung, L\u00f6schung oder \u00dcbertragung Ihrer personenbezogenen Daten auszu\u00fcben und um deren Verarbeitung einzuschr\u00e4nken oder zu widersprechen. F\u00fcr weitere Details laden wir Sie ein, unsere Datenschutzrichtlinie auf der Website zu lesen.  <\/p>\n\n<p>Wir haben keine Informationen \u00fcber Ihre Kreditkarte, Ihr Bankkonto oder Ihr PayPal-Konto. Nur der Bankdienstleister verf\u00fcgt \u00fcber die Daten Ihrer Kreditkarte(n), wenn Sie auf diese Weise bezahlt haben. Diese Daten werden vom Bankdienstleister im Falle eines Rechtsstreits \u00fcber eine Transaktion f\u00fcr einen Zeitraum von 5 Jahren in einem Zwischenarchiv aufbewahrt.  <\/p>\n\n<h4 class=\"wp-block-heading\">Anwendbares Recht, Mediation und zust\u00e4ndige Gerichtsbarkeit<\/h4>\n\n<p>Die vorliegenden allgemeinen Verkaufsbedingungen unterliegen dem franz\u00f6sischen Recht. Wir bieten Ihnen an, alle Streitigkeiten in Bezug auf die G\u00fcltigkeit, Auslegung, Ausf\u00fchrung, Beendigung und Folgen sowie die Weiterverfolgung des Vertrags im Rahmen eines internen Schlichtungsverfahrens beizulegen. <\/p>\n\n<p>Andernfalls, wenn Sie kein Schlichtungsverfahren w\u00fcnschen oder die Schlichtung nicht erfolgreich ist, wird der Streitfall der ausschlie\u00dflichen Zust\u00e4ndigkeit der zust\u00e4ndigen franz\u00f6sischen Gerichte unterworfen.<\/p>\n\n<p>***<\/p>\n\n<p>MURENA RETAIL SAS, mit Sitz in 31 Avenue de S\u00e9gur, Paris (75007), Frankreich, eingetragen im Handels- und Gesellschaftsregister von Caen unter der Nummer 883 789 398<\/p>\n\n<p>Datum: November 10 2025<\/p>\n\n<p><\/p>\n","protected":false},"excerpt":{"rendered":"<p>Geltungsbereich Diese Allgemeinen Gesch\u00e4ftsbedingungen gelten f\u00fcr alle Verk\u00e4ufe von Dienstleistungen oder Produkten, die zwischen Ihnen&#8230;<\/p>\n","protected":false},"author":5167,"featured_media":0,"parent":0,"menu_order":0,"comment_status":"closed","ping_status":"closed","template":"","meta":{"_seopress_robots_primary_cat":"","_seopress_titles_title":"","_seopress_titles_desc":"","_seopress_robots_index":"","footnotes":""},"class_list":["post-134126","page","type-page","status-publish","hentry","wpbf-post"],"_links":{"self":[{"href":"https:\/\/murena.com\/de\/wp-json\/wp\/v2\/pages\/134126","targetHints":{"allow":["GET"]}}],"collection":[{"href":"https:\/\/murena.com\/de\/wp-json\/wp\/v2\/pages"}],"about":[{"href":"https:\/\/murena.com\/de\/wp-json\/wp\/v2\/types\/page"}],"author":[{"embeddable":true,"href":"https:\/\/murena.com\/de\/wp-json\/wp\/v2\/users\/5167"}],"replies":[{"embeddable":true,"href":"https:\/\/murena.com\/de\/wp-json\/wp\/v2\/comments?post=134126"}],"version-history":[{"count":5,"href":"https:\/\/murena.com\/de\/wp-json\/wp\/v2\/pages\/134126\/revisions"}],"predecessor-version":[{"id":150542,"href":"https:\/\/murena.com\/de\/wp-json\/wp\/v2\/pages\/134126\/revisions\/150542"}],"wp:attachment":[{"href":"https:\/\/murena.com\/de\/wp-json\/wp\/v2\/media?parent=134126"}],"curies":[{"name":"wp","href":"https:\/\/api.w.org\/{rel}","templated":true}]}}