{"id":130775,"date":"2025-08-25T12:07:20","date_gmt":"2025-08-25T10:07:20","guid":{"rendered":"https:\/\/murena.com\/?page_id=130775"},"modified":"2026-02-09T08:21:19","modified_gmt":"2026-02-09T07:21:19","slug":"kinder","status":"publish","type":"page","link":"https:\/\/murena.com\/de\/kinder\/","title":{"rendered":"Kinder"},"content":{"rendered":"\n<div class=\"wp-block-columns alignwide is-layout-flex wp-container-core-columns-is-layout-390ed6e7 wp-block-columns-is-layout-flex\" style=\"margin-top:-40px\">\n<div class=\"wp-block-column is-layout-flow wp-block-column-is-layout-flow\" style=\"flex-basis:100%\">\n<div class=\"wp-block-columns is-layout-flex wp-container-core-columns-is-layout-28f84493 wp-block-columns-is-layout-flex\">\n<div class=\"wp-block-column is-layout-flow wp-block-column-is-layout-flow\" style=\"flex-basis:100%\">\n<div class=\"wp-block-columns is-layout-flex wp-container-core-columns-is-layout-28f84493 wp-block-columns-is-layout-flex\">\n<div class=\"wp-block-column is-layout-flow wp-block-column-is-layout-flow\" style=\"flex-basis:100%\">\n<div class=\"wp-block-cover alignfull kids-background has-white-color has-text-color has-link-color wp-elements-11c1ec5261bf97525bdc43ef9b608680\" style=\"margin-top:0px;margin-bottom:0px;padding-top:0px;padding-right:0;padding-bottom:0px;padding-left:0\"><img loading=\"lazy\" decoding=\"async\" width=\"2550\" height=\"758\" class=\"wp-block-cover__image-background wp-image-129856\" alt=\"Girl sitting on a coach looking at her smartphone\" src=\"https:\/\/murena.com\/wp-content\/uploads\/2025\/08\/GIRL-IMG-Left-Aligned-new.jpg\" data-object-fit=\"cover\" srcset=\"https:\/\/murena.com\/wp-content\/uploads\/2025\/08\/GIRL-IMG-Left-Aligned-new.jpg 2550w, https:\/\/murena.com\/wp-content\/uploads\/2025\/08\/GIRL-IMG-Left-Aligned-new-300x89.jpg 300w, https:\/\/murena.com\/wp-content\/uploads\/2025\/08\/GIRL-IMG-Left-Aligned-new-1024x304.jpg 1024w, https:\/\/murena.com\/wp-content\/uploads\/2025\/08\/GIRL-IMG-Left-Aligned-new-150x45.jpg 150w, https:\/\/murena.com\/wp-content\/uploads\/2025\/08\/GIRL-IMG-Left-Aligned-new-768x228.jpg 768w, https:\/\/murena.com\/wp-content\/uploads\/2025\/08\/GIRL-IMG-Left-Aligned-new-1536x457.jpg 1536w, https:\/\/murena.com\/wp-content\/uploads\/2025\/08\/GIRL-IMG-Left-Aligned-new-2048x609.jpg 2048w, https:\/\/murena.com\/wp-content\/uploads\/2025\/08\/GIRL-IMG-Left-Aligned-new-60x18.jpg 60w, https:\/\/murena.com\/wp-content\/uploads\/2025\/08\/GIRL-IMG-Left-Aligned-new-110x33.jpg 110w, https:\/\/murena.com\/wp-content\/uploads\/2025\/08\/GIRL-IMG-Left-Aligned-new-800x238.jpg 800w\" sizes=\"auto, (max-width: 2550px) 100vw, 2550px\" \/><span aria-hidden=\"true\" class=\"wp-block-cover__background has-background-dim-100 has-background-dim wp-block-cover__gradient-background has-background-gradient\" style=\"background:linear-gradient(90deg,rgba(7,146,227,0) 0%,rgba(255,255,255,0) 66%,rgb(235,50,144) 74%,rgb(235,50,144) 100%)\"><\/span><div class=\"wp-block-cover__inner-container is-layout-flow wp-container-core-cover-is-layout-da74679a wp-block-cover-is-layout-flow\">\n<div class=\"wp-block-columns is-not-stacked-on-mobile is-layout-flex wp-container-core-columns-is-layout-28f84493 wp-block-columns-is-layout-flex\">\n<div class=\"wp-block-column is-vertically-aligned-center is-layout-flow wp-block-column-is-layout-flow\"><\/div>\n\n\n\n<div class=\"wp-block-column is-vertically-aligned-center murena-header-text-kids has-background is-layout-flow wp-container-core-column-is-layout-a77db08e wp-block-column-is-layout-flow\" style=\"background-color:#eb3290\">\n<h1 class=\"wp-block-heading has-text-align-right has-white-color has-text-color has-link-color wp-elements-dd63dad4635ead06e0c1886ef6b07e50\" style=\"margin-top:0;margin-right:0;margin-bottom:0;margin-left:0;padding-top:var(--wp--preset--spacing--30);padding-right:var(--wp--preset--spacing--30);padding-bottom:var(--wp--preset--spacing--30);padding-left:var(--wp--preset--spacing--30);font-size:50px\">Murena Kids:<\/h1>\n\n\n\n<p class=\"has-text-align-right\" style=\"margin-right:0;padding-top:var(--wp--preset--spacing--30);padding-right:var(--wp--preset--spacing--30);padding-bottom:var(--wp--preset--spacing--30);padding-left:var(--wp--preset--spacing--80);font-size:28px;line-height:1.7\">Ein sicherer digitaler Raum f\u00fcr Ihre Familie<\/p>\n<\/div>\n<\/div>\n<\/div><\/div>\n<\/div>\n<\/div>\n<\/div>\n<\/div>\n<\/div>\n<\/div>\n\n<div style=\"height:50px\" aria-hidden=\"true\" class=\"wp-block-spacer\"><\/div>\n\n<div class=\"wp-block-columns are-vertically-aligned-center family-block is-layout-flex wp-container-core-columns-is-layout-cf05694f wp-block-columns-is-layout-flex\">\n<div class=\"wp-block-column is-vertically-aligned-center family-block-text is-layout-flow wp-block-column-is-layout-flow\" style=\"padding-right:0\">\n<h2 class=\"wp-block-heading\">Intelligente Elternschaft startet mit Murena<\/h2>\n\n\n\n<p>Uns ist bewusst, wie wichtig eine sichere und ausgewogene digitale Umgebung f\u00fcr Ihre Kinder ist. Deshalb sind unsere Murena-Ger\u00e4te, die mit \/e\/OS betrieben werden, mit Paco Parental Control ausgestattet &#8211; einem leistungsstarken Tool, das Ihre Kinder vor ungeeigneten Inhalten sch\u00fctzt und ihnen hilft, gesunde Online-Gewohnheiten zu entwickeln. <\/p>\n\n\n\n<div class=\"wp-block-buttons is-content-justification-center is-layout-flex wp-container-core-buttons-is-layout-a89b3969 wp-block-buttons-is-layout-flex\">\n<div class=\"wp-block-button has-custom-width wp-block-button__width-100\"><a class=\"wp-block-button__link wp-element-button\" href=\"\/shop\/\"><strong>Kaufen Sie ein Murena-Ger\u00e4t f\u00fcr Ihr Kind<\/strong><\/a><\/div>\n<\/div>\n<\/div>\n\n\n\n<div class=\"wp-block-column is-vertically-aligned-center family-block-img is-layout-flow wp-block-column-is-layout-flow\">\n<figure class=\"wp-block-image size-full\"><img loading=\"lazy\" decoding=\"async\" width=\"600\" height=\"512\" src=\"https:\/\/murena.com\/wp-content\/uploads\/2025\/08\/Family.png\" alt=\"L&#xE4;chelnder Junge, der auf sein Smartphone schaut, mit zwei anderen Personen im Hintergrund\" class=\"wp-image-129875\" srcset=\"https:\/\/murena.com\/wp-content\/uploads\/2025\/08\/Family.png 600w, https:\/\/murena.com\/wp-content\/uploads\/2025\/08\/Family-300x256.png 300w, https:\/\/murena.com\/wp-content\/uploads\/2025\/08\/Family-150x128.png 150w, https:\/\/murena.com\/wp-content\/uploads\/2025\/08\/Family-60x51.png 60w, https:\/\/murena.com\/wp-content\/uploads\/2025\/08\/Family-110x94.png 110w\" sizes=\"auto, (max-width: 600px) 100vw, 600px\" \/><\/figure>\n<\/div>\n<\/div>\n\n<div style=\"height:100px\" aria-hidden=\"true\" class=\"wp-block-spacer\"><\/div>\n\n<h2 class=\"wp-block-heading has-text-align-center\">Was ist <mark style=\"background-color:rgba(0, 0, 0, 0);color:#ff7303\" class=\"has-inline-color\">Paco<\/mark>?<\/h2>\n\n<div class=\"wp-block-columns is-layout-flex wp-container-core-columns-is-layout-28f84493 wp-block-columns-is-layout-flex\">\n<div class=\"wp-block-column is-layout-flow wp-block-column-is-layout-flow\"><\/div>\n\n\n\n<div class=\"wp-block-column is-content-justification-center is-layout-constrained wp-block-column-is-layout-constrained\">\n<hr\/>\n<\/div>\n\n\n\n<div class=\"wp-block-column is-layout-flow wp-block-column-is-layout-flow\"><\/div>\n<\/div>\n\n<div class=\"wp-block-columns alignwide mascot has-background is-layout-flex wp-container-core-columns-is-layout-28f84493 wp-block-columns-is-layout-flex\" style=\"background:linear-gradient(0deg,rgb(231,248,248) 0%,rgba(255,255,255,0) 61%)\">\n<div class=\"wp-block-column is-layout-flow wp-block-column-is-layout-flow\">\n<figure class=\"wp-block-image aligncenter size-full\"><img loading=\"lazy\" decoding=\"async\" width=\"853\" height=\"619\" src=\"https:\/\/murena.com\/wp-content\/uploads\/2025\/08\/Mascot-1.png\" alt=\"PACO, ein kleiner Cartoon-Fisch mit einem gr&#xFC;nen Schild-Symbol neben einem Murena-Smartphone, das die elterliche Kontrolle anzeigt\" class=\"wp-image-129879\" srcset=\"https:\/\/murena.com\/wp-content\/uploads\/2025\/08\/Mascot-1.png 853w, https:\/\/murena.com\/wp-content\/uploads\/2025\/08\/Mascot-1-300x218.png 300w, https:\/\/murena.com\/wp-content\/uploads\/2025\/08\/Mascot-1-150x109.png 150w, https:\/\/murena.com\/wp-content\/uploads\/2025\/08\/Mascot-1-768x557.png 768w, https:\/\/murena.com\/wp-content\/uploads\/2025\/08\/Mascot-1-60x44.png 60w, https:\/\/murena.com\/wp-content\/uploads\/2025\/08\/Mascot-1-110x80.png 110w, https:\/\/murena.com\/wp-content\/uploads\/2025\/08\/Mascot-1-800x581.png 800w\" sizes=\"auto, (max-width: 853px) 100vw, 853px\" \/><\/figure>\n<\/div>\n<\/div>\n\n<div class=\"wp-block-group alignwide has-background is-layout-constrained wp-container-core-group-is-layout-36abf0de wp-block-group-is-layout-constrained\" style=\"border-top-left-radius:0px;border-top-right-radius:0px;border-bottom-left-radius:50px;border-bottom-right-radius:50px;background-color:#e7f8f8;margin-top:-40px;margin-bottom:0px;padding-top:var(--wp--preset--spacing--80);padding-right:var(--wp--preset--spacing--50);padding-bottom:var(--wp--preset--spacing--80);padding-left:var(--wp--preset--spacing--50)\">\n<div class=\"wp-block-columns is-layout-flex wp-container-core-columns-is-layout-28f84493 wp-block-columns-is-layout-flex\">\n<div class=\"wp-block-column is-layout-flow wp-block-column-is-layout-flow\" style=\"flex-basis:25%\"><\/div>\n\n\n\n<div class=\"wp-block-column is-layout-flow wp-block-column-is-layout-flow\" style=\"flex-basis:60%\">\n<p>Paco ist eine <strong>Kindersicherung<\/strong> in \/e\/OS, mit der Sie ein sicheres und familienfreundliches Smartphone-Erlebnis schaffen k\u00f6nnen, das auf das Alter und die Bed\u00fcrfnisse Ihres Kindes abgestimmt ist. Mit Funktionen wie App-Beschr\u00e4nkungen, Bildschirmzeit-Begrenzungen und der neuen Option <strong>\u201eFind my Device\u201c<\/strong> &#8211; mit der Sie das Smartphone Ihres Kindes aus der Ferne orten k\u00f6nnen, indem Sie einen geheimen SMS-Code senden und die GPS-Koordinaten erhalten &#8211; gibt Paco Ihnen Sicherheit, auch wenn Sie nicht in der N\u00e4he sind. <\/p>\n\n\n\n<div class=\"wp-block-buttons is-content-justification-center is-layout-flex wp-container-core-buttons-is-layout-a89b3969 wp-block-buttons-is-layout-flex\">\n<div class=\"wp-block-button has-custom-width wp-block-button__width-100\"><a class=\"wp-block-button__link wp-element-button\" href=\"\/shop\/\"><strong><strong><strong>Kaufen Sie ein Murena-Ger\u00e4t f\u00fcr Ihr Kind<\/strong><\/strong><\/strong><\/a><\/div>\n<\/div>\n<\/div>\n\n\n\n<div class=\"wp-block-column is-layout-flow wp-block-column-is-layout-flow\" style=\"flex-basis:25%\"><\/div>\n<\/div>\n\n\n\n<div style=\"height:30px\" aria-hidden=\"true\" class=\"wp-block-spacer\"><\/div>\n\n\n\n<h2 class=\"wp-block-heading has-text-align-center has-text-color has-link-color wp-elements-ddf63f8e5ea493790eb7c6ef7eeb2646\" style=\"color:#2a2e57\">So unterst\u00fctzt Paco Eltern:<\/h2>\n\n\n\n<div style=\"height:30px\" aria-hidden=\"true\" class=\"wp-block-spacer\"><\/div>\n<\/div>\n\n<div class=\"wp-block-columns section-z-index is-layout-flex wp-container-core-columns-is-layout-bdadb24c wp-block-columns-is-layout-flex\" style=\"margin-top:-90px\">\n<div class=\"wp-block-column is-layout-flow wp-container-core-column-is-layout-0d51d878 wp-block-column-is-layout-flow\" style=\"padding-right:0;padding-bottom:var(--wp--preset--spacing--50);padding-left:0\">\n<figure class=\"wp-block-image aligncenter size-full\"><img loading=\"lazy\" decoding=\"async\" width=\"256\" height=\"257\" src=\"https:\/\/murena.com\/wp-content\/uploads\/2025\/08\/hand-no.png\" alt=\"durchgestrichene Hand\" class=\"wp-image-129883\" srcset=\"https:\/\/murena.com\/wp-content\/uploads\/2025\/08\/hand-no.png 256w, https:\/\/murena.com\/wp-content\/uploads\/2025\/08\/hand-no-150x150.png 150w, https:\/\/murena.com\/wp-content\/uploads\/2025\/08\/hand-no-60x60.png 60w, https:\/\/murena.com\/wp-content\/uploads\/2025\/08\/hand-no-110x110.png 110w, https:\/\/murena.com\/wp-content\/uploads\/2025\/08\/hand-no-50x50.png 50w, https:\/\/murena.com\/wp-content\/uploads\/2025\/08\/hand-no-100x100.png 100w\" sizes=\"auto, (max-width: 256px) 100vw, 256px\" \/><\/figure>\n\n\n\n<h3 class=\"wp-block-heading has-text-align-center\" style=\"line-height:1.6\">App- und Website-Beschr\u00e4nkungen<\/h3>\n\n\n\n<p class=\"has-text-align-center\">Schr\u00e4nken Sie je nach Alter Ihres Kindes den Zugang zu Apps und Websites ein, die ungeeignete Inhalte enthalten k\u00f6nnten. Sie behalten die Kontrolle dar\u00fcber, was Ihre Kinder online sehen und womit sie interagieren. <\/p>\n<\/div>\n\n\n\n<div class=\"wp-block-column is-layout-flow wp-container-core-column-is-layout-0d51d878 wp-block-column-is-layout-flow\" style=\"padding-right:0;padding-bottom:var(--wp--preset--spacing--50);padding-left:0\">\n<figure class=\"wp-block-image aligncenter size-full\"><img loading=\"lazy\" decoding=\"async\" width=\"256\" height=\"257\" src=\"https:\/\/murena.com\/wp-content\/uploads\/2025\/08\/doll-mobile.png\" alt=\"l&#xE4;chelndes Cartoon-Monster, das ein Murena-Smartphone mit \/e\/OS h&#xE4;lt\" class=\"wp-image-129893\" srcset=\"https:\/\/murena.com\/wp-content\/uploads\/2025\/08\/doll-mobile.png 256w, https:\/\/murena.com\/wp-content\/uploads\/2025\/08\/doll-mobile-150x150.png 150w, https:\/\/murena.com\/wp-content\/uploads\/2025\/08\/doll-mobile-60x60.png 60w, https:\/\/murena.com\/wp-content\/uploads\/2025\/08\/doll-mobile-110x110.png 110w, https:\/\/murena.com\/wp-content\/uploads\/2025\/08\/doll-mobile-50x50.png 50w, https:\/\/murena.com\/wp-content\/uploads\/2025\/08\/doll-mobile-100x100.png 100w\" sizes=\"auto, (max-width: 256px) 100vw, 256px\" \/><\/figure>\n\n\n\n<h3 class=\"wp-block-heading has-text-align-center\" style=\"line-height:1.6\">Der Datenschutz steht im Vordergrund<\/h3>\n\n\n\n<p class=\"has-text-align-center\">Der Schutz der Online-Privatsph\u00e4re Ihres Kindes liegt uns besonders am Herzen. Mit unserer Kindersicherung k\u00f6nnen Sie das Online-Verhalten Ihres Kindes steuern, ohne dessen pers\u00f6nliche Daten zu gef\u00e4hrden, dank eines Open-Source-Betriebssystems, das sich f\u00fcr den Schutz der Privatsph\u00e4re einsetzt: <strong><span>\/e\/OS<\/span><\/strong>. <\/p>\n<\/div>\n\n\n\n<div class=\"wp-block-column is-layout-flow wp-container-core-column-is-layout-0d51d878 wp-block-column-is-layout-flow\" style=\"padding-right:0;padding-bottom:var(--wp--preset--spacing--50);padding-left:0\">\n<figure class=\"wp-block-image aligncenter size-full\"><img loading=\"lazy\" decoding=\"async\" width=\"256\" height=\"257\" src=\"https:\/\/murena.com\/wp-content\/uploads\/2025\/08\/number-blocks.png\" alt=\"eine Wand aus W&#xFC;rfeln mit Buchstaben darauf\" class=\"wp-image-129899\" srcset=\"https:\/\/murena.com\/wp-content\/uploads\/2025\/08\/number-blocks.png 256w, https:\/\/murena.com\/wp-content\/uploads\/2025\/08\/number-blocks-150x150.png 150w, https:\/\/murena.com\/wp-content\/uploads\/2025\/08\/number-blocks-60x60.png 60w, https:\/\/murena.com\/wp-content\/uploads\/2025\/08\/number-blocks-110x110.png 110w, https:\/\/murena.com\/wp-content\/uploads\/2025\/08\/number-blocks-50x50.png 50w, https:\/\/murena.com\/wp-content\/uploads\/2025\/08\/number-blocks-100x100.png 100w\" sizes=\"auto, (max-width: 256px) 100vw, 256px\" \/><\/figure>\n\n\n\n<h3 class=\"wp-block-heading has-text-align-center\" style=\"line-height:1.6\">Fokus auf Bildung und Wachstum<\/h3>\n\n\n\n<p class=\"has-text-align-center\">Paco hilft Ihrem Kind, sich auf das Lernen und kreative Aktivit\u00e4ten zu konzentrieren und gleichzeitig ein ausgewogenes Verh\u00e4ltnis zur Technologie zu entwickeln.<\/p>\n<\/div>\n<\/div>\n\n<div style=\"height:50px\" aria-hidden=\"true\" class=\"wp-block-spacer\"><\/div>\n\n<div class=\"wp-block-columns is-layout-flex wp-container-core-columns-is-layout-28f84493 wp-block-columns-is-layout-flex\">\n<div class=\"wp-block-column is-layout-flow wp-block-column-is-layout-flow\" style=\"flex-basis:25%\"><\/div>\n\n\n\n<div class=\"wp-block-column has-regular-font-size is-layout-flow wp-block-column-is-layout-flow\" style=\"flex-basis:800px\">\n<pre class=\"wp-block-verse has-text-align-center has-background\" style=\"border-radius:50px;background-color:#d5f9d2\">Mehr \u00fcber Paco und wie es funktioniert erfahren Sie in der \/e\/OS-Dokumentation <a href=\"https:\/\/doc.e.foundation\/support-topics\/parental-control\" target=\"_blank\" rel=\"noreferrer noopener\">, die Sie hier finden<\/a>.<\/pre>\n<\/div>\n\n\n\n<div class=\"wp-block-column is-layout-flow wp-block-column-is-layout-flow\" style=\"flex-basis:25%\"><\/div>\n<\/div>\n\n<div style=\"height:100px\" aria-hidden=\"true\" class=\"wp-block-spacer\"><\/div>\n\n<div class=\"wp-block-columns are-vertically-aligned-center is-layout-flex wp-container-core-columns-is-layout-cf05694f wp-block-columns-is-layout-flex\">\n<div class=\"wp-block-column is-vertically-aligned-center is-layout-flow wp-block-column-is-layout-flow\">\n<figure class=\"wp-block-image size-full\"><img loading=\"lazy\" decoding=\"async\" width=\"661\" height=\"508\" src=\"https:\/\/murena.com\/wp-content\/uploads\/2025\/08\/Girl.png\" alt=\"M&#xE4;dchen mit Sonnenbrille schaut l&#xE4;chelnd auf ihr Smartphone\" class=\"wp-image-129908\" srcset=\"https:\/\/murena.com\/wp-content\/uploads\/2025\/08\/Girl.png 661w, https:\/\/murena.com\/wp-content\/uploads\/2025\/08\/Girl-300x231.png 300w, https:\/\/murena.com\/wp-content\/uploads\/2025\/08\/Girl-150x115.png 150w, https:\/\/murena.com\/wp-content\/uploads\/2025\/08\/Girl-60x46.png 60w, https:\/\/murena.com\/wp-content\/uploads\/2025\/08\/Girl-110x85.png 110w\" sizes=\"auto, (max-width: 661px) 100vw, 661px\" \/><\/figure>\n<\/div>\n\n\n\n<div class=\"wp-block-column is-vertically-aligned-center is-layout-flow wp-block-column-is-layout-flow\" style=\"padding-right:var(--wp--preset--spacing--50);padding-left:var(--wp--preset--spacing--50)\">\n<h2 class=\"wp-block-heading\">Unterst\u00fctzen Sie Ihr Kind beim Aufbau gesunder digitaler Gewohnheiten<\/h2>\n\n\n\n<p>Durch den Einsatz von Murena-Smartphones und den Funktionen zur Elternkontrolle in \/e\/OS k\u00f6nnen Sie einen sicheren und produktiven digitalen Raum f\u00fcr Ihr Kind schaffen, der einen verantwortungsvollen Umgang mit dem Ger\u00e4t f\u00f6rdert und gleichzeitig seine Privatsph\u00e4re sch\u00fctzt.<\/p>\n<\/div>\n<\/div>\n\n<div style=\"height:50px\" aria-hidden=\"true\" class=\"wp-block-spacer\"><\/div>\n\n<div class=\"wp-block-columns alignfull are-vertically-aligned-center has-background is-layout-flex wp-container-core-columns-is-layout-e43ebfff wp-block-columns-is-layout-flex\" style=\"background:linear-gradient(180deg,rgb(254,254,254) 0%,rgb(235,255,181) 100%);margin-bottom:-40px\">\n<div class=\"wp-block-column is-vertically-aligned-center kids-bottom is-layout-constrained wp-container-core-column-is-layout-fc57a9dc wp-block-column-is-layout-constrained\" style=\"padding-bottom:var(--wp--preset--spacing--70)\">\n<div class=\"wp-block-columns are-vertically-aligned-center is-layout-flex wp-container-core-columns-is-layout-5a66c75b wp-block-columns-is-layout-flex\" style=\"padding-right:0;padding-left:0\">\n<div class=\"wp-block-column is-vertically-aligned-center kids-bottom-txt is-layout-flow wp-block-column-is-layout-flow\" style=\"padding-right:0;padding-left:0\">\n<h2 class=\"wp-block-heading\">Holen Sie sich noch heute ein Murena Smartphone f\u00fcr Ihr Kind! \ud83d\ude80<\/h2>\n\n\n\n<p>Erm\u00f6glichen Sie Ihrem Kind eine sichere Online-Erfahrung mit den Elternkontroll-Funktionen von Murena.<\/p>\n\n\n\n<div class=\"wp-block-buttons is-content-justification-left is-layout-flex wp-container-core-buttons-is-layout-fc4fd283 wp-block-buttons-is-layout-flex\">\n<div class=\"wp-block-button has-custom-width wp-block-button__width-100\"><a class=\"wp-block-button__link wp-element-button\" href=\"\/shop\/\"><strong><strong><strong>Kaufen Sie ein Murena-Ger\u00e4t f\u00fcr Ihr Kind<\/strong><\/strong><\/strong><\/a><\/div>\n<\/div>\n<\/div>\n\n\n\n<div class=\"wp-block-column is-vertically-aligned-center kids-bottom-img is-layout-flow wp-block-column-is-layout-flow\">\n<figure class=\"wp-block-image size-full\"><img loading=\"lazy\" decoding=\"async\" width=\"754\" height=\"763\" src=\"https:\/\/murena.com\/wp-content\/uploads\/2025\/08\/Mascot-3.png\" alt=\"PACO, der Zeichentrickfisch, neben einem Murena-Smartphone mit \/e\/OS\" class=\"wp-image-129916\" srcset=\"https:\/\/murena.com\/wp-content\/uploads\/2025\/08\/Mascot-3.png 754w, https:\/\/murena.com\/wp-content\/uploads\/2025\/08\/Mascot-3-296x300.png 296w, https:\/\/murena.com\/wp-content\/uploads\/2025\/08\/Mascot-3-148x150.png 148w, https:\/\/murena.com\/wp-content\/uploads\/2025\/08\/Mascot-3-60x61.png 60w, https:\/\/murena.com\/wp-content\/uploads\/2025\/08\/Mascot-3-110x111.png 110w, https:\/\/murena.com\/wp-content\/uploads\/2025\/08\/Mascot-3-50x50.png 50w, https:\/\/murena.com\/wp-content\/uploads\/2025\/08\/Mascot-3-100x100.png 100w\" sizes=\"auto, (max-width: 754px) 100vw, 754px\" \/><\/figure>\n<\/div>\n<\/div>\n<\/div>\n<\/div>\n","protected":false},"excerpt":{"rendered":"<p>Intelligente Elternschaft startet mit Murena Uns ist bewusst, wie wichtig eine sichere und ausgewogene digitale&#8230;<\/p>\n","protected":false},"author":60455,"featured_media":0,"parent":0,"menu_order":0,"comment_status":"closed","ping_status":"closed","template":"","meta":{"_seopress_robots_primary_cat":"","_seopress_titles_title":"Murena f\u00fcr Kinder","_seopress_titles_desc":"Stellen Sie sich ein Smartphone vor, bei dem die Gesundheit, die Sicherheit und die Privatsph\u00e4re Ihrer Kinder an erster Stelle stehen und bei dem Sie entscheiden k\u00f6nnen, was Ihre Kinder zu sehen bekommen, welche Apps sie nutzen d\u00fcrfen und wie lange. Das ist Murena f\u00fcr Kinder! ","_seopress_robots_index":"","footnotes":""},"class_list":["post-130775","page","type-page","status-publish","hentry","wpbf-post"],"_links":{"self":[{"href":"https:\/\/murena.com\/de\/wp-json\/wp\/v2\/pages\/130775","targetHints":{"allow":["GET"]}}],"collection":[{"href":"https:\/\/murena.com\/de\/wp-json\/wp\/v2\/pages"}],"about":[{"href":"https:\/\/murena.com\/de\/wp-json\/wp\/v2\/types\/page"}],"author":[{"embeddable":true,"href":"https:\/\/murena.com\/de\/wp-json\/wp\/v2\/users\/60455"}],"replies":[{"embeddable":true,"href":"https:\/\/murena.com\/de\/wp-json\/wp\/v2\/comments?post=130775"}],"version-history":[{"count":3,"href":"https:\/\/murena.com\/de\/wp-json\/wp\/v2\/pages\/130775\/revisions"}],"predecessor-version":[{"id":146037,"href":"https:\/\/murena.com\/de\/wp-json\/wp\/v2\/pages\/130775\/revisions\/146037"}],"wp:attachment":[{"href":"https:\/\/murena.com\/de\/wp-json\/wp\/v2\/media?parent=130775"}],"curies":[{"name":"wp","href":"https:\/\/api.w.org\/{rel}","templated":true}]}}